{"id":90212,"date":"2024-03-13T12:08:59","date_gmt":"2024-03-13T11:08:59","guid":{"rendered":"https:\/\/secureus.se\/batteri-45ah-helios-12v-8-10-ar\/"},"modified":"2026-04-02T11:18:33","modified_gmt":"2026-04-02T09:18:33","slug":"helios-12v-45ah-agm-batteri-vrla-8-10-ar","status":"publish","type":"product","link":"https:\/\/secureus.se\/es\/helios-12v-45ah-agm-batteri-vrla-8-10-ar\/","title":{"rendered":"Bater\u00eda de 12 V 45 Ah HELIOS Versi\u00f3n Pro para ni\u00f1os de 8 a 10 a\u00f1os"},"content":{"rendered":"<p data-start=\"550\" data-end=\"907\">La bater\u00eda AGM (VRLA) HELIOS 12V 45Ah es una bater\u00eda de plomo-\u00e1cido robusta, regulada por v\u00e1lvulas y que no requiere mantenimiento, desarrollada para uso profesional en sistemas donde la confiabilidad operativa es crucial.<br data-start=\"725\" data-end=\"728\" \/>Con un <strong data-start=\"735\" data-end=\"774\">vida \u00fatil de dise\u00f1o de hasta 8 a 10 a\u00f1os<\/strong> Esta bater\u00eda es ideal para centros de alarma, sistemas UPS, sistemas de telecomunicaciones y otros equipos de 12 V con necesidades de modo de espera continuo.<\/p>\n<p data-start=\"909\" data-end=\"1209\">El sistema sellado AGM (Absorbent Glass Mat) hace que la bater\u00eda sea completamente a prueba de derrames y vibraciones, lo que garantiza un funcionamiento sin problemas incluso en entornos hostiles.<br data-start=\"1069\" data-end=\"1072\" \/>Con su baja tasa de fallos (&lt;0,03 %) y su alto control de calidad, la serie HELIOS es una opci\u00f3n confiable tanto para empresas como para instaladores profesionales.<\/p>\n<hr data-start=\"1211\" data-end=\"1214\" \/>\n<h3 data-start=\"1216\" data-end=\"1261\"><strong data-start=\"1220\" data-end=\"1261\">\u00bfPor qu\u00e9 elegir la bater\u00eda HELIOS 45Ah AGM?<\/strong><\/h3>\n<ul data-start=\"1263\" data-end=\"1649\">\n<li data-start=\"1263\" data-end=\"1344\">\n<p data-start=\"1265\" data-end=\"1344\"><strong data-start=\"1265\" data-end=\"1291\">Larga vida \u00fatil de 8 a 10 a\u00f1os<\/strong> \u2013 ideal para sistemas cr\u00edticos y funcionamiento en espera.<\/p>\n<\/li>\n<li data-start=\"1345\" data-end=\"1426\">\n<p data-start=\"1347\" data-end=\"1426\"><strong data-start=\"1347\" data-end=\"1375\">VRLA-AGM sin mantenimiento<\/strong> \u2013 completamente sellado, no requiere llenado de l\u00edquido.<\/p>\n<\/li>\n<li data-start=\"1427\" data-end=\"1498\">\n<p data-start=\"1429\" data-end=\"1498\"><strong data-start=\"1429\" data-end=\"1454\">Curva de voltaje estable<\/strong> \u2013 proporciona un suministro de energ\u00eda suave y confiable.<\/p>\n<\/li>\n<li data-start=\"1499\" data-end=\"1581\">\n<p data-start=\"1501\" data-end=\"1581\"><strong data-start=\"1501\" data-end=\"1524\">Baja autodescarga<\/strong> \u2013 Perfecto para energ\u00eda de respaldo y sistemas que se activan con poca frecuencia.<\/p>\n<\/li>\n<li data-start=\"1582\" data-end=\"1649\">\n<p data-start=\"1584\" data-end=\"1649\"><strong data-start=\"1584\" data-end=\"1603\">Calidad asegurada<\/strong> \u2013 fabricaci\u00f3n seg\u00fan ISO 9000\/14000\/18000.<\/p>\n<\/li>\n<\/ul>\n<hr data-start=\"1651\" data-end=\"1654\" \/>\n<h3 data-start=\"1656\" data-end=\"1690\"><strong data-start=\"1660\" data-end=\"1690\">Usos t\u00edpicos<\/strong><\/h3>\n<ul data-start=\"1692\" data-end=\"1933\">\n<li data-start=\"1692\" data-end=\"1736\">\n<p data-start=\"1694\" data-end=\"1736\">Paneles de alarma, sirenas y sistemas de acceso<\/p>\n<\/li>\n<li data-start=\"1737\" data-end=\"1767\">\n<p data-start=\"1739\" data-end=\"1767\">Soluciones de energ\u00eda de emergencia y UPS<\/p>\n<\/li>\n<li data-start=\"1768\" data-end=\"1811\">\n<p data-start=\"1770\" data-end=\"1811\">Equipos de telecomunicaciones y redes<\/p>\n<\/li>\n<li data-start=\"1812\" data-end=\"1843\">\n<p data-start=\"1814\" data-end=\"1843\">Sistemas de soporte montados en veh\u00edculos<\/p>\n<\/li>\n<li data-start=\"1844\" data-end=\"1887\">\n<p data-start=\"1846\" data-end=\"1887\">Iluminaci\u00f3n, iluminaci\u00f3n de emergencia y energ\u00eda de respaldo<\/p>\n<\/li>\n<li data-start=\"1888\" data-end=\"1933\">\n<p data-start=\"1890\" data-end=\"1933\">Cercas el\u00e9ctricas y aplicaciones industriales<\/p>\n<\/li>\n<\/ul>\n<hr data-start=\"1935\" data-end=\"1938\" \/>\n<h3 data-start=\"1940\" data-end=\"1961\"><strong data-start=\"1944\" data-end=\"1961\">Datos t\u00e9cnicos<\/strong><\/h3>\n<div class=\"_tableContainer_1rjym_1\">\n<div class=\"group _tableWrapper_1rjym_13 flex w-fit flex-col-reverse\">\n<table class=\"w-fit min-w-(--thread-content-width)\" data-start=\"1963\" data-end=\"2506\">\n<thead data-start=\"1963\" data-end=\"1983\">\n<tr data-start=\"1963\" data-end=\"1983\">\n<th data-start=\"1963\" data-end=\"1974\" data-col-size=\"sm\">Propiedad<\/th>\n<th data-start=\"1974\" data-end=\"1983\" data-col-size=\"md\">Valor<\/th>\n<\/tr>\n<\/thead>\n<tbody data-start=\"2007\" data-end=\"2506\">\n<tr data-start=\"2007\" data-end=\"2031\">\n<td data-start=\"2007\" data-end=\"2023\" data-col-size=\"sm\"><strong data-start=\"2009\" data-end=\"2022\">Voltaje:<\/strong><\/td>\n<td data-start=\"2023\" data-end=\"2031\" data-col-size=\"md\">12 V<\/td>\n<\/tr>\n<tr data-start=\"2032\" data-end=\"2058\">\n<td data-start=\"2032\" data-end=\"2049\" data-col-size=\"sm\"><strong data-start=\"2034\" data-end=\"2048\">Capacidad:<\/strong><\/td>\n<td data-start=\"2049\" data-end=\"2058\" data-col-size=\"md\">45 Ah<\/td>\n<\/tr>\n<tr data-start=\"2059\" data-end=\"2141\">\n<td data-start=\"2059\" data-end=\"2077\" data-col-size=\"sm\"><strong data-start=\"2061\" data-end=\"2076\">Tipo de bater\u00eda:<\/strong><\/td>\n<td data-start=\"2077\" data-end=\"2141\" data-col-size=\"md\">AGM (Bater\u00eda de plomo-\u00e1cido regulada por v\u00e1lvula, sellada\/sin mantenimiento)<\/td>\n<\/tr>\n<tr data-start=\"2142\" data-end=\"2176\">\n<td data-start=\"2142\" data-end=\"2165\" data-col-size=\"sm\"><strong data-start=\"2144\" data-end=\"2164\">Vida del dise\u00f1o:<\/strong><\/td>\n<td data-col-size=\"md\" data-start=\"2165\" data-end=\"2176\">8\u201310 a\u00f1os<\/td>\n<\/tr>\n<tr data-start=\"2177\" data-end=\"2219\">\n<td data-start=\"2177\" data-end=\"2197\" data-col-size=\"sm\"><strong data-start=\"2179\" data-end=\"2196\">Dimensiones (L\u00d7An\u00d7Al):<\/strong><\/td>\n<td data-start=\"2197\" data-end=\"2219\" data-col-size=\"md\">216 \u00d7 186 \u00d7 226 mm<\/td>\n<\/tr>\n<tr data-start=\"2220\" data-end=\"2246\">\n<td data-start=\"2220\" data-end=\"2232\" data-col-size=\"sm\"><strong data-start=\"2222\" data-end=\"2231\">Peso:<\/strong><\/td>\n<td data-start=\"2232\" data-end=\"2246\" data-col-size=\"md\">alrededor de 13,7 kg<\/td>\n<\/tr>\n<tr data-start=\"2247\" data-end=\"2285\">\n<td data-start=\"2247\" data-end=\"2261\" data-col-size=\"sm\"><strong data-start=\"2249\" data-end=\"2260\">Tipo de poste:<\/strong><\/td>\n<td data-start=\"2261\" data-end=\"2285\" data-col-size=\"md\">Terminal de tornillo (M6)<\/td>\n<\/tr>\n<tr data-start=\"2286\" data-end=\"2318\">\n<td data-start=\"2286\" data-end=\"2299\" data-col-size=\"sm\"><strong data-start=\"2288\" data-end=\"2298\">Cubrir:<\/strong><\/td>\n<td data-start=\"2299\" data-end=\"2318\" data-col-size=\"md\">Pl\u00e1stico ABS negro<\/td>\n<\/tr>\n<tr data-start=\"2319\" data-end=\"2363\">\n<td data-start=\"2319\" data-end=\"2339\" data-col-size=\"sm\"><strong data-start=\"2321\" data-end=\"2338\">Porcentaje de aver\u00edas:<\/strong><\/td>\n<td data-start=\"2339\" data-end=\"2363\" data-col-size=\"md\">&lt; 0,03 % de f\u00e1brica<\/td>\n<\/tr>\n<tr data-start=\"2364\" data-end=\"2433\">\n<td data-start=\"2364\" data-end=\"2386\" data-col-size=\"sm\"><strong data-start=\"2366\" data-end=\"2385\">Certificaciones:<\/strong><\/td>\n<td data-start=\"2386\" data-end=\"2433\" data-col-size=\"md\">CE, UL, RoHS, ISO9000\/ISO14000\/ISO18000<\/td>\n<\/tr>\n<tr data-start=\"2434\" data-end=\"2470\">\n<td data-start=\"2434\" data-end=\"2461\" data-col-size=\"sm\"><strong data-start=\"2436\" data-end=\"2460\">N\u00famero de art\u00edculo (SKU):<\/strong><\/td>\n<td data-start=\"2461\" data-end=\"2470\" data-col-size=\"md\">50045<\/td>\n<\/tr>\n<tr data-start=\"2471\" data-end=\"2506\">\n<td data-start=\"2471\" data-end=\"2496\" data-col-size=\"sm\"><strong data-start=\"2473\" data-end=\"2495\">Marca \/ Serie:<\/strong><\/td>\n<td data-start=\"2496\" data-end=\"2506\" data-col-size=\"md\">HELIOS<\/td>\n<\/tr>\n<\/tbody>\n<\/table>\n<\/div>\n<\/div>\n<hr data-start=\"2508\" data-end=\"2511\" \/>\n<h3 data-start=\"2513\" data-end=\"2546\"><strong data-start=\"2517\" data-end=\"2546\">Recomendaciones de carga<\/strong><\/h3>\n<ul data-start=\"2548\" data-end=\"2658\">\n<li data-start=\"2548\" data-end=\"2587\">\n<p data-start=\"2550\" data-end=\"2587\"><strong data-start=\"2550\" data-end=\"2571\">Carga en espera:<\/strong> 13,5 \u2013 13,8 V<\/p>\n<\/li>\n<li data-start=\"2588\" data-end=\"2627\">\n<p data-start=\"2590\" data-end=\"2627\"><strong data-start=\"2590\" data-end=\"2611\">Carga c\u00edclica:<\/strong> 14,4 \u2013 15,0 V<\/p>\n<\/li>\n<li data-start=\"2628\" data-end=\"2658\">\n<p data-start=\"2630\" data-end=\"2658\"><strong data-start=\"2630\" data-end=\"2649\">Corriente m\u00e1xima de carga:<\/strong> 13,5 A<\/p>\n<\/li>\n<\/ul>\n<p data-start=\"2660\" data-end=\"2901\">Para una vida \u00fatil \u00f3ptima de la bater\u00eda, no se debe cargar a m\u00e1s del 30 % de su capacidad durante el funcionamiento c\u00edclico.<br data-start=\"2759\" data-end=\"2762\" \/>Para el funcionamiento en modo de espera, se recomienda una carga de mantenimiento con una capacidad de aproximadamente 5 %.<br data-start=\"2842\" data-end=\"2845\" \/>Siga siempre las especificaciones del cargador y del equipo.<\/p>\n<hr data-start=\"2903\" data-end=\"2906\" \/>\n<h3 data-start=\"2908\" data-end=\"2928\"><strong data-start=\"2912\" data-end=\"2928\">Instalaci\u00f3n<\/strong><\/h3>\n<ol data-start=\"2930\" data-end=\"3169\">\n<li data-start=\"2930\" data-end=\"2977\">\n<p data-start=\"2933\" data-end=\"2977\">Desconecte el equipo de la tensi\u00f3n de red.<\/p>\n<\/li>\n<li data-start=\"2978\" data-end=\"3026\">\n<p data-start=\"2981\" data-end=\"3026\">Compruebe la polaridad (rojo = +, negro = \u2013).<\/p>\n<\/li>\n<li data-start=\"3027\" data-end=\"3100\">\n<p data-start=\"3030\" data-end=\"3100\">Conecte los cables a los terminales de tornillo y apri\u00e9telos firmemente (no demasiado).<\/p>\n<\/li>\n<li data-start=\"3101\" data-end=\"3169\">\n<p data-start=\"3104\" data-end=\"3169\">Asegure la bater\u00eda en el compartimiento y pruebe su funcionamiento despu\u00e9s de la instalaci\u00f3n.<\/p>\n<\/li>\n<\/ol>\n<hr data-start=\"3171\" data-end=\"3174\" \/>\n<h3 data-start=\"3176\" data-end=\"3205\"><strong data-start=\"3180\" data-end=\"3205\">Medio ambiente y reciclaje<\/strong><\/h3>\n<p data-start=\"3207\" data-end=\"3389\">Todas las bater\u00edas HELIOS son totalmente reciclables.<br data-start=\"3254\" data-end=\"3257\" \/>Lleve las bater\u00edas de plomo-\u00e1cido usadas a un centro de reciclaje.<br data-start=\"3310\" data-end=\"3313\" \/>Fabricado seg\u00fan las normas medioambientales ISO con foco en la sostenibilidad y la seguridad.<\/p>\n<hr data-start=\"3391\" data-end=\"3394\" \/>\n<h3 data-start=\"3396\" data-end=\"3407\"><strong data-start=\"3400\" data-end=\"3407\">Preguntas frecuentes<\/strong><\/h3>\n<p data-start=\"3409\" data-end=\"3525\"><strong data-start=\"3409\" data-end=\"3444\">\u00bfCu\u00e1nto dura esta bater\u00eda?<\/strong><br data-start=\"3444\" data-end=\"3447\" \/>Tiene una vida \u00fatil de dise\u00f1o de 8 a 10 a\u00f1os bajo condiciones de uso y temperatura adecuadas.<\/p>\n<p data-start=\"3527\" data-end=\"3664\"><strong data-start=\"3527\" data-end=\"3568\">\u00bfEncaja en un sistema UPS\/alarma\/tel\u00e9fono?<\/strong><br data-start=\"3568\" data-end=\"3571\" \/>S\u00ed, si su dispositivo utiliza 12 V y requiere una capacidad de aproximadamente 45 Ah con conexi\u00f3n de terminal de tornillo (M6).<\/p>\n<p data-start=\"3666\" data-end=\"3758\"><strong data-start=\"3666\" data-end=\"3693\">\u00bfEs libre de mantenimiento?<\/strong><br data-start=\"3693\" data-end=\"3696\" \/>S\u00ed, la bater\u00eda est\u00e1 completamente sellada y no necesita recarga.<\/p>\n<hr data-start=\"3760\" data-end=\"3763\" \/>\n<h3 data-start=\"3765\" data-end=\"3787\"><strong data-start=\"3769\" data-end=\"3787\">Resumen<\/strong><\/h3>\n<p data-start=\"3789\" data-end=\"4111\">La bater\u00eda AGM (VRLA) HELIOS 12V 45Ah ofrece alta confiabilidad operativa, larga vida \u00fatil y una construcci\u00f3n robusta.<br data-start=\"3891\" data-end=\"3894\" \/>Es perfecto para uso profesional de respaldo y standby en alarmas, UPS, telecomunicaciones y sistemas industriales.<br data-start=\"4015\" data-end=\"4018\" \/>Con una vida \u00fatil de dise\u00f1o de 8 a 10 a\u00f1os, es una opci\u00f3n rentable y segura para una operaci\u00f3n a largo plazo.<\/p>","protected":false},"excerpt":{"rendered":"<p>Bater\u00eda AGM 12V 45Ah (VRLA) libre de mantenimiento para alarmas, UPS, sistemas de telecomunicaciones y sistemas de energ\u00eda de emergencia.<br data-start=\"414\" data-end=\"417\" \/>Larga vida \u00fatil de 8 a 10 a\u00f1os. Dimensiones est\u00e1ndar: 216 \u00d7 186 \u00d7 226 mm. Alta fiabilidad operativa y baja autodescarga.<\/p>","protected":false},"featured_media":159415,"template":"","meta":{"_acf_changed":false},"product_brand":[],"product_cat":[1596,2428],"product_tag":[4406,2419],"class_list":{"0":"post-90212","1":"product","2":"type-product","3":"status-publish","4":"has-post-thumbnail","6":"product_cat-ackumulatorer-12v-agm-batterier","7":"product_cat-stromforsorjning-batterier","8":"product_tag-batteri-13-45-ah","9":"product_tag-rel-batteri","10":"product_shipping_class-tunga-paket","11":"pa_brands-stonehouse-security","12":"tm-no-options","14":"first","15":"instock","16":"sale","17":"featured","18":"taxable","19":"shipping-taxable","20":"purchasable","21":"product-type-simple"},"acf":[],"_links":{"self":[{"href":"https:\/\/secureus.se\/es\/wp-json\/wp\/v2\/product\/90212","targetHints":{"allow":["GET"]}}],"collection":[{"href":"https:\/\/secureus.se\/es\/wp-json\/wp\/v2\/product"}],"about":[{"href":"https:\/\/secureus.se\/es\/wp-json\/wp\/v2\/types\/product"}],"wp:featuredmedia":[{"embeddable":true,"href":"https:\/\/secureus.se\/es\/wp-json\/wp\/v2\/media\/159415"}],"wp:attachment":[{"href":"https:\/\/secureus.se\/es\/wp-json\/wp\/v2\/media?parent=90212"}],"wp:term":[{"taxonomy":"product_brand","embeddable":true,"href":"https:\/\/secureus.se\/es\/wp-json\/wp\/v2\/product_brand?post=90212"},{"taxonomy":"product_cat","embeddable":true,"href":"https:\/\/secureus.se\/es\/wp-json\/wp\/v2\/product_cat?post=90212"},{"taxonomy":"product_tag","embeddable":true,"href":"https:\/\/secureus.se\/es\/wp-json\/wp\/v2\/product_tag?post=90212"}],"curies":[{"name":"wp","href":"https:\/\/api.w.org\/{rel}","templated":true}]}}