{"id":90214,"date":"2024-03-13T15:40:53","date_gmt":"2024-03-13T14:40:53","guid":{"rendered":"https:\/\/secureus.se\/risco-vupoint-nvr-16-channel\/"},"modified":"2026-04-21T12:53:41","modified_gmt":"2026-04-21T10:53:41","slug":"risco-vupoint-nvr-16-channel","status":"publish","type":"product","link":"https:\/\/secureus.se\/es\/risco-vupoint-nvr-16-channel\/","title":{"rendered":"Risco VUPoint NVR de 16 canales"},"content":{"rendered":"<h1 data-start=\"329\" data-end=\"643\">Risco VUPoint NVR de 16 canales<\/h1>\n<p data-start=\"329\" data-end=\"643\">La unidad Risco VUPoint NVR de 16 canales es una potente soluci\u00f3n para videovigilancia y grabaci\u00f3n.<\/p>\n<p data-start=\"329\" data-end=\"643\">Tiene 16 canales para conectar c\u00e1maras y proporciona un excelente rendimiento con soporte para almacenamiento a trav\u00e9s de un disco duro externo SATA III (hasta 6 TB).<\/p>\n<p data-start=\"329\" data-end=\"643\">Tenga en cuenta que el disco duro no est\u00e1 incluido y debe comprarse por separado.<\/p>\n<p data-start=\"645\" data-end=\"909\">El dispositivo funciona con un voltaje de DC48V\/1.5A y tiene un bajo consumo de energ\u00eda de menos de 7.5W sin disco duro.<\/p>\n<p data-start=\"645\" data-end=\"909\">Para la capacidad PoE (Alimentaci\u00f3n a trav\u00e9s de Ethernet), admite una potencia m\u00e1xima de 25,5 W por puerto y un total de 50 W para unidades de 4 canales, as\u00ed como 80 W para unidades de 8 canales.<\/p>\n<p data-start=\"911\" data-end=\"1122\">El NVR Risco VUPoint est\u00e1 dise\u00f1ado para funcionar en rangos de temperatura de -10 \u00b0C a +55 \u00b0C y puede almacenarse a temperaturas entre -20 \u00b0C y +70 \u00b0C, lo que lo hace adecuado para instalaciones tanto en interiores como en exteriores.<\/p>\n<p data-start=\"1124\" data-end=\"1153\"><strong data-start=\"1124\" data-end=\"1153\">Especificaciones t\u00e9cnicas:<\/strong><\/p>\n<ul data-start=\"1154\" data-end=\"1979\">\n<li data-start=\"1154\" data-end=\"1176\">\n<p data-start=\"1156\" data-end=\"1176\">Modelo: RVNVR16002FB<\/p>\n<\/li>\n<li data-start=\"1177\" data-end=\"1212\">\n<p data-start=\"1179\" data-end=\"1212\">Canales: NVR de 16 canales (sin PoE)<\/p>\n<\/li>\n<li data-start=\"1213\" data-end=\"1264\">\n<p data-start=\"1215\" data-end=\"1264\">Almacenamiento: 1 puerto SATA III, hasta 6 TB de capacidad<\/p>\n<\/li>\n<li data-start=\"1265\" data-end=\"1282\">\n<p data-start=\"1267\" data-end=\"1282\">Modo HDD: simple<\/p>\n<\/li>\n<li data-start=\"1283\" data-end=\"1305\">\n<p data-start=\"1285\" data-end=\"1305\">Voltaje: CC 48 V\/1,5 A<\/p>\n<\/li>\n<li data-start=\"1306\" data-end=\"1504\">\n<p data-start=\"1308\" data-end=\"1325\">Consumo de energ\u00eda:<\/p>\n<ul data-start=\"1329\" data-end=\"1504\">\n<li data-start=\"1329\" data-end=\"1364\">\n<p data-start=\"1331\" data-end=\"1364\">NVR de 4\/16 canales: &lt;7,5 W (sin disco duro)<\/p>\n<\/li>\n<li data-start=\"1368\" data-end=\"1416\">\n<p data-start=\"1370\" data-end=\"1416\">PoE: M\u00e1x. 25,5 W por puerto, 50 W en total (4 canales)<\/p>\n<\/li>\n<li data-start=\"1420\" data-end=\"1452\">\n<p data-start=\"1422\" data-end=\"1452\">NVR de 8 canales: &lt;8,3 W (sin disco duro)<\/p>\n<\/li>\n<li data-start=\"1456\" data-end=\"1504\">\n<p data-start=\"1458\" data-end=\"1504\">PoE: M\u00e1x. 25,5 W por puerto, 80 W en total (8 canales)<\/p>\n<\/li>\n<\/ul>\n<\/li>\n<li data-start=\"1505\" data-end=\"1554\">\n<p data-start=\"1507\" data-end=\"1554\">Condiciones de funcionamiento: -10 \u00b0C ~ +55 \u00b0C, 86 ~ 106 kPa<\/p>\n<\/li>\n<li data-start=\"1555\" data-end=\"1604\">\n<p data-start=\"1557\" data-end=\"1604\">Condiciones de almacenamiento: -20 \u00b0C ~ +70 \u00b0C, 0 ~ 90% RH<\/p>\n<\/li>\n<li data-start=\"1605\" data-end=\"1751\">\n<p data-start=\"1607\" data-end=\"1626\">Dimensiones (canal 4\/16):<\/p>\n<ul data-start=\"1630\" data-end=\"1751\">\n<li data-start=\"1630\" data-end=\"1679\">\n<p data-start=\"1632\" data-end=\"1679\">204,6 mm x 204,6 mm x 45,6 mm (8,1\u2033 x 8,1\u2033 x 1,8\u2033)<\/p>\n<\/li>\n<li data-start=\"1683\" data-end=\"1715\">\n<p data-start=\"1685\" data-end=\"1715\">Peso neto: 0,45 kg (sin disco duro)<\/p>\n<\/li>\n<li data-start=\"1719\" data-end=\"1751\">\n<p data-start=\"1721\" data-end=\"1751\">Peso bruto: 1,5 kg (sin disco duro)<\/p>\n<\/li>\n<\/ul>\n<\/li>\n<li data-start=\"1752\" data-end=\"1894\">\n<p data-start=\"1754\" data-end=\"1770\">Dimensiones (8 canales):<\/p>\n<ul data-start=\"1774\" data-end=\"1894\">\n<li data-start=\"1774\" data-end=\"1822\">\n<p data-start=\"1776\" data-end=\"1822\">270 mm x 204,7 mm x 45,7 mm (10,6\u2033 x 8,1\u2033 x 1,8\u2033)<\/p>\n<\/li>\n<li data-start=\"1826\" data-end=\"1858\">\n<p data-start=\"1828\" data-end=\"1858\">Peso neto: 0,65 kg (sin disco duro)<\/p>\n<\/li>\n<li data-start=\"1862\" data-end=\"1894\">\n<p data-start=\"1864\" data-end=\"1894\">Peso bruto: 1,8 kg (sin disco duro)<\/p>\n<\/li>\n<\/ul>\n<\/li>\n<li data-start=\"1895\" data-end=\"1979\">\n<p data-start=\"1897\" data-end=\"1979\">Certificaci\u00f3n: CE EN55032, EN55024, EN50130-4, EN60950-1, FCC Parte 15 Subparte B<\/p>\n<\/li>\n<\/ul>","protected":false},"excerpt":{"rendered":"<p>Dispositivo de grabaci\u00f3n de v\u00eddeo (NVR) Risco VUPoint NVR de 16 canales sin soporte PoE y sin disco duro incluido. Admite hasta 6 TB de almacenamiento y ofrece una instalaci\u00f3n flexible con f\u00e1cil gesti\u00f3n de c\u00e1maras y grabaciones.<\/p>","protected":false},"featured_media":138320,"template":"","meta":{"_acf_changed":false},"product_brand":[],"product_cat":[3250],"product_tag":[],"class_list":{"0":"post-90214","1":"product","2":"type-product","3":"status-publish","4":"has-post-thumbnail","6":"product_cat-risco-nvr","7":"product_shipping_class-tunga-paket","8":"pa_brands-4risco","9":"tm-no-options","11":"first","12":"onbackorder","13":"sale","14":"taxable","15":"shipping-taxable","16":"purchasable","17":"product-type-simple"},"acf":[],"_links":{"self":[{"href":"https:\/\/secureus.se\/es\/wp-json\/wp\/v2\/product\/90214","targetHints":{"allow":["GET"]}}],"collection":[{"href":"https:\/\/secureus.se\/es\/wp-json\/wp\/v2\/product"}],"about":[{"href":"https:\/\/secureus.se\/es\/wp-json\/wp\/v2\/types\/product"}],"wp:featuredmedia":[{"embeddable":true,"href":"https:\/\/secureus.se\/es\/wp-json\/wp\/v2\/media\/138320"}],"wp:attachment":[{"href":"https:\/\/secureus.se\/es\/wp-json\/wp\/v2\/media?parent=90214"}],"wp:term":[{"taxonomy":"product_brand","embeddable":true,"href":"https:\/\/secureus.se\/es\/wp-json\/wp\/v2\/product_brand?post=90214"},{"taxonomy":"product_cat","embeddable":true,"href":"https:\/\/secureus.se\/es\/wp-json\/wp\/v2\/product_cat?post=90214"},{"taxonomy":"product_tag","embeddable":true,"href":"https:\/\/secureus.se\/es\/wp-json\/wp\/v2\/product_tag?post=90214"}],"curies":[{"name":"wp","href":"https:\/\/api.w.org\/{rel}","templated":true}]}}