{"id":90354,"date":"2024-03-13T16:57:47","date_gmt":"2024-03-13T15:57:47","guid":{"rendered":"https:\/\/secureus.se\/mifare-desfire-8k-nxp-ev3-cards-pack-of-100\/"},"modified":"2026-03-24T12:04:11","modified_gmt":"2026-03-24T11:04:11","slug":"mifare-desfire-8k-nxp-ev3-kort-100-pack","status":"publish","type":"product","link":"https:\/\/secureus.se\/es\/mifare-desfire-8k-nxp-ev3-kort-100-pack\/","title":{"rendered":"Tarjeta Mifare DESFire 8K NXP EV3 (paquete de 100, 13,56 MHz)"},"content":{"rendered":"<h1>Tarjeta Mifare DESFire 8K NXP EV3 (paquete de 100, 13,56 MHz)<\/h1>\n<p>La tarjeta Mifare DESFire 8K NXP EV3 ofrece tecnolog\u00eda sin contacto inteligente, eficiente y segura con un chip NXP original que funciona a 13,56 MHz. Con una capacidad de memoria de 8 Kbytes, estas tarjetas se pueden utilizar para m\u00faltiples aplicaciones como gesti\u00f3n de identidad, control de acceso y micropagos. El alto nivel de seguridad y versatilidad de las tarjetas las hacen ideales tanto para entornos privados como p\u00fablicos donde se requiere una autenticaci\u00f3n r\u00e1pida y confiable. Cada tarjeta tiene el formato de tarjeta de cr\u00e9dito CR80 est\u00e1ndar (86 mm x 54 mm) y se vende en paquetes de 100, lo que facilita su implementaci\u00f3n en sistemas o proyectos m\u00e1s grandes.<\/p>\n<p><strong>Caracter\u00edsticas y beneficios<\/strong>:<\/p>\n<ul>\n<li>Chip NXP genuino<\/li>\n<li>Capacidad de memoria de 8 Kbytes<\/li>\n<li>Rango de frecuencia de 13,56 MHz<\/li>\n<li>Tama\u00f1o est\u00e1ndar CR80 (86 mm x 54 mm)<\/li>\n<li>Perfecto para la gesti\u00f3n de identidad, control de acceso y micropagos.<\/li>\n<li>Se vende en paquetes de 100.<\/li>\n<\/ul>\n<p><strong>Especificaciones t\u00e9cnicas<\/strong>:<\/p>\n<ul>\n<li><strong>Capacidad de memoria<\/strong>:8 Kbytes<\/li>\n<li><strong>Frecuencia<\/strong>:13,56 MHz<\/li>\n<li><strong>Tama\u00f1o<\/strong>:86 mm x 54 mm (CR80)<\/li>\n<li><strong>Peso (embalaje)<\/strong>:0,59 kilogramos<\/li>\n<\/ul>","protected":false},"excerpt":{"rendered":"<p>Este producto tiene chips certificados de NXP\u00ae, una empresa de tecnolog\u00eda global con sede en los Pa\u00edses Bajos. NXP\u00ae se especializa en RFID y NFC y ofrece una gama de productos en seguridad, conectividad y soluciones integradas.<\/p>\n<p>Las tarjetas Mifare DESFire 8K NXP EV3 est\u00e1n equipadas con un chip NXP original que funciona a una frecuencia de 13,56 MHz. Estas tarjetas sin contacto tienen una capacidad de memoria de 8 Kbytes y pueden utilizarse para m\u00faltiples aplicaciones. Perfecto para la gesti\u00f3n de identidad, control de acceso y micropagos. Se venden en paquetes de 100 y tienen el tama\u00f1o de una tarjeta de cr\u00e9dito est\u00e1ndar (86 mm x 54 mm).<\/p>","protected":false},"featured_media":137768,"template":"","meta":{"_acf_changed":false},"product_brand":[],"product_cat":[1711,4233],"product_tag":[4538,4146,3077],"class_list":{"0":"post-90354","1":"product","2":"type-product","3":"status-publish","4":"has-post-thumbnail","6":"product_cat-rfid-kort","7":"product_cat-rfid-kort-desfire","8":"product_tag-100-pack-lopnummer-rfid-kort","9":"product_tag-nxp","10":"product_tag-rfid-desfire","11":"product_shipping_class-postnord-varubrev","12":"tm-has-options","14":"first","15":"instock","16":"taxable","17":"shipping-taxable","18":"purchasable","19":"product-type-simple"},"acf":[],"_links":{"self":[{"href":"https:\/\/secureus.se\/es\/wp-json\/wp\/v2\/product\/90354","targetHints":{"allow":["GET"]}}],"collection":[{"href":"https:\/\/secureus.se\/es\/wp-json\/wp\/v2\/product"}],"about":[{"href":"https:\/\/secureus.se\/es\/wp-json\/wp\/v2\/types\/product"}],"wp:featuredmedia":[{"embeddable":true,"href":"https:\/\/secureus.se\/es\/wp-json\/wp\/v2\/media\/137768"}],"wp:attachment":[{"href":"https:\/\/secureus.se\/es\/wp-json\/wp\/v2\/media?parent=90354"}],"wp:term":[{"taxonomy":"product_brand","embeddable":true,"href":"https:\/\/secureus.se\/es\/wp-json\/wp\/v2\/product_brand?post=90354"},{"taxonomy":"product_cat","embeddable":true,"href":"https:\/\/secureus.se\/es\/wp-json\/wp\/v2\/product_cat?post=90354"},{"taxonomy":"product_tag","embeddable":true,"href":"https:\/\/secureus.se\/es\/wp-json\/wp\/v2\/product_tag?post=90354"}],"curies":[{"name":"wp","href":"https:\/\/api.w.org\/{rel}","templated":true}]}}