{"id":90360,"date":"2024-03-15T09:44:28","date_gmt":"2024-03-15T08:44:28","guid":{"rendered":"https:\/\/secureus.se\/?post_type=product&#038;p=90360"},"modified":"2026-04-08T16:01:02","modified_gmt":"2026-04-08T14:01:02","slug":"cylinderring-659m-16-21mm-oval-multi-f9-rostfritt-utseende","status":"publish","type":"product","link":"https:\/\/secureus.se\/es\/cylinderring-659m-16-21mm-oval-multi-f9-rostfritt-utseende\/","title":{"rendered":"Anillo cil\u00edndrico 659M 16-21 mm Oval Multi F9 Aspecto inoxidable"},"content":{"rendered":"<div>El anillo de cilindro HOPPE 659M est\u00e1 adaptado para cilindros ovalados para puertas con carcasas de cerradura de tipo modular o ciertas cerraduras de puertas interiores. Disponible en varios 3 tama\u00f1os. La altura de los anillos del cilindro y la longitud del tornillo est\u00e1n determinados por el grosor de la puerta y la ubicaci\u00f3n de la carcasa de la cerradura. 659M est\u00e1 incluido en los accesorios del cilindro y se puede combinar con el m\u00f3dulo de perilla 42FIS, la placa de cubierta 59F o el anillo de cilindro 59F para el interior.<\/div>\n<div><b><br \/>Caracter\u00edsticas:<\/b><\/div>\n<div>\n<ul>\n<li>Para montaje junto con cilindro simple ovalado<\/li>\n<li>Disponible en tama\u00f1os: 6-11, 11-16 y 16-21 mm (saliente del cilindro)<\/li>\n<li>Material: Aluminio<\/li>\n<\/ul>\n<\/div>","protected":false},"excerpt":{"rendered":"<p>HOPPE Cylinderring 659M \u00e4r anpassad f\u00f6r oval cylinder f\u00f6r d\u00f6rrar med l\u00e5shus typ modul eller vissa innerd\u00f6rrsl\u00e5s. Finns i flera 3 storlekar. H\u00f6jd p\u00e5 cylinderringar och l\u00e4ngd p\u00e5 skruv avg\u00f6rs<\/p>","protected":false},"featured_media":145960,"template":"","meta":{"_acf_changed":false},"product_brand":[],"product_cat":[3254],"product_tag":[],"class_list":{"0":"post-90360","1":"product","2":"type-product","3":"status-publish","4":"has-post-thumbnail","6":"product_cat-cylinderringar","7":"product_shipping_class-postnord-varubrev","8":"pa_brands-hoppe","9":"tm-no-options","11":"first","12":"instock","13":"sale","14":"taxable","15":"shipping-taxable","16":"purchasable","17":"product-type-simple"},"acf":[],"_links":{"self":[{"href":"https:\/\/secureus.se\/es\/wp-json\/wp\/v2\/product\/90360","targetHints":{"allow":["GET"]}}],"collection":[{"href":"https:\/\/secureus.se\/es\/wp-json\/wp\/v2\/product"}],"about":[{"href":"https:\/\/secureus.se\/es\/wp-json\/wp\/v2\/types\/product"}],"wp:featuredmedia":[{"embeddable":true,"href":"https:\/\/secureus.se\/es\/wp-json\/wp\/v2\/media\/145960"}],"wp:attachment":[{"href":"https:\/\/secureus.se\/es\/wp-json\/wp\/v2\/media?parent=90360"}],"wp:term":[{"taxonomy":"product_brand","embeddable":true,"href":"https:\/\/secureus.se\/es\/wp-json\/wp\/v2\/product_brand?post=90360"},{"taxonomy":"product_cat","embeddable":true,"href":"https:\/\/secureus.se\/es\/wp-json\/wp\/v2\/product_cat?post=90360"},{"taxonomy":"product_tag","embeddable":true,"href":"https:\/\/secureus.se\/es\/wp-json\/wp\/v2\/product_tag?post=90360"}],"curies":[{"name":"wp","href":"https:\/\/api.w.org\/{rel}","templated":true}]}}