{"id":90374,"date":"2024-03-15T09:44:28","date_gmt":"2024-03-15T08:44:28","guid":{"rendered":"https:\/\/secureus.se\/?post_type=product&#038;p=90374"},"modified":"2026-03-25T15:41:52","modified_gmt":"2026-03-25T14:41:52","slug":"cylinderring-790-13mm-rund-f9-rostfritt-utseende","status":"publish","type":"product","link":"https:\/\/secureus.se\/es\/cylinderring-790-13mm-rund-f9-rostfritt-utseende\/","title":{"rendered":"Anillo cil\u00edndrico 790 de 13 mm, redondo, F9, aspecto inoxidable"},"content":{"rendered":"<p>\nEl anillo de cilindro HOPPE 790 es un anillo de cilindro para cilindros redondos para puertas con carcasas de cerradura modulares. La altura de los anillos del cilindro y la longitud del tornillo est\u00e1n determinados por el grosor de la puerta y la ubicaci\u00f3n de la carcasa de la cerradura. Se monta junto con el manguito de cilindro 990 en cilindros ASSA ABLOY.<br \/>\n<\/p>\n<div><b><br \/>Caracter\u00edsticas:<\/b><\/div>\n<div>\n<ul>\n<li>Para montaje junto con cilindro redondo simple o doble.<\/li>\n<li>Disponible en tama\u00f1os: 8 y 13 mm (15 mm para Triton\/Neptune)<\/li>\n<li>Material: Aluminio<\/li>\n<li>Cumple con los requisitos de deposici\u00f3n de n\u00edquel: hipoalerg\u00e9nico.<\/li>\n<\/ul>\n<\/div>","protected":false},"excerpt":{"rendered":"<p>HOPPE Cylinderring 790 \u00e4r en cylinderring f\u00f6r runda cylindrar f\u00f6r d\u00f6rrar med l\u00e5shus typ modul. H\u00f6jd p\u00e5 cylinderringar och l\u00e4ngd p\u00e5 skruv avg\u00f6rs av d\u00f6rrens tjocklek samt placeringen av l\u00e5shuset.\u00a0Monteras<\/p>","protected":false},"featured_media":138056,"template":"","meta":{"_acf_changed":false},"product_brand":[],"product_cat":[3254,3251],"product_tag":[],"class_list":{"0":"post-90374","1":"product","2":"type-product","3":"status-publish","4":"has-post-thumbnail","6":"product_cat-cylinderringar","7":"product_cat-dorrbehor","8":"product_shipping_class-postnord-varubrev","9":"pa_brands-hoppe","10":"tm-no-options","12":"first","13":"instock","14":"sale","15":"taxable","16":"shipping-taxable","17":"purchasable","18":"product-type-simple"},"acf":[],"_links":{"self":[{"href":"https:\/\/secureus.se\/es\/wp-json\/wp\/v2\/product\/90374","targetHints":{"allow":["GET"]}}],"collection":[{"href":"https:\/\/secureus.se\/es\/wp-json\/wp\/v2\/product"}],"about":[{"href":"https:\/\/secureus.se\/es\/wp-json\/wp\/v2\/types\/product"}],"wp:featuredmedia":[{"embeddable":true,"href":"https:\/\/secureus.se\/es\/wp-json\/wp\/v2\/media\/138056"}],"wp:attachment":[{"href":"https:\/\/secureus.se\/es\/wp-json\/wp\/v2\/media?parent=90374"}],"wp:term":[{"taxonomy":"product_brand","embeddable":true,"href":"https:\/\/secureus.se\/es\/wp-json\/wp\/v2\/product_brand?post=90374"},{"taxonomy":"product_cat","embeddable":true,"href":"https:\/\/secureus.se\/es\/wp-json\/wp\/v2\/product_cat?post=90374"},{"taxonomy":"product_tag","embeddable":true,"href":"https:\/\/secureus.se\/es\/wp-json\/wp\/v2\/product_tag?post=90374"}],"curies":[{"name":"wp","href":"https:\/\/api.w.org\/{rel}","templated":true}]}}