{"id":90389,"date":"2024-03-15T09:44:29","date_gmt":"2024-03-15T08:44:29","guid":{"rendered":"https:\/\/secureus.se\/?post_type=product&#038;p=90389"},"modified":"2026-03-25T15:38:50","modified_gmt":"2026-03-25T14:38:50","slug":"cylinderring-59m-8mm-oval-f1-silver","status":"publish","type":"product","link":"https:\/\/secureus.se\/es\/cylinderring-59m-8mm-oval-f1-silver\/","title":{"rendered":"Anillo cil\u00edndrico 59M 8mm Ovalado F1 Plata"},"content":{"rendered":"<div>El anillo de cilindro HOPPE 59M est\u00e1 adaptado para cilindros ovalados para puertas con carcasas de cerradura de tipo modular o ciertas cerraduras de puertas interiores. Disponible en varios tama\u00f1os diferentes. La altura de los anillos del cilindro y la longitud del tornillo est\u00e1n determinados por el grosor de la puerta y la ubicaci\u00f3n de la carcasa de la cerradura. 59M est\u00e1 incluido en los accesorios del cilindro Oval-Knob y tambi\u00e9n se puede combinar con la placa de cubierta 59F o el anillo de cilindro 59F para el interior.<\/div>\n<div><b><br \/>Caracter\u00edsticas:<\/b><\/div>\n<div>\n<ul>\n<li>Para montaje junto con cilindro simple ovalado<\/li>\n<li>Disponible en tama\u00f1os: 6, 8, 11, 13, 16, 18 mm<\/li>\n<li>Material: Aluminio<\/li>\n<\/ul>\n<\/div>","protected":false},"excerpt":{"rendered":"<p>HOPPE Cylinderring 59M \u00e4r anpassad f\u00f6r oval cylinder f\u00f6r d\u00f6rrar med l\u00e5shus typ modul eller vissa innerd\u00f6rrsl\u00e5s. Finns i flera olika storlekar. H\u00f6jd p\u00e5 cylinderringar och l\u00e4ngd p\u00e5 skruv avg\u00f6rs<\/p>","protected":false},"featured_media":137892,"template":"","meta":{"_acf_changed":false},"product_brand":[],"product_cat":[3254],"product_tag":[],"class_list":{"0":"post-90389","1":"product","2":"type-product","3":"status-publish","4":"has-post-thumbnail","6":"product_cat-cylinderringar","7":"product_shipping_class-postnord-varubrev","8":"pa_brands-hoppe","9":"tm-no-options","11":"first","12":"instock","13":"sale","14":"taxable","15":"shipping-taxable","16":"purchasable","17":"product-type-simple"},"acf":[],"_links":{"self":[{"href":"https:\/\/secureus.se\/es\/wp-json\/wp\/v2\/product\/90389","targetHints":{"allow":["GET"]}}],"collection":[{"href":"https:\/\/secureus.se\/es\/wp-json\/wp\/v2\/product"}],"about":[{"href":"https:\/\/secureus.se\/es\/wp-json\/wp\/v2\/types\/product"}],"wp:featuredmedia":[{"embeddable":true,"href":"https:\/\/secureus.se\/es\/wp-json\/wp\/v2\/media\/137892"}],"wp:attachment":[{"href":"https:\/\/secureus.se\/es\/wp-json\/wp\/v2\/media?parent=90389"}],"wp:term":[{"taxonomy":"product_brand","embeddable":true,"href":"https:\/\/secureus.se\/es\/wp-json\/wp\/v2\/product_brand?post=90389"},{"taxonomy":"product_cat","embeddable":true,"href":"https:\/\/secureus.se\/es\/wp-json\/wp\/v2\/product_cat?post=90389"},{"taxonomy":"product_tag","embeddable":true,"href":"https:\/\/secureus.se\/es\/wp-json\/wp\/v2\/product_tag?post=90389"}],"curies":[{"name":"wp","href":"https:\/\/api.w.org\/{rel}","templated":true}]}}