{"id":90395,"date":"2024-03-15T09:44:29","date_gmt":"2024-03-15T08:44:29","guid":{"rendered":"https:\/\/secureus.se\/?post_type=product&#038;p=90395"},"modified":"2026-03-25T15:38:51","modified_gmt":"2026-03-25T14:38:51","slug":"cylinderring-13mm-rokoko-nickel","status":"publish","type":"product","link":"https:\/\/secureus.se\/es\/cylinderring-13mm-rokoko-nickel\/","title":{"rendered":"Anillo cil\u00edndrico de 13 mm de n\u00edquel rococ\u00f3"},"content":{"rendered":"<p><b>Descripci\u00f3n:<br \/>\n<\/b><br \/>\nAnillo cil\u00edndrico ASSA ABLOY para cilindro rococ\u00f3 ovalado (interior). Disponible en varios tama\u00f1os diferentes. La altura de los anillos del cilindro y la longitud del tornillo est\u00e1n determinados por el grosor de la puerta y la ubicaci\u00f3n de la carcasa de la cerradura. Los anillos de cilindro ovalados ASSA ABLOY est\u00e1n incluidos en los accesorios de cilindro 2256 y 18256.<\/p>\n<div><\/div>\n<div><b>Caracter\u00edsticas:\u00a0<\/b><\/div>\n<div>\n<ul>\n<li>Para ensamblar junto con cilindro rococ\u00f3 ovalado<\/li>\n<li>Disponible en tama\u00f1os: 6, 8, 11, 13, 16, 18, 21 y 24 mm.<\/li>\n<li>Material: Lat\u00f3n<\/li>\n<\/ul>\n<\/div>","protected":false},"excerpt":{"rendered":"<p>Beskrivning: ASSA ABLOY Cylinderring f\u00f6r oval rokoko cylinder (insida). Finns i flera olika storlekar. H\u00f6jd p\u00e5 cylinderringar och l\u00e4ngd p\u00e5 skruv avg\u00f6rs av d\u00f6rrens tjocklek samt placeringen av l\u00e5shuset. ASSA<\/p>","protected":false},"featured_media":138275,"template":"","meta":{"_acf_changed":false},"product_brand":[],"product_cat":[3254],"product_tag":[],"class_list":{"0":"post-90395","1":"product","2":"type-product","3":"status-publish","4":"has-post-thumbnail","6":"product_cat-cylinderringar","7":"product_shipping_class-postnord-varubrev","8":"pa_brands-abloy","9":"tm-no-options","11":"first","12":"instock","13":"taxable","14":"shipping-taxable","15":"purchasable","16":"product-type-simple"},"acf":[],"_links":{"self":[{"href":"https:\/\/secureus.se\/es\/wp-json\/wp\/v2\/product\/90395","targetHints":{"allow":["GET"]}}],"collection":[{"href":"https:\/\/secureus.se\/es\/wp-json\/wp\/v2\/product"}],"about":[{"href":"https:\/\/secureus.se\/es\/wp-json\/wp\/v2\/types\/product"}],"wp:featuredmedia":[{"embeddable":true,"href":"https:\/\/secureus.se\/es\/wp-json\/wp\/v2\/media\/138275"}],"wp:attachment":[{"href":"https:\/\/secureus.se\/es\/wp-json\/wp\/v2\/media?parent=90395"}],"wp:term":[{"taxonomy":"product_brand","embeddable":true,"href":"https:\/\/secureus.se\/es\/wp-json\/wp\/v2\/product_brand?post=90395"},{"taxonomy":"product_cat","embeddable":true,"href":"https:\/\/secureus.se\/es\/wp-json\/wp\/v2\/product_cat?post=90395"},{"taxonomy":"product_tag","embeddable":true,"href":"https:\/\/secureus.se\/es\/wp-json\/wp\/v2\/product_tag?post=90395"}],"curies":[{"name":"wp","href":"https:\/\/api.w.org\/{rel}","templated":true}]}}