{"id":90474,"date":"2024-03-15T09:44:27","date_gmt":"2024-03-15T08:44:27","guid":{"rendered":"https:\/\/secureus.se\/?post_type=product&#038;p=90474"},"modified":"2026-04-08T15:55:34","modified_gmt":"2026-04-08T13:55:34","slug":"vredskylt-4356-epok-polerad-massing","status":"publish","type":"product","link":"https:\/\/secureus.se\/es\/vredskylt-4356-epok-polerad-massing\/","title":{"rendered":"Letrero giratorio 4356 Epoch de lat\u00f3n pulido"},"content":{"rendered":"<div>ASSA ABLOY 4356 Epok es un cartel giratorio y un cartel decorativo largo. Se combina con carcasas de cerradura de la serie modular de cerraduras (mandriles de 50 y 70) con funci\u00f3n de pomo intermedio (inicio\/ausencia), carcasa de cerradura tipo 2000 o 2002. Se fija debajo de la manija y los accesorios del cilindro. La d\u00e9cada de 1950 ya ha pasado a la historia como un punto culminante del dise\u00f1o sueco. Aqu\u00ed hemos intentado dise\u00f1ar con ese esp\u00edritu. Una elegancia cuidada y discreta. Moderno pero con ra\u00edces en nuestra tradici\u00f3n, encaja naturalmente con el estampado de puerta Epok de 1956 y con todos los dem\u00e1s estampados y casas con ese esp\u00edritu de la \u00e9poca. La placa de cubierta tambi\u00e9n est\u00e1 disponible en el mismo estilo y se llama 4256.<\/div>\n<div><b>\u00a0<\/b><\/div>\n<div><b>Caracter\u00edsticas:<\/b><\/div>\n<div>\n<ul>\n<li>Para carcasa de cerradura con funci\u00f3n de inicio\/fin de sesi\u00f3n, tipo 2000, 2002<\/li>\n<li>Hueco para cilindro y empujador<\/li>\n<li>Para interior, dimensiones y dise\u00f1o similares a la placa de cubierta 4256<\/li>\n<li>La placa decorativa protege la hoja de la puerta contra el desgaste y tambi\u00e9n puede cubrir da\u00f1os existentes.<\/li>\n<li>Fijaci\u00f3n oculta (presionada en su lugar mediante manija de puerta y accesorios de cilindro)<\/li>\n<li>Ancho: 60 mm<\/li>\n<li>Altura: 216 mm<\/li>\n<li>Espesor 3 mm<\/li>\n<li>Material: Lat\u00f3n<\/li>\n<li>Disponible en varios acabados.<\/li>\n<\/ul>\n<\/div>","protected":false},"excerpt":{"rendered":"<p>ASSA ABLOY 4356 Epok \u00e4r en vredskylt och dekorativ l\u00e5ngskylt. Kombineras med l\u00e5shus inom modull\u00e5sserien (50- &amp; 70-dorn) med mellanvredsfunktion (hemma\/borta), typ l\u00e5shus 2000 eller 2002. F\u00e4sts under trycke och<\/p>","protected":false},"featured_media":145956,"template":"","meta":{"_acf_changed":false},"product_brand":[],"product_cat":[3255],"product_tag":[],"class_list":{"0":"post-90474","1":"product","2":"type-product","3":"status-publish","4":"has-post-thumbnail","6":"product_cat-skyltbehor","7":"product_shipping_class-tunga-paket","8":"pa_brands-abloy","9":"tm-no-options","11":"first","12":"instock","13":"taxable","14":"shipping-taxable","15":"purchasable","16":"product-type-simple"},"acf":[],"_links":{"self":[{"href":"https:\/\/secureus.se\/es\/wp-json\/wp\/v2\/product\/90474","targetHints":{"allow":["GET"]}}],"collection":[{"href":"https:\/\/secureus.se\/es\/wp-json\/wp\/v2\/product"}],"about":[{"href":"https:\/\/secureus.se\/es\/wp-json\/wp\/v2\/types\/product"}],"wp:featuredmedia":[{"embeddable":true,"href":"https:\/\/secureus.se\/es\/wp-json\/wp\/v2\/media\/145956"}],"wp:attachment":[{"href":"https:\/\/secureus.se\/es\/wp-json\/wp\/v2\/media?parent=90474"}],"wp:term":[{"taxonomy":"product_brand","embeddable":true,"href":"https:\/\/secureus.se\/es\/wp-json\/wp\/v2\/product_brand?post=90474"},{"taxonomy":"product_cat","embeddable":true,"href":"https:\/\/secureus.se\/es\/wp-json\/wp\/v2\/product_cat?post=90474"},{"taxonomy":"product_tag","embeddable":true,"href":"https:\/\/secureus.se\/es\/wp-json\/wp\/v2\/product_tag?post=90474"}],"curies":[{"name":"wp","href":"https:\/\/api.w.org\/{rel}","templated":true}]}}