{"id":90494,"date":"2024-03-15T09:44:27","date_gmt":"2024-03-15T08:44:27","guid":{"rendered":"https:\/\/secureus.se\/?post_type=product&#038;p=90494"},"modified":"2026-04-23T12:14:13","modified_gmt":"2026-04-23T10:14:13","slug":"tackbricka-992-nickel","status":"publish","type":"product","link":"https:\/\/secureus.se\/es\/tackbricka-992-nickel\/","title":{"rendered":"Placa de cubierta 992 N\u00edquel"},"content":{"rendered":"<p>La placa de cubierta 992 de ASSA ABLOY es un accesorio para cubrir el hueco de prensa de la puerta. Adecuado para cerraduras modulares en mandriles de 50 y 70. Se suministra en pares con tornillos.<\/p>\n<p><b>El kit incluye:<\/b><\/p>\n<p>2 piezas Placa de cubierta 992, 2 uds. Tornillo giratorio 65mm M5 con cintura y 2 uds. Tuerca de casquillo M5.<\/p>\n<div><\/div>\n<div><b>Caracter\u00edsticas:<\/b><\/div>\n<div>\n<ul>\n<li>Cubre el hueco de prensa de la puerta.<\/li>\n<li>Se utiliza donde no se va a instalar una manija en la puerta.<\/li>\n<li>Di\u00e1metro: \u00d8 52 mm<\/li>\n<li>Se adapta a puertas de 40 a 60 mm de espesor, pero se puede complementar f\u00e1cilmente con un tornillo de pomo m\u00e1s largo.<\/li>\n<li>Material: Lat\u00f3n<\/li>\n<\/ul>\n<\/div>","protected":false},"excerpt":{"rendered":"<p>ASSA ABLOY t\u00e4ckbricka 992 \u00e4r ett beh\u00f6r f\u00f6r att t\u00e4cka d\u00f6rrens tryckesurtag. Passar till modull\u00e5s i 50- och 70-dorn. Levereras i par med skruv. I satsen ing\u00e5r: 2 st. T\u00e4ckbricka<\/p>","protected":false},"featured_media":138079,"template":"","meta":{"_acf_changed":false},"product_brand":[],"product_cat":[3255],"product_tag":[],"class_list":{"0":"post-90494","1":"product","2":"type-product","3":"status-publish","4":"has-post-thumbnail","6":"product_cat-skyltbehor","7":"product_shipping_class-tunga-paket","8":"pa_brands-abloy","9":"tm-no-options","11":"first","12":"instock","13":"taxable","14":"shipping-taxable","15":"purchasable","16":"product-type-simple"},"acf":[],"_links":{"self":[{"href":"https:\/\/secureus.se\/es\/wp-json\/wp\/v2\/product\/90494","targetHints":{"allow":["GET"]}}],"collection":[{"href":"https:\/\/secureus.se\/es\/wp-json\/wp\/v2\/product"}],"about":[{"href":"https:\/\/secureus.se\/es\/wp-json\/wp\/v2\/types\/product"}],"wp:featuredmedia":[{"embeddable":true,"href":"https:\/\/secureus.se\/es\/wp-json\/wp\/v2\/media\/138079"}],"wp:attachment":[{"href":"https:\/\/secureus.se\/es\/wp-json\/wp\/v2\/media?parent=90494"}],"wp:term":[{"taxonomy":"product_brand","embeddable":true,"href":"https:\/\/secureus.se\/es\/wp-json\/wp\/v2\/product_brand?post=90494"},{"taxonomy":"product_cat","embeddable":true,"href":"https:\/\/secureus.se\/es\/wp-json\/wp\/v2\/product_cat?post=90494"},{"taxonomy":"product_tag","embeddable":true,"href":"https:\/\/secureus.se\/es\/wp-json\/wp\/v2\/product_tag?post=90494"}],"curies":[{"name":"wp","href":"https:\/\/api.w.org\/{rel}","templated":true}]}}