{"id":90586,"date":"2024-03-15T09:21:52","date_gmt":"2024-03-15T08:21:52","guid":{"rendered":"https:\/\/secureus.se\/?post_type=product&#038;p=90586"},"modified":"2026-04-09T11:39:42","modified_gmt":"2026-04-09T09:39:42","slug":"minneskort-microsd-wd-wdd032g1p0c-purple-sc-qd101-series-ultra-endurance-microsd-kort-for-overvakningskamera-32-gb","status":"publish","type":"product","link":"https:\/\/secureus.se\/es\/minneskort-microsd-wd-wdd032g1p0c-purple-sc-qd101-series-ultra-endurance-microsd-kort-for-overvakningskamera-32-gb\/","title":{"rendered":"Tarjeta de memoria MicroSD 32 GB Tarjeta Ultra Endurance MicroSD para c\u00e1mara de vigilancia, 32 GB"},"content":{"rendered":"<p>Tarjeta MicroSD WD WDD032G1P0C Purple SC QD101 Series, Ultra Endurance para c\u00e1maras de vigilancia, 32 GB<\/p>\n<h3 id=\"pdp_productoverview\" class=\"item-headertop rd-prod-overview-hygiene\">Descripci\u00f3n general del producto<\/h3>\n<div class=\"pd-overview-details pd-show-full-overview\">\n<div class=\"headernamehrnone\">La tarjeta microSD\u2122 WD Purple\u2122 SC QD101 de Western Digital est\u00e1 dise\u00f1ada espec\u00edficamente para el amplio mercado de c\u00e1maras de seguridad. Con tecnolog\u00eda avanzada NAND 3D de 96 capas, la tarjeta proporciona una combinaci\u00f3n rentable de ultra durabilidad, alto rendimiento y un amplio rango de capacidad de hasta 512 GB, y su compatibilidad con la funcionalidad Card Health Monitor permite una gesti\u00f3n proactiva del almacenamiento. Con el r\u00e1pido crecimiento del mercado de c\u00e1maras de seguridad y el uso cada vez mayor de video 4K, esta tarjeta ofrece la combinaci\u00f3n adecuada de longevidad y capacidad para manejar la carga de trabajo de grabaci\u00f3n continua las 24 horas del d\u00eda, los 7 d\u00edas de la semana. Conf\u00ede en Western Digital para obtener WD Purple: el almacenamiento microSD perfecto para c\u00e1maras de seguridad y dispositivos perif\u00e9ricos\u00a0<b>Es WD Purple<\/b>Dise\u00f1ado para vigilancia Ser miembro de una marca l\u00edder en el mercado le brinda la seguridad de que est\u00e1 dise\u00f1ado con la robustez, el rendimiento y las caracter\u00edsticas adecuadas para c\u00e1maras de video de seguridad y dispositivos de borde.<b>Deposite m\u00e1s confianza en sus c\u00e1maras<\/b>Ultra resistencia. Las tarjetas microSD WD Purple SC est\u00e1n dise\u00f1adas para grabaci\u00f3n continua las 24 horas del d\u00eda, los 7 d\u00edas de la semana si las c\u00e1maras pierden la conexi\u00f3n con el NVR, lo que proporciona confianza adicional en su soluci\u00f3n de video de seguridad.<b>Mantenimiento de almacenamiento inteligente<\/b>Monitoreo del estado de la tarjeta. En las c\u00e1maras compatibles, la funci\u00f3n de monitoreo del estado de la tarjeta le permite recibir notificaciones sobre el estado de su tarjeta microSD WD Purple, lo que le permite realizar una administraci\u00f3n proactiva del almacenamiento.<b>Almacenamiento robusto, en interiores o exteriores<\/b>Soporta rango de temperatura de -25\u00b0C a 85\u00b0C; Resistente a la humedad. Puede estar seguro de que esta tarjeta est\u00e1 dise\u00f1ada para un funcionamiento continuo en condiciones clim\u00e1ticas extremas y en una variedad de climas.<b>Grabaci\u00f3n continua. Horas o d\u00edas<\/b>Capacidades desde 32GB hasta 512GB. Amplia gama de capacidades para diferentes combinaciones de c\u00e1maras, resoluciones e implementaciones de grabaci\u00f3n; \u00daselo tanto para grabaci\u00f3n activada por movimiento como para grabaci\u00f3n continua.<\/div>\n<\/div>","protected":false},"excerpt":{"rendered":"<p>La tarjeta microSD\u2122 WD Purple\u2122 SC QD101 de Western Digital est\u00e1 dise\u00f1ada espec\u00edficamente para el amplio mercado de c\u00e1maras de seguridad. Con tecnolog\u00eda avanzada NAND 3D de 96 capas, la tarjeta proporciona una combinaci\u00f3n rentable de ultra durabilidad, alto rendimiento y un amplio rango de capacidad.<\/p>","protected":false},"featured_media":138139,"template":"","meta":{"_acf_changed":false},"product_brand":[],"product_cat":[3260],"product_tag":[],"class_list":{"0":"post-90586","1":"product","2":"type-product","3":"status-publish","4":"has-post-thumbnail","6":"product_cat-micro-sd-minneskort","7":"product_shipping_class-postnord-varubrev","8":"pa_brands-western-digital","9":"tm-no-options","11":"first","12":"outofstock","13":"sale","14":"taxable","15":"shipping-taxable","16":"purchasable","17":"product-type-simple"},"acf":[],"_links":{"self":[{"href":"https:\/\/secureus.se\/es\/wp-json\/wp\/v2\/product\/90586","targetHints":{"allow":["GET"]}}],"collection":[{"href":"https:\/\/secureus.se\/es\/wp-json\/wp\/v2\/product"}],"about":[{"href":"https:\/\/secureus.se\/es\/wp-json\/wp\/v2\/types\/product"}],"wp:featuredmedia":[{"embeddable":true,"href":"https:\/\/secureus.se\/es\/wp-json\/wp\/v2\/media\/138139"}],"wp:attachment":[{"href":"https:\/\/secureus.se\/es\/wp-json\/wp\/v2\/media?parent=90586"}],"wp:term":[{"taxonomy":"product_brand","embeddable":true,"href":"https:\/\/secureus.se\/es\/wp-json\/wp\/v2\/product_brand?post=90586"},{"taxonomy":"product_cat","embeddable":true,"href":"https:\/\/secureus.se\/es\/wp-json\/wp\/v2\/product_cat?post=90586"},{"taxonomy":"product_tag","embeddable":true,"href":"https:\/\/secureus.se\/es\/wp-json\/wp\/v2\/product_tag?post=90586"}],"curies":[{"name":"wp","href":"https:\/\/api.w.org\/{rel}","templated":true}]}}