{"id":90605,"date":"2024-03-15T12:55:47","date_gmt":"2024-03-15T11:55:47","guid":{"rendered":"https:\/\/secureus.se\/?post_type=product&#038;p=90605"},"modified":"2026-03-30T14:28:51","modified_gmt":"2026-03-30T12:28:51","slug":"harddisk-3-5-hdd-6-tb-35-tums-harddisk-256-mb-cache","status":"publish","type":"product","link":"https:\/\/secureus.se\/es\/harddisk-3-5-hdd-6-tb-35-tums-harddisk-256-mb-cache\/","title":{"rendered":"Disco duro 3,5\u2033 HDD 6 TB SATA \u2013 256 MB de cach\u00e9 para videovigilancia inteligente"},"content":{"rendered":"<h1>Disco duro 3,5\u2033 HDD 6 TB SATA \u2013 256 MB de cach\u00e9<\/h1>\n<p>Aspectos destacados del producto<br \/>\n\u2022 Capacidad de hasta 8 TB1<br \/>\n\u2022 Dise\u00f1ado para sistemas de vigilancia comunes<br \/>\n\u2022 WD AllFrame\u2122 ayuda a reducir la p\u00e9rdida de fotogramas<br \/>\n\u2022 Admite una carga de trabajo de hasta 180 TB\/a\u00f1o\u2077<br \/>\n\u2022 Garant\u00eda limitada de 3 a\u00f1os9<\/p>\n<h3>DESCRIPCI\u00d3N DEL PRODUCTO DISCO DURO DE VIGILANCIA<\/h3>\n<p>Discos duros WD Purple\u00ae<br \/>\nEl disco duro adecuado para la videovigilancia inteligente<br \/>\nLas unidades WD Purple\u00ae est\u00e1n dise\u00f1adas para afrontar los desaf\u00edos de la grabaci\u00f3n de videovigilancia las 24 horas del d\u00eda, los 7 d\u00edas de la semana.<\/p>\n<p>Estos dispositivos est\u00e1n dise\u00f1ados espec\u00edficamente para vigilancia para soportar las elevadas fluctuaciones de temperatura y las vibraciones de los equipos dentro de los entornos NVR. Un dispositivo de escritorio promedio est\u00e1 dise\u00f1ado para funcionar solo durante intervalos cortos, no en el duro entorno de funcionamiento permanente 24 horas al d\u00eda, 7 d\u00edas a la semana, de un sistema de vigilancia de alta definici\u00f3n.<\/p>\n<p>Con las unidades WD Purple, obtiene un almacenamiento confiable de nivel de vigilancia, probado para garantizar su compatibilidad con una amplia gama de sistemas de seguridad. La tecnolog\u00eda exclusiva WD AllFrame\u2122 ayuda a reducir las ca\u00eddas de cuadros y mejorar la reproducci\u00f3n general de video.<\/p>\n<p>Almacenamiento l\u00edder en la industria. Vigilancia en la que puede confiar.<br \/>\nWestern Digital ha proporcionado almacenamiento de nivel de vigilancia durante m\u00e1s de una d\u00e9cada.<\/p>\n<p>Con el almacenamiento de vigilancia WD Purple\u00ae, las unidades est\u00e1n dise\u00f1adas para sistemas de vigilancia de alta temperatura y siempre activos para que pueda confiar en un video de calidad cuando m\u00e1s lo necesita. WD Purple ofrece almacenamiento de video inteligente en el que puede confiar y est\u00e1 respaldado por una garant\u00eda limitada de 3 a\u00f1os9.<\/p>\n<p>Tecnolog\u00eda exclusiva WD AllFrame\u2122 de Western Digital<br \/>\nTodas las unidades WD Purple\u00ae est\u00e1n equipadas con tecnolog\u00eda AllFrame\u2122, que ayuda a reducir la p\u00e9rdida de cuadros y mejorar la grabaci\u00f3n y reproducci\u00f3n de video.<\/p>\n<p>Calificaciones de carga de trabajo mejoradas<br \/>\nLas unidades WD Purple\u00ae tienen una capacidad de carga de trabajo de hasta 180 TB\/a\u00f1o\u2077 (hasta tres veces m\u00e1s que las unidades de escritorio) para manejar las demandas \u00fanicas de los sistemas comunes de videovigilancia DVR y NVR.<\/p>\n<p>Varias c\u00e1maras, m\u00faltiples transmisiones<br \/>\nLas grabadoras m\u00e1s modernas ahora admiten m\u00faltiples transmisiones de video por c\u00e1mara. Las unidades WD Purple\u00ae admiten hasta 64 c\u00e1maras HD individuales3.<\/p>\n<p>Con tantas opciones, tiene la flexibilidad de actualizar o ampliar sus aplicaciones de seguridad en el futuro.<\/p>\n<p>Dise\u00f1ado para un funcionamiento confiable<br \/>\nDise\u00f1adas para brindar confiabilidad con un MTBF de hasta 1 mill\u00f3n de horas8 y respaldadas por una garant\u00eda limitada de 3 a\u00f1os9, las unidades WD Purple\u00ae cuentan con componentes resistentes a la decoloraci\u00f3n11 y son compatibles con sistemas de almacenamiento con hasta 16 bah\u00edas de unidad12.<\/p>\n<p>Los discos duros WD Purple\u00ae est\u00e1n dise\u00f1ados con control de recuperaci\u00f3n de errores RAID para ayudar a reducir errores en las grabadoras de video compatibles.<\/p>\n<p>Amplia compatibilidad. Integraci\u00f3n perfecta.<br \/>\nLos discos duros WD Purple\u00ae est\u00e1n dise\u00f1ados teniendo en cuenta la compatibilidad, de modo que puede agregar capacidad a su sistema de vigilancia de manera r\u00e1pida y sin problemas.<\/p>\n<p>Con soporte para una amplia gama de chasis y chipsets l\u00edderes en la industria, seguramente encontrar\u00e1 la configuraci\u00f3n de DVR o NVR adecuada para usted.<\/p>\n<p>Garant\u00eda limitada de tres a\u00f1os<br \/>\nComo fabricante de discos duros l\u00edder en la industria, Western Digital respalda sus soluciones de almacenamiento de vigilancia con una garant\u00eda limitada de 3 a\u00f1os9 incluida con cada disco WD Purple\u00ae.<\/p>","protected":false},"excerpt":{"rendered":"<p>Disco duro 3,5\u2033 HDDWD WD64PURZ Purple Series, disco duro de 3,5 pulgadas y 6 TB, 256 MB de cach\u00e9, admite hasta 64 c\u00e1maras HD<\/p>","protected":false},"featured_media":137855,"template":"","meta":{"_acf_changed":false},"product_brand":[],"product_cat":[3261],"product_tag":[],"class_list":{"0":"post-90605","1":"product","2":"type-product","3":"status-publish","4":"has-post-thumbnail","6":"product_cat-hdd-harddisk-3-5","7":"product_shipping_class-tunga-paket","8":"pa_brands-western-digital","9":"tm-no-options","11":"first","12":"onbackorder","13":"sale","14":"taxable","15":"shipping-taxable","16":"purchasable","17":"product-type-simple"},"acf":[],"_links":{"self":[{"href":"https:\/\/secureus.se\/es\/wp-json\/wp\/v2\/product\/90605","targetHints":{"allow":["GET"]}}],"collection":[{"href":"https:\/\/secureus.se\/es\/wp-json\/wp\/v2\/product"}],"about":[{"href":"https:\/\/secureus.se\/es\/wp-json\/wp\/v2\/types\/product"}],"wp:featuredmedia":[{"embeddable":true,"href":"https:\/\/secureus.se\/es\/wp-json\/wp\/v2\/media\/137855"}],"wp:attachment":[{"href":"https:\/\/secureus.se\/es\/wp-json\/wp\/v2\/media?parent=90605"}],"wp:term":[{"taxonomy":"product_brand","embeddable":true,"href":"https:\/\/secureus.se\/es\/wp-json\/wp\/v2\/product_brand?post=90605"},{"taxonomy":"product_cat","embeddable":true,"href":"https:\/\/secureus.se\/es\/wp-json\/wp\/v2\/product_cat?post=90605"},{"taxonomy":"product_tag","embeddable":true,"href":"https:\/\/secureus.se\/es\/wp-json\/wp\/v2\/product_tag?post=90605"}],"curies":[{"name":"wp","href":"https:\/\/api.w.org\/{rel}","templated":true}]}}