{"id":90609,"date":"2024-03-15T13:35:50","date_gmt":"2024-03-15T12:35:50","guid":{"rendered":"https:\/\/secureus.se\/harddisk-3-5-hdd-2-tb-256-mb-cache\/"},"modified":"2026-05-06T14:14:23","modified_gmt":"2026-05-06T12:14:23","slug":"harddisk-3-5-hdd-2-tb-256-mb-cache","status":"publish","type":"product","link":"https:\/\/secureus.se\/es\/harddisk-3-5-hdd-2-tb-256-mb-cache\/","title":{"rendered":"WD Purple WD23PURZ \u2013 Disco duro de vigilancia SATA de 3,5\u2033 y 2 TB"},"content":{"rendered":"<h3 data-start=\"608\" data-end=\"658\">Disco duro de vigilancia adaptado para funcionamiento 24\/7<\/h3>\n<p data-start=\"659\" data-end=\"888\">El WD Purple WD23PURZ es un disco duro SATA de 3,5 pulgadas dise\u00f1ado espec\u00edficamente para videovigilancia. A diferencia de los discos duros de escritorio est\u00e1ndar, est\u00e1 dise\u00f1ado para cargas de trabajo de escritura constantes en sistemas de vigilancia siempre activos.<\/p>\n<h3 data-start=\"890\" data-end=\"930\">Grabaci\u00f3n estable con WD AllFrame\u2122<\/h3>\n<p data-start=\"931\" data-end=\"1139\">La unidad cuenta con tecnolog\u00eda WD AllFrame\u2122, que reduce el riesgo de p\u00e9rdida de cuadros y mejora tanto la grabaci\u00f3n como la reproducci\u00f3n de video, lo cual es esencial en sistemas donde la confiabilidad de los datos de video es fundamental.<\/p>\n<h3 data-start=\"1141\" data-end=\"1173\">Adaptado para m\u00faltiples c\u00e1maras<\/h3>\n<p data-start=\"1174\" data-end=\"1379\">El WD23PURZ admite hasta 64 c\u00e1maras HD en un sistema de vigilancia y es compatible con soluciones DVR y NVR con hasta 8 bah\u00edas para discos duros. Una excelente opci\u00f3n para instalaciones de vigilancia peque\u00f1as y medianas.<\/p>\n<h3 data-start=\"1381\" data-end=\"1413\">Dise\u00f1ado para la confiabilidad<\/h3>\n<p data-start=\"1414\" data-end=\"1564\">Con una carga de trabajo anual de hasta 180 TB y un MTBF de 1 mill\u00f3n de horas, la unidad est\u00e1 dise\u00f1ada para un funcionamiento estable y a largo plazo en entornos exigentes.<\/p>\n<hr data-start=\"1566\" data-end=\"1569\" \/>\n<h2 data-start=\"1571\" data-end=\"1603\"><strong data-start=\"1574\" data-end=\"1603\">ESPECIFICACIONES T\u00c9CNICAS:<\/strong><\/h2>\n<ul data-start=\"1605\" data-end=\"2139\">\n<li data-start=\"1605\" data-end=\"1625\">\n<p data-start=\"1607\" data-end=\"1625\">Modelo: WD23PURZ<\/p>\n<\/li>\n<li data-start=\"1626\" data-end=\"1646\">\n<p data-start=\"1628\" data-end=\"1646\">Serie: WD Purple<\/p>\n<\/li>\n<li data-start=\"1647\" data-end=\"1674\">\n<p data-start=\"1649\" data-end=\"1674\">Capacidad de almacenamiento: 2 TB<\/p>\n<\/li>\n<li data-start=\"1675\" data-end=\"1698\">\n<p data-start=\"1677\" data-end=\"1698\">Factor de forma: 3,5 pulgadas<\/p>\n<\/li>\n<li data-start=\"1699\" data-end=\"1732\">\n<p data-start=\"1701\" data-end=\"1732\">Interfaz: SATA III (6 Gb\/s)<\/p>\n<\/li>\n<li data-start=\"1733\" data-end=\"1758\">\n<p data-start=\"1735\" data-end=\"1758\">Memoria cach\u00e9: <strong data-start=\"1747\" data-end=\"1756\">64 MB<\/strong><\/p>\n<\/li>\n<li data-start=\"1759\" data-end=\"1785\">\n<p data-start=\"1761\" data-end=\"1785\">Tecnolog\u00eda de grabaci\u00f3n: CMR<\/p>\n<\/li>\n<li data-start=\"1786\" data-end=\"1812\">\n<p data-start=\"1788\" data-end=\"1812\">Firmware: WD AllFrame\u2122<\/p>\n<\/li>\n<li data-start=\"1813\" data-end=\"1850\">\n<p data-start=\"1815\" data-end=\"1850\">N\u00famero m\u00e1ximo de c\u00e1maras: hasta 64 HD<\/p>\n<\/li>\n<li data-start=\"1851\" data-end=\"1879\">\n<p data-start=\"1853\" data-end=\"1879\">N\u00famero m\u00e1ximo de plazas de lavado: 8<\/p>\n<\/li>\n<li data-start=\"1880\" data-end=\"1920\">\n<p data-start=\"1882\" data-end=\"1920\">Carga de trabajo: hasta 180 TB\/a\u00f1o<\/p>\n<\/li>\n<li data-start=\"1921\" data-end=\"1947\">\n<p data-start=\"1923\" data-end=\"1947\">MTBF: 1.000.000 horas<\/p>\n<\/li>\n<li data-start=\"1948\" data-end=\"1990\">\n<p data-start=\"1950\" data-end=\"1990\">Consumo de energ\u00eda (lectura\/escritura): aprox. 3,8 W<\/p>\n<\/li>\n<li data-start=\"1991\" data-end=\"2028\">\n<p data-start=\"1993\" data-end=\"2028\">Temperatura de funcionamiento: 0\u00b0C a 65\u00b0C<\/p>\n<\/li>\n<li data-start=\"2029\" data-end=\"2056\">\n<p data-start=\"2031\" data-end=\"2056\">Nivel de ruido (en reposo): 21 dBA<\/p>\n<\/li>\n<li data-start=\"2057\" data-end=\"2100\">\n<p data-start=\"2059\" data-end=\"2100\">Dimensiones (alto x ancho x profundidad): 26,1 x 101,6 x 147 mm<\/p>\n<\/li>\n<li data-start=\"2101\" data-end=\"2121\">\n<p data-start=\"2103\" data-end=\"2121\">Peso: aprox. 0,45 kg<\/p>\n<\/li>\n<\/ul>","protected":false},"excerpt":{"rendered":"<p>El WD Purple WD23PURZ es un disco duro de vigilancia de 2 TB dise\u00f1ado para un funcionamiento continuo 24\/7. Optimizado para sistemas DVR y NVR multic\u00e1mara, una opci\u00f3n fiable para un almacenamiento de v\u00eddeo estable y seguro.<\/p>","protected":false},"featured_media":137844,"template":"","meta":{"_acf_changed":false},"product_brand":[],"product_cat":[3261],"product_tag":[],"class_list":{"0":"post-90609","1":"product","2":"type-product","3":"status-publish","4":"has-post-thumbnail","6":"product_cat-hdd-harddisk-3-5","7":"product_shipping_class-tunga-paket","8":"pa_brands-western-digital","9":"tm-no-options","11":"first","12":"outofstock","13":"sale","14":"taxable","15":"shipping-taxable","16":"purchasable","17":"product-type-simple"},"acf":[],"_links":{"self":[{"href":"https:\/\/secureus.se\/es\/wp-json\/wp\/v2\/product\/90609","targetHints":{"allow":["GET"]}}],"collection":[{"href":"https:\/\/secureus.se\/es\/wp-json\/wp\/v2\/product"}],"about":[{"href":"https:\/\/secureus.se\/es\/wp-json\/wp\/v2\/types\/product"}],"wp:featuredmedia":[{"embeddable":true,"href":"https:\/\/secureus.se\/es\/wp-json\/wp\/v2\/media\/137844"}],"wp:attachment":[{"href":"https:\/\/secureus.se\/es\/wp-json\/wp\/v2\/media?parent=90609"}],"wp:term":[{"taxonomy":"product_brand","embeddable":true,"href":"https:\/\/secureus.se\/es\/wp-json\/wp\/v2\/product_brand?post=90609"},{"taxonomy":"product_cat","embeddable":true,"href":"https:\/\/secureus.se\/es\/wp-json\/wp\/v2\/product_cat?post=90609"},{"taxonomy":"product_tag","embeddable":true,"href":"https:\/\/secureus.se\/es\/wp-json\/wp\/v2\/product_tag?post=90609"}],"curies":[{"name":"wp","href":"https:\/\/api.w.org\/{rel}","templated":true}]}}