{"id":90637,"date":"2024-03-18T11:21:31","date_gmt":"2024-03-18T10:21:31","guid":{"rendered":"https:\/\/secureus.se\/sond-till-vattenlarm-xd-2-multidetektor-eller-andra-givare\/"},"modified":"2026-03-04T09:43:42","modified_gmt":"2026-03-04T08:43:42","slug":"sond-till-vattenlarm-xd-2-multidetektor-eller-andra-givare","status":"publish","type":"product","link":"https:\/\/secureus.se\/es\/sond-till-vattenlarm-xd-2-multidetektor-eller-andra-givare\/","title":{"rendered":"Sonda para detector m\u00faltiple de agua XD-2 u otros sensores"},"content":{"rendered":"<h1>Sonda de inundaci\u00f3n FPX-1: su primera l\u00ednea de defensa contra da\u00f1os por agua<\/h1>\n<p>FPX-1 es un alto rendimiento <strong>sonda de inundaci\u00f3n<\/strong>, perfecto para proteger hogares y negocios de posibles da\u00f1os causados por el agua.<\/p>\n<p>Dise\u00f1ado para su uso con <strong>sensores universales como XD-2, AXD-200 y MXD-300<\/strong> De SATEL, el FPX-1 ofrece una detecci\u00f3n de fugas de agua fiable y r\u00e1pida.<\/p>\n<h5>Caracter\u00edsticas principales<\/h5>\n<ul>\n<li><strong>Cable de 3 metros<\/strong>:El cable largo permite una colocaci\u00f3n flexible para una protecci\u00f3n \u00f3ptima.<\/li>\n<li><strong>Compatibilidad<\/strong>:Dise\u00f1ado para funcionar con sensores SATEL XD-2, AXD-200 y MXD-300.<\/li>\n<li><strong>Uso universal<\/strong>:Ideal para edificios residenciales, de oficinas y comerciales.<\/li>\n<li><strong>Dise\u00f1o robusto<\/strong>:Dise\u00f1ado para soportar entornos exigentes y garantizar un rendimiento duradero.<\/li>\n<\/ul>\n<h5>Beneficios<\/h5>\n<ul>\n<li><strong>Detecci\u00f3n confiable<\/strong>:Identifica r\u00e1pidamente fugas de agua e inundaciones para minimizar los da\u00f1os.<\/li>\n<li><strong>Instalaci\u00f3n flexible<\/strong>:Con un cable de 3 metros, la sonda se puede adaptar f\u00e1cilmente a diferentes espacios y necesidades.<\/li>\n<li><strong>Mayor seguridad<\/strong>:Funciona como parte de un sistema de seguridad integrado para una protecci\u00f3n completa.<\/li>\n<\/ul>\n<h5>\u00c1reas de uso<\/h5>\n<ul>\n<li><strong>Alojamiento<\/strong>:Para proteger s\u00f3tanos, lavaderos y otras \u00e1reas expuestas.<\/li>\n<li><strong>Oficinas y Empresas<\/strong>:Aseg\u00farese de que los espacios t\u00e9cnicos y las \u00e1reas sensibles permanezcan secos.<\/li>\n<li><strong>Entornos industriales<\/strong>:Ideal para almacenes e instalaciones de producci\u00f3n donde los da\u00f1os causados por el agua pueden causar p\u00e9rdidas importantes.<\/li>\n<\/ul>\n<p>Con <strong>Sonda de inundaci\u00f3n FPX-1<\/strong> Obtendr\u00e1 una herramienta confiable y flexible para proteger sus activos contra da\u00f1os relacionados con el agua.<\/p>","protected":false},"excerpt":{"rendered":"<p>La FPX-1 es una sonda de inundaci\u00f3n con un cable de 3 metros, compatible con los sensores SATEL XD-2, AXD-200 y MXD-300.<\/p>\n<p>Protecci\u00f3n confiable contra da\u00f1os causados por el agua.<\/p>","protected":false},"featured_media":138251,"template":"","meta":{"_acf_changed":false},"product_brand":[],"product_cat":[1309,4114],"product_tag":[],"class_list":{"0":"post-90637","1":"product","2":"type-product","3":"status-publish","4":"has-post-thumbnail","6":"product_cat-temperaturdetektor-vattendetektor","7":"product_cat-vattenlarm","8":"product_shipping_class-postnord-varubrev","9":"pa_brands-satel","10":"tm-no-options","12":"first","13":"instock","14":"sale","15":"featured","16":"taxable","17":"shipping-taxable","18":"purchasable","19":"product-type-simple"},"acf":[],"_links":{"self":[{"href":"https:\/\/secureus.se\/es\/wp-json\/wp\/v2\/product\/90637","targetHints":{"allow":["GET"]}}],"collection":[{"href":"https:\/\/secureus.se\/es\/wp-json\/wp\/v2\/product"}],"about":[{"href":"https:\/\/secureus.se\/es\/wp-json\/wp\/v2\/types\/product"}],"wp:featuredmedia":[{"embeddable":true,"href":"https:\/\/secureus.se\/es\/wp-json\/wp\/v2\/media\/138251"}],"wp:attachment":[{"href":"https:\/\/secureus.se\/es\/wp-json\/wp\/v2\/media?parent=90637"}],"wp:term":[{"taxonomy":"product_brand","embeddable":true,"href":"https:\/\/secureus.se\/es\/wp-json\/wp\/v2\/product_brand?post=90637"},{"taxonomy":"product_cat","embeddable":true,"href":"https:\/\/secureus.se\/es\/wp-json\/wp\/v2\/product_cat?post=90637"},{"taxonomy":"product_tag","embeddable":true,"href":"https:\/\/secureus.se\/es\/wp-json\/wp\/v2\/product_tag?post=90637"}],"curies":[{"name":"wp","href":"https:\/\/api.w.org\/{rel}","templated":true}]}}