{"id":90879,"date":"2024-03-27T11:26:53","date_gmt":"2024-03-27T10:26:53","guid":{"rendered":"https:\/\/secureus.se\/plomberingstrad-gron-finns-aven-med-graverad-eller-tryckt-logga-text-copy\/"},"modified":"2026-03-27T20:47:21","modified_gmt":"2026-03-27T19:47:21","slug":"plomberingstrad-gron-finns-aven-med-graverad-eller-tryckt-logga-text-copy","status":"publish","type":"product","link":"https:\/\/secureus.se\/es\/plomberingstrad-gron-finns-aven-med-graverad-eller-tryckt-logga-text-copy\/","title":{"rendered":"Alambre de sellado Green Standard: logotipo\/texto personalizable"},"content":{"rendered":"<h2 data-section-id=\"tzpez3\" data-start=\"601\" data-end=\"657\">Alambre de sellado para puertas de emergencia y equipos de seguridad<\/h2>\n<p data-start=\"658\" data-end=\"833\">Este alambre de sellado verde se utiliza para marcar y asegurar equipos que solo deben usarse cuando sea necesario, como puertas de emergencia, extintores y otros equipos de seguridad.<\/p>\n<p data-start=\"835\" data-end=\"994\">El precinto permite comprobar r\u00e1pidamente si el equipo ha sido abierto o utilizado. Si el alambre del precinto se rompe, resulta evidente de inmediato que el dispositivo ha sido manipulado.<\/p>\n<p data-start=\"996\" data-end=\"1171\">Esto hace que el producto sea especialmente \u00fatil en entornos donde es necesario revisar peri\u00f3dicamente los equipos de seguridad, como en propiedades, industrias, escuelas y espacios p\u00fablicos.<\/p>\n<hr data-start=\"1173\" data-end=\"1176\" \/>\n<h2 data-section-id=\"1pcm1ba\" data-start=\"1178\" data-end=\"1229\">Personaliza el sello con tu propio texto o logotipo.<\/h2>\n<p data-start=\"1230\" data-end=\"1400\">Este alambre de sellado tambi\u00e9n se puede pedir con <strong data-start=\"1275\" data-end=\"1302\">Texto o logotipo propio<\/strong>. La personalizaci\u00f3n se puede realizar mediante impresi\u00f3n a color o grabado l\u00e1ser, y tambi\u00e9n es adecuada para series peque\u00f1as.<\/p>\n<p data-start=\"1402\" data-end=\"1460\">Esto permite, por ejemplo, marcar el sello con:<\/p>\n<ul data-start=\"1462\" data-end=\"1532\">\n<li data-section-id=\"nzxgki\" data-start=\"1462\" data-end=\"1478\">\n<p data-start=\"1464\" data-end=\"1478\">nombre de empresa<\/p>\n<\/li>\n<li data-section-id=\"cej8am\" data-start=\"1479\" data-end=\"1490\">\n<p data-start=\"1481\" data-end=\"1490\">logo<\/p>\n<\/li>\n<li data-section-id=\"1uptt1j\" data-start=\"1491\" data-end=\"1509\">\n<p data-start=\"1493\" data-end=\"1509\">n\u00famero de control<\/p>\n<\/li>\n<li data-section-id=\"1f8c95p\" data-start=\"1510\" data-end=\"1532\">\n<p data-start=\"1512\" data-end=\"1532\">texto de seguridad propio<\/p>\n<\/li>\n<\/ul>\n<hr data-start=\"1534\" data-end=\"1537\" \/>\n<h2 data-section-id=\"1dhihmh\" data-start=\"1539\" data-end=\"1556\">Grabado l\u00e1ser<\/h2>\n<p data-start=\"1557\" data-end=\"1678\">Con el grabado l\u00e1ser, el texto se quema en el material. El resultado es un <strong data-start=\"1626\" data-end=\"1652\">tono gris claro u oscuro<\/strong> dependiendo del color de la banda.<\/p>\n<p data-start=\"1680\" data-end=\"1762\">El grabado l\u00e1ser proporciona un marcado permanente y duradero que es dif\u00edcil de manipular.<\/p>\n<hr data-start=\"1764\" data-end=\"1767\" \/>\n<h1 data-section-id=\"16fopcq\" data-start=\"1769\" data-end=\"1779\">Beneficios<\/h1>\n<ul data-start=\"1781\" data-end=\"2002\">\n<li data-section-id=\"ls77ve\" data-start=\"1781\" data-end=\"1823\">\n<p data-start=\"1783\" data-end=\"1823\">Muestra inmediatamente si el equipo ha sido abierto.<\/p>\n<\/li>\n<li data-section-id=\"1pqowha\" data-start=\"1824\" data-end=\"1869\">\n<p data-start=\"1826\" data-end=\"1869\">Evita el uso innecesario de las puertas de emergencia.<\/p>\n<\/li>\n<li data-section-id=\"1vnjlqh\" data-start=\"1870\" data-end=\"1923\">\n<p data-start=\"1872\" data-end=\"1923\">Adecuado para extintores y equipos de seguridad.<\/p>\n<\/li>\n<li data-section-id=\"dhsf4s\" data-start=\"1924\" data-end=\"1968\">\n<p data-start=\"1926\" data-end=\"1968\">Se puede personalizar con su propio texto o logotipo.<\/p>\n<\/li>\n<li data-section-id=\"1ofabbw\" data-start=\"1969\" data-end=\"2002\">\n<p data-start=\"1971\" data-end=\"2002\">F\u00e1cil de montar y usar<\/p>\n<\/li>\n<\/ul>\n<hr data-start=\"2004\" data-end=\"2007\" \/>\n<h1 data-section-id=\"brc9ws\" data-start=\"2009\" data-end=\"2037\">Usos comunes<\/h1>\n<ul data-start=\"2039\" data-end=\"2133\">\n<li data-section-id=\"1hfb5n9\" data-start=\"2039\" data-end=\"2052\">\n<p data-start=\"2041\" data-end=\"2052\">Puertas de emergencia<\/p>\n<\/li>\n<li data-section-id=\"1glgnsm\" data-start=\"2053\" data-end=\"2070\">\n<p data-start=\"2055\" data-end=\"2070\">Extintor de incendios<\/p>\n<\/li>\n<li data-section-id=\"ybft18\" data-start=\"2071\" data-end=\"2086\">\n<p data-start=\"2073\" data-end=\"2086\">Bocas de incendio<\/p>\n<\/li>\n<li data-section-id=\"hh5nt0\" data-start=\"2087\" data-end=\"2104\">\n<p data-start=\"2089\" data-end=\"2104\">Caja de seguridad<\/p>\n<\/li>\n<li data-section-id=\"1d7qlpj\" data-start=\"2105\" data-end=\"2133\">\n<p data-start=\"2107\" data-end=\"2133\">Instalaciones de propiedad<\/p>\n<\/li>\n<\/ul>\n<hr data-start=\"2135\" data-end=\"2138\" \/>\n<h1 data-section-id=\"vb28v8\" data-start=\"2140\" data-end=\"2157\">Presupuesto<\/h1>\n<p data-start=\"2159\" data-end=\"2248\">Tama\u00f1o: <strong data-start=\"2168\" data-end=\"2183\">250 \u00d7 20 mm<\/strong><br data-start=\"2183\" data-end=\"2186\" \/>Pintar: <strong>Verde<\/strong><br data-start=\"2199\" data-end=\"2202\" \/>Tipo: <strong data-start=\"2207\" data-end=\"2248\">Alambre de sellado \/ sello de seguridad<\/strong><\/p>\n<p data-start=\"2159\" data-end=\"2248\">\u00bfQuieres saber m\u00e1s sobre c\u00f3mo funciona el sellado?<br data-start=\"2755\" data-end=\"2758\" \/>Lea nuestra gu\u00eda: <a href=\"https:\/\/secureus.se\/es\/vad-ar-plomberingstrad-sa-fungerar-sakerhetsplombering\/\" target=\"_blank\" rel=\"noopener\"><strong data-start=\"2775\" data-end=\"2854\">\u00bfQu\u00e9 es el alambre de sellado y c\u00f3mo se utiliza para puertas de emergencia y extintores?<\/strong><\/a><\/p>\n<p data-start=\"2159\" data-end=\"2248\">","protected":false},"excerpt":{"rendered":"<p data-start=\"335\" data-end=\"528\">Hilo de sellado verde para marcar y sellar puertas de emergencia, extintores y otros equipos de seguridad.<\/p>\n<p data-start=\"335\" data-end=\"528\">El sello permite ver r\u00e1pidamente si un dispositivo ha sido abierto o manipulado.<\/p>\n<p data-start=\"530\" data-end=\"653\">Se utiliza a menudo en propiedades, entornos p\u00fablicos e industrias donde es necesario revisar peri\u00f3dicamente el equipo de seguridad.<\/p>","protected":false},"featured_media":156221,"template":"","meta":{"_acf_changed":false},"product_brand":[],"product_cat":[1332,1560,3224],"product_tag":[2958],"class_list":{"0":"post-90879","1":"product","2":"type-product","3":"status-publish","4":"has-post-thumbnail","6":"product_cat-utrymning-tillbehor","7":"product_cat-branddorrstangning","8":"product_cat-nodutrymning","9":"product_tag-stonehouse-produkt","10":"product_shipping_class-postnord-varubrev","11":"pa_brands-stonehouse-security","12":"tm-no-options","14":"first","15":"instock","16":"sale","17":"featured","18":"taxable","19":"shipping-taxable","20":"purchasable","21":"product-type-simple"},"acf":[],"_links":{"self":[{"href":"https:\/\/secureus.se\/es\/wp-json\/wp\/v2\/product\/90879","targetHints":{"allow":["GET"]}}],"collection":[{"href":"https:\/\/secureus.se\/es\/wp-json\/wp\/v2\/product"}],"about":[{"href":"https:\/\/secureus.se\/es\/wp-json\/wp\/v2\/types\/product"}],"wp:featuredmedia":[{"embeddable":true,"href":"https:\/\/secureus.se\/es\/wp-json\/wp\/v2\/media\/156221"}],"wp:attachment":[{"href":"https:\/\/secureus.se\/es\/wp-json\/wp\/v2\/media?parent=90879"}],"wp:term":[{"taxonomy":"product_brand","embeddable":true,"href":"https:\/\/secureus.se\/es\/wp-json\/wp\/v2\/product_brand?post=90879"},{"taxonomy":"product_cat","embeddable":true,"href":"https:\/\/secureus.se\/es\/wp-json\/wp\/v2\/product_cat?post=90879"},{"taxonomy":"product_tag","embeddable":true,"href":"https:\/\/secureus.se\/es\/wp-json\/wp\/v2\/product_tag?post=90879"}],"curies":[{"name":"wp","href":"https:\/\/api.w.org\/{rel}","templated":true}]}}