{"id":91091,"date":"2024-04-05T16:21:50","date_gmt":"2024-04-05T14:21:50","guid":{"rendered":"https:\/\/secureus.se\/?post_type=product&#038;p=91091"},"modified":"2026-04-03T12:16:46","modified_gmt":"2026-04-03T10:16:46","slug":"larmdekal-aluminium-2-sjalvhaftande-stor-a5-148x210mm","status":"publish","type":"product","link":"https:\/\/secureus.se\/es\/larmdekal-aluminium-2-sjalvhaftande-stor-a5-148x210mm\/","title":{"rendered":"Adhesivo de alarma de aluminio monitoreado, autoadhesivo, grande (A5), 148 x 210 mm"},"content":{"rendered":"<p><em>Nuestras calcoman\u00edas de alarma de aluminio est\u00e1n dise\u00f1adas para garantizar que su seguridad sea visible y clara, independientemente de las condiciones circundantes. Fabricadas con precisi\u00f3n para satisfacer las exigentes condiciones de los climas escandinavos, estas calcoman\u00edas est\u00e1n equipadas con una durabilidad y resistencia superiores. Est\u00e1n dise\u00f1ados para soportar los elementos, desde el fr\u00edo glacial hasta la lluvia intensa, lo que los hace ideales para uso en exteriores. Con cinta de tejido de doble cara 3M en la parte posterior, estas calcoman\u00edas ofrecen un montaje f\u00e1cil y confiable en una variedad de superficies.<\/em><\/p>\n<p>Confianza, claridad y durabilidad: eso es lo que ofrecen nuestras pegatinas de alarma de aluminio para llevar la seguridad al siguiente nivel.<\/p>\n<p>Las pegatinas de alarma act\u00faan como un potente elemento disuasorio visual ante posibles robos.<\/p>\n<p><strong>Robusto y duradero<\/strong><br \/>\nFabricado en aluminio de alta calidad. Nuestras pegatinas de alarma est\u00e1n dise\u00f1adas para soportar tanto el desgaste como la temperatura. Puedes estar seguro de que se mantendr\u00e1n en \u00f3ptimas condiciones independientemente del clima.<\/p>\n<p>Esta pegatina de alarma es tan efectiva en interiores como en exteriores. Personal\u00edzalo seg\u00fan tus necesidades espec\u00edficas.<\/p>\n<h3>\u00c1reas de uso:<\/h3>\n<ul>\n<li><strong>Hogar:<\/strong> Proteja a su familia y su hogar aplicando estas pegatinas de alarma en todas las entradas importantes.<br \/>\n<strong>Compa\u00f1\u00eda:<\/strong> Mejore la seguridad en su lugar de trabajo haciendo que las \u00e1reas m\u00e1s cr\u00edticas sean visibles tanto para los empleados como para los visitantes.<br \/>\n<strong>Tiendas y Negocios:<\/strong> Cree un entorno m\u00e1s seguro para sus clientes y personal marcando las entradas y salidas m\u00e1s relevantes.<\/li>\n<\/ul>\n<h3>Especificaciones del producto:<\/h3>\n<ul>\n<li>Material: Aluminio<\/li>\n<li>Dimensiones: 148x210mm<\/li>\n<\/ul>\n<h3>El paquete incluye:<\/h3>\n<ul>\n<li>1 pegatina de alarma autoadhesiva de aluminio de 148 x 210 mm. \u00a1Cada pegatina es una inversi\u00f3n en su seguridad!<\/li>\n<\/ul>","protected":false},"excerpt":{"rendered":"<p><em>Pegatina de alarma extra grande. Mejore la seguridad con nuestras pegatinas de alarma de aluminio, creadas para soportar las duras condiciones clim\u00e1ticas escandinavas. Perfecto para uso al aire libre.<\/em><\/p>","protected":false},"featured_media":156018,"template":"","meta":{"_acf_changed":false},"product_brand":[],"product_cat":[1323],"product_tag":[3053],"class_list":{"0":"post-91091","1":"product","2":"type-product","3":"status-publish","4":"has-post-thumbnail","6":"product_cat-larmdekaler","7":"product_tag-nyhet","8":"product_shipping_class-dekaler-skyltar","9":"tm-no-options","11":"first","12":"instock","13":"featured","14":"taxable","15":"shipping-taxable","16":"purchasable","17":"product-type-simple"},"acf":[],"_links":{"self":[{"href":"https:\/\/secureus.se\/es\/wp-json\/wp\/v2\/product\/91091","targetHints":{"allow":["GET"]}}],"collection":[{"href":"https:\/\/secureus.se\/es\/wp-json\/wp\/v2\/product"}],"about":[{"href":"https:\/\/secureus.se\/es\/wp-json\/wp\/v2\/types\/product"}],"wp:featuredmedia":[{"embeddable":true,"href":"https:\/\/secureus.se\/es\/wp-json\/wp\/v2\/media\/156018"}],"wp:attachment":[{"href":"https:\/\/secureus.se\/es\/wp-json\/wp\/v2\/media?parent=91091"}],"wp:term":[{"taxonomy":"product_brand","embeddable":true,"href":"https:\/\/secureus.se\/es\/wp-json\/wp\/v2\/product_brand?post=91091"},{"taxonomy":"product_cat","embeddable":true,"href":"https:\/\/secureus.se\/es\/wp-json\/wp\/v2\/product_cat?post=91091"},{"taxonomy":"product_tag","embeddable":true,"href":"https:\/\/secureus.se\/es\/wp-json\/wp\/v2\/product_tag?post=91091"}],"curies":[{"name":"wp","href":"https:\/\/api.w.org\/{rel}","templated":true}]}}