{"id":91165,"date":"2024-04-11T10:23:43","date_gmt":"2024-04-11T08:23:43","guid":{"rendered":"https:\/\/secureus.se\/brandlarmsbox-rod-20-polig-sk-sk-2-5mm2\/"},"modified":"2025-12-31T21:08:41","modified_gmt":"2025-12-31T20:08:41","slug":"brandlarmsbox-rod-20-polig-sk-sk-2-5mm2","status":"publish","type":"product","link":"https:\/\/secureus.se\/es\/brandlarmsbox-rod-20-polig-sk-sk-2-5mm2\/","title":{"rendered":"Caja de alarma contra incendios roja de 20 pines Sk\/Sk \u2013 2,5 mm\u00b2"},"content":{"rendered":"<h1>Caja de alarma contra incendios CAJA DE ALARMA CONTRA INCENDIOS<\/h1>\n<p>Caja de conexiones roja completa con conexi\u00f3n de 2,5 mm2 para la instalaci\u00f3n de sistemas contra incendios u otros sistemas.<\/p>\n<p>Caja de conexiones a prueba de manipulaciones para 21 pares de conductores y bandera de se\u00f1alizaci\u00f3n.<\/p>\n<p>El borne dispone de conexi\u00f3n por tornillo de hasta 2,5 mm2, con funci\u00f3n de elevaci\u00f3n, por ejemplo.<\/p>\n<p>Carga m\u00e1xima recomendada 2A\/60V Tama\u00f1o: 133 x 70 x 50 mm<\/p>","protected":false},"excerpt":{"rendered":"<p>CAJA DE ALARMA CONTRA INCENDIOS PAR DE TORNILLOS DE 20 PINES<\/p>","protected":false},"featured_media":137875,"template":"","meta":{"_acf_changed":false},"product_brand":[],"product_cat":[1547],"product_tag":[],"class_list":{"0":"post-91165","1":"product","2":"type-product","3":"status-publish","4":"has-post-thumbnail","6":"product_cat-plint-larm-telebox","7":"product_shipping_class-tunga-paket","8":"tm-no-options","10":"first","11":"instock","12":"sale","13":"taxable","14":"shipping-taxable","15":"purchasable","16":"product-type-simple"},"acf":[],"_links":{"self":[{"href":"https:\/\/secureus.se\/es\/wp-json\/wp\/v2\/product\/91165","targetHints":{"allow":["GET"]}}],"collection":[{"href":"https:\/\/secureus.se\/es\/wp-json\/wp\/v2\/product"}],"about":[{"href":"https:\/\/secureus.se\/es\/wp-json\/wp\/v2\/types\/product"}],"wp:featuredmedia":[{"embeddable":true,"href":"https:\/\/secureus.se\/es\/wp-json\/wp\/v2\/media\/137875"}],"wp:attachment":[{"href":"https:\/\/secureus.se\/es\/wp-json\/wp\/v2\/media?parent=91165"}],"wp:term":[{"taxonomy":"product_brand","embeddable":true,"href":"https:\/\/secureus.se\/es\/wp-json\/wp\/v2\/product_brand?post=91165"},{"taxonomy":"product_cat","embeddable":true,"href":"https:\/\/secureus.se\/es\/wp-json\/wp\/v2\/product_cat?post=91165"},{"taxonomy":"product_tag","embeddable":true,"href":"https:\/\/secureus.se\/es\/wp-json\/wp\/v2\/product_tag?post=91165"}],"curies":[{"name":"wp","href":"https:\/\/api.w.org\/{rel}","templated":true}]}}