{"id":91259,"date":"2024-04-15T14:49:57","date_gmt":"2024-04-15T12:49:57","guid":{"rendered":"https:\/\/secureus.se\/detector-fireprotect-2-rb\/"},"modified":"2026-03-30T23:38:16","modified_gmt":"2026-03-30T21:38:16","slug":"ajax-fireprotect-2-rb-heat-endast-varme-vit","status":"publish","type":"product","link":"https:\/\/secureus.se\/es\/ajax-fireprotect-2-rb-heat-endast-varme-vit\/","title":{"rendered":"Ajax FireProtect 2 RB Heat - Detector de calor (Blanco)"},"content":{"rendered":"<h3>Ajax FireProtect 2 RB Heat es un detector de humo avanzado que ofrece un monitoreo confiable y efectivo de los cambios de calor en entornos donde los detectores de humo tradicionales no son deseables o efectivos.<\/h3>\n<p>Esta versi\u00f3n de la serie FireProtect est\u00e1 especialmente dise\u00f1ada para detectar \u00fanicamente cambios de temperatura, lo que la hace perfecta para usar en \u00e1reas donde el calor es un indicador confiable de incendio, como en cocinas o espacios t\u00e9cnicos.<\/p>\n<p>El dispositivo inal\u00e1mbrico es compatible con todos los dispositivos Ajax Hub, incluidos Hub Plus, Hub 2, Hub 2 Plus, Hub Hybrid, ReX y ReX 2, lo que facilita su integraci\u00f3n en su sistema de seguridad Ajax.<\/p>\n<p>Con un alcance inal\u00e1mbrico de hasta 1700 metros en terreno abierto, garantiza que la alarma contra incendios pueda responder r\u00e1pida y eficazmente a los cambios de temperatura incluso en edificios grandes o complejos.<\/p>\n<p><strong>Principales caracter\u00edsticas y beneficios<\/strong>:<\/p>\n<ul>\n<li><strong>Detecci\u00f3n de celo<\/strong>:Solo sensor de calor, sin detecci\u00f3n de humo, lo que lo hace adecuado para usar donde el humo no se puede detectar correctamente.<\/li>\n<li><strong>Alcance inal\u00e1mbrico<\/strong>:Hasta 1700 metros en terreno abierto para f\u00e1cil ubicaci\u00f3n en propiedades m\u00e1s grandes.<\/li>\n<li><strong>Bater\u00eda de larga duraci\u00f3n<\/strong>:Duraci\u00f3n de la bater\u00eda de hasta 7 a\u00f1os con dos bater\u00edas CR123A, lo que reduce la necesidad de cambios frecuentes de bater\u00eda.<\/li>\n<li><strong>Alto nivel de sonido<\/strong>:Nivel de sonido de 85 dB a 3 metros de distancia, proporcionando una advertencia clara incluso en entornos ruidosos.<\/li>\n<li><strong>Tolerancia a bajas temperaturas y humedad<\/strong>:Rango de temperatura de 0\u00b0 a +50\u00b0C y resistente a una humedad de hasta 80%, lo que lo hace \u00fatil en muchos entornos diferentes.<\/li>\n<\/ul>\n<p>Este sistema tambi\u00e9n es muy confiable, ya que utiliza tecnolog\u00eda avanzada para reducir el riesgo de falsas alarmas.<\/p>\n<p>Ajax FireProtect 2 RB Heat tiene una funci\u00f3n especialmente desarrollada que le permite distinguir entre vapor y calor, lo que reduce eficazmente el riesgo de alarmas molestas al, por ejemplo, cocinar o ducharse.<\/p>\n<p>Este detector tambi\u00e9n utiliza una bater\u00eda reemplazable, lo que hace que el mantenimiento sea m\u00e1s f\u00e1cil y econ\u00f3mico.<\/p>\n<p>Cuando la bater\u00eda est\u00e1 a punto de agotarse, el usuario recibe una advertencia a trav\u00e9s del sistema Ajax, lo que facilita mantener el dispositivo en \u00f3ptimas condiciones.<\/p>\n<p><strong>Presupuesto<\/strong>:<\/p>\n<ul>\n<li><strong>Compatibilidad<\/strong>: Hub Plus, Hub 2, Hub 2 Plus, Hub H\u00edbrido, ReX y ReX 2<\/li>\n<li><strong>Alcance inal\u00e1mbrico<\/strong>:Hasta 1700m en terreno abierto<\/li>\n<li><strong>Tipo de bater\u00eda<\/strong>: 2 pilas CR123A<\/li>\n<li><strong>Duraci\u00f3n de la bater\u00eda<\/strong>:Hasta 7 a\u00f1os<\/li>\n<li><strong>Rango de temperatura<\/strong>: 0\u00b0 a +50\u00b0C<\/li>\n<li><strong>Humedad<\/strong>:Hasta 80%<\/li>\n<li><strong>Nivel de sonido<\/strong>:85 dB (3 metros)<\/li>\n<li><strong>Umbral de alarma<\/strong>:+64\u00b0C o un aumento de 10\u00b0C en menos de 1 minuto<\/li>\n<li><strong>Clase de IP<\/strong>:IP20<\/li>\n<\/ul>\n<p><strong>Conclusi\u00f3n<\/strong>:Ajax FireProtect 2 RB Heat es la soluci\u00f3n perfecta para monitorear y detectar cambios de temperatura en \u00e1reas donde la detecci\u00f3n de humo tradicional no es adecuada.<\/p>\n<p>Ofrece alta seguridad, bater\u00eda de larga duraci\u00f3n y f\u00e1cil integraci\u00f3n con su sistema Ajax, lo que lo convierte en una opci\u00f3n inteligente y confiable para propiedades residenciales y comerciales.<\/p>\n<p><strong>El paquete contiene<\/strong>:<\/p>\n<ul>\n<li>Ajax FireProtect 2 RB Heat<\/li>\n<li>Manual de instalaci\u00f3n<\/li>\n<li>Pilas (2 x CR123A)<\/li>\n<\/ul>\n<p>&nbsp;<\/p>","protected":false},"excerpt":{"rendered":"<p>Ajax FireProtect 2 RB Heat es un sensor de calor que solo detecta calor.<\/p>\n<p>Es compatible con todos los dispositivos Ajax Hub y ofrece un alcance inal\u00e1mbrico de hasta 1700 m en terreno abierto.<\/p>\n<p>Perfecto para vigilancia de seguridad donde la detecci\u00f3n de calor es una prioridad.<\/p>","protected":false},"featured_media":156025,"template":"","meta":{"_acf_changed":false},"product_brand":[],"product_cat":[1319,3159],"product_tag":[3152,3127,4863],"class_list":{"0":"post-91259","1":"product","2":"type-product","3":"status-publish","4":"has-post-thumbnail","6":"product_cat-ajax-larm","7":"product_cat-brandvarnare","8":"product_tag-cr123-tillbehor","9":"product_tag-kontrollprodukt","10":"product_tag-pf","11":"product_shipping_class-postnord-varubrev","12":"pa_brands-ajax-systems","13":"pa_farg-vit","14":"tm-no-options","16":"first","17":"instock","18":"sale","19":"featured","20":"taxable","21":"shipping-taxable","22":"purchasable","23":"product-type-simple"},"acf":[],"_links":{"self":[{"href":"https:\/\/secureus.se\/es\/wp-json\/wp\/v2\/product\/91259","targetHints":{"allow":["GET"]}}],"collection":[{"href":"https:\/\/secureus.se\/es\/wp-json\/wp\/v2\/product"}],"about":[{"href":"https:\/\/secureus.se\/es\/wp-json\/wp\/v2\/types\/product"}],"wp:featuredmedia":[{"embeddable":true,"href":"https:\/\/secureus.se\/es\/wp-json\/wp\/v2\/media\/156025"}],"wp:attachment":[{"href":"https:\/\/secureus.se\/es\/wp-json\/wp\/v2\/media?parent=91259"}],"wp:term":[{"taxonomy":"product_brand","embeddable":true,"href":"https:\/\/secureus.se\/es\/wp-json\/wp\/v2\/product_brand?post=91259"},{"taxonomy":"product_cat","embeddable":true,"href":"https:\/\/secureus.se\/es\/wp-json\/wp\/v2\/product_cat?post=91259"},{"taxonomy":"product_tag","embeddable":true,"href":"https:\/\/secureus.se\/es\/wp-json\/wp\/v2\/product_tag?post=91259"}],"curies":[{"name":"wp","href":"https:\/\/api.w.org\/{rel}","templated":true}]}}