{"id":91430,"date":"2024-05-01T22:05:07","date_gmt":"2024-05-01T20:05:07","guid":{"rendered":"https:\/\/secureus.se\/?post_type=product&#038;p=91430"},"modified":"2026-04-23T12:13:53","modified_gmt":"2026-04-23T10:13:53","slug":"dorrstangarsats-dc300-ob-3-6-med-standardarm-svart","status":"publish","type":"product","link":"https:\/\/secureus.se\/es\/dorrstangarsats-dc300-ob-3-6-med-standardarm-svart\/","title":{"rendered":"Cierrapuertas ASSA ABLOY DC300 \u2013 Kit completo \u2013 EN 3-6 \u2013 Brazo est\u00e1ndar L190 \u2013 Negro"},"content":{"rendered":"<p><strong>ASSA ABLOY DC300<\/strong> es un cierrapuertas fiable para quienes desean un cierre seguro, suave y controlado de puertas exteriores, puertas interiores y puertas cortafuegos. Esta variante se entrega como <strong>kit completo<\/strong> en negro con <strong>brazo est\u00e1ndar L190<\/strong>, lo que la convierte en una opci\u00f3n conveniente tanto para nuevas instalaciones como para reemplazos.<\/p>\n<p>El cierrapuertas se adapta a puertas con un ancho de hasta <strong>1400 mm<\/strong> y tiene <strong>Fuerza de cierre ajustable EN 3-6<\/strong>. El DC300 est\u00e1 dise\u00f1ado para entornos donde se exige un funcionamiento seguro, una operaci\u00f3n estable y un ajuste sencillo durante la instalaci\u00f3n.<\/p>\n<h3>Esto est\u00e1 incluido en el kit.<\/h3>\n<ul>\n<li>Carcasa del cierrapuertas DC300<\/li>\n<li>Brazo est\u00e1ndar L190<\/li>\n<li>Placa de montaje A120<\/li>\n<\/ul>\n<h3>Caracter\u00edsticas<\/h3>\n<ul>\n<li>Kit completo con carcasa del cierrapuertas, brazo est\u00e1ndar y placa de montaje.<\/li>\n<li>Fuerza del resorte ajustable <strong>EN 3-6<\/strong><\/li>\n<li>Par de cierre <strong>De 18 Nm a 54 Nm<\/strong><\/li>\n<li>Ancho m\u00e1ximo de la puerta <strong>1400 mm<\/strong><\/li>\n<li>Aprobar la clase <strong>C5<\/strong><\/li>\n<li>Eje ajustable en altura hasta <strong>14 mil\u00edmetros<\/strong> para una instalaci\u00f3n m\u00e1s sencilla<\/li>\n<li>Velocidad de cierre ajustable<\/li>\n<li>Fuerza de impacto ajustable<\/li>\n<li>Freno de apertura ajustable<\/li>\n<li>\u00c1ngulo de apertura hasta <strong>180\u00b0<\/strong><\/li>\n<li>Aprobado seg\u00fan <strong>EN1154<\/strong><\/li>\n<li>Homologado para puertas cortafuegos<\/li>\n<li>Se adapta a puertas que se abren hacia la izquierda y hacia la derecha.<\/li>\n<li>Placa de montaje oculta<\/li>\n<li>Tratamiento de superficie: <strong>Negro<\/strong><\/li>\n<\/ul>\n<h3>Funci\u00f3n<\/h3>\n<p>El DC300 es un <strong>cierrapuertas con resorte de presi\u00f3n<\/strong> Con aceite hidr\u00e1ulico de alta calidad y v\u00e1lvulas con compensaci\u00f3n de temperatura. Esto garantiza un funcionamiento fiable y un cierre suave incluso en entornos con temperaturas variables.<\/p>\n<h3>Medida<\/h3>\n<ul>\n<li>Altura: <strong>60 mm<\/strong><\/li>\n<li>Profundidad: <strong>47 mm<\/strong><\/li>\n<li>Longitud: <strong>260 mm<\/strong><\/li>\n<\/ul>\n<h3>Adecuado para<\/h3>\n<ul>\n<li>puertas de entrada<\/li>\n<li>puertas interiores<\/li>\n<li>puertas cortafuegos<\/li>\n<li>puertas de entrada<\/li>\n<li>propiedades, oficinas y entornos p\u00fablicos<\/li>\n<\/ul>\n<p>ASSA ABLOY DC300 es una buena opci\u00f3n para quienes buscan un <strong>cierrapuertas negro<\/strong> Incluye un conjunto completo con brazo est\u00e1ndar y gran capacidad de ajuste. Combina un cierre seguro, un funcionamiento estable y una apariencia discreta que se adapta a diversos entornos de puertas.<\/p>\n<div style=\"background: #f6f8fa;padding: 14px;border-radius: 6px;margin: 18px 0\"><strong>\u00bfNecesitas ayuda para elegir el cierrapuertas adecuado?<\/strong><br \/>\nCompare el tipo de puerta, el tipo de brazo y el ancho de la puerta, o vea m\u00e1s modelos en nuestra gama.<a style=\"font-weight: bold\" href=\"https:\/\/secureus.se\/es\/dorrstangare-kompletta\/\"><br \/>\nVea aqu\u00ed todos los cierrapuertas completos \u2192<br \/>\n<\/a><\/div>","protected":false},"excerpt":{"rendered":"<p><strong>Kit completo de cierrapuertas ASSA ABLOY DC300 en color negro.<\/strong> con brazo est\u00e1ndar L190 para un cierre seguro y controlado de puertas exteriores, puertas interiores y puertas cortafuegos. Se adapta a puertas de hasta <strong>1400 mm<\/strong> y se entrega como un conjunto completo que incluye la carcasa del cierrapuertas, la placa de montaje y el brazo.<\/p>\n<p>El modelo tiene <strong>Fuerza de cierre ajustable EN 3-6<\/strong>, Freno de apertura y apto para puertas con apertura a la izquierda y a la derecha. Una buena opci\u00f3n para viviendas, entradas y otros entornos con puertas donde es importante un cierre estable y suave.<\/p>","protected":false},"featured_media":137283,"template":"","meta":{"_acf_changed":false},"product_brand":[],"product_cat":[3258,4864],"product_tag":[4863],"class_list":{"0":"post-91430","1":"product","2":"type-product","3":"status-publish","4":"has-post-thumbnail","6":"product_cat-dorrstangare","7":"product_cat-dorrstangare-kompletta","8":"product_tag-pf","9":"product_shipping_class-tunga-paket","10":"pa_brands-abloy","11":"tm-no-options","13":"first","14":"instock","15":"sale","16":"taxable","17":"shipping-taxable","18":"purchasable","19":"product-type-simple"},"acf":[],"_links":{"self":[{"href":"https:\/\/secureus.se\/es\/wp-json\/wp\/v2\/product\/91430","targetHints":{"allow":["GET"]}}],"collection":[{"href":"https:\/\/secureus.se\/es\/wp-json\/wp\/v2\/product"}],"about":[{"href":"https:\/\/secureus.se\/es\/wp-json\/wp\/v2\/types\/product"}],"wp:featuredmedia":[{"embeddable":true,"href":"https:\/\/secureus.se\/es\/wp-json\/wp\/v2\/media\/137283"}],"wp:attachment":[{"href":"https:\/\/secureus.se\/es\/wp-json\/wp\/v2\/media?parent=91430"}],"wp:term":[{"taxonomy":"product_brand","embeddable":true,"href":"https:\/\/secureus.se\/es\/wp-json\/wp\/v2\/product_brand?post=91430"},{"taxonomy":"product_cat","embeddable":true,"href":"https:\/\/secureus.se\/es\/wp-json\/wp\/v2\/product_cat?post=91430"},{"taxonomy":"product_tag","embeddable":true,"href":"https:\/\/secureus.se\/es\/wp-json\/wp\/v2\/product_tag?post=91430"}],"curies":[{"name":"wp","href":"https:\/\/api.w.org\/{rel}","templated":true}]}}