{"id":91432,"date":"2024-05-01T22:05:04","date_gmt":"2024-05-01T20:05:04","guid":{"rendered":"https:\/\/secureus.se\/?post_type=product&#038;p=91432"},"modified":"2026-04-08T15:48:04","modified_gmt":"2026-04-08T13:48:04","slug":"dorrstangarsats-ts5000-2-6-med-forstarkt-glidskena-silver","status":"publish","type":"product","link":"https:\/\/secureus.se\/es\/dorrstangarsats-ts5000-2-6-med-forstarkt-glidskena-silver\/","title":{"rendered":"Cierrapuertas GEZE TS5000 \u2013 Kit completo \u2013 EN 2-6 \u2013 Carril deslizante reforzado \u2013 Plata"},"content":{"rendered":"<p><strong>GEZE TS5000<\/strong> es un potente cierrapuertas correderas para aquellos que necesitan un cierre seguro, suave y controlado de puertas interiores, puertas exteriores y puertas cortafuegos. Este modelo se suministra como <strong>kit completo<\/strong> en plata con <strong>riel deslizante reforzado<\/strong>, lo que la convierte en una buena opci\u00f3n para entornos con puertas donde se desea combinar una funcionalidad estable con un sistema de brazo m\u00e1s discreto.<\/p>\n<p>El cierrapuertas encaja <strong>puertas individuales de hasta 1400 mm<\/strong> y tiene <strong>Fuerza de cierre infinitamente ajustable EN 2-6<\/strong>. Est\u00e1 montado en <strong>lado de la bisagra de la hoja de la puerta<\/strong> o <strong>el lado de tope del marco<\/strong>. Para uso de montaje opuesto <strong>GEZE TS5000L<\/strong>.<\/p>\n<h3>Esto est\u00e1 incluido en el kit.<\/h3>\n<ul>\n<li>Carcasa del cierrapuertas TS5000 2-6<\/li>\n<li>Riel deslizante TS3000\/5000 reforzado<\/li>\n<li>Placa de montaje TS4000\/5000<\/li>\n<\/ul>\n<h3>Caracter\u00edsticas<\/h3>\n<ul>\n<li>Kit completo con carcasa del cierrapuertas, riel deslizante reforzado y placa de montaje.<\/li>\n<li>Sistema de brazos: <strong>Riel deslizante<\/strong><\/li>\n<li>Fuerza de cierre: <strong>EN 2-6<\/strong><\/li>\n<li>Fuerza de cierre infinitamente ajustable<\/li>\n<li>Se adapta a una sola puerta.<\/li>\n<li>Ancho m\u00e1ximo de la hoja de la puerta: <strong>1400 mm<\/strong><\/li>\n<li>Conjunto de la hoja de la puerta en el lado de la bisagra<\/li>\n<li>Conjunto del bastidor en el lado del tope<\/li>\n<li>\u00c1ngulo de apertura hasta <strong>180\u00b0<\/strong> cuando se monta en el lado de la bisagra<\/li>\n<li>Indicador de tama\u00f1o \u00f3ptico<\/li>\n<li>Aprobado seg\u00fan <strong>EN 1154<\/strong><\/li>\n<li>Tratamiento de superficie: <strong>Plata<\/strong><\/li>\n<\/ul>\n<h3>Caracter\u00edsticas<\/h3>\n<ul>\n<li>Todas las funciones se ajustan desde el frente.<\/li>\n<li>Velocidad de cierre ajustable<\/li>\n<li>Ajuste de la fuerza de impacto mediante el sistema de brazo <strong>7\u00b0 a 0\u00b0<\/strong><\/li>\n<li>Freno de apertura integrado, ajustable hidr\u00e1ulicamente desde <strong>70\u00b0<\/strong><\/li>\n<li>V\u00e1lvula de seguridad contra el vandalismo<\/li>\n<li>V\u00e1lvula termoestable<\/li>\n<li>Freno de apertura: S\u00ed<\/li>\n<li>Configuraci\u00f3n electromec\u00e1nica: No<\/li>\n<li>Funci\u00f3n de oscilaci\u00f3n libre: No<\/li>\n<li>Cierre con retraso: No<\/li>\n<\/ul>\n<h3>Informaci\u00f3n importante<\/h3>\n<p>GEZE TS5000 est\u00e1 dise\u00f1ado para su instalaci\u00f3n en <strong>lado de la bisagra de la puerta<\/strong> o <strong>lado del tope del marco<\/strong>. Si necesita montaje opuesto, elija en su lugar <strong>TS5000L<\/strong>.<\/p>\n<h3>Adecuado para<\/h3>\n<ul>\n<li>puertas interiores<\/li>\n<li>puertas de entrada<\/li>\n<li>puertas cortafuegos<\/li>\n<li>puertas de entrada<\/li>\n<li>propiedades, oficinas y entornos p\u00fablicos<\/li>\n<\/ul>\n<p>El GEZE TS5000 es una buena opci\u00f3n para aquellos que buscan un <strong>Cierrapuertas con riel deslizante<\/strong> En un kit completo para entornos de puertas m\u00e1s exigentes. Obtendr\u00e1 un cierrapuertas estable y fiable con gran capacidad de ajuste, un sistema de brazo reforzado y una apariencia discreta que se adapta a diversos estilos de vivienda.<\/p>\n<div style=\"background: #f6f8fa;padding: 14px;border-radius: 6px;margin: 18px 0\"><strong>\u00bfNecesitas ayuda para elegir el cierrapuertas adecuado?<\/strong><br \/>\nCompare el tipo de puerta, el tipo de brazo y el ancho de la puerta, o vea m\u00e1s modelos en nuestra gama.<br \/>\n<a style=\"font-weight: bold\" href=\"https:\/\/secureus.se\/es\/dorrstangare-kompletta\/\"><br \/>\nVea aqu\u00ed todos los cierrapuertas completos \u2192<br \/>\n<\/a><\/div>","protected":false},"excerpt":{"rendered":"<p><strong>Kit completo de cierrapuertas GEZE TS5000 en color plata.<\/strong> con riel deslizante reforzado para un cierre seguro y controlado de puertas interiores, puertas exteriores y puertas cortafuegos. Se adapta a <strong>puertas individuales de hasta 1400 mm<\/strong> y montado en <strong>lado de la bisagra de la puerta<\/strong> o <strong>el lado de tope del marco<\/strong>.<\/p>\n<p>El conjunto completo incluye: <strong>Carcasa para cierrapuertas TS5000 2-6, riel deslizante reforzado TS3000\/5000 y placa de montaje TS4000\/5000<\/strong>. El modelo tiene <strong>Fuerza de cierre infinitamente ajustable EN 2-6<\/strong>, freno de apertura integrado y todas las funciones se ajustan f\u00e1cilmente desde la parte delantera.<\/p>","protected":false},"featured_media":138127,"template":"","meta":{"_acf_changed":false},"product_brand":[],"product_cat":[3258,4864],"product_tag":[4863],"class_list":{"0":"post-91432","1":"product","2":"type-product","3":"status-publish","4":"has-post-thumbnail","6":"product_cat-dorrstangare","7":"product_cat-dorrstangare-kompletta","8":"product_tag-pf","9":"product_shipping_class-tunga-paket","10":"pa_brands-geze","11":"tm-no-options","13":"first","14":"instock","15":"sale","16":"taxable","17":"shipping-taxable","18":"purchasable","19":"product-type-simple"},"acf":[],"_links":{"self":[{"href":"https:\/\/secureus.se\/es\/wp-json\/wp\/v2\/product\/91432","targetHints":{"allow":["GET"]}}],"collection":[{"href":"https:\/\/secureus.se\/es\/wp-json\/wp\/v2\/product"}],"about":[{"href":"https:\/\/secureus.se\/es\/wp-json\/wp\/v2\/types\/product"}],"wp:featuredmedia":[{"embeddable":true,"href":"https:\/\/secureus.se\/es\/wp-json\/wp\/v2\/media\/138127"}],"wp:attachment":[{"href":"https:\/\/secureus.se\/es\/wp-json\/wp\/v2\/media?parent=91432"}],"wp:term":[{"taxonomy":"product_brand","embeddable":true,"href":"https:\/\/secureus.se\/es\/wp-json\/wp\/v2\/product_brand?post=91432"},{"taxonomy":"product_cat","embeddable":true,"href":"https:\/\/secureus.se\/es\/wp-json\/wp\/v2\/product_cat?post=91432"},{"taxonomy":"product_tag","embeddable":true,"href":"https:\/\/secureus.se\/es\/wp-json\/wp\/v2\/product_tag?post=91432"}],"curies":[{"name":"wp","href":"https:\/\/api.w.org\/{rel}","templated":true}]}}