{"id":91438,"date":"2024-05-01T22:05:05","date_gmt":"2024-05-01T20:05:05","guid":{"rendered":"https:\/\/secureus.se\/?post_type=product&#038;p=91438"},"modified":"2026-04-23T12:12:36","modified_gmt":"2026-04-23T10:12:36","slug":"dorrstangarsats-ts4000-1-6-med-uppstallningsarm-silver","status":"publish","type":"product","link":"https:\/\/secureus.se\/es\/dorrstangarsats-ts4000-1-6-med-uppstallningsarm-silver\/","title":{"rendered":"Cierrapuertas GEZE TS4000 \u2013 Kit completo \u2013 EN 1-6 \u2013 Brazo de montaje \u2013 Plata"},"content":{"rendered":"<p><strong>GEZE TS4000<\/strong> \u00e4r en kraftfull och flexibel d\u00f6rrst\u00e4ngare f\u00f6r dig som beh\u00f6ver en s\u00e4ker, j\u00e4mn och kontrollerad st\u00e4ngning av innerd\u00f6rrar och ytterd\u00f6rrar. Den h\u00e4r modellen levereras som <strong>kit completo<\/strong> en plata con <strong>brazo de pie<\/strong>, vilket g\u00f6r den till ett bra val i d\u00f6rrmilj\u00f6er d\u00e4r man vill kunna h\u00e5lla d\u00f6rren \u00f6ppen under delar av dagen.<\/p>\n<p>El cierrapuertas encaja <strong>puertas individuales de hasta 1400 mm<\/strong> y tiene <strong>Fuerza de cierre infinitamente ajustable EN 1-6<\/strong>. Se puede montar en <strong>lado de la bisagra de la hoja de la puerta<\/strong> o <strong>el lado de tope del marco<\/strong>. Si es necesario, tambi\u00e9n <strong>Conjunto de la hoja de la puerta en el lado de la cerradura<\/strong> Posible con soporte de brazo paralelo.<\/p>\n<h3>Esto est\u00e1 incluido en el kit.<\/h3>\n<ul>\n<li>Carcasa del cierrapuertas TS4000<\/li>\n<li>Uppst\u00e4llningsarm TS2000\/4000, ej urkopplingsbar<\/li>\n<li>Placa de montaje TS4000\/5000<\/li>\n<\/ul>\n<h3>Caracter\u00edsticas<\/h3>\n<ul>\n<li>Komplett kit med d\u00f6rrst\u00e4ngarhus, uppst\u00e4llningsarm och monteringsplatta<\/li>\n<li>Sistema de brazos: <strong>Standardarm med uppst\u00e4llningsfunktion<\/strong><\/li>\n<li>Fuerza de cierre: <strong>EN 1-6<\/strong><\/li>\n<li>Fuerza de cierre infinitamente ajustable<\/li>\n<li>Se adapta a una sola puerta.<\/li>\n<li>Ancho m\u00e1ximo de la hoja de la puerta: <strong>1400 mm<\/strong><\/li>\n<li>Se monta en el lado de la bisagra de la hoja de la puerta o en el lado del pestillo del marco.<\/li>\n<li>Es posible el montaje de la hoja de la puerta en el lado del pestillo con un soporte de brazo paralelo.<\/li>\n<li>Para puertas tanto derechas como izquierdas<\/li>\n<li>\u00c1ngulo de apertura m\u00e1ximo: <strong>180\u00b0<\/strong><\/li>\n<li>Indicaci\u00f3n \u00f3ptica de la fuerza de cierre<\/li>\n<li>V\u00e1lvula de seguridad contra el vandalismo<\/li>\n<li>V\u00e1lvula termoestable<\/li>\n<li>Tratamiento de superficie: <strong>Plata<\/strong><\/li>\n<\/ul>\n<h3>Caracter\u00edsticas<\/h3>\n<ul>\n<li>Todas las funciones se ajustan desde el frente.<\/li>\n<li>Velocidad de cierre ajustable<\/li>\n<li>Inst\u00e4llbart tillslag<\/li>\n<li>Freno de apertura integrado regulable hidr\u00e1ulicamente<\/li>\n<li>El freno de apertura se ajusta desde la parte delantera con una v\u00e1lvula.<\/li>\n<li>Uppst\u00e4llningsvinkel mellan <strong>70\u00b0 y 150\u00b0<\/strong><\/li>\n<li>Configuraci\u00f3n electromec\u00e1nica: No<\/li>\n<li>Funci\u00f3n de oscilaci\u00f3n libre: No<\/li>\n<li>Cierre con retraso: No<\/li>\n<\/ul>\n<h3>Informaci\u00f3n importante<\/h3>\n<p>Den h\u00e4r modellen levereras med <strong>uppst\u00e4llningsarm utan fr\u00e5nkopplingsm\u00f6jlighet<\/strong>. <strong>Uppst\u00e4llningsarm f\u00e5r inte anv\u00e4ndas p\u00e5 brandd\u00f6rrar<\/strong>, vilket g\u00f6r att denna variant fr\u00e4mst passar innerd\u00f6rrar och ytterd\u00f6rrar d\u00e4r uppst\u00e4llningsfunktion \u00f6nskas.<\/p>\n<h3>Aprobaci\u00f3n y ejecuci\u00f3n<\/h3>\n<ul>\n<li>Aprobado seg\u00fan <strong>EN 1154<\/strong><\/li>\n<li>Colores est\u00e1ndar: plata, marr\u00f3n y blanco lacado RAL 9016<\/li>\n<li>Posibilidad de usar colores especiales seg\u00fan la escala RAL o NCS bajo pedido.<\/li>\n<\/ul>\n<h3>Adecuado para<\/h3>\n<ul>\n<li>puertas interiores<\/li>\n<li>puertas de entrada<\/li>\n<li>puertas de entrada<\/li>\n<li>entornos de puertas donde se necesita una funci\u00f3n de visualizaci\u00f3n<\/li>\n<li>propiedades, oficinas y entornos p\u00fablicos<\/li>\n<\/ul>\n<p>GEZE TS4000 \u00e4r ett bra val f\u00f6r dig som s\u00f6ker en <strong>Cierrapuertas con brazo vertical<\/strong> i komplett sats. Du f\u00e5r en p\u00e5litlig d\u00f6rrst\u00e4ngare med h\u00f6g justerbarhet, stabil funktion och praktisk uppst\u00e4llning f\u00f6r m\u00e5nga olika typer av d\u00f6rrmilj\u00f6er.<\/p>\n<div style=\"background: #f6f8fa;padding: 14px;border-radius: 6px;margin: 18px 0\"><strong>\u00bfNecesitas ayuda para elegir el cierrapuertas adecuado?<\/strong><br \/>\nCompare el tipo de puerta, el tipo de brazo y el ancho de la puerta, o vea m\u00e1s modelos en nuestra gama.<br \/>\n<a style=\"font-weight: bold\" href=\"https:\/\/secureus.se\/es\/dorrstangare-kompletta\/\"><br \/>\nVea aqu\u00ed todos los cierrapuertas completos \u2192<br \/>\n<\/a><\/div>","protected":false},"excerpt":{"rendered":"<p><strong>Kit completo de cierrapuertas GEZE TS4000 en color plata.<\/strong> con brazo vertical para un cierre seguro y controlado de puertas interiores y exteriores. Se adapta a <strong>puertas individuales de hasta 1400 mm<\/strong> y se puede montar en <strong>lado de la bisagra de la hoja de la puerta<\/strong> o <strong>el lado de tope del marco<\/strong>.<\/p>\n<p>El conjunto completo incluye: <strong>Carcasa del cierrapuertas TS4000, brazo de montaje TS2000\/4000 y placa de montaje TS4000\/5000<\/strong>. El modelo tiene <strong>Fuerza de cierre infinitamente ajustable EN 1-6<\/strong>, freno de apertura y se adapta tanto a puertas que abren hacia la derecha como hacia la izquierda.<\/p>","protected":false},"featured_media":137319,"template":"","meta":{"_acf_changed":false},"product_brand":[],"product_cat":[3258,4864],"product_tag":[4863],"class_list":{"0":"post-91438","1":"product","2":"type-product","3":"status-publish","4":"has-post-thumbnail","6":"product_cat-dorrstangare","7":"product_cat-dorrstangare-kompletta","8":"product_tag-pf","9":"product_shipping_class-tunga-paket","10":"pa_brands-geze","11":"tm-no-options","13":"first","14":"instock","15":"sale","16":"taxable","17":"shipping-taxable","18":"purchasable","19":"product-type-simple"},"acf":[],"_links":{"self":[{"href":"https:\/\/secureus.se\/es\/wp-json\/wp\/v2\/product\/91438","targetHints":{"allow":["GET"]}}],"collection":[{"href":"https:\/\/secureus.se\/es\/wp-json\/wp\/v2\/product"}],"about":[{"href":"https:\/\/secureus.se\/es\/wp-json\/wp\/v2\/types\/product"}],"wp:featuredmedia":[{"embeddable":true,"href":"https:\/\/secureus.se\/es\/wp-json\/wp\/v2\/media\/137319"}],"wp:attachment":[{"href":"https:\/\/secureus.se\/es\/wp-json\/wp\/v2\/media?parent=91438"}],"wp:term":[{"taxonomy":"product_brand","embeddable":true,"href":"https:\/\/secureus.se\/es\/wp-json\/wp\/v2\/product_brand?post=91438"},{"taxonomy":"product_cat","embeddable":true,"href":"https:\/\/secureus.se\/es\/wp-json\/wp\/v2\/product_cat?post=91438"},{"taxonomy":"product_tag","embeddable":true,"href":"https:\/\/secureus.se\/es\/wp-json\/wp\/v2\/product_tag?post=91438"}],"curies":[{"name":"wp","href":"https:\/\/api.w.org\/{rel}","templated":true}]}}