{"id":91444,"date":"2024-05-01T22:05:07","date_gmt":"2024-05-01T20:05:07","guid":{"rendered":"https:\/\/secureus.se\/?post_type=product&#038;p=91444"},"modified":"2026-04-23T12:13:45","modified_gmt":"2026-04-23T10:13:45","slug":"assa-dc300-dorrstangare-komplett-ob-3-6-paket-silver","status":"publish","type":"product","link":"https:\/\/secureus.se\/es\/assa-dc300-dorrstangare-komplett-ob-3-6-paket-silver\/","title":{"rendered":"ASSA DC300 D\u00f6rrst\u00e4ngare \u2013 Komplett kit \u2013 EN 3-6 \u2013 Standardarm L190 \u2013 Silver"},"content":{"rendered":"<p><strong>ASSA DC300<\/strong> Es un cierrapuertas potente y fiable para quienes necesitan un cierre de puertas seguro, controlado y suave en propiedades, entornos p\u00fablicos y locales comerciales. Este kit completo incluye: <strong>Carcasa del cierrapuertas DC300, brazo est\u00e1ndar L190 y placa de montaje A120<\/strong>, lo que la convierte en una opci\u00f3n conveniente tanto para nuevas instalaciones como para reemplazos.<\/p>\n<p>ASSA DC300 passar <strong>puertas exteriores, puertas interiores y puertas cortafuegos<\/strong> y est\u00e1 aprobado seg\u00fan <strong>EN1154<\/strong>. La fuerza del resorte ajustable en <strong>EN 3-6<\/strong> permite que el cierrapuertas se adapte a diferentes entornos de puertas y anchos de puerta de hasta <strong>1400 mm<\/strong>. Gracias al aceite hidr\u00e1ulico de alta calidad y a las v\u00e1lvulas con compensaci\u00f3n de temperatura, se consigue un funcionamiento estable incluso a temperaturas variables.<\/p>\n<h3>Caracter\u00edsticas<\/h3>\n<ul>\n<li>Paquete completo con carcasa para cierrapuertas DC300, brazo est\u00e1ndar L190 y placa de montaje A120.<\/li>\n<li>Fuerza del resorte ajustable <strong>EN 3-6<\/strong><\/li>\n<li>Se adapta a anchos de puerta de hasta <strong>1400 mm<\/strong><\/li>\n<li>Velocidad de cierre ajustable<\/li>\n<li>Fuerza de impacto ajustable<\/li>\n<li>Freno de apertura ajustable<\/li>\n<li>\u00c1ngulo de apertura hasta <strong>180\u00b0<\/strong><\/li>\n<li>Se adapta a ambos <strong>puertas correderas izquierda y derecha<\/strong><\/li>\n<li>Aprobado seg\u00fan <strong>EN1154<\/strong> y homologado para puertas cortafuegos<\/li>\n<li>Aprobar la clase <strong>C5<\/strong><\/li>\n<li>Eje ajustable en altura hasta <strong>14 mil\u00edmetros<\/strong> para una instalaci\u00f3n m\u00e1s sencilla<\/li>\n<li>Placa de montaje oculta para un resultado m\u00e1s limpio.<\/li>\n<\/ul>\n<h3>Dimensiones e informaci\u00f3n t\u00e9cnica<\/h3>\n<ul>\n<li>Altura: <strong>60 mm<\/strong><\/li>\n<li>Profundidad: <strong>47 mm<\/strong><\/li>\n<li>Longitud: <strong>260 mm<\/strong><\/li>\n<li>Par de cierre: <strong>De 18 Nm a 54 Nm<\/strong><\/li>\n<li>Actuaci\u00f3n: <strong>Plata<\/strong><\/li>\n<\/ul>\n<h3>Adecuado para<\/h3>\n<p>Este cierrapuertas es ideal para entornos donde se desea garantizar que la puerta se cierre siempre de forma controlada, por ejemplo en:<\/p>\n<ul>\n<li>puertas de entrada<\/li>\n<li>puertas de entrada<\/li>\n<li>puertas interiores<\/li>\n<li>puertas cortafuegos<\/li>\n<li>puertas en propiedades, oficinas, edificios de apartamentos y entornos p\u00fablicos<\/li>\n<\/ul>\n<h3>Informaci\u00f3n importante<\/h3>\n<p>Este es un <strong>kit completo<\/strong> Para aquellos que desean una soluci\u00f3n completa con carcasa, brazo y placa de montaje en el mismo paquete. DC300 es una buena opci\u00f3n cuando busca un <strong>ASSA d\u00f6rrst\u00e4ngare<\/strong> Con gran flexibilidad, funcionamiento estable y f\u00e1cil ajuste durante el montaje.<\/p>\n<div style=\"background: #f6f8fa;padding: 14px;border-radius: 6px;margin: 18px 0\"><strong>\u00bfNecesitas ayuda para elegir el cierrapuertas adecuado?<\/strong><br \/>\nCompare el tipo de puerta, el ancho de la puerta y el tipo de brazo deseado, o vea m\u00e1s modelos en nuestra gama.<br \/>\n<a style=\"font-weight: bold\" href=\"https:\/\/secureus.se\/es\/dorrstangare-kompletta\/\"><br \/>\nVea aqu\u00ed todos los cierrapuertas completos \u2192<br \/>\n<\/a><\/div>","protected":false},"excerpt":{"rendered":"<p><strong>Cierrapuertas ASSA DC300 en color plata.<\/strong> helt komplett f\u00f6r ytterd\u00f6rr, innerd\u00f6rr och brandd\u00f6rr. Paketet inneh\u00e5ller d\u00f6rrst\u00e4ngarhus DC300, standardarm L190 och montageplatta A120 f\u00f6r en smidig installation.<\/p>\n<p>El DC300 tiene <strong>Fuerza de resorte ajustable EN 3-6<\/strong> y se adapta a puertas de hasta <strong>1400 mm<\/strong>. Este modelo ofrece un cierre controlado con velocidad de cierre, fuerza de cierre y freno de apertura ajustables, y es apto tanto para puertas que se abren hacia la izquierda como hacia la derecha.<\/p>","protected":false},"featured_media":137463,"template":"","meta":{"_acf_changed":false},"product_brand":[],"product_cat":[3258,4864],"product_tag":[4863],"class_list":{"0":"post-91444","1":"product","2":"type-product","3":"status-publish","4":"has-post-thumbnail","6":"product_cat-dorrstangare","7":"product_cat-dorrstangare-kompletta","8":"product_tag-pf","9":"product_shipping_class-tunga-paket","10":"pa_brands-abloy","11":"tm-no-options","13":"first","14":"instock","15":"sale","16":"taxable","17":"shipping-taxable","18":"purchasable","19":"product-type-simple"},"acf":[],"_links":{"self":[{"href":"https:\/\/secureus.se\/es\/wp-json\/wp\/v2\/product\/91444","targetHints":{"allow":["GET"]}}],"collection":[{"href":"https:\/\/secureus.se\/es\/wp-json\/wp\/v2\/product"}],"about":[{"href":"https:\/\/secureus.se\/es\/wp-json\/wp\/v2\/types\/product"}],"wp:featuredmedia":[{"embeddable":true,"href":"https:\/\/secureus.se\/es\/wp-json\/wp\/v2\/media\/137463"}],"wp:attachment":[{"href":"https:\/\/secureus.se\/es\/wp-json\/wp\/v2\/media?parent=91444"}],"wp:term":[{"taxonomy":"product_brand","embeddable":true,"href":"https:\/\/secureus.se\/es\/wp-json\/wp\/v2\/product_brand?post=91444"},{"taxonomy":"product_cat","embeddable":true,"href":"https:\/\/secureus.se\/es\/wp-json\/wp\/v2\/product_cat?post=91444"},{"taxonomy":"product_tag","embeddable":true,"href":"https:\/\/secureus.se\/es\/wp-json\/wp\/v2\/product_tag?post=91444"}],"curies":[{"name":"wp","href":"https:\/\/api.w.org\/{rel}","templated":true}]}}