{"id":91460,"date":"2024-05-01T22:05:06","date_gmt":"2024-05-01T20:05:06","guid":{"rendered":"https:\/\/secureus.se\/?post_type=product&#038;p=91460"},"modified":"2026-03-25T15:37:43","modified_gmt":"2026-03-25T14:37:43","slug":"dorrstangarsats-ts4000-1-6-med-standardarm-silver","status":"publish","type":"product","link":"https:\/\/secureus.se\/es\/dorrstangarsats-ts4000-1-6-med-standardarm-silver\/","title":{"rendered":"Cierrapuertas GEZE TS 4000 \u2013 Kit completo \u2013 EN 1-6 \u2013 Brazo est\u00e1ndar \u2013 Plata"},"content":{"rendered":"<p><strong>GEZE TS 4000<\/strong> es un cierrapuertas potente y flexible para aquellos que necesitan un cierre seguro, suave y controlado de puertas interiores, puertas exteriores y puertas cortafuegos. Este modelo se suministra como <strong>kit completo<\/strong> en plata con <strong>brazo est\u00e1ndar<\/strong>, lo que la convierte en una opci\u00f3n conveniente tanto para nuevas instalaciones como para reemplazos.<\/p>\n<p>El cierrapuertas encaja <strong>puertas individuales de hasta 1400 mm<\/strong> y tiene <strong>Fuerza de cierre infinitamente ajustable EN 1-6<\/strong>. Se puede montar en <strong>lado de la bisagra de la hoja de la puerta<\/strong> o <strong>el lado de tope del marco<\/strong>. Si es necesario, tambi\u00e9n <strong>Conjunto de la hoja de la puerta en el lado de la cerradura<\/strong> Posible con soporte de brazo paralelo.<\/p>\n<h3>Esto est\u00e1 incluido en el kit.<\/h3>\n<ul>\n<li>Carcasa del cierrapuertas TS4000<\/li>\n<li>Brazo est\u00e1ndar TS2000\/4000<\/li>\n<li>Placa de montaje TS4000\/5000<\/li>\n<\/ul>\n<h3>Caracter\u00edsticas<\/h3>\n<ul>\n<li>Kit completo con carcasa del cierrapuertas, brazo est\u00e1ndar y placa de montaje.<\/li>\n<li>Sistema de brazos: <strong>Brazo est\u00e1ndar<\/strong><\/li>\n<li>Fuerza de cierre: <strong>EN 1-6<\/strong><\/li>\n<li>Fuerza de cierre infinitamente ajustable<\/li>\n<li>Se adapta a una sola puerta.<\/li>\n<li>Ancho m\u00e1ximo de la hoja de la puerta: <strong>1400 mm<\/strong><\/li>\n<li>Se monta en el lado de la bisagra de la hoja de la puerta o en el lado del pestillo del marco.<\/li>\n<li>Es posible el montaje de la hoja de la puerta en el lado del pestillo con un soporte de brazo paralelo.<\/li>\n<li>Para puertas tanto derechas como izquierdas<\/li>\n<li>\u00c1ngulo de apertura m\u00e1ximo: <strong>180\u00b0<\/strong><\/li>\n<li>Indicaci\u00f3n \u00f3ptica de la fuerza de cierre<\/li>\n<li>V\u00e1lvula de seguridad contra el vandalismo<\/li>\n<li>V\u00e1lvula termoestable<\/li>\n<li>Tratamiento de superficie: <strong>Plata<\/strong><\/li>\n<\/ul>\n<h3>Caracter\u00edsticas<\/h3>\n<ul>\n<li>Todas las funciones se ajustan desde el frente.<\/li>\n<li>Velocidad de cierre ajustable<\/li>\n<li>Cerradero ajustable con brazo est\u00e1ndar<\/li>\n<li>Freno de apertura integrado regulable hidr\u00e1ulicamente<\/li>\n<li>El freno de apertura se ajusta desde la parte delantera con una v\u00e1lvula.<\/li>\n<li>Configuraci\u00f3n electromec\u00e1nica: No<\/li>\n<li>Funci\u00f3n de oscilaci\u00f3n libre: No<\/li>\n<li>Cierre con retraso: No<\/li>\n<\/ul>\n<h3>Informaci\u00f3n importante<\/h3>\n<p>Con <strong>brazo de pie<\/strong> La puerta se puede sostener en un \u00e1ngulo entre <strong>70\u00b0 y 150\u00b0<\/strong>. Sin embargo, el brazo de soporte no est\u00e1 incluido en este kit, sino que es una opci\u00f3n aparte.<\/p>\n<h3>Aprobaci\u00f3n y ejecuci\u00f3n<\/h3>\n<ul>\n<li>Aprobado seg\u00fan <strong>EN 1154<\/strong><\/li>\n<li>Colores est\u00e1ndar: plata, marr\u00f3n y blanco lacado RAL 9016<\/li>\n<li>Posibilidad de usar colores especiales seg\u00fan la escala RAL o NCS bajo pedido.<\/li>\n<\/ul>\n<h3>Adecuado para<\/h3>\n<ul>\n<li>puertas interiores<\/li>\n<li>puertas de entrada<\/li>\n<li>puertas cortafuegos<\/li>\n<li>puertas de entrada<\/li>\n<li>propiedades, oficinas y entornos p\u00fablicos<\/li>\n<\/ul>\n<p>La GEZE TS 4000 es una buena opci\u00f3n para quienes buscan una <strong>Cierrapuertas con brazo est\u00e1ndar<\/strong> En un juego completo. Obtendr\u00e1 un cierrapuertas fiable con gran capacidad de ajuste, funcionamiento estable y f\u00e1cil adaptaci\u00f3n a diversos entornos de puertas.<\/p>\n<div style=\"background: #f6f8fa;padding: 14px;border-radius: 6px;margin: 18px 0\"><strong>\u00bfNecesitas ayuda para elegir el cierrapuertas adecuado?<\/strong><br \/>\nCompare el tipo de puerta, el tipo de brazo y el ancho de la puerta, o vea m\u00e1s modelos en nuestra gama.<br \/>\n<a style=\"font-weight: bold\" href=\"https:\/\/secureus.se\/es\/dorrstangare-kompletta\/\"><br \/>\nVea aqu\u00ed todos los cierrapuertas completos \u2192<br \/>\n<\/a><\/div>","protected":false},"excerpt":{"rendered":"<p><strong>Kit completo para cierrapuertas GEZE TS 4000 en color plata.<\/strong> con brazo est\u00e1ndar para el cierre seguro y controlado de puertas interiores, puertas exteriores y puertas cortafuegos. Se adapta a: <strong>puertas individuales de hasta 1400 mm<\/strong> y se puede montar en <strong>lado de la bisagra de la hoja de la puerta<\/strong> o <strong>el lado de tope del marco<\/strong>.<\/p>\n<p>El conjunto completo incluye: <strong>Carcasa del cierrapuertas TS4000, brazo est\u00e1ndar TS2000\/4000 y placa de montaje TS4000\/5000<\/strong>. El modelo tiene <strong>Fuerza de cierre infinitamente ajustable EN 1-6<\/strong>, Freno de apertura ajustable y compatible con puertas que abren tanto a la derecha como a la izquierda.<\/p>","protected":false},"featured_media":137495,"template":"","meta":{"_acf_changed":false},"product_brand":[],"product_cat":[3258,4864],"product_tag":[4863],"class_list":{"0":"post-91460","1":"product","2":"type-product","3":"status-publish","4":"has-post-thumbnail","6":"product_cat-dorrstangare","7":"product_cat-dorrstangare-kompletta","8":"product_tag-pf","9":"product_shipping_class-tunga-paket","10":"pa_brands-geze","11":"tm-no-options","13":"first","14":"instock","15":"sale","16":"taxable","17":"shipping-taxable","18":"purchasable","19":"product-type-simple"},"acf":[],"_links":{"self":[{"href":"https:\/\/secureus.se\/es\/wp-json\/wp\/v2\/product\/91460","targetHints":{"allow":["GET"]}}],"collection":[{"href":"https:\/\/secureus.se\/es\/wp-json\/wp\/v2\/product"}],"about":[{"href":"https:\/\/secureus.se\/es\/wp-json\/wp\/v2\/types\/product"}],"wp:featuredmedia":[{"embeddable":true,"href":"https:\/\/secureus.se\/es\/wp-json\/wp\/v2\/media\/137495"}],"wp:attachment":[{"href":"https:\/\/secureus.se\/es\/wp-json\/wp\/v2\/media?parent=91460"}],"wp:term":[{"taxonomy":"product_brand","embeddable":true,"href":"https:\/\/secureus.se\/es\/wp-json\/wp\/v2\/product_brand?post=91460"},{"taxonomy":"product_cat","embeddable":true,"href":"https:\/\/secureus.se\/es\/wp-json\/wp\/v2\/product_cat?post=91460"},{"taxonomy":"product_tag","embeddable":true,"href":"https:\/\/secureus.se\/es\/wp-json\/wp\/v2\/product_tag?post=91460"}],"curies":[{"name":"wp","href":"https:\/\/api.w.org\/{rel}","templated":true}]}}