{"id":91463,"date":"2024-05-01T22:05:07","date_gmt":"2024-05-01T20:05:07","guid":{"rendered":"https:\/\/secureus.se\/?post_type=product&#038;p=91463"},"modified":"2026-03-19T14:16:39","modified_gmt":"2026-03-19T13:16:39","slug":"dorrstangarsats-ts83-3-6-med-uppstallningsarm-silver","status":"publish","type":"product","link":"https:\/\/secureus.se\/es\/dorrstangarsats-ts83-3-6-med-uppstallningsarm-silver\/","title":{"rendered":"Cierrapuertas Dormakaba TS83 \u2013 Kit completo \u2013 EN 3-6 \u2013 Brazo vertical (encendido\/apagado) \u2013 Plata"},"content":{"rendered":"<p><strong>Dormakaba TS83<\/strong> \u00e4r en kraftfull och drifts\u00e4ker d\u00f6rrst\u00e4ngare f\u00f6r dig som beh\u00f6ver en s\u00e4ker och kontrollerad st\u00e4ngning av innerd\u00f6rrar och ytterd\u00f6rrar. Den h\u00e4r modellen levereras som <strong>kit completo<\/strong> en plata con <strong>uppst\u00e4llningsarm CL-RF On\/Off<\/strong>, vilket g\u00f6r den till ett bra val n\u00e4r du vill kunna h\u00e5lla d\u00f6rren uppst\u00e4lld vid behov och enkelt sl\u00e5 av eller p\u00e5 funktionen.<\/p>\n<p>El cierrapuertas encaja <strong>puertas individuales de hasta 1400 mm<\/strong> y tiene <strong>Fuerza de cierre infinitamente ajustable EN 3-6<\/strong>. Se puede montar en <strong>lado de la bisagra de la hoja de la puerta<\/strong> o <strong>el lado de tope del marco<\/strong> y se adapta a ambos <strong>puertas correderas izquierda y derecha<\/strong>.<\/p>\n<h3>Esto est\u00e1 incluido en el kit.<\/h3>\n<ul>\n<li>Carcasa del cierrapuertas TS83 3-6<\/li>\n<li>Placa de montaje 8380<\/li>\n<li>Uppst\u00e4llningsarm CL-RF On\/Off<\/li>\n<\/ul>\n<h3>Caracter\u00edsticas<\/h3>\n<ul>\n<li>Komplett kit med d\u00f6rrst\u00e4ngarhus, montageplatta och uppst\u00e4llningsarm<\/li>\n<li>Cierrapuertas hidr\u00e1ulico con muelle de compresi\u00f3n<\/li>\n<li>Sistema de brazos: <strong>Brazo est\u00e1ndar<\/strong><\/li>\n<li>Fuerza de cierre: <strong>EN 3-6<\/strong><\/li>\n<li>Fuerza de cierre de puerta infinitamente ajustable<\/li>\n<li>Se adapta a una sola puerta.<\/li>\n<li>Ancho m\u00e1ximo de la hoja de la puerta: <strong>1400 mm<\/strong><\/li>\n<li>Se adapta a puertas izquierdas y derechas.<\/li>\n<li>Se puede montar en el lado de la bisagra de la hoja de la puerta o en el lado del pestillo del marco.<\/li>\n<li>\u00c1ngulo de apertura m\u00e1ximo: <strong>150\u00b0<\/strong><\/li>\n<li>Freno de apertura de serie<\/li>\n<li>Tratamiento de superficie: <strong>Plata<\/strong><\/li>\n<\/ul>\n<h3>Caracter\u00edsticas<\/h3>\n<ul>\n<li>Freno de apertura: S\u00ed<\/li>\n<li>La velocidad de cierre es ajustable. <strong>180\u00b0 a 0\u00b0<\/strong><\/li>\n<li>La fuerza de impacto es ajustable. <strong>7\u00b0 a 0\u00b0<\/strong><\/li>\n<li>Uppst\u00e4llningsarm med knapp f\u00f6r i- eller urkopplad uppst\u00e4llning<\/li>\n<li>Configuraci\u00f3n electromec\u00e1nica: No<\/li>\n<li>Funci\u00f3n de oscilaci\u00f3n libre: No<\/li>\n<li>Cierre con retraso: No<\/li>\n<\/ul>\n<h3>Informaci\u00f3n importante<\/h3>\n<p><strong>Uppst\u00e4llningsarm f\u00e5r inte anv\u00e4ndas p\u00e5 brandd\u00f6rrar.<\/strong> Om d\u00f6rrst\u00e4ngaren ska anv\u00e4ndas i en brandklassad d\u00f6rrmilj\u00f6 beh\u00f6ver man v\u00e4lja r\u00e4tt utf\u00f6rande utan aktiv uppst\u00e4llningsfunktion.<\/p>\n<h3>Medida<\/h3>\n<ul>\n<li>Longitud: <strong>293 mm<\/strong><\/li>\n<li>Altura: <strong>60 mm<\/strong><\/li>\n<li>Profundidad: <strong>47,5 mm<\/strong><\/li>\n<\/ul>\n<h3>Adecuado para<\/h3>\n<ul>\n<li>puertas interiores<\/li>\n<li>puertas de entrada<\/li>\n<li>puertas de entrada<\/li>\n<li>d\u00f6rrmilj\u00f6er d\u00e4r uppst\u00e4llningsfunktion beh\u00f6vs<\/li>\n<li>propiedades, oficinas y entornos p\u00fablicos<\/li>\n<\/ul>\n<p>Dormakaba TS83 es una buena opci\u00f3n para aquellos que buscan un <strong>d\u00f6rrst\u00e4ngare med uppst\u00e4llningsarm<\/strong> i komplett sats. Du f\u00e5r en p\u00e5litlig d\u00f6rrst\u00e4ngare med h\u00f6g justerbarhet, stabil funktion och m\u00f6jlighet att enkelt aktivera eller st\u00e4nga av uppst\u00e4llningen beroende p\u00e5 behov.<\/p>\n<div style=\"background: #f6f8fa;padding: 14px;border-radius: 6px;margin: 18px 0\"><strong>\u00bfNecesitas ayuda para elegir el cierrapuertas adecuado?<\/strong><br \/>\nCompare el tipo de puerta, el tipo de brazo y el ancho de la puerta, o vea m\u00e1s modelos en nuestra gama.<br \/>\n<a style=\"font-weight: bold\" href=\"https:\/\/secureus.se\/es\/dorrstangare-kompletta\/\"><br \/>\nVea aqu\u00ed todos los cierrapuertas completos \u2192<br \/>\n<\/a><\/div>","protected":false},"excerpt":{"rendered":"<p><strong>Kit completo para cierrapuertas Dormakaba TS83 en color plata.<\/strong> Con brazo de encendido\/apagado para el cierre controlado de puertas interiores y exteriores. Se adapta a: <strong>puertas individuales de hasta 1400 mm<\/strong> y se puede montar en <strong>lado de la bisagra de la hoja de la puerta<\/strong> o <strong>el lado de tope del marco<\/strong>.<\/p>\n<p>El conjunto completo incluye: <strong>Carcasa del cierrapuertas TS83 3-6, placa de montaje 8380 y brazo de montaje CL-RF On\/Off<\/strong>. El modelo tiene <strong>Fuerza de cierre infinitamente ajustable EN 3-6<\/strong>, freno de apertura de serie y funci\u00f3n de estacionamiento que se puede activar o desactivar f\u00e1cilmente cuando sea necesario.<\/p>","protected":false},"featured_media":137101,"template":"","meta":{"_acf_changed":false},"product_brand":[],"product_cat":[3258,4864],"product_tag":[3850,4863],"class_list":{"0":"post-91463","1":"product","2":"type-product","3":"status-publish","4":"has-post-thumbnail","6":"product_cat-dorrstangare","7":"product_cat-dorrstangare-kompletta","8":"product_tag-bastsaljare","9":"product_tag-pf","10":"product_shipping_class-tunga-paket","11":"pa_brands-dormakaba","12":"tm-no-options","14":"first","15":"instock","16":"sale","17":"taxable","18":"shipping-taxable","19":"purchasable","20":"product-type-simple"},"acf":[],"_links":{"self":[{"href":"https:\/\/secureus.se\/es\/wp-json\/wp\/v2\/product\/91463","targetHints":{"allow":["GET"]}}],"collection":[{"href":"https:\/\/secureus.se\/es\/wp-json\/wp\/v2\/product"}],"about":[{"href":"https:\/\/secureus.se\/es\/wp-json\/wp\/v2\/types\/product"}],"wp:featuredmedia":[{"embeddable":true,"href":"https:\/\/secureus.se\/es\/wp-json\/wp\/v2\/media\/137101"}],"wp:attachment":[{"href":"https:\/\/secureus.se\/es\/wp-json\/wp\/v2\/media?parent=91463"}],"wp:term":[{"taxonomy":"product_brand","embeddable":true,"href":"https:\/\/secureus.se\/es\/wp-json\/wp\/v2\/product_brand?post=91463"},{"taxonomy":"product_cat","embeddable":true,"href":"https:\/\/secureus.se\/es\/wp-json\/wp\/v2\/product_cat?post=91463"},{"taxonomy":"product_tag","embeddable":true,"href":"https:\/\/secureus.se\/es\/wp-json\/wp\/v2\/product_tag?post=91463"}],"curies":[{"name":"wp","href":"https:\/\/api.w.org\/{rel}","templated":true}]}}