{"id":91474,"date":"2024-05-01T22:05:06","date_gmt":"2024-05-01T20:05:06","guid":{"rendered":"https:\/\/secureus.se\/?post_type=product&#038;p=91474"},"modified":"2026-04-23T12:13:57","modified_gmt":"2026-04-23T10:13:57","slug":"dorrstangarsats-dc300-ob-3-6-med-uppstallningsarm-silver","status":"publish","type":"product","link":"https:\/\/secureus.se\/es\/dorrstangarsats-dc300-ob-3-6-med-uppstallningsarm-silver\/","title":{"rendered":"Cierrapuertas ASSA ABLOY DC300 \u2013 Kit completo \u2013 EN 3-6 \u2013 Brazo de montaje \u2013 Plata"},"content":{"rendered":"<p><strong>ASSA ABLOY DC300<\/strong> \u00e4r en drifts\u00e4ker d\u00f6rrst\u00e4ngare f\u00f6r dig som vill ha en s\u00e4ker, j\u00e4mn och kontrollerad st\u00e4ngning av innerd\u00f6rrar, ytterd\u00f6rrar och brandd\u00f6rrar. Den h\u00e4r modellen levereras som <strong>kit completo<\/strong> en plata con <strong>uppst\u00e4llningsarm L191<\/strong>, vilket g\u00f6r den till ett bra val i d\u00f6rrmilj\u00f6er d\u00e4r man ibland vill kunna h\u00e5lla d\u00f6rren i \u00f6ppet l\u00e4ge.<\/p>\n<p>El cierrapuertas encaja <strong>puertas individuales de hasta 1400 mm<\/strong> y tiene <strong>Fuerza de cierre ajustable EN 3-6<\/strong>. Se puede montar en <strong>lado de la bisagra de la puerta<\/strong> o <strong>el lado de tope del marco<\/strong> y se adapta a ambos <strong>puertas correderas izquierda y derecha<\/strong>.<\/p>\n<h3>Esto est\u00e1 incluido en el kit.<\/h3>\n<ul>\n<li>Carcasa del cierrapuertas DC300<\/li>\n<li>Uppst\u00e4llningsarm L191<\/li>\n<li>Placa de montaje A120<\/li>\n<\/ul>\n<h3>Caracter\u00edsticas<\/h3>\n<ul>\n<li>Komplett kit med d\u00f6rrst\u00e4ngarhus, uppst\u00e4llningsarm och montageplatta<\/li>\n<li>Sistema de brazos: <strong>Standardarm med uppst\u00e4llningsfunktion<\/strong><\/li>\n<li>Fuerza de cierre: <strong>EN 3-6<\/strong><\/li>\n<li>Par de cierre <strong>De 18 Nm a 54 Nm<\/strong><\/li>\n<li>Se adapta a una sola puerta.<\/li>\n<li>Ancho m\u00e1ximo de la hoja de la puerta: <strong>1400 mm<\/strong><\/li>\n<li>Se adapta a puertas que se abren hacia la izquierda y hacia la derecha.<\/li>\n<li>Kan monteras p\u00e5 d\u00f6rr g\u00e5ngj\u00e4rnssida eller karm anslagssida<\/li>\n<li>Freno de apertura: S\u00ed<\/li>\n<li>DC300 klarar klass <strong>C5<\/strong><\/li>\n<li>Eje ajustable en altura hasta <strong>14 mil\u00edmetros<\/strong> para una instalaci\u00f3n m\u00e1s sencilla<\/li>\n<li>Velocidad de cierre ajustable<\/li>\n<li>Fuerza de impacto ajustable<\/li>\n<li>Placa de montaje oculta<\/li>\n<li>Tratamiento de superficie: <strong>Plata<\/strong><\/li>\n<li>Producto de construcci\u00f3n calificado: S\u00ed<\/li>\n<\/ul>\n<h3>Funci\u00f3n<\/h3>\n<p>El DC300 es un <strong>cierrapuertas con resorte de presi\u00f3n<\/strong> med h\u00f6gklassig hydraulolja och temperaturkompenserande ventiler. Det ger en stabil och p\u00e5litlig funktion \u00e4ven i milj\u00f6er d\u00e4r temperaturen varierar och d\u00e4r d\u00f6rren anv\u00e4nds ofta.<\/p>\n<h3>Informaci\u00f3n importante<\/h3>\n<p>Den h\u00e4r modellen levereras med <strong>brazo de pie<\/strong>, vilket g\u00f6r att d\u00f6rren kan h\u00e5llas i \u00f6ppet l\u00e4ge vid behov. Det \u00e4r ett bra val i milj\u00f6er d\u00e4r man vill kombinera kontrollerad st\u00e4ngning med praktisk uppst\u00e4llning under delar av dagen.<\/p>\n<h3>Medida<\/h3>\n<ul>\n<li>Altura: <strong>60 mm<\/strong><\/li>\n<li>Profundidad: <strong>47 mm<\/strong><\/li>\n<li>Longitud: <strong>260 mm<\/strong><\/li>\n<\/ul>\n<h3>Adecuado para<\/h3>\n<ul>\n<li>puertas interiores<\/li>\n<li>puertas de entrada<\/li>\n<li>puertas cortafuegos<\/li>\n<li>puertas de entrada<\/li>\n<li>propiedades, oficinas y entornos p\u00fablicos<\/li>\n<\/ul>\n<p>ASSA ABLOY DC300 es una buena opci\u00f3n para quienes buscan un <strong>Cierrapuertas con brazo vertical<\/strong> i komplett sats. Du f\u00e5r en robust och p\u00e5litlig d\u00f6rrst\u00e4ngare med h\u00f6g justerbarhet, stabil funktion och enkel installation i m\u00e5nga olika d\u00f6rrmilj\u00f6er.<\/p>\n<div style=\"background: #f6f8fa;padding: 14px;border-radius: 6px;margin: 18px 0\"><strong>\u00bfNecesitas ayuda para elegir el cierrapuertas adecuado?<\/strong><br \/>\nCompare el tipo de puerta, el tipo de brazo y el ancho de la puerta, o vea m\u00e1s modelos en nuestra gama.<br \/>\n<a style=\"font-weight: bold\" href=\"https:\/\/secureus.se\/es\/dorrstangare-kompletta\/\"><br \/>\nVea aqu\u00ed todos los cierrapuertas completos \u2192<br \/>\n<\/a><\/div>","protected":false},"excerpt":{"rendered":"<p><strong>Kit completo de cierrapuertas ASSA ABLOY DC300 en color plata.<\/strong> con brazo de elevaci\u00f3n L191 para el cierre seguro y controlado de puertas interiores, puertas exteriores y puertas cortafuegos. Se adapta a: <strong>puertas individuales de hasta 1400 mm<\/strong> y se puede montar en <strong>lado de la bisagra de la puerta<\/strong> o <strong>el lado de tope del marco<\/strong>.<\/p>\n<p>El conjunto completo incluye: <strong>Carcasa del cierrapuertas DC300, brazo de montaje L191 y placa de montaje A120<\/strong>. El modelo tiene <strong>Fuerza de cierre ajustable EN 3-6<\/strong>, freno de apertura y se adapta tanto a puertas que abren hacia la izquierda como hacia la derecha.<\/p>","protected":false},"featured_media":138111,"template":"","meta":{"_acf_changed":false},"product_brand":[],"product_cat":[3258,4864],"product_tag":[4863],"class_list":{"0":"post-91474","1":"product","2":"type-product","3":"status-publish","4":"has-post-thumbnail","6":"product_cat-dorrstangare","7":"product_cat-dorrstangare-kompletta","8":"product_tag-pf","9":"product_shipping_class-tunga-paket","10":"pa_brands-abloy","11":"tm-no-options","13":"first","14":"instock","15":"sale","16":"taxable","17":"shipping-taxable","18":"purchasable","19":"product-type-simple"},"acf":[],"_links":{"self":[{"href":"https:\/\/secureus.se\/es\/wp-json\/wp\/v2\/product\/91474","targetHints":{"allow":["GET"]}}],"collection":[{"href":"https:\/\/secureus.se\/es\/wp-json\/wp\/v2\/product"}],"about":[{"href":"https:\/\/secureus.se\/es\/wp-json\/wp\/v2\/types\/product"}],"wp:featuredmedia":[{"embeddable":true,"href":"https:\/\/secureus.se\/es\/wp-json\/wp\/v2\/media\/138111"}],"wp:attachment":[{"href":"https:\/\/secureus.se\/es\/wp-json\/wp\/v2\/media?parent=91474"}],"wp:term":[{"taxonomy":"product_brand","embeddable":true,"href":"https:\/\/secureus.se\/es\/wp-json\/wp\/v2\/product_brand?post=91474"},{"taxonomy":"product_cat","embeddable":true,"href":"https:\/\/secureus.se\/es\/wp-json\/wp\/v2\/product_cat?post=91474"},{"taxonomy":"product_tag","embeddable":true,"href":"https:\/\/secureus.se\/es\/wp-json\/wp\/v2\/product_tag?post=91474"}],"curies":[{"name":"wp","href":"https:\/\/api.w.org\/{rel}","templated":true}]}}