{"id":91478,"date":"2024-05-01T22:05:07","date_gmt":"2024-05-01T20:05:07","guid":{"rendered":"https:\/\/secureus.se\/?post_type=product&#038;p=91478"},"modified":"2026-03-25T15:37:07","modified_gmt":"2026-03-25T14:37:07","slug":"dorrstangarsats-ts98-xea-silver","status":"publish","type":"product","link":"https:\/\/secureus.se\/es\/dorrstangarsats-ts98-xea-silver\/","title":{"rendered":"Cierrapuertas Dormakaba TS98 XEA \u2013 Paquete est\u00e1ndar \u2013 EN 1-6 \u2013 Riel deslizante \u2013 Plata"},"content":{"rendered":"<p><strong>Dormakaba TS98 XEA<\/strong> \u00e4r en modern och m\u00e5ngsidig d\u00f6rrst\u00e4ngare f\u00f6r dig som vill ha h\u00f6g komfort, tyst g\u00e5ng och s\u00e4ker st\u00e4ngning i samma l\u00f6sning. Den h\u00e4r modellen levereras som <strong>standardpaket<\/strong> en plata con <strong>glidskena G-N XEA<\/strong> och \u00e4r anpassad f\u00f6r enkeld\u00f6rrar i m\u00e5nga olika typer av fastigheter och milj\u00f6er.<\/p>\n<p>TS98 XEA passar d\u00f6rrar upp till <strong>1400 mm<\/strong> y tiene <strong>Fuerza de cierre ajustable EN 1-6<\/strong>. Gracias a <strong>Tecnolog\u00eda de f\u00e1cil apertura<\/strong> blir \u00f6ppningsmotst\u00e5ndet l\u00e5gt och passagen smidig, medan <strong>Flujo suave<\/strong> ger en extra tyst och mjuk st\u00e4ngning i slutskedet. Det g\u00f6r modellen s\u00e4rskilt l\u00e4mplig d\u00e4r b\u00e5de komfort och funktion \u00e4r viktiga.<\/p>\n<p>D\u00f6rrst\u00e4ngaren kan monteras p\u00e5 <strong>lado de la bisagra de la hoja de la puerta<\/strong> o <strong>el lado de tope del marco<\/strong>. Samma d\u00f6rrst\u00e4ngarhus kan anv\u00e4ndas i flera installationstyper, vilket ger h\u00f6g flexibilitet vid projektering och montering.<\/p>\n<h3>Esto est\u00e1 incluido en el paquete.<\/h3>\n<ul>\n<li>D\u00f6rrst\u00e4ngarhus TS98 XEA Silver<\/li>\n<li>Montageplatta<\/li>\n<li>Glidskena G-N XEA Silver<\/li>\n<\/ul>\n<h3>Caracter\u00edsticas<\/h3>\n<ul>\n<li>Standardpaket med d\u00f6rrst\u00e4ngarhus, montageplatta och glidskena<\/li>\n<li>Sistema de brazos: <strong>Riel deslizante<\/strong><\/li>\n<li>Fuerza de cierre: <strong>EN 1-6<\/strong><\/li>\n<li>Se adapta a una sola puerta.<\/li>\n<li>Ancho m\u00e1ximo de la hoja de la puerta: <strong>1400 mm<\/strong><\/li>\n<li>EASY OPEN-teknik f\u00f6r l\u00e4ttare och smidigare passage<\/li>\n<li>SoftFlow f\u00f6r tyst d\u00f6rrst\u00e4ngning med extra st\u00e4ngningsintervall<\/li>\n<li>Passar d\u00f6rrbladsmontage p\u00e5 g\u00e5ngj\u00e4rnssidan och karmmontage p\u00e5 anslagssidan<\/li>\n<li>Sj\u00e4lvst\u00e4ngning fr\u00e5n \u00f6ppningsvinkel upp till <strong>180\u00b0<\/strong> p\u00e5 g\u00e5ngj\u00e4rnssidan<\/li>\n<li>Indicador de fuerza de cierre visible<\/li>\n<li>Justerbar st\u00e4ngningskraft fr\u00e5n framsidan med skruvdragare<\/li>\n<li>Freno de apertura: S\u00ed<\/li>\n<li>Tidsf\u00f6rdr\u00f6jd st\u00e4ngning: Ja<\/li>\n<li>Tratamiento de superficie: <strong>Plata<\/strong><\/li>\n<\/ul>\n<h3>Caracter\u00edsticas<\/h3>\n<ul>\n<li>Tyst och kontrollerad st\u00e4ngning tack vare SoftFlow<\/li>\n<li>L\u00e4tt \u00f6ppningsk\u00e4nsla med bepr\u00f6vad EASY OPEN-teknik<\/li>\n<li>D\u00f6rrst\u00e4ngaren fungerar \u00e4ven i kalla milj\u00f6er ner till <strong>-40\u00b0C<\/strong><\/li>\n<li>Passar f\u00f6r d\u00f6rrar som v\u00e4ger upp till <strong>300 kilos<\/strong><\/li>\n<li>Configuraci\u00f3n electromec\u00e1nica: No<\/li>\n<li>Funci\u00f3n de oscilaci\u00f3n libre: No<\/li>\n<\/ul>\n<h3>Informaci\u00f3n importante<\/h3>\n<p>Uppgiften om d\u00f6rrvikt upp till <strong>300 kilos<\/strong> g\u00e4ller <strong>no<\/strong> tillsammans med elektromekanisk uppst\u00e4llningsenhet i glidskenan. Den h\u00e4r produkten \u00e4r angiven utan elmekanisk uppst\u00e4llning.<\/p>\n<h3>Adecuado para<\/h3>\n<ul>\n<li>enkeld\u00f6rrar i fastigheter och offentliga milj\u00f6er<\/li>\n<li>d\u00f6rrmilj\u00f6er d\u00e4r tyst st\u00e4ngning \u00e4r viktig<\/li>\n<li>innerd\u00f6rrar och ytterd\u00f6rrar med h\u00f6ga krav p\u00e5 komfort<\/li>\n<li>milj\u00f6er d\u00e4r l\u00e4tt \u00f6ppningsmotst\u00e5nd och stabil st\u00e4ngning beh\u00f6vs<\/li>\n<\/ul>\n<p>Dormakaba TS98 XEA \u00e4r ett starkt val f\u00f6r dig som s\u00f6ker en <strong>Cierrapuertas con riel deslizante<\/strong> i premiumklass. Du f\u00e5r en modern l\u00f6sning med h\u00f6g justerbarhet, mycket tyst g\u00e5ng och p\u00e5litlig funktion \u00e4ven i kr\u00e4vande milj\u00f6er.<\/p>\n<div style=\"background: #f6f8fa;padding: 14px;border-radius: 6px;margin: 18px 0\"><strong>\u00bfNecesitas ayuda para elegir el cierrapuertas adecuado?<\/strong><br \/>\nCompare el tipo de puerta, el tipo de brazo y el ancho de la puerta, o vea m\u00e1s modelos en nuestra gama.<br \/>\n<a style=\"font-weight: bold\" href=\"https:\/\/secureus.se\/es\/dorrstangare-kompletta\/\"><br \/>\nVea aqu\u00ed todos los cierrapuertas completos \u2192<br \/>\n<\/a><\/div>","protected":false},"excerpt":{"rendered":"<p><strong>Cierrapuertas Dormakaba TS98 XEA, paquete est\u00e1ndar en color plata.<\/strong> con riel deslizante para un cierre silencioso, seguro y controlado de puertas individuales de hasta <strong>1400 mm<\/strong>. El modelo tiene <strong>Tecnolog\u00eda de f\u00e1cil apertura<\/strong> para facilitar el paso y <strong>Flujo suave<\/strong> Para un cierre suave y silencioso.<\/p>\n<p>El paquete contiene <strong>Carcasa del cierrapuertas TS98 XEA con placa de montaje y riel deslizante GN XEA<\/strong>. El cierrapuertas tiene <strong>Fuerza de cierre ajustable EN 1-6<\/strong>, Con freno de apertura y cierre retardado, es una buena opci\u00f3n para entornos de puertas exigentes.<\/p>","protected":false},"featured_media":137257,"template":"","meta":{"_acf_changed":false},"product_brand":[],"product_cat":[3258,4864],"product_tag":[4863],"class_list":{"0":"post-91478","1":"product","2":"type-product","3":"status-publish","4":"has-post-thumbnail","6":"product_cat-dorrstangare","7":"product_cat-dorrstangare-kompletta","8":"product_tag-pf","9":"product_shipping_class-tunga-paket","10":"pa_brands-dormakaba","11":"tm-no-options","13":"first","14":"instock","15":"sale","16":"taxable","17":"shipping-taxable","18":"purchasable","19":"product-type-simple"},"acf":[],"_links":{"self":[{"href":"https:\/\/secureus.se\/es\/wp-json\/wp\/v2\/product\/91478","targetHints":{"allow":["GET"]}}],"collection":[{"href":"https:\/\/secureus.se\/es\/wp-json\/wp\/v2\/product"}],"about":[{"href":"https:\/\/secureus.se\/es\/wp-json\/wp\/v2\/types\/product"}],"wp:featuredmedia":[{"embeddable":true,"href":"https:\/\/secureus.se\/es\/wp-json\/wp\/v2\/media\/137257"}],"wp:attachment":[{"href":"https:\/\/secureus.se\/es\/wp-json\/wp\/v2\/media?parent=91478"}],"wp:term":[{"taxonomy":"product_brand","embeddable":true,"href":"https:\/\/secureus.se\/es\/wp-json\/wp\/v2\/product_brand?post=91478"},{"taxonomy":"product_cat","embeddable":true,"href":"https:\/\/secureus.se\/es\/wp-json\/wp\/v2\/product_cat?post=91478"},{"taxonomy":"product_tag","embeddable":true,"href":"https:\/\/secureus.se\/es\/wp-json\/wp\/v2\/product_tag?post=91478"}],"curies":[{"name":"wp","href":"https:\/\/api.w.org\/{rel}","templated":true}]}}