{"id":91515,"date":"2024-05-01T22:05:08","date_gmt":"2024-05-01T20:05:08","guid":{"rendered":"https:\/\/secureus.se\/?post_type=product&#038;p=91515"},"modified":"2026-04-08T15:47:28","modified_gmt":"2026-04-08T13:47:28","slug":"dorrstangarsats-ts93b-2-5-n-med-standardglidskena-silver","status":"publish","type":"product","link":"https:\/\/secureus.se\/es\/dorrstangarsats-ts93b-2-5-n-med-standardglidskena-silver\/","title":{"rendered":"Cierrapuertas Dormakaba TS93B \u2013 Kit completo \u2013 EN 2-5 \u2013 Riel deslizante \u2013 Plata"},"content":{"rendered":"<p><strong>Dormakaba TS93B<\/strong> es un cierrapuertas avanzado y confiable en <strong>Dise\u00f1o de contorno<\/strong> Para aquellos que desean un cierre de puerta seguro, suave y controlado en entornos de puertas modernos. Este modelo se entrega como <strong>kit completo<\/strong> en plata con <strong>riel deslizante G93N<\/strong> y es apto para puertas interiores, puertas exteriores, puertas cortafuegos y puertas interiores con separaci\u00f3n de humo.<\/p>\n<p>Gracias a <strong>Tecnolog\u00eda de f\u00e1cil apertura<\/strong> Con una leva en forma de coraz\u00f3n se obtiene una menor resistencia a la apertura, lo que hace que la puerta sea m\u00e1s c\u00f3moda de usar a la vez que mantiene una funci\u00f3n de cierre estable y controlada. El cierrapuertas tiene <strong>Fuerza de cierre infinitamente ajustable EN 2-5<\/strong> y encaja <strong>puertas individuales de hasta 1250 mm<\/strong>.<\/p>\n<p>La casa del cerrador de puertas <strong>TS93B<\/strong> montado en <strong>lado de la bisagra de la hoja de la puerta<\/strong> o <strong>el lado de tope del marco<\/strong>. Para uso de montaje opuesto <strong>TS93G<\/strong>.<\/p>\n<h3>Esto est\u00e1 incluido en el kit.<\/h3>\n<ul>\n<li>Carcasa del cierrapuertas TS93B<\/li>\n<li>Placa de montaje<\/li>\n<li>Riel deslizante G93N<\/li>\n<\/ul>\n<h3>Caracter\u00edsticas<\/h3>\n<ul>\n<li>Kit completo con carcasa para cierrapuertas, placa de montaje y riel deslizante.<\/li>\n<li>Cierrapuertas hidr\u00e1ulico con disco de leva y resorte de compresi\u00f3n<\/li>\n<li>Sistema de brazos: <strong>Riel deslizante<\/strong><\/li>\n<li>Fuerza de cierre: <strong>EN 2-5<\/strong><\/li>\n<li>Fuerza de cierre de puerta infinitamente ajustable<\/li>\n<li>Se adapta a una sola puerta.<\/li>\n<li>Ancho m\u00e1ximo de la hoja de la puerta: <strong>1250 mm<\/strong><\/li>\n<li>Se adapta a puertas izquierdas y derechas.<\/li>\n<li>Se monta en el lado de la bisagra de la hoja de la puerta o en el lado del pestillo del marco.<\/li>\n<li>Freno de apertura hidr\u00e1ulico<\/li>\n<li>Cierre con retraso en el tiempo<\/li>\n<li>Tratamiento de superficie: <strong>Plata<\/strong><\/li>\n<\/ul>\n<h3>Caracter\u00edsticas<\/h3>\n<ul>\n<li>Velocidad de cierre regulable de forma continua mediante v\u00e1lvula.<\/li>\n<li>Fuerza de cierre ajustable de forma continua mediante tornillo de ajuste.<\/li>\n<li>Funci\u00f3n de encendido\/apagado regulable de forma continua mediante v\u00e1lvula.<\/li>\n<li>Freno de apertura ajustable con v\u00e1lvula<\/li>\n<li>Funci\u00f3n de cierre retardado ajustable de forma continua mediante v\u00e1lvula.<\/li>\n<li>Solo se puede usar con riel deslizante<\/li>\n<li>Cierrapuertas probado seg\u00fan <strong>EN 1154<\/strong><\/li>\n<\/ul>\n<h3>\u00c1ngulo de apertura<\/h3>\n<ul>\n<li><strong>Conjunto de puerta:<\/strong> Dependiendo de las condiciones, la puerta se puede abrir hasta 180\u00b0.<\/li>\n<li><strong>Ensamblaje del bastidor:<\/strong> entre 120\u00b0 y 145\u00b0 dependiendo de las condiciones t\u00e9cnicas<\/li>\n<\/ul>\n<h3>Medida<\/h3>\n<ul>\n<li>Longitud: <strong>275 mm<\/strong><\/li>\n<li>Altura: <strong>60 mm<\/strong><\/li>\n<li>Profundidad: <strong>53 mm<\/strong><\/li>\n<\/ul>\n<h3>Adecuado para<\/h3>\n<ul>\n<li>puertas interiores<\/li>\n<li>puertas de entrada<\/li>\n<li>puertas cortafuegos<\/li>\n<li>par de puertas interiores que separan el humo<\/li>\n<li>propiedades, oficinas y entornos p\u00fablicos<\/li>\n<\/ul>\n<p>Dormakaba TS93B es una buena opci\u00f3n para aquellos que buscan un <strong>Cierrapuertas con riel deslizante<\/strong> En un conjunto completo donde la comodidad, la funcionalidad y el dise\u00f1o son primordiales. Obtendr\u00e1 un cierrapuertas fiable con una apertura suave, gran capacidad de ajuste y una apariencia discreta que se adapta a diversos entornos.<\/p>\n<div style=\"background: #f6f8fa;padding: 14px;border-radius: 6px;margin: 18px 0\"><strong>\u00bfNecesitas ayuda para elegir el cierrapuertas adecuado?<\/strong><br \/>\nCompare el tipo de puerta, el tipo de brazo y el ancho de la puerta, o vea m\u00e1s modelos en nuestra gama.<br \/>\n<a style=\"font-weight: bold\" href=\"https:\/\/secureus.se\/es\/dorrstangare-kompletta\/\"><br \/>\nVea aqu\u00ed todos los cierrapuertas completos \u2192<br \/>\n<\/a><\/div>","protected":false},"excerpt":{"rendered":"<p><strong>Kit completo de cierrapuertas Dormakaba TS93B en color plata.<\/strong> Con riel deslizante para un cierre seguro, silencioso y controlado de puertas interiores, exteriores y cortafuegos. Adecuado <strong>puertas individuales de hasta 1250 mm<\/strong> y tiene <strong>Tecnolog\u00eda de f\u00e1cil apertura<\/strong> para una menor resistencia a la apertura.<\/p>\n<p>El conjunto completo incluye: <strong>Carcasa del cierrapuertas TS93B con placa de montaje y riel deslizante G93N<\/strong>. El modelo tiene <strong>Fuerza de cierre infinitamente ajustable EN 2-5<\/strong>, Freno de apertura y cierre con retardo de tiempo para una gran comodidad y una adaptaci\u00f3n flexible.<\/p>","protected":false},"featured_media":137240,"template":"","meta":{"_acf_changed":false},"product_brand":[],"product_cat":[3258,4864],"product_tag":[4863],"class_list":{"0":"post-91515","1":"product","2":"type-product","3":"status-publish","4":"has-post-thumbnail","6":"product_cat-dorrstangare","7":"product_cat-dorrstangare-kompletta","8":"product_tag-pf","9":"product_shipping_class-tunga-paket","10":"pa_brands-dormakaba","11":"tm-no-options","13":"first","14":"instock","15":"sale","16":"taxable","17":"shipping-taxable","18":"purchasable","19":"product-type-simple"},"acf":[],"_links":{"self":[{"href":"https:\/\/secureus.se\/es\/wp-json\/wp\/v2\/product\/91515","targetHints":{"allow":["GET"]}}],"collection":[{"href":"https:\/\/secureus.se\/es\/wp-json\/wp\/v2\/product"}],"about":[{"href":"https:\/\/secureus.se\/es\/wp-json\/wp\/v2\/types\/product"}],"wp:featuredmedia":[{"embeddable":true,"href":"https:\/\/secureus.se\/es\/wp-json\/wp\/v2\/media\/137240"}],"wp:attachment":[{"href":"https:\/\/secureus.se\/es\/wp-json\/wp\/v2\/media?parent=91515"}],"wp:term":[{"taxonomy":"product_brand","embeddable":true,"href":"https:\/\/secureus.se\/es\/wp-json\/wp\/v2\/product_brand?post=91515"},{"taxonomy":"product_cat","embeddable":true,"href":"https:\/\/secureus.se\/es\/wp-json\/wp\/v2\/product_cat?post=91515"},{"taxonomy":"product_tag","embeddable":true,"href":"https:\/\/secureus.se\/es\/wp-json\/wp\/v2\/product_tag?post=91515"}],"curies":[{"name":"wp","href":"https:\/\/api.w.org\/{rel}","templated":true}]}}