{"id":91525,"date":"2023-09-27T18:14:20","date_gmt":"2023-09-27T16:14:20","guid":{"rendered":"https:\/\/secureus.se\/elslutbleck-960m-rattvand-12-24v-kolvkontakt-5m-kabel\/"},"modified":"2026-04-23T12:21:10","modified_gmt":"2026-04-23T10:21:10","slug":"elslutbleck-960m-rattvand-12-24v-kolvkontakt-5m-kabel","status":"publish","type":"product","link":"https:\/\/secureus.se\/es\/elslutbleck-960m-rattvand-12-24v-kolvkontakt-5m-kabel\/","title":{"rendered":"Cerradura el\u00e9ctrica 960M \u00c1ngulo recto 12-24V Contacto de pist\u00f3n Cable de 5m"},"content":{"rendered":"<h1>Cerradura el\u00e9ctrica 960M \u00c1ngulo recto 12-24V Contacto de pist\u00f3n Cable de 5m<\/h1>\n<p class=\"\" data-start=\"389\" data-end=\"582\">Cerradero el\u00e9ctrico modelo 960M con funci\u00f3n de giro a la derecha, tensi\u00f3n 12-24V, contacto de pist\u00f3n y cable de 5m. Para puertas con altas exigencias de seguridad y presi\u00f3n de moldeo. Clase de fuego E\/EI 120.<\/p>\n<p class=\"\" data-start=\"618\" data-end=\"1000\">El cerradero el\u00e9ctrico 960M es un cerradero el\u00e9ctrico dise\u00f1ado para puertas con altas exigencias de presi\u00f3n de banda y requisitos de seguridad normales.<\/p>\n<p class=\"\" data-start=\"618\" data-end=\"1000\">Este modelo es especialmente adecuado para su uso en sistemas de puertas utilizados para el cierre diurno en la protecci\u00f3n de carcasas y el cierre interior en comercios, oficinas, industrias, as\u00ed como en entradas y zonas p\u00fablicas de edificios de viviendas.<\/p>\n<p class=\"\" data-start=\"1002\" data-end=\"1433\">Con una funci\u00f3n para diestros (bloqueada en caso de corte de corriente), una resistencia a la rotura de 1500 kg (15 kN) y una clasificaci\u00f3n de resistencia al fuego de hasta E\/EI 120, el 960M es adecuado para puertas que est\u00e1n expuestas a mayores tensiones, incluidas altas presiones de la tira y entornos con una alta frecuencia de apertura y cierre.<\/p>\n<p class=\"\" data-start=\"1002\" data-end=\"1433\">La cerradura el\u00e9ctrica tambi\u00e9n est\u00e1 dise\u00f1ada para soportar golpes e impactos, lo que la convierte en una opci\u00f3n confiable tanto para entornos comerciales como industriales.<\/p>\n<p class=\"\" data-start=\"1435\" data-end=\"1722\">El cerradero el\u00e9ctrico modelo 960M est\u00e1 equipado con un contacto de pist\u00f3n y un contacto de anclaje, y se suministra con un cable de conexi\u00f3n de 5 metros para una f\u00e1cil instalaci\u00f3n.<\/p>\n<p class=\"\" data-start=\"1435\" data-end=\"1722\">Es adecuado para usar con cerraduras de pestillo simple o doble y es compatible con todos los postes de montaje de la serie 900.<\/p>\n<p class=\"\" data-start=\"1724\" data-end=\"1984\">La tecnolog\u00eda patentada de presi\u00f3n de tira permite abrir la puerta incluso cuando est\u00e1 expuesta a una presi\u00f3n de tira de hasta 200 kg.<\/p>\n<p class=\"\" data-start=\"1724\" data-end=\"1984\">La placa de cierre el\u00e9ctrica es robusta, est\u00e1 fabricada en acero y tiene un pivote de acero que garantiza una alta durabilidad y una larga vida \u00fatil.<\/p>\n<p class=\"\" data-start=\"1986\" data-end=\"2016\">Caracter\u00edsticas y beneficios clave:<\/p>\n<ul data-start=\"2017\" data-end=\"2561\">\n<li class=\"\" data-start=\"2017\" data-end=\"2123\">\n<p class=\"\" data-start=\"2019\" data-end=\"2123\">Funci\u00f3n correcta: Bloqueado en caso de corte de energ\u00eda, garantiza que la puerta permanezca bloqueada en caso de un corte de energ\u00eda.<\/p>\n<\/li>\n<li class=\"\" data-start=\"2124\" data-end=\"2204\">\n<p class=\"\" data-start=\"2126\" data-end=\"2204\">Resistencia a la rotura: Alta resistencia a la rotura de 1500 kg (15 kN) para mayor seguridad.<\/p>\n<\/li>\n<li class=\"\" data-start=\"2205\" data-end=\"2275\">\n<p class=\"\" data-start=\"2207\" data-end=\"2275\">Clasificaci\u00f3n al fuego: Aprobado para resistencia al fuego hasta E\/EI 120.<\/p>\n<\/li>\n<li class=\"\" data-start=\"2276\" data-end=\"2355\">\n<p class=\"\" data-start=\"2278\" data-end=\"2355\">Alta resistencia a golpes e impactos: Construcci\u00f3n robusta que puede soportar entornos dif\u00edciles.<\/p>\n<\/li>\n<li class=\"\" data-start=\"2356\" data-end=\"2419\">\n<p class=\"\" data-start=\"2358\" data-end=\"2419\">Presi\u00f3n de fleje: Se abre incluso con una presi\u00f3n de fleje de hasta 200 kg.<\/p>\n<\/li>\n<li class=\"\" data-start=\"2420\" data-end=\"2488\">\n<p class=\"\" data-start=\"2422\" data-end=\"2488\">Contacto de pist\u00f3n y contacto de armadura: para un funcionamiento fiable y seguro.<\/p>\n<\/li>\n<li class=\"\" data-start=\"2489\" data-end=\"2561\">\n<p class=\"\" data-start=\"2491\" data-end=\"2561\">Cable largo: cable de conexi\u00f3n de 5 metros incluido para una f\u00e1cil instalaci\u00f3n.<\/p>\n<\/li>\n<\/ul>\n<p class=\"\" data-start=\"2563\" data-end=\"2838\">Compatibilidad: Se adapta a cerraduras de pestillo simple o doble y es compatible con todos los postes de montaje de la serie 900.<\/p>\n<p class=\"\" data-start=\"2563\" data-end=\"2838\">Es perfecto para su uso en puertas con altos requerimientos de seguridad y presi\u00f3n de moldeo, pudiendo utilizarse tanto en entornos comerciales como industriales.<\/p>\n<p class=\"\" data-start=\"2840\" data-end=\"2869\">Especificaciones t\u00e9cnicas:<\/p>\n<ul data-start=\"2870\" data-end=\"3332\">\n<li class=\"\" data-start=\"2870\" data-end=\"2898\">\n<p class=\"\" data-start=\"2872\" data-end=\"2898\">Ancho del producto: 26,5 mm<\/p>\n<\/li>\n<li class=\"\" data-start=\"2899\" data-end=\"2925\">\n<p class=\"\" data-start=\"2901\" data-end=\"2925\">Altura del producto: 140 mm<\/p>\n<\/li>\n<li class=\"\" data-start=\"2926\" data-end=\"2951\">\n<p class=\"\" data-start=\"2928\" data-end=\"2951\">Profundidad del producto: 35 mm<\/p>\n<\/li>\n<li class=\"\" data-start=\"2952\" data-end=\"2977\">\n<p class=\"\" data-start=\"2954\" data-end=\"2977\">Longitud del cable: 5 metros<\/p>\n<\/li>\n<li class=\"\" data-start=\"2978\" data-end=\"3027\">\n<p class=\"\" data-start=\"2980\" data-end=\"3027\">Fuente de alimentaci\u00f3n: 12-24 V CA\/CC, +15% \/ -10%<\/p>\n<\/li>\n<li class=\"\" data-start=\"3028\" data-end=\"3070\">\n<p class=\"\" data-start=\"3030\" data-end=\"3070\">Resistencia a la rotura m\u00e1xima: 1500 kg (15 kN)<\/p>\n<\/li>\n<li class=\"\" data-start=\"3071\" data-end=\"3094\">\n<p class=\"\" data-start=\"3073\" data-end=\"3094\">Presi\u00f3n de la tira: 200 kg<\/p>\n<\/li>\n<li class=\"\" data-start=\"3095\" data-end=\"3144\">\n<p class=\"\" data-start=\"3097\" data-end=\"3144\">Corriente de arranque a 24 V: 240 mA, corriente de funcionamiento 145 mA<\/p>\n<\/li>\n<li class=\"\" data-start=\"3145\" data-end=\"3194\">\n<p class=\"\" data-start=\"3147\" data-end=\"3194\">Corriente de arranque a 12 V: 620 mA, corriente de funcionamiento 310 mA<\/p>\n<\/li>\n<li class=\"\" data-start=\"3195\" data-end=\"3229\">\n<p class=\"\" data-start=\"3197\" data-end=\"3229\">Color\/tratamiento de superficie: galvanizado<\/p>\n<\/li>\n<li class=\"\" data-start=\"3230\" data-end=\"3251\">\n<p class=\"\" data-start=\"3232\" data-end=\"3251\">Contacto del pist\u00f3n: S\u00ed<\/p>\n<\/li>\n<li class=\"\" data-start=\"3252\" data-end=\"3278\">\n<p class=\"\" data-start=\"3254\" data-end=\"3278\">Voltaje m\u00e1ximo: 27,6 V<\/p>\n<\/li>\n<li class=\"\" data-start=\"3279\" data-end=\"3305\">\n<p class=\"\" data-start=\"3281\" data-end=\"3305\">Voltaje m\u00edn.: 10,8 V<\/p>\n<\/li>\n<li class=\"\" data-start=\"3306\" data-end=\"3332\">\n<p class=\"\" data-start=\"3308\" data-end=\"3332\">Clase de fuego: E\/EI 120<\/p>\n<\/li>\n<\/ul>","protected":false},"excerpt":{"rendered":"<h5><a href=\"https:\/\/elslutblecksguiden.se\/\" target=\"_blank\" rel=\"noopener\">Gu\u00eda para cerraduras el\u00e9ctricas ASSA, cerraduras motorizadas, placas de cierre el\u00e9ctricas y gu\u00eda de reemplazo<\/a><\/h5>","protected":false},"featured_media":138967,"template":"","meta":{"_acf_changed":false},"product_brand":[],"product_cat":[3355],"product_tag":[4196,4200,2967],"class_list":{"0":"post-91525","1":"product","2":"type-product","3":"status-publish","4":"has-post-thumbnail","6":"product_cat-elslutbleck","7":"product_tag-12-24v","8":"product_tag-rattvand","9":"product_tag-rg-assa-abloy","10":"product_shipping_class-tunga-paket","11":"pa_brands-abloy","12":"tm-no-options","14":"first","15":"onbackorder","16":"sale","17":"taxable","18":"shipping-taxable","19":"purchasable","20":"product-type-simple"},"acf":[],"_links":{"self":[{"href":"https:\/\/secureus.se\/es\/wp-json\/wp\/v2\/product\/91525","targetHints":{"allow":["GET"]}}],"collection":[{"href":"https:\/\/secureus.se\/es\/wp-json\/wp\/v2\/product"}],"about":[{"href":"https:\/\/secureus.se\/es\/wp-json\/wp\/v2\/types\/product"}],"wp:featuredmedia":[{"embeddable":true,"href":"https:\/\/secureus.se\/es\/wp-json\/wp\/v2\/media\/138967"}],"wp:attachment":[{"href":"https:\/\/secureus.se\/es\/wp-json\/wp\/v2\/media?parent=91525"}],"wp:term":[{"taxonomy":"product_brand","embeddable":true,"href":"https:\/\/secureus.se\/es\/wp-json\/wp\/v2\/product_brand?post=91525"},{"taxonomy":"product_cat","embeddable":true,"href":"https:\/\/secureus.se\/es\/wp-json\/wp\/v2\/product_cat?post=91525"},{"taxonomy":"product_tag","embeddable":true,"href":"https:\/\/secureus.se\/es\/wp-json\/wp\/v2\/product_tag?post=91525"}],"curies":[{"name":"wp","href":"https:\/\/api.w.org\/{rel}","templated":true}]}}