{"id":91527,"date":"2023-09-27T18:14:17","date_gmt":"2023-09-27T16:14:17","guid":{"rendered":"https:\/\/secureus.se\/elslutbleck-114-omvand-12v\/"},"modified":"2026-04-23T12:21:17","modified_gmt":"2026-04-23T10:21:17","slug":"elslutbleck-114-omvand-12v","status":"publish","type":"product","link":"https:\/\/secureus.se\/es\/elslutbleck-114-omvand-12v\/","title":{"rendered":"Cerradura el\u00e9ctrica 114 inversa 12V"},"content":{"rendered":"<h1>Cerradura el\u00e9ctrica 114 inversa 12V<\/h1>\n<div>\n<p>Cerradero el\u00e9ctrico 114 Reverse 12V, para puertas con bajos requerimientos de seguridad. Funci\u00f3n inversa, resistencia a la rotura 400 kg, y adecuado para bloqueo interior en comercio, oficinas e industria.<\/p>\n<p class=\"\" data-start=\"591\" data-end=\"942\">Cerradero El\u00e9ctrico 114 Reverse 12V es un cerradero el\u00e9ctrico dise\u00f1ado para puertas con bajos requerimientos de seguridad, convirti\u00e9ndose en una soluci\u00f3n perfecta para el cierre interno en comercios, oficinas e industria.<\/p>\n<p class=\"\" data-start=\"591\" data-end=\"942\">Es especialmente \u00fatil para puertas que no requieren altos niveles de seguridad pero donde un bloqueo simple y confiable es importante.<\/p>\n<p class=\"\" data-start=\"944\" data-end=\"1441\">Esta cerradura el\u00e9ctrica tiene funci\u00f3n inversa, lo que significa que la puerta se desbloquea en caso de corte de energ\u00eda. Est\u00e1 hecho con un cierre giratorio de acero y una carcasa de cerradura de aleaci\u00f3n de zinc, lo que proporciona una construcci\u00f3n s\u00f3lida.<\/p>\n<p class=\"\" data-start=\"944\" data-end=\"1441\">Con una resistencia a la rotura de 4 kN (400 kg), es lo suficientemente robusto para ser utilizado en puertas donde la seguridad no necesita ser tan estricta como en las puertas divisorias de compartimentos cortafuegos.<\/p>\n<p class=\"\" data-start=\"944\" data-end=\"1441\">Es importante tener en cuenta que esta placa de cierre el\u00e9ctrica NUNCA debe utilizarse en puertas divisorias de compartimentos contra incendios.<\/p>\n<p class=\"\" data-start=\"1443\" data-end=\"1825\">Es ideal para utilizar en combinaci\u00f3n con cerraduras de una o dos hojas y proporciona una soluci\u00f3n eficaz para el uso diario en entornos que no requieren soluciones de seguridad avanzadas.<\/p>\n<p class=\"\" data-start=\"1443\" data-end=\"1825\">Para un rendimiento optimizado, se recomienda montar un diodo de protecci\u00f3n (por ejemplo, 1N4004) cerca de la bobina de disparo el\u00e9ctrico para proteger la electr\u00f3nica de control de posibles transitorios (picos de tensi\u00f3n).<\/p>\n<p class=\"\" data-start=\"1827\" data-end=\"1857\">Caracter\u00edsticas y beneficios clave:<\/p>\n<ul data-start=\"1858\" data-end=\"2248\">\n<li class=\"\" data-start=\"1858\" data-end=\"1934\">\n<p class=\"\" data-start=\"1860\" data-end=\"1934\">Funci\u00f3n inversa: La puerta se desbloquea en la posici\u00f3n desenergizada para facilitar su manejo.<\/p>\n<\/li>\n<li class=\"\" data-start=\"1935\" data-end=\"1992\">\n<p class=\"\" data-start=\"1937\" data-end=\"1992\">Barra de torsi\u00f3n de acero: Construcci\u00f3n robusta y duradera.<\/p>\n<\/li>\n<li class=\"\" data-start=\"1993\" data-end=\"2071\">\n<p class=\"\" data-start=\"1995\" data-end=\"2071\">Resistencia a la rotura: Soporta hasta 4 kN (400 kg) para un bloqueo confiable.<\/p>\n<\/li>\n<li class=\"\" data-start=\"2072\" data-end=\"2151\">\n<p class=\"\" data-start=\"2074\" data-end=\"2151\">Compatibilidad: Adecuado para combinar con cerraduras de una o dos hojas.<\/p>\n<\/li>\n<li class=\"\" data-start=\"2152\" data-end=\"2248\">\n<p class=\"\" data-start=\"2154\" data-end=\"2248\">No apto para puertas divisorias de compartimentos contra incendios: No apto para uso donde sea necesaria protecci\u00f3n contra incendios.<\/p>\n<\/li>\n<\/ul>\n<p class=\"\" data-start=\"2250\" data-end=\"2279\">Especificaciones t\u00e9cnicas:<\/p>\n<ul data-start=\"2280\" data-end=\"2569\">\n<li class=\"\" data-start=\"2280\" data-end=\"2308\">\n<p class=\"\" data-start=\"2282\" data-end=\"2308\">Voltaje: 12 VCC \u00b110%<\/p>\n<\/li>\n<li class=\"\" data-start=\"2309\" data-end=\"2341\">\n<p class=\"\" data-start=\"2311\" data-end=\"2341\">Consumo de corriente: 0-190 mA<\/p>\n<\/li>\n<li class=\"\" data-start=\"2342\" data-end=\"2452\">\n<p class=\"\" data-start=\"2344\" data-end=\"2452\">Diodo protector: Se recomienda utilizar un diodo protector cerca de la bobina de disparo el\u00e9ctrico para proteger la electr\u00f3nica.<\/p>\n<\/li>\n<li class=\"\" data-start=\"2453\" data-end=\"2493\">\n<p class=\"\" data-start=\"2455\" data-end=\"2493\">Resistencia a la rotura m\u00e1xima: 4 kN (400 kg)<\/p>\n<\/li>\n<li class=\"\" data-start=\"2494\" data-end=\"2514\">\n<p class=\"\" data-start=\"2496\" data-end=\"2514\">Torsi\u00f3n: acero<\/p>\n<\/li>\n<li class=\"\" data-start=\"2515\" data-end=\"2541\">\n<p class=\"\" data-start=\"2517\" data-end=\"2541\">Cuerpo de la cerradura: aleaci\u00f3n de zinc<\/p>\n<\/li>\n<li class=\"\" data-start=\"2542\" data-end=\"2569\">\n<p class=\"\" data-start=\"2544\" data-end=\"2569\">Voltaje de funcionamiento: 12 VCC<\/p>\n<\/li>\n<\/ul>\n<\/div>\n<div><\/div>","protected":false},"excerpt":{"rendered":"<h5><a href=\"https:\/\/elslutblecksguiden.se\/\" target=\"_blank\" rel=\"noopener\">Gu\u00eda para cerraduras el\u00e9ctricas ASSA, cerraduras motorizadas, placas de cierre el\u00e9ctricas y gu\u00eda de reemplazo<\/a><\/h5>","protected":false},"featured_media":139009,"template":"","meta":{"_acf_changed":false},"product_brand":[],"product_cat":[3355],"product_tag":[4198,4201,2967],"class_list":{"0":"post-91527","1":"product","2":"type-product","3":"status-publish","4":"has-post-thumbnail","6":"product_cat-elslutbleck","7":"product_tag-12v","8":"product_tag-omvand","9":"product_tag-rg-assa-abloy","10":"product_shipping_class-tunga-paket","11":"pa_brands-abloy","12":"tm-no-options","14":"first","15":"onbackorder","16":"sale","17":"taxable","18":"shipping-taxable","19":"purchasable","20":"product-type-simple"},"acf":[],"_links":{"self":[{"href":"https:\/\/secureus.se\/es\/wp-json\/wp\/v2\/product\/91527","targetHints":{"allow":["GET"]}}],"collection":[{"href":"https:\/\/secureus.se\/es\/wp-json\/wp\/v2\/product"}],"about":[{"href":"https:\/\/secureus.se\/es\/wp-json\/wp\/v2\/types\/product"}],"wp:featuredmedia":[{"embeddable":true,"href":"https:\/\/secureus.se\/es\/wp-json\/wp\/v2\/media\/139009"}],"wp:attachment":[{"href":"https:\/\/secureus.se\/es\/wp-json\/wp\/v2\/media?parent=91527"}],"wp:term":[{"taxonomy":"product_brand","embeddable":true,"href":"https:\/\/secureus.se\/es\/wp-json\/wp\/v2\/product_brand?post=91527"},{"taxonomy":"product_cat","embeddable":true,"href":"https:\/\/secureus.se\/es\/wp-json\/wp\/v2\/product_cat?post=91527"},{"taxonomy":"product_tag","embeddable":true,"href":"https:\/\/secureus.se\/es\/wp-json\/wp\/v2\/product_tag?post=91527"}],"curies":[{"name":"wp","href":"https:\/\/api.w.org\/{rel}","templated":true}]}}