{"id":91529,"date":"2023-09-27T18:14:14","date_gmt":"2023-09-27T16:14:14","guid":{"rendered":"https:\/\/secureus.se\/elslutbleck-14-rattvand-24v\/"},"modified":"2026-04-08T15:57:17","modified_gmt":"2026-04-08T13:57:17","slug":"elslutbleck-14-rattvand-24v","status":"publish","type":"product","link":"https:\/\/secureus.se\/es\/elslutbleck-14-rattvand-24v\/","title":{"rendered":"Cerradero el\u00e9ctrico 14 Derecha 24V"},"content":{"rendered":"<h1>Cerradero el\u00e9ctrico 14 Derecha 24V<\/h1>\n<div>\n<p>Abrepuertas el\u00e9ctrico 14 Derecha 24V, para puertas con bajos requerimientos de seguridad. Funci\u00f3n recta, resistencia a la rotura 400 kg, y adecuado para cierre interior en comercio, oficinas e industria.<\/p>\n<p class=\"\" data-start=\"599\" data-end=\"974\">Cerradero El\u00e9ctrico 14 Derecha 24V es un cerradero el\u00e9ctrico dise\u00f1ado para puertas con bajos requerimientos de seguridad, lo que lo convierte en una soluci\u00f3n perfecta para el cierre interno en comercios, oficinas e industria.<\/p>\n<p class=\"\" data-start=\"599\" data-end=\"974\">Ofrece una soluci\u00f3n confiable y rentable para puertas que no requieren seguridad avanzada pero a\u00fan necesitan un sistema de bloqueo confiable.<\/p>\n<p class=\"\" data-start=\"976\" data-end=\"1594\">Esta cerradura el\u00e9ctrica tiene una funci\u00f3n reversible, lo que significa que la puerta se bloquea en caso de un corte de energ\u00eda, lo que aumenta la seguridad al garantizar que la puerta permanezca bloqueada incluso si falla la energ\u00eda.<\/p>\n<p class=\"\" data-start=\"976\" data-end=\"1594\">Est\u00e1 hecho con un cierre giratorio de acero y una carcasa de cierre de aleaci\u00f3n de zinc, lo que proporciona una construcci\u00f3n s\u00f3lida para una mayor durabilidad. Con una resistencia a la rotura de 4000 N (400 kg), es lo suficientemente fuerte para usarse en puertas donde la seguridad no necesita ser tan estricta como en las puertas de compartimentos cortafuegos.<\/p>\n<p class=\"\" data-start=\"976\" data-end=\"1594\">Es importante tener en cuenta que esta placa de cierre el\u00e9ctrica NUNCA debe utilizarse en puertas divisorias de compartimentos contra incendios.<\/p>\n<p class=\"\" data-start=\"1596\" data-end=\"1968\">Es ideal para utilizar en combinaci\u00f3n con cerraduras de una o dos hojas y proporciona una soluci\u00f3n eficaz para el uso diario en entornos que no requieren soluciones de seguridad avanzadas.<\/p>\n<p class=\"\" data-start=\"1596\" data-end=\"1968\">Para un rendimiento optimizado, se recomienda montar un diodo de protecci\u00f3n (por ejemplo, 1N4004) cerca de la bobina de disparo el\u00e9ctrico para proteger la electr\u00f3nica de control de posibles picos de tensi\u00f3n.<\/p>\n<p class=\"\" data-start=\"1970\" data-end=\"2000\">Caracter\u00edsticas y beneficios clave:<\/p>\n<ul data-start=\"2001\" data-end=\"2388\">\n<li class=\"\" data-start=\"2001\" data-end=\"2071\">\n<p class=\"\" data-start=\"2003\" data-end=\"2071\">Funci\u00f3n correcta: Bloqueado en caso de corte de energ\u00eda para mayor seguridad.<\/p>\n<\/li>\n<li class=\"\" data-start=\"2072\" data-end=\"2135\">\n<p class=\"\" data-start=\"2074\" data-end=\"2135\">Barra de torsi\u00f3n de acero: Construcci\u00f3n robusta para una larga durabilidad.<\/p>\n<\/li>\n<li class=\"\" data-start=\"2136\" data-end=\"2216\">\n<p class=\"\" data-start=\"2138\" data-end=\"2216\">Resistencia a la rotura: Soporta hasta 4000 N (400 kg) para un bloqueo confiable.<\/p>\n<\/li>\n<li class=\"\" data-start=\"2217\" data-end=\"2295\">\n<p class=\"\" data-start=\"2219\" data-end=\"2295\">Compatibilidad: Adecuado para su uso con cerraduras de una o dos hojas.<\/p>\n<\/li>\n<li class=\"\" data-start=\"2296\" data-end=\"2388\">\n<p class=\"\" data-start=\"2298\" data-end=\"2388\">No apto para puertas cortafuegos: No apto para uso en puertas cortafuegos.<\/p>\n<\/li>\n<\/ul>\n<p class=\"\" data-start=\"2390\" data-end=\"2419\">Especificaciones t\u00e9cnicas:<\/p>\n<ul data-start=\"2420\" data-end=\"2711\">\n<li class=\"\" data-start=\"2420\" data-end=\"2448\">\n<p class=\"\" data-start=\"2422\" data-end=\"2448\">Voltaje: 24 VCC \u00b110%<\/p>\n<\/li>\n<li class=\"\" data-start=\"2449\" data-end=\"2481\">\n<p class=\"\" data-start=\"2451\" data-end=\"2481\">Consumo de corriente: 0-110 mA<\/p>\n<\/li>\n<li class=\"\" data-start=\"2482\" data-end=\"2592\">\n<p class=\"\" data-start=\"2484\" data-end=\"2592\">Diodo protector: Se recomienda utilizar un diodo protector cerca de la bobina de disparo el\u00e9ctrico para proteger la electr\u00f3nica.<\/p>\n<\/li>\n<li class=\"\" data-start=\"2593\" data-end=\"2635\">\n<p class=\"\" data-start=\"2595\" data-end=\"2635\">Resistencia a la rotura m\u00e1xima: 4000 N (400 kg)<\/p>\n<\/li>\n<li class=\"\" data-start=\"2636\" data-end=\"2656\">\n<p class=\"\" data-start=\"2638\" data-end=\"2656\">Torsi\u00f3n: acero<\/p>\n<\/li>\n<li class=\"\" data-start=\"2657\" data-end=\"2683\">\n<p class=\"\" data-start=\"2659\" data-end=\"2683\">Cuerpo de la cerradura: aleaci\u00f3n de zinc<\/p>\n<\/li>\n<li class=\"\" data-start=\"2684\" data-end=\"2711\">\n<p class=\"\" data-start=\"2686\" data-end=\"2711\">Voltaje de funcionamiento: 24 VCC<\/p>\n<\/li>\n<\/ul>\n<\/div>","protected":false},"excerpt":{"rendered":"<h5><a href=\"https:\/\/elslutblecksguiden.se\/\" target=\"_blank\" rel=\"noopener\">Gu\u00eda para cerraduras el\u00e9ctricas ASSA, cerraduras motorizadas, placas de cierre el\u00e9ctricas y gu\u00eda de reemplazo<\/a><\/h5>","protected":false},"featured_media":159496,"template":"","meta":{"_acf_changed":false},"product_brand":[],"product_cat":[3355],"product_tag":[4197,4200,2967],"class_list":{"0":"post-91529","1":"product","2":"type-product","3":"status-publish","4":"has-post-thumbnail","6":"product_cat-elslutbleck","7":"product_tag-24v","8":"product_tag-rattvand","9":"product_tag-rg-assa-abloy","10":"product_shipping_class-tunga-paket","11":"pa_brands-abloy","12":"tm-no-options","14":"first","15":"instock","16":"sale","17":"taxable","18":"shipping-taxable","19":"purchasable","20":"product-type-simple"},"acf":[],"_links":{"self":[{"href":"https:\/\/secureus.se\/es\/wp-json\/wp\/v2\/product\/91529","targetHints":{"allow":["GET"]}}],"collection":[{"href":"https:\/\/secureus.se\/es\/wp-json\/wp\/v2\/product"}],"about":[{"href":"https:\/\/secureus.se\/es\/wp-json\/wp\/v2\/types\/product"}],"wp:featuredmedia":[{"embeddable":true,"href":"https:\/\/secureus.se\/es\/wp-json\/wp\/v2\/media\/159496"}],"wp:attachment":[{"href":"https:\/\/secureus.se\/es\/wp-json\/wp\/v2\/media?parent=91529"}],"wp:term":[{"taxonomy":"product_brand","embeddable":true,"href":"https:\/\/secureus.se\/es\/wp-json\/wp\/v2\/product_brand?post=91529"},{"taxonomy":"product_cat","embeddable":true,"href":"https:\/\/secureus.se\/es\/wp-json\/wp\/v2\/product_cat?post=91529"},{"taxonomy":"product_tag","embeddable":true,"href":"https:\/\/secureus.se\/es\/wp-json\/wp\/v2\/product_tag?post=91529"}],"curies":[{"name":"wp","href":"https:\/\/api.w.org\/{rel}","templated":true}]}}