{"id":91530,"date":"2023-09-27T18:14:12","date_gmt":"2023-09-27T16:14:12","guid":{"rendered":"https:\/\/secureus.se\/elslutbleck-131-rattvand-24v\/"},"modified":"2026-04-23T12:21:19","modified_gmt":"2026-04-23T10:21:19","slug":"elslutbleck-131-rattvand-24v","status":"publish","type":"product","link":"https:\/\/secureus.se\/es\/elslutbleck-131-rattvand-24v\/","title":{"rendered":"Cerradero el\u00e9ctrico 131 Derecha 24V"},"content":{"rendered":"<div>\n<div>\n<h1>Cerradero el\u00e9ctrico 131 Derecha 24V<\/h1>\n<p class=\"\" data-start=\"384\" data-end=\"581\">Cerradero el\u00e9ctrico 131 Derecha 24V, para puertas de alta frecuencia en comercio, oficinas e industria. Resistencia a la rotura 1500 kg, apertura garantizada a presi\u00f3n de fleje de 25 kg y antivibraci\u00f3n.<\/p>\n<p class=\"\" data-start=\"617\" data-end=\"1018\">El cerradero el\u00e9ctrico 131 R\u00e4ttv\u00e4nd 24V es un cerradero el\u00e9ctrico extrafuerte, ideal para puertas de alta frecuencia utilizadas en comercios minoristas, oficinas, industrias y entradas.<\/p>\n<p class=\"\" data-start=\"617\" data-end=\"1018\">Su alt\u00edsima resistencia al desgaste y a la rotura lo convierten en una opci\u00f3n confiable para la protecci\u00f3n de carcasas, portones y otras puertas que requieren una larga durabilidad y un funcionamiento seguro incluso bajo un uso intensivo.<\/p>\n<p class=\"\" data-start=\"1020\" data-end=\"1370\">Esta cerradura el\u00e9ctrica tiene una funci\u00f3n reversible, lo que significa que la puerta queda bloqueada en una posici\u00f3n desenergizada, proporcionando un alto nivel de seguridad.<\/p>\n<p class=\"\" data-start=\"1020\" data-end=\"1370\">Con una resistencia a la rotura de 15 kN (1500 kg) y una construcci\u00f3n de carcasa de bloqueo y cierre giratorio de acero, esta cerradura el\u00e9ctrica ofrece una durabilidad excepcional y resistencia al estr\u00e9s mec\u00e1nico y el\u00e9ctrico.<\/p>\n<p class=\"\" data-start=\"1372\" data-end=\"1763\">La cerradura el\u00e9ctrica 131 R\u00e4ttv\u00e4nd 24V est\u00e1 dise\u00f1ada para soportar una presi\u00f3n de banda de hasta 250 N (25 kg), lo que significa que puede abrirse incluso si la puerta est\u00e1 expuesta a la presi\u00f3n, por ejemplo, de puertas torcidas o de grava y nieve que se acumula en el umbral.<\/p>\n<p class=\"\" data-start=\"1372\" data-end=\"1763\">Para mayor seguridad, el cerradero el\u00e9ctrico est\u00e1 equipado con una protecci\u00f3n contra golpes, haci\u00e9ndolo a\u00fan m\u00e1s resistente a la manipulaci\u00f3n y al impacto f\u00edsico.<\/p>\n<p class=\"\" data-start=\"1765\" data-end=\"1795\">Caracter\u00edsticas y beneficios clave:<\/p>\n<ul data-start=\"1796\" data-end=\"2138\">\n<li class=\"\" data-start=\"1796\" data-end=\"1856\">\n<p class=\"\" data-start=\"1798\" data-end=\"1856\">Funci\u00f3n correcta: Bloqueado en posici\u00f3n desenergizada por seguridad.<\/p>\n<\/li>\n<li class=\"\" data-start=\"1857\" data-end=\"1912\">\n<p class=\"\" data-start=\"1859\" data-end=\"1912\">Alta durabilidad: Soporta millones de ciclos de apertura.<\/p>\n<\/li>\n<li class=\"\" data-start=\"1913\" data-end=\"1973\">\n<p class=\"\" data-start=\"1915\" data-end=\"1973\">Alta resistencia a la rotura: 15 kN (1500 kg) para una seguridad confiable.<\/p>\n<\/li>\n<li class=\"\" data-start=\"1974\" data-end=\"2064\">\n<p class=\"\" data-start=\"1976\" data-end=\"2064\">Se abre al presionarlo: garantiza el funcionamiento incluso con hasta 250 N (25 kg) de presi\u00f3n.<\/p>\n<\/li>\n<li class=\"\" data-start=\"2065\" data-end=\"2138\">\n<p class=\"\" data-start=\"2067\" data-end=\"2138\">Antivibraci\u00f3n: Para mayor seguridad y resistencia a la manipulaci\u00f3n.<\/p>\n<\/li>\n<\/ul>\n<p class=\"\" data-start=\"2140\" data-end=\"2169\">Especificaciones t\u00e9cnicas:<\/p>\n<ul data-start=\"2170\" data-end=\"2603\">\n<li class=\"\" data-start=\"2170\" data-end=\"2198\">\n<p class=\"\" data-start=\"2172\" data-end=\"2198\">Voltaje: 24 VCC \u00b110%<\/p>\n<\/li>\n<li class=\"\" data-start=\"2199\" data-end=\"2257\">\n<p class=\"\" data-start=\"2201\" data-end=\"2257\">Consumo de energ\u00eda: 240 mA al arranque, 145 mA durante el funcionamiento<\/p>\n<\/li>\n<li class=\"\" data-start=\"2258\" data-end=\"2300\">\n<p class=\"\" data-start=\"2260\" data-end=\"2300\">Resistencia a la rotura m\u00e1xima: 1500 kg (15 kN)<\/p>\n<\/li>\n<li class=\"\" data-start=\"2301\" data-end=\"2340\">\n<p class=\"\" data-start=\"2303\" data-end=\"2340\">Presi\u00f3n de desprendimiento: hasta 250 N (25 kg)<\/p>\n<\/li>\n<li class=\"\" data-start=\"2341\" data-end=\"2359\">\n<p class=\"\" data-start=\"2343\" data-end=\"2359\">Carcasa de la cerradura: acero<\/p>\n<\/li>\n<li class=\"\" data-start=\"2360\" data-end=\"2380\">\n<p class=\"\" data-start=\"2362\" data-end=\"2380\">Torsi\u00f3n: acero<\/p>\n<\/li>\n<li class=\"\" data-start=\"2381\" data-end=\"2408\">\n<p class=\"\" data-start=\"2383\" data-end=\"2408\">Voltaje de funcionamiento: 24 VCC<\/p>\n<\/li>\n<li class=\"\" data-start=\"2409\" data-end=\"2521\">\n<p class=\"\" data-start=\"2411\" data-end=\"2521\">Diodo protector: Se recomienda utilizar un diodo protector cerca de la bobina de disparo el\u00e9ctrico para proteger la electr\u00f3nica.<\/p>\n<\/li>\n<li class=\"\" data-start=\"2522\" data-end=\"2603\">\n<p class=\"\" data-start=\"2524\" data-end=\"2603\">Cable de conexi\u00f3n: No incluido, pero se puede conectar a todas las conexiones est\u00e1ndar.<\/p>\n<\/li>\n<\/ul>\n<\/div>\n<\/div>","protected":false},"excerpt":{"rendered":"<h5><a href=\"https:\/\/elslutblecksguiden.se\/\" target=\"_blank\" rel=\"noopener\">Gu\u00eda para cerraduras el\u00e9ctricas ASSA, cerraduras motorizadas, placas de cierre el\u00e9ctricas y gu\u00eda de reemplazo<\/a><\/h5>","protected":false},"featured_media":138704,"template":"","meta":{"_acf_changed":false},"product_brand":[],"product_cat":[3355],"product_tag":[4197,4200,2967],"class_list":{"0":"post-91530","1":"product","2":"type-product","3":"status-publish","4":"has-post-thumbnail","6":"product_cat-elslutbleck","7":"product_tag-24v","8":"product_tag-rattvand","9":"product_tag-rg-assa-abloy","10":"product_shipping_class-tunga-paket","11":"pa_brands-abloy","12":"tm-no-options","14":"first","15":"outofstock","16":"sale","17":"taxable","18":"shipping-taxable","19":"purchasable","20":"product-type-simple"},"acf":[],"_links":{"self":[{"href":"https:\/\/secureus.se\/es\/wp-json\/wp\/v2\/product\/91530","targetHints":{"allow":["GET"]}}],"collection":[{"href":"https:\/\/secureus.se\/es\/wp-json\/wp\/v2\/product"}],"about":[{"href":"https:\/\/secureus.se\/es\/wp-json\/wp\/v2\/types\/product"}],"wp:featuredmedia":[{"embeddable":true,"href":"https:\/\/secureus.se\/es\/wp-json\/wp\/v2\/media\/138704"}],"wp:attachment":[{"href":"https:\/\/secureus.se\/es\/wp-json\/wp\/v2\/media?parent=91530"}],"wp:term":[{"taxonomy":"product_brand","embeddable":true,"href":"https:\/\/secureus.se\/es\/wp-json\/wp\/v2\/product_brand?post=91530"},{"taxonomy":"product_cat","embeddable":true,"href":"https:\/\/secureus.se\/es\/wp-json\/wp\/v2\/product_cat?post=91530"},{"taxonomy":"product_tag","embeddable":true,"href":"https:\/\/secureus.se\/es\/wp-json\/wp\/v2\/product_tag?post=91530"}],"curies":[{"name":"wp","href":"https:\/\/api.w.org\/{rel}","templated":true}]}}