{"id":91532,"date":"2023-09-27T18:14:09","date_gmt":"2023-09-27T16:14:09","guid":{"rendered":"https:\/\/secureus.se\/elslutbleck-570-rattvand-24v-kolvkontakt\/"},"modified":"2026-04-08T15:56:22","modified_gmt":"2026-04-08T13:56:22","slug":"elslutbleck-570-rattvand-24v-kolvkontakt","status":"publish","type":"product","link":"https:\/\/secureus.se\/es\/elslutbleck-570-rattvand-24v-kolvkontakt\/","title":{"rendered":"Cerradero el\u00e9ctrico 570 Contacto de pist\u00f3n 24 V orientado a la derecha"},"content":{"rendered":"<div>\n<div>\n<h1>Cerradero el\u00e9ctrico 570 Contacto de pist\u00f3n 24 V orientado a la derecha<\/h1>\n<p class=\"\" data-start=\"392\" data-end=\"603\">Cerradero el\u00e9ctrico 570 Derecha 24V con contacto de pist\u00f3n, para puertas con exigencias normales de seguridad. Adecuado para protecci\u00f3n de carcasas, cierres interiores y entradas. Resistencia a la rotura 700 kg, para cerraduras de simple y doble pestillo.<\/p>\n<p class=\"\" data-start=\"639\" data-end=\"1164\">La cerradura el\u00e9ctrica de contacto de pist\u00f3n de 24 V para mano derecha 570 es una cerradura el\u00e9ctrica est\u00e1ndar dise\u00f1ada para usarse en puertas con requisitos de seguridad normales, lo que la convierte en una excelente opci\u00f3n para protecci\u00f3n de carcasa, bloqueo interno y entradas en \u00e1reas minoristas, de oficinas, industriales y p\u00fablicas en edificios multifamiliares.<\/p>\n<p class=\"\" data-start=\"639\" data-end=\"1164\">La cerradura el\u00e9ctrica est\u00e1 dise\u00f1ada para usarse en combinaci\u00f3n con cerraduras de pestillo simple o doble entrelazadas, lo que la convierte en una soluci\u00f3n vers\u00e1til para diferentes configuraciones de puertas y requisitos de seguridad.<\/p>\n<p class=\"\" data-start=\"1166\" data-end=\"1504\">Una de las caracter\u00edsticas destacadas es la funci\u00f3n fail-safe, lo que significa que la puerta se bloquea en caso de un corte de energ\u00eda, proporcionando seguridad adicional.<\/p>\n<p class=\"\" data-start=\"1166\" data-end=\"1504\">El abrepuertas el\u00e9ctrico 570 est\u00e1 equipado con un contacto de pist\u00f3n para permitir indicaciones cuando la puerta est\u00e1 cerrada\/abierta, lo que proporciona un buen complemento de seguridad para los sistemas de cierre automatizados.<\/p>\n<p class=\"\" data-start=\"1506\" data-end=\"1923\">Esta cerradura el\u00e9ctrica est\u00e1 construida con un cierre giratorio de bronce y una carcasa de cerradura de aleaci\u00f3n de zinc, lo que proporciona una alta resistencia al desgaste y a los golpes para garantizar una larga durabilidad y confiabilidad durante muchos ciclos de apertura.<\/p>\n<p class=\"\" data-start=\"1506\" data-end=\"1923\">Con una resistencia a la rotura de 700 kg (7 kN), es lo suficientemente fuerte como para soportar las tensiones de entornos de alto tr\u00e1fico, lo que lo hace adecuado para puertas sujetas a un uso frecuente.<\/p>\n<p class=\"\" data-start=\"1925\" data-end=\"1955\">Caracter\u00edsticas y beneficios clave:<\/p>\n<ul data-start=\"1956\" data-end=\"2348\">\n<li class=\"\" data-start=\"1956\" data-end=\"2026\">\n<p class=\"\" data-start=\"1958\" data-end=\"2026\">Funci\u00f3n correcta: Bloqueado en caso de corte de energ\u00eda para mayor seguridad.<\/p>\n<\/li>\n<li class=\"\" data-start=\"2027\" data-end=\"2107\">\n<p class=\"\" data-start=\"2029\" data-end=\"2107\">Resistencia a la rotura: 700 kg (7 kN), garantizando durabilidad y fiabilidad.<\/p>\n<\/li>\n<li class=\"\" data-start=\"2108\" data-end=\"2192\">\n<p class=\"\" data-start=\"2110\" data-end=\"2192\">Pivote de bronce y carcasa de cerradura de aleaci\u00f3n de zinc: proporciona larga vida \u00fatil y durabilidad.<\/p>\n<\/li>\n<li class=\"\" data-start=\"2193\" data-end=\"2271\">\n<p class=\"\" data-start=\"2195\" data-end=\"2271\">Contacto de pist\u00f3n: Permite indicaciones para se\u00f1alar puerta cerrada\/abierta.<\/p>\n<\/li>\n<li class=\"\" data-start=\"2272\" data-end=\"2348\">\n<p class=\"\" data-start=\"2274\" data-end=\"2348\">Alta resistencia al impacto y a la vibraci\u00f3n: Para una mayor resistencia a la tensi\u00f3n.<\/p>\n<\/li>\n<\/ul>\n<p class=\"\" data-start=\"2350\" data-end=\"2379\">Especificaciones t\u00e9cnicas:<\/p>\n<ul data-start=\"2380\" data-end=\"2722\">\n<li class=\"\" data-start=\"2380\" data-end=\"2408\">\n<p class=\"\" data-start=\"2382\" data-end=\"2408\">Voltaje: 24 VCC \u00b110%<\/p>\n<\/li>\n<li class=\"\" data-start=\"2409\" data-end=\"2449\">\n<p class=\"\" data-start=\"2411\" data-end=\"2449\">Consumo de energ\u00eda: 185 mA durante el funcionamiento<\/p>\n<\/li>\n<li class=\"\" data-start=\"2450\" data-end=\"2485\">\n<p class=\"\" data-start=\"2452\" data-end=\"2485\">Resistencia a la rotura m\u00e1xima: 700 kg (7 kN)<\/p>\n<\/li>\n<li class=\"\" data-start=\"2486\" data-end=\"2542\">\n<p class=\"\" data-start=\"2488\" data-end=\"2542\">Carcasa de cerradura y pestillo giratorio: Acero (aleaci\u00f3n de bronce y zinc)<\/p>\n<\/li>\n<li class=\"\" data-start=\"2543\" data-end=\"2570\">\n<p class=\"\" data-start=\"2545\" data-end=\"2570\">Voltaje de funcionamiento: 24 VCC<\/p>\n<\/li>\n<li class=\"\" data-start=\"2571\" data-end=\"2592\">\n<p class=\"\" data-start=\"2573\" data-end=\"2592\">Contacto del pist\u00f3n: S\u00ed<\/p>\n<\/li>\n<li class=\"\" data-start=\"2593\" data-end=\"2674\">\n<p class=\"\" data-start=\"2595\" data-end=\"2674\">Diodo protector: Se recomienda utilizar un diodo protector cerca de la bobina de cierre el\u00e9ctrico.<\/p>\n<\/li>\n<li class=\"\" data-start=\"2675\" data-end=\"2722\">\n<p class=\"\" data-start=\"2677\" data-end=\"2722\"><strong data-start=\"2677\" data-end=\"2696\">Compatibilidad:<\/strong> Cerradura de una o dos hojas<\/p>\n<\/li>\n<\/ul>\n<\/div>\n<div><\/div>\n<\/div>","protected":false},"excerpt":{"rendered":"<h5><a href=\"https:\/\/elslutblecksguiden.se\/\" target=\"_blank\" rel=\"noopener\">Gu\u00eda para cerraduras el\u00e9ctricas ASSA, cerraduras motorizadas, placas de cierre el\u00e9ctricas y gu\u00eda de reemplazo<\/a><\/h5>","protected":false},"featured_media":159497,"template":"","meta":{"_acf_changed":false},"product_brand":[],"product_cat":[3355],"product_tag":[4197,4200,2967],"class_list":{"0":"post-91532","1":"product","2":"type-product","3":"status-publish","4":"has-post-thumbnail","6":"product_cat-elslutbleck","7":"product_tag-24v","8":"product_tag-rattvand","9":"product_tag-rg-assa-abloy","10":"product_shipping_class-tunga-paket","11":"pa_brands-abloy","12":"tm-no-options","14":"first","15":"instock","16":"sale","17":"taxable","18":"shipping-taxable","19":"purchasable","20":"product-type-simple"},"acf":[],"_links":{"self":[{"href":"https:\/\/secureus.se\/es\/wp-json\/wp\/v2\/product\/91532","targetHints":{"allow":["GET"]}}],"collection":[{"href":"https:\/\/secureus.se\/es\/wp-json\/wp\/v2\/product"}],"about":[{"href":"https:\/\/secureus.se\/es\/wp-json\/wp\/v2\/types\/product"}],"wp:featuredmedia":[{"embeddable":true,"href":"https:\/\/secureus.se\/es\/wp-json\/wp\/v2\/media\/159497"}],"wp:attachment":[{"href":"https:\/\/secureus.se\/es\/wp-json\/wp\/v2\/media?parent=91532"}],"wp:term":[{"taxonomy":"product_brand","embeddable":true,"href":"https:\/\/secureus.se\/es\/wp-json\/wp\/v2\/product_brand?post=91532"},{"taxonomy":"product_cat","embeddable":true,"href":"https:\/\/secureus.se\/es\/wp-json\/wp\/v2\/product_cat?post=91532"},{"taxonomy":"product_tag","embeddable":true,"href":"https:\/\/secureus.se\/es\/wp-json\/wp\/v2\/product_tag?post=91532"}],"curies":[{"name":"wp","href":"https:\/\/api.w.org\/{rel}","templated":true}]}}