{"id":91533,"date":"2023-09-27T18:14:08","date_gmt":"2023-09-27T16:14:08","guid":{"rendered":"https:\/\/secureus.se\/elslutbleck-5131-rattvand-24v-kolvkontakt\/"},"modified":"2026-04-23T12:21:41","modified_gmt":"2026-04-23T10:21:41","slug":"elslutbleck-5131-rattvand-24v-kolvkontakt","status":"publish","type":"product","link":"https:\/\/secureus.se\/es\/elslutbleck-5131-rattvand-24v-kolvkontakt\/","title":{"rendered":"Cerradero el\u00e9ctrico 5131 Contacto de pist\u00f3n 24 V orientado a la derecha"},"content":{"rendered":"<div><\/div>\n<div>\n<h1>Cerradero el\u00e9ctrico 5131 Contacto de pist\u00f3n 24 V orientado a la derecha<\/h1>\n<p>Cerradero el\u00e9ctrico 5131 Contacto de pist\u00f3n 24V derecho para puertas de alta frecuencia en comercio, industria y protecci\u00f3n de conchas. Resistencia a la rotura 1500 kg, garantiza la apertura con una presi\u00f3n de cierre de 25 kg. Alta seguridad y larga durabilidad.<\/p>\n<p class=\"\" data-start=\"687\" data-end=\"1229\">El cerradero el\u00e9ctrico 5131 con contacto de pist\u00f3n de 24 V orientado a la derecha es un cerradero el\u00e9ctrico extrafuerte de ASSA ABLOY dise\u00f1ado para puertas de alta frecuencia que exigen gran resistencia al desgaste y a la rotura.<\/p>\n<p class=\"\" data-start=\"687\" data-end=\"1229\">Perfecto para uso en cerramientos, entradas, portones y \u00e1reas p\u00fablicas en comercios, oficinas, industria y edificios multifamiliares.<\/p>\n<p class=\"\" data-start=\"687\" data-end=\"1229\">Esta cerradura el\u00e9ctrica est\u00e1 dise\u00f1ada para adaptarse a cerraduras de pestillo simple y doble, y es ideal para el cierre diurno en puertas donde existen altos requisitos de seguridad y uso frecuente.<\/p>\n<p class=\"\" data-start=\"1231\" data-end=\"1581\">Con una resistencia a la rotura de 1500 kg (15 kN) y la capacidad de garantizar la apertura a pesar de una presi\u00f3n de banda de hasta 250 N (25 kg), esta cerradura el\u00e9ctrica ofrece una fiabilidad y seguridad superiores incluso en condiciones dif\u00edciles.<\/p>\n<p class=\"\" data-start=\"1231\" data-end=\"1581\">Su funci\u00f3n inversa significa que la puerta queda bloqueada en una posici\u00f3n desenergizada, lo que proporciona mayor seguridad en caso de un corte de energ\u00eda.<\/p>\n<p class=\"\" data-start=\"1583\" data-end=\"1613\">Caracter\u00edsticas y beneficios clave:<\/p>\n<ul data-start=\"1614\" data-end=\"2005\">\n<li class=\"\" data-start=\"1614\" data-end=\"1696\">\n<p class=\"\" data-start=\"1616\" data-end=\"1696\">Funci\u00f3n correcta: Bloqueado en caso de corte de energ\u00eda para mayor seguridad en caso de corte de energ\u00eda.<\/p>\n<\/li>\n<li class=\"\" data-start=\"1697\" data-end=\"1773\">\n<p class=\"\" data-start=\"1699\" data-end=\"1773\">Contacto de \u00e9mbolo de bloqueo: para una indicaci\u00f3n confiable de si la puerta est\u00e1 cerrada o abierta.<\/p>\n<\/li>\n<li class=\"\" data-start=\"1774\" data-end=\"1835\">\n<p class=\"\" data-start=\"1776\" data-end=\"1835\">Alta resistencia a la rotura: 1500 kg (15 kN) para m\u00e1xima durabilidad.<\/p>\n<\/li>\n<li class=\"\" data-start=\"1836\" data-end=\"1913\">\n<p class=\"\" data-start=\"1838\" data-end=\"1913\">Antivibraci\u00f3n: Para mayor seguridad y resistencia a influencias externas.<\/p>\n<\/li>\n<li class=\"\" data-start=\"1914\" data-end=\"2005\">\n<p class=\"\" data-start=\"1916\" data-end=\"2005\">Larga durabilidad: Soporta millones de ciclos de apertura, perfecto para puertas con mucho tr\u00e1fico.<\/p>\n<\/li>\n<\/ul>\n<p class=\"\" data-start=\"2007\" data-end=\"2024\">Datos t\u00e9cnicos:<\/p>\n<ul data-start=\"2025\" data-end=\"2450\">\n<li class=\"\" data-start=\"2025\" data-end=\"2054\">\n<p class=\"\" data-start=\"2027\" data-end=\"2054\">Voltaje: 24 VCC \u00b1 10 %<\/p>\n<\/li>\n<li class=\"\" data-start=\"2055\" data-end=\"2117\">\n<p class=\"\" data-start=\"2057\" data-end=\"2117\">Consumo de corriente: 240 mA (inicio), 145 mA (funcionamiento) a 24 V<\/p>\n<\/li>\n<li class=\"\" data-start=\"2118\" data-end=\"2151\">\n<p class=\"\" data-start=\"2120\" data-end=\"2151\">Resistencia a la rotura: 1500 kg (15 kN)<\/p>\n<\/li>\n<li class=\"\" data-start=\"2152\" data-end=\"2182\">\n<p class=\"\" data-start=\"2154\" data-end=\"2182\">Presi\u00f3n de tira: 250 N (25 kg)<\/p>\n<\/li>\n<li class=\"\" data-start=\"2183\" data-end=\"2237\">\n<p class=\"\" data-start=\"2185\" data-end=\"2237\">Microinterruptor: Conmutador unipolar, m\u00e1x. 30 VCC, 1 A<\/p>\n<\/li>\n<li class=\"\" data-start=\"2238\" data-end=\"2285\">\n<p class=\"\" data-start=\"2240\" data-end=\"2285\">Compatibilidad: Cerradura de falla simple, Cerradura de falla doble<\/p>\n<\/li>\n<li class=\"\" data-start=\"2286\" data-end=\"2307\">\n<p class=\"\" data-start=\"2288\" data-end=\"2307\">Contacto del pist\u00f3n: S\u00ed<\/p>\n<\/li>\n<li class=\"\" data-start=\"2308\" data-end=\"2354\">\n<p class=\"\" data-start=\"2310\" data-end=\"2354\">Diodo de protecci\u00f3n: Recomendado (p. ej. 1N4004)<\/p>\n<\/li>\n<li class=\"\" data-start=\"2355\" data-end=\"2387\">\n<p class=\"\" data-start=\"2357\" data-end=\"2387\">Color\/Acabado: Acero inoxidable<\/p>\n<\/li>\n<li class=\"\" data-start=\"2388\" data-end=\"2412\">\n<p class=\"\" data-start=\"2390\" data-end=\"2412\">Voltaje de funcionamiento: 24 V<\/p>\n<\/li>\n<li class=\"\" data-start=\"2413\" data-end=\"2450\">\n<p class=\"\" data-start=\"2415\" data-end=\"2450\">Voltaje m\u00e1ximo\/m\u00edn.: 26,4 V \/ 21,6 V<\/p>\n<\/li>\n<\/ul>\n<\/div>","protected":false},"excerpt":{"rendered":"<h5><a href=\"https:\/\/elslutblecksguiden.se\/\" target=\"_blank\" rel=\"noopener\">Gu\u00eda para cerraduras el\u00e9ctricas ASSA, cerraduras motorizadas, placas de cierre el\u00e9ctricas y gu\u00eda de reemplazo<\/a><\/h5>","protected":false},"featured_media":138713,"template":"","meta":{"_acf_changed":false},"product_brand":[],"product_cat":[3355],"product_tag":[4197,4200,2967],"class_list":{"0":"post-91533","1":"product","2":"type-product","3":"status-publish","4":"has-post-thumbnail","6":"product_cat-elslutbleck","7":"product_tag-24v","8":"product_tag-rattvand","9":"product_tag-rg-assa-abloy","10":"product_shipping_class-tunga-paket","11":"pa_brands-abloy","12":"tm-no-options","14":"first","15":"outofstock","16":"sale","17":"taxable","18":"shipping-taxable","19":"purchasable","20":"product-type-simple"},"acf":[],"_links":{"self":[{"href":"https:\/\/secureus.se\/es\/wp-json\/wp\/v2\/product\/91533","targetHints":{"allow":["GET"]}}],"collection":[{"href":"https:\/\/secureus.se\/es\/wp-json\/wp\/v2\/product"}],"about":[{"href":"https:\/\/secureus.se\/es\/wp-json\/wp\/v2\/types\/product"}],"wp:featuredmedia":[{"embeddable":true,"href":"https:\/\/secureus.se\/es\/wp-json\/wp\/v2\/media\/138713"}],"wp:attachment":[{"href":"https:\/\/secureus.se\/es\/wp-json\/wp\/v2\/media?parent=91533"}],"wp:term":[{"taxonomy":"product_brand","embeddable":true,"href":"https:\/\/secureus.se\/es\/wp-json\/wp\/v2\/product_brand?post=91533"},{"taxonomy":"product_cat","embeddable":true,"href":"https:\/\/secureus.se\/es\/wp-json\/wp\/v2\/product_cat?post=91533"},{"taxonomy":"product_tag","embeddable":true,"href":"https:\/\/secureus.se\/es\/wp-json\/wp\/v2\/product_tag?post=91533"}],"curies":[{"name":"wp","href":"https:\/\/api.w.org\/{rel}","templated":true}]}}