{"id":91535,"date":"2023-09-27T18:14:04","date_gmt":"2023-09-27T16:14:04","guid":{"rendered":"https:\/\/secureus.se\/elslutbleck-514-rattvand-24v-kolvkontakt\/"},"modified":"2026-03-25T15:42:42","modified_gmt":"2026-03-25T14:42:42","slug":"elslutbleck-514-rattvand-24v-kolvkontakt","status":"publish","type":"product","link":"https:\/\/secureus.se\/es\/elslutbleck-514-rattvand-24v-kolvkontakt\/","title":{"rendered":"Cerradero el\u00e9ctrico 514 Contacto de pist\u00f3n 24 V orientado a la derecha"},"content":{"rendered":"<div>\n<h1 data-start=\"72\" data-end=\"365\">Cerradero el\u00e9ctrico 514 Contacto de pist\u00f3n 24 V orientado a la derecha<\/h1>\n<p class=\"\" data-start=\"72\" data-end=\"365\">Esta potente unidad de bloqueo ofrece una alta resistencia a la rotura de 400 kg y se puede utilizar tanto con puertas batientes hacia la derecha como hacia la izquierda. La cerradura es compatible con un voltaje de funcionamiento de 24 V y est\u00e1 disponible con cerradura de un solo perno o cerradura de doble perno. El tratamiento de superficie galvanizada proporciona durabilidad y larga vida \u00fatil.<\/p>\n<p class=\"\" data-start=\"372\" data-end=\"772\">Este sistema de bloqueo de alta calidad est\u00e1 dise\u00f1ado para brindar seguridad y funcionalidad duradera. Con una resistencia a la rotura de hasta 400 kg, es una excelente opci\u00f3n para puertas que requieren alta seguridad.<\/p>\n<p class=\"\" data-start=\"372\" data-end=\"772\">La cerradura se puede utilizar tanto en puertas con apertura a la derecha como a la izquierda y es compatible con un voltaje de funcionamiento de 24 V. Tambi\u00e9n ofrece una selecci\u00f3n de cerraduras de uno o dos pernos seg\u00fan los requisitos de seguridad.<\/p>\n<p class=\"\" data-start=\"774\" data-end=\"1134\">Una superficie galvanizada garantiza una larga vida \u00fatil y durabilidad, mientras que el conector de pist\u00f3n hace que la instalaci\u00f3n sea simple y eficiente. Esta cerradura es para diestros, lo que significa que est\u00e1 optimizada para la instalaci\u00f3n espec\u00edfica.<\/p>\n<p class=\"\" data-start=\"774\" data-end=\"1134\">Con un voltaje m\u00e1ximo de 26,4 V y un voltaje m\u00ednimo de 21,6 V, proporciona un rendimiento confiable en condiciones variables.<br data-start=\"1110\" data-end=\"1113\" \/><strong data-start=\"1113\" data-end=\"1132\">Presupuesto<\/strong><\/p>\n<ul data-start=\"1135\" data-end=\"1458\">\n<li class=\"\" data-start=\"1135\" data-end=\"1162\">\n<p class=\"\" data-start=\"1137\" data-end=\"1162\">Resistencia a la rotura: 400 kg<\/p>\n<\/li>\n<li class=\"\" data-start=\"1163\" data-end=\"1195\">\n<p class=\"\" data-start=\"1165\" data-end=\"1195\">Bisagra de la puerta: derecha, izquierda<\/p>\n<\/li>\n<li class=\"\" data-start=\"1196\" data-end=\"1233\">\n<p class=\"\" data-start=\"1198\" data-end=\"1233\">Tipo de cerradura: Cerradura de pestillo simple, Cerradura de pestillo doble<\/p>\n<\/li>\n<li class=\"\" data-start=\"1234\" data-end=\"1256\">\n<p class=\"\" data-start=\"1236\" data-end=\"1256\">Voltaje de funcionamiento: 24 V<\/p>\n<\/li>\n<li class=\"\" data-start=\"1257\" data-end=\"1289\">\n<p class=\"\" data-start=\"1259\" data-end=\"1289\">Color\/tratamiento de superficie: galvanizado<\/p>\n<\/li>\n<li class=\"\" data-start=\"1290\" data-end=\"1309\">\n<p class=\"\" data-start=\"1292\" data-end=\"1309\">Contacto del pist\u00f3n: S\u00ed<\/p>\n<\/li>\n<li class=\"\" data-start=\"1310\" data-end=\"1332\">\n<p class=\"\" data-start=\"1312\" data-end=\"1332\">Voltaje CA\/CC: CC<\/p>\n<\/li>\n<li class=\"\" data-start=\"1333\" data-end=\"1356\">\n<p class=\"\" data-start=\"1335\" data-end=\"1356\">Voltaje m\u00e1ximo: 26,4 V<\/p>\n<\/li>\n<li class=\"\" data-start=\"1357\" data-end=\"1380\">\n<p class=\"\" data-start=\"1359\" data-end=\"1380\">Voltaje m\u00ednimo: 21,6 V<\/p>\n<\/li>\n<li class=\"\" data-start=\"1381\" data-end=\"1403\">\n<p class=\"\" data-start=\"1383\" data-end=\"1403\">Producto de construcci\u00f3n calificado: S\u00ed<\/p>\n<\/li>\n<li class=\"\" data-start=\"1404\" data-end=\"1428\">\n<p class=\"\" data-start=\"1406\" data-end=\"1428\">Ca\u00edda de doble giro: No<\/p>\n<\/li>\n<li class=\"\" data-start=\"1429\" data-end=\"1458\">\n<p class=\"\" data-start=\"1431\" data-end=\"1458\">Derecha\/Reversa: Derecha<\/p>\n<\/li>\n<\/ul>\n<p class=\"\" data-start=\"1460\" data-end=\"1713\"><strong data-start=\"1460\" data-end=\"1482\">\u00c1reas de uso<\/strong><br data-start=\"1482\" data-end=\"1485\" \/>Esta cerradura es perfecta para su uso en entornos comerciales e industriales donde es necesaria una alta seguridad.<\/p>\n<p class=\"\" data-start=\"1460\" data-end=\"1713\">Es adecuado para puertas de oficinas, almacenes u otros negocios que requieren un bloqueo confiable con una soluci\u00f3n duradera.<\/p>\n<\/div>","protected":false},"excerpt":{"rendered":"<h5><a href=\"https:\/\/elslutblecksguiden.se\/\" target=\"_blank\" rel=\"noopener\">Gu\u00eda para cerraduras el\u00e9ctricas ASSA, cerraduras motorizadas, placas de cierre el\u00e9ctricas y gu\u00eda de reemplazo<\/a><\/h5>","protected":false},"featured_media":139380,"template":"","meta":{"_acf_changed":false},"product_brand":[],"product_cat":[3355],"product_tag":[4197,4200,2967],"class_list":{"0":"post-91535","1":"product","2":"type-product","3":"status-publish","4":"has-post-thumbnail","6":"product_cat-elslutbleck","7":"product_tag-24v","8":"product_tag-rattvand","9":"product_tag-rg-assa-abloy","10":"product_shipping_class-tunga-paket","11":"pa_brands-abloy","12":"tm-no-options","14":"first","15":"onbackorder","16":"sale","17":"taxable","18":"shipping-taxable","19":"purchasable","20":"product-type-simple"},"acf":[],"_links":{"self":[{"href":"https:\/\/secureus.se\/es\/wp-json\/wp\/v2\/product\/91535","targetHints":{"allow":["GET"]}}],"collection":[{"href":"https:\/\/secureus.se\/es\/wp-json\/wp\/v2\/product"}],"about":[{"href":"https:\/\/secureus.se\/es\/wp-json\/wp\/v2\/types\/product"}],"wp:featuredmedia":[{"embeddable":true,"href":"https:\/\/secureus.se\/es\/wp-json\/wp\/v2\/media\/139380"}],"wp:attachment":[{"href":"https:\/\/secureus.se\/es\/wp-json\/wp\/v2\/media?parent=91535"}],"wp:term":[{"taxonomy":"product_brand","embeddable":true,"href":"https:\/\/secureus.se\/es\/wp-json\/wp\/v2\/product_brand?post=91535"},{"taxonomy":"product_cat","embeddable":true,"href":"https:\/\/secureus.se\/es\/wp-json\/wp\/v2\/product_cat?post=91535"},{"taxonomy":"product_tag","embeddable":true,"href":"https:\/\/secureus.se\/es\/wp-json\/wp\/v2\/product_tag?post=91535"}],"curies":[{"name":"wp","href":"https:\/\/api.w.org\/{rel}","templated":true}]}}