{"id":91536,"date":"2023-09-27T18:14:02","date_gmt":"2023-09-27T16:14:02","guid":{"rendered":"https:\/\/secureus.se\/elslutbleck-70-rattvand-24v\/"},"modified":"2026-03-25T15:42:52","modified_gmt":"2026-03-25T14:42:52","slug":"elslutbleck-70-rattvand-24v","status":"publish","type":"product","link":"https:\/\/secureus.se\/es\/elslutbleck-70-rattvand-24v\/","title":{"rendered":"Cerradero el\u00e9ctrico 70 Derecha 24V"},"content":{"rendered":"<h1>Cerradero el\u00e9ctrico 70 Derecha 24V<\/h1>\n<p class=\"\" data-start=\"489\" data-end=\"805\">La cerradura el\u00e9ctrica est\u00e1ndar ASSA ABLOY 70 para mano derecha de 24 V est\u00e1 dise\u00f1ada para cumplir con los requisitos de seguridad de las puertas en diversos entornos. Con una resistencia a la rotura de 700 kg (7 kN) y una alta resistencia al impacto y a las vibraciones, esta cerradura el\u00e9ctrica es perfecta para su uso en comercios, oficinas, industrias y edificios de apartamentos.<\/p>\n<p class=\"\" data-start=\"807\" data-end=\"1191\">La cerradura est\u00e1 dise\u00f1ada para usarse en puertas divisorias de compartimentos contra incendios junto con una cerradura de doble pestillo y un poste dedicado, lo que la convierte en una soluci\u00f3n segura para el bloqueo interno.<\/p>\n<p class=\"\" data-start=\"807\" data-end=\"1191\">La funci\u00f3n para diestros significa que el bloqueo permanece activo incluso en caso de un corte de energ\u00eda, lo que aumenta la seguridad. Su acabado cincado le proporciona una gran durabilidad y es compatible con cerraduras de una o dos hojas.<\/p>\n<div>\n<div>La cerradura el\u00e9ctrica 70 en \u00e1ngulo recto de 24 V de ASSA ABLOY es una cerradura el\u00e9ctrica fiable para puertas con requisitos de seguridad normales.<\/div>\n<div><\/div>\n<div>Tiene una resistencia a la rotura de 700 kg y es adecuado para su uso en protecci\u00f3n de envolventes, oficinas, industria y zonas p\u00fablicas en edificios de viviendas.<\/div>\n<div><\/div>\n<div>La funci\u00f3n para diestros garantiza que el bloqueo est\u00e9 activo incluso en caso de corte de corriente.<\/div>\n<\/div>\n<div>\n<p class=\"\" data-start=\"1193\" data-end=\"1215\"><strong data-start=\"1193\" data-end=\"1213\">Presupuesto:<\/strong><\/p>\n<ul data-start=\"1216\" data-end=\"1529\">\n<li class=\"\" data-start=\"1216\" data-end=\"1250\">\n<p class=\"\" data-start=\"1218\" data-end=\"1250\">Resistencia a la rotura: 700 kg (7 kN)<\/p>\n<\/li>\n<li class=\"\" data-start=\"1251\" data-end=\"1283\">\n<p class=\"\" data-start=\"1253\" data-end=\"1283\">Bisagra de la puerta: derecha, izquierda<\/p>\n<\/li>\n<li class=\"\" data-start=\"1284\" data-end=\"1321\">\n<p class=\"\" data-start=\"1286\" data-end=\"1321\">Tipo de cerradura: Cerradura de pestillo simple, Cerradura de pestillo doble<\/p>\n<\/li>\n<li class=\"\" data-start=\"1322\" data-end=\"1344\">\n<p class=\"\" data-start=\"1324\" data-end=\"1344\">Voltaje de funcionamiento: 24 V<\/p>\n<\/li>\n<li class=\"\" data-start=\"1345\" data-end=\"1377\">\n<p class=\"\" data-start=\"1347\" data-end=\"1377\">Color\/tratamiento de superficie: galvanizado<\/p>\n<\/li>\n<li class=\"\" data-start=\"1378\" data-end=\"1398\">\n<p class=\"\" data-start=\"1380\" data-end=\"1398\">Contacto del pist\u00f3n: No<\/p>\n<\/li>\n<li class=\"\" data-start=\"1399\" data-end=\"1424\">\n<p class=\"\" data-start=\"1401\" data-end=\"1424\">Voltaje CA\/CC: CA\/CC<\/p>\n<\/li>\n<li class=\"\" data-start=\"1425\" data-end=\"1449\">\n<p class=\"\" data-start=\"1427\" data-end=\"1449\">Voltaje m\u00e1ximo: 26,4 V<\/p>\n<\/li>\n<li class=\"\" data-start=\"1450\" data-end=\"1474\">\n<p class=\"\" data-start=\"1452\" data-end=\"1474\">Voltaje m\u00ednimo: 21,6 V<\/p>\n<\/li>\n<li class=\"\" data-start=\"1475\" data-end=\"1499\">\n<p class=\"\" data-start=\"1477\" data-end=\"1499\">Ca\u00edda de doble giro: No<\/p>\n<\/li>\n<li class=\"\" data-start=\"1500\" data-end=\"1529\">\n<p class=\"\" data-start=\"1502\" data-end=\"1529\">Derecha\/Reversa: Derecha<\/p>\n<\/li>\n<\/ul>\n<p class=\"\" data-start=\"1531\" data-end=\"1779\"><strong data-start=\"1531\" data-end=\"1553\">\u00c1reas de uso<\/strong><br data-start=\"1553\" data-end=\"1556\" \/>La cerradura el\u00e9ctrica es ideal para la protecci\u00f3n de carcasas, cierres interiores en oficinas e industrias, as\u00ed como para entradas y zonas p\u00fablicas en edificios de viviendas.<\/p>\n<p class=\"\" data-start=\"1531\" data-end=\"1779\">Proporciona seguridad confiable en entornos donde se exigen altas exigencias en cuanto a durabilidad y seguridad.<\/p>\n<\/div>","protected":false},"excerpt":{"rendered":"<h5><a href=\"https:\/\/elslutblecksguiden.se\/\" target=\"_blank\" rel=\"noopener\">Gu\u00eda para cerraduras el\u00e9ctricas ASSA, cerraduras motorizadas, placas de cierre el\u00e9ctricas y gu\u00eda de reemplazo<\/a><\/h5>","protected":false},"featured_media":138732,"template":"","meta":{"_acf_changed":false},"product_brand":[],"product_cat":[3355],"product_tag":[4197,4200,2967],"class_list":{"0":"post-91536","1":"product","2":"type-product","3":"status-publish","4":"has-post-thumbnail","6":"product_cat-elslutbleck","7":"product_tag-24v","8":"product_tag-rattvand","9":"product_tag-rg-assa-abloy","10":"product_shipping_class-tunga-paket","11":"pa_brands-abloy","12":"tm-no-options","14":"first","15":"instock","16":"sale","17":"taxable","18":"shipping-taxable","19":"purchasable","20":"product-type-simple"},"acf":[],"_links":{"self":[{"href":"https:\/\/secureus.se\/es\/wp-json\/wp\/v2\/product\/91536","targetHints":{"allow":["GET"]}}],"collection":[{"href":"https:\/\/secureus.se\/es\/wp-json\/wp\/v2\/product"}],"about":[{"href":"https:\/\/secureus.se\/es\/wp-json\/wp\/v2\/types\/product"}],"wp:featuredmedia":[{"embeddable":true,"href":"https:\/\/secureus.se\/es\/wp-json\/wp\/v2\/media\/138732"}],"wp:attachment":[{"href":"https:\/\/secureus.se\/es\/wp-json\/wp\/v2\/media?parent=91536"}],"wp:term":[{"taxonomy":"product_brand","embeddable":true,"href":"https:\/\/secureus.se\/es\/wp-json\/wp\/v2\/product_brand?post=91536"},{"taxonomy":"product_cat","embeddable":true,"href":"https:\/\/secureus.se\/es\/wp-json\/wp\/v2\/product_cat?post=91536"},{"taxonomy":"product_tag","embeddable":true,"href":"https:\/\/secureus.se\/es\/wp-json\/wp\/v2\/product_tag?post=91536"}],"curies":[{"name":"wp","href":"https:\/\/api.w.org\/{rel}","templated":true}]}}