{"id":91538,"date":"2023-09-27T18:13:59","date_gmt":"2023-09-27T16:13:59","guid":{"rendered":"https:\/\/secureus.se\/elslutbleck-8131-rattvand-24v-kolvkontakt\/"},"modified":"2026-04-23T12:21:48","modified_gmt":"2026-04-23T10:21:48","slug":"elslutbleck-8131-rattvand-24v-kolvkontakt","status":"publish","type":"product","link":"https:\/\/secureus.se\/es\/elslutbleck-8131-rattvand-24v-kolvkontakt\/","title":{"rendered":"Cerradero el\u00e9ctrico 8131 Contacto de pist\u00f3n 24 V orientado a la derecha"},"content":{"rendered":"<h1>Cerradero el\u00e9ctrico 8131 Contacto de pist\u00f3n 24 V orientado a la derecha<\/h1>\n<p class=\"\" data-start=\"492\" data-end=\"835\">Cerradero el\u00e9ctrico extra fuerte ASSA ABLOY 8131 El contacto de pist\u00f3n de 24 V orientado hacia la derecha es perfecto para puertas con altas exigencias de durabilidad y seguridad.<\/p>\n<p class=\"\" data-start=\"492\" data-end=\"835\">Con una resistencia a la rotura de 1500 kg (15 kN) y un dise\u00f1o que puede soportar millones de ciclos de apertura, esta cerradura el\u00e9ctrica ofrece un funcionamiento duradero y confiable incluso en condiciones dif\u00edciles.<\/p>\n<p class=\"\" data-start=\"837\" data-end=\"1181\">La funci\u00f3n orientada hacia la derecha se bloquea en la posici\u00f3n desenergizada, lo que la hace segura en situaciones de corte de energ\u00eda. Se incluyen un contacto de \u00e9mbolo de bloqueo y un contacto de anclaje para mayor funcionalidad y seguridad.<\/p>\n<p class=\"\" data-start=\"837\" data-end=\"1181\">La placa de cierre el\u00e9ctrica est\u00e1 dise\u00f1ada para usarse con cerraduras de pestillo simple entrelazadas y tiene una construcci\u00f3n duradera con un pestillo giratorio de acero y una carcasa de cerradura.<\/p>\n<p class=\"\" data-start=\"1183\" data-end=\"1419\">Con una resistencia m\u00e1xima a la rotura de 1500 kg y la capacidad de garantizar la apertura a pesar de una presi\u00f3n de amarre de 250 N (25 kg), ofrece una soluci\u00f3n segura y duradera para una variedad de aplicaciones.<\/p>\n<p class=\"\" data-start=\"1183\" data-end=\"1419\">Su funci\u00f3n antivibraci\u00f3n mejora a\u00fan m\u00e1s la seguridad.<\/p>\n<p class=\"\" data-start=\"1421\" data-end=\"1443\"><strong data-start=\"1421\" data-end=\"1441\">Presupuesto:<\/strong><\/p>\n<ul data-start=\"1444\" data-end=\"1774\">\n<li class=\"\" data-start=\"1444\" data-end=\"1480\">\n<p class=\"\" data-start=\"1446\" data-end=\"1480\">Resistencia a la rotura: 1500 kg (15 kN)<\/p>\n<\/li>\n<li class=\"\" data-start=\"1481\" data-end=\"1513\">\n<p class=\"\" data-start=\"1483\" data-end=\"1513\">Bisagra de la puerta: derecha, izquierda<\/p>\n<\/li>\n<li class=\"\" data-start=\"1514\" data-end=\"1534\">\n<p class=\"\" data-start=\"1516\" data-end=\"1534\">Presi\u00f3n de la tira: 25 kg<\/p>\n<\/li>\n<li class=\"\" data-start=\"1535\" data-end=\"1572\">\n<p class=\"\" data-start=\"1537\" data-end=\"1572\">Tipo de cerradura: Cerradura de pestillo simple, Cerradura de pestillo doble<\/p>\n<\/li>\n<li class=\"\" data-start=\"1573\" data-end=\"1595\">\n<p class=\"\" data-start=\"1575\" data-end=\"1595\">Voltaje de funcionamiento: 24 V<\/p>\n<\/li>\n<li class=\"\" data-start=\"1596\" data-end=\"1626\">\n<p class=\"\" data-start=\"1598\" data-end=\"1626\">Color\/Acabado: Acero inoxidable<\/p>\n<\/li>\n<li class=\"\" data-start=\"1627\" data-end=\"1646\">\n<p class=\"\" data-start=\"1629\" data-end=\"1646\">Contacto del pist\u00f3n: S\u00ed<\/p>\n<\/li>\n<li class=\"\" data-start=\"1647\" data-end=\"1669\">\n<p class=\"\" data-start=\"1649\" data-end=\"1669\">Voltaje CA\/CC: CC<\/p>\n<\/li>\n<li class=\"\" data-start=\"1670\" data-end=\"1694\">\n<p class=\"\" data-start=\"1672\" data-end=\"1694\">Voltaje m\u00e1ximo: 26,4 V<\/p>\n<\/li>\n<li class=\"\" data-start=\"1695\" data-end=\"1719\">\n<p class=\"\" data-start=\"1697\" data-end=\"1719\">Voltaje m\u00ednimo: 21,6 V<\/p>\n<\/li>\n<li class=\"\" data-start=\"1720\" data-end=\"1744\">\n<p class=\"\" data-start=\"1722\" data-end=\"1744\">Ca\u00edda de doble giro: No<\/p>\n<\/li>\n<li class=\"\" data-start=\"1745\" data-end=\"1774\">\n<p class=\"\" data-start=\"1747\" data-end=\"1774\">Derecha\/Reversa: Derecha<\/p>\n<\/li>\n<\/ul>\n<p class=\"\" data-start=\"1776\" data-end=\"1991\"><strong data-start=\"1776\" data-end=\"1798\">\u00c1reas de uso<\/strong><br data-start=\"1798\" data-end=\"1801\" \/>La placa de cierre el\u00e9ctrica 8131 es perfecta para su uso en entornos que requieren una alta durabilidad y seguridad, como en protecciones de conchas, entradas, portones y otras puertas de alta frecuencia en comercios, oficinas e industria.<\/p>","protected":false},"excerpt":{"rendered":"<h5><a href=\"https:\/\/elslutblecksguiden.se\/\" target=\"_blank\" rel=\"noopener\">Gu\u00eda para cerraduras el\u00e9ctricas ASSA, cerraduras motorizadas, placas de cierre el\u00e9ctricas y gu\u00eda de reemplazo<\/a><\/h5>","protected":false},"featured_media":138571,"template":"","meta":{"_acf_changed":false},"product_brand":[],"product_cat":[3355],"product_tag":[4197,4200,2967],"class_list":{"0":"post-91538","1":"product","2":"type-product","3":"status-publish","4":"has-post-thumbnail","6":"product_cat-elslutbleck","7":"product_tag-24v","8":"product_tag-rattvand","9":"product_tag-rg-assa-abloy","10":"product_shipping_class-tunga-paket","11":"pa_brands-abloy","12":"tm-no-options","14":"first","15":"onbackorder","16":"sale","17":"taxable","18":"shipping-taxable","19":"purchasable","20":"product-type-simple"},"acf":[],"_links":{"self":[{"href":"https:\/\/secureus.se\/es\/wp-json\/wp\/v2\/product\/91538","targetHints":{"allow":["GET"]}}],"collection":[{"href":"https:\/\/secureus.se\/es\/wp-json\/wp\/v2\/product"}],"about":[{"href":"https:\/\/secureus.se\/es\/wp-json\/wp\/v2\/types\/product"}],"wp:featuredmedia":[{"embeddable":true,"href":"https:\/\/secureus.se\/es\/wp-json\/wp\/v2\/media\/138571"}],"wp:attachment":[{"href":"https:\/\/secureus.se\/es\/wp-json\/wp\/v2\/media?parent=91538"}],"wp:term":[{"taxonomy":"product_brand","embeddable":true,"href":"https:\/\/secureus.se\/es\/wp-json\/wp\/v2\/product_brand?post=91538"},{"taxonomy":"product_cat","embeddable":true,"href":"https:\/\/secureus.se\/es\/wp-json\/wp\/v2\/product_cat?post=91538"},{"taxonomy":"product_tag","embeddable":true,"href":"https:\/\/secureus.se\/es\/wp-json\/wp\/v2\/product_tag?post=91538"}],"curies":[{"name":"wp","href":"https:\/\/api.w.org\/{rel}","templated":true}]}}