{"id":91540,"date":"2023-09-27T18:13:56","date_gmt":"2023-09-27T16:13:56","guid":{"rendered":"https:\/\/secureus.se\/elslutbleck-575-omstallbar-12-24v-kolvkontakt\/"},"modified":"2026-04-08T15:56:33","modified_gmt":"2026-04-08T13:56:33","slug":"elslutbleck-575-omstallbar-12-24v-kolvkontakt","status":"publish","type":"product","link":"https:\/\/secureus.se\/es\/elslutbleck-575-omstallbar-12-24v-kolvkontakt\/","title":{"rendered":"Cerradura el\u00e9ctrica 575 Regulable 12-24V Contacto de pist\u00f3n"},"content":{"rendered":"<h1>Cerradura el\u00e9ctrica 575 Regulable 12-24V Contacto de pist\u00f3n<\/h1>\n<p class=\"\" data-start=\"520\" data-end=\"887\">La cerradura el\u00e9ctrica est\u00e1ndar ASSA ABLOY 575 con contacto de pist\u00f3n ajustable de 12-24 V est\u00e1 dise\u00f1ada para proporcionar flexibilidad y seguridad en sistemas de puertas con requisitos normales.<\/p>\n<p class=\"\" data-start=\"520\" data-end=\"887\">Es f\u00e1cil cambiar a la funci\u00f3n de avance o retroceso, lo que lo hace \u00fatil para diversas soluciones de seguridad dependiendo de si la cerradura debe bloquearse o desbloquearse en caso de un corte de energ\u00eda.<\/p>\n<p class=\"\" data-start=\"889\" data-end=\"1243\">La cerradura est\u00e1 dise\u00f1ada para usarse en puertas divisorias de compartimentos contra incendios en combinaci\u00f3n con una cerradura de doble pestillo y un poste designado.<\/p>\n<p class=\"\" data-start=\"889\" data-end=\"1243\">Tambi\u00e9n est\u00e1 equipado con un contacto de pist\u00f3n, un cierre giratorio de bronce y una carcasa de bloqueo de aleaci\u00f3n de zinc para mayor durabilidad. Con una resistencia a la rotura de 700 kg (7 kN) y alta resistencia al impacto y a la vibraci\u00f3n, es una opci\u00f3n ideal para puertas en aplicaciones de alta frecuencia.<\/p>\n<p class=\"\" data-start=\"1245\" data-end=\"1487\">Esta cerradura el\u00e9ctrica tambi\u00e9n est\u00e1 equipada con protecci\u00f3n transitoria incorporada, lo que la hace m\u00e1s protegida contra picos de voltaje y transitorios.<\/p>\n<p class=\"\" data-start=\"1245\" data-end=\"1487\">Est\u00e1 dise\u00f1ado para usarse en combinaci\u00f3n con cerraduras de un solo pestillo entrelazadas y tiene un voltaje de funcionamiento de 12-24 V.<\/p>\n<p class=\"\" data-start=\"1489\" data-end=\"1511\"><strong data-start=\"1489\" data-end=\"1509\">Presupuesto:<\/strong><\/p>\n<ul data-start=\"1512\" data-end=\"1847\">\n<li class=\"\" data-start=\"1512\" data-end=\"1546\">\n<p class=\"\" data-start=\"1514\" data-end=\"1546\">Resistencia a la rotura: 700 kg (7 kN)<\/p>\n<\/li>\n<li class=\"\" data-start=\"1547\" data-end=\"1579\">\n<p class=\"\" data-start=\"1549\" data-end=\"1579\">Bisagra de la puerta: derecha, izquierda<\/p>\n<\/li>\n<li class=\"\" data-start=\"1580\" data-end=\"1617\">\n<p class=\"\" data-start=\"1582\" data-end=\"1617\">Tipo de cerradura: Cerradura de pestillo simple, Cerradura de pestillo doble<\/p>\n<\/li>\n<li class=\"\" data-start=\"1618\" data-end=\"1643\">\n<p class=\"\" data-start=\"1620\" data-end=\"1643\">Voltaje de funcionamiento: 12-24 V<\/p>\n<\/li>\n<li class=\"\" data-start=\"1644\" data-end=\"1676\">\n<p class=\"\" data-start=\"1646\" data-end=\"1676\">Color\/tratamiento de superficie: galvanizado<\/p>\n<\/li>\n<li class=\"\" data-start=\"1677\" data-end=\"1696\">\n<p class=\"\" data-start=\"1679\" data-end=\"1696\">Contacto del pist\u00f3n: S\u00ed<\/p>\n<\/li>\n<li class=\"\" data-start=\"1697\" data-end=\"1722\">\n<p class=\"\" data-start=\"1699\" data-end=\"1722\">Voltaje CA\/CC: CA\/CC<\/p>\n<\/li>\n<li class=\"\" data-start=\"1723\" data-end=\"1747\">\n<p class=\"\" data-start=\"1725\" data-end=\"1747\">Voltaje m\u00e1ximo: 26,4 V<\/p>\n<\/li>\n<li class=\"\" data-start=\"1748\" data-end=\"1772\">\n<p class=\"\" data-start=\"1750\" data-end=\"1772\">Voltaje m\u00ednimo: 10,8 V<\/p>\n<\/li>\n<li class=\"\" data-start=\"1773\" data-end=\"1797\">\n<p class=\"\" data-start=\"1775\" data-end=\"1797\">Ca\u00edda de doble giro: No<\/p>\n<\/li>\n<li class=\"\" data-start=\"1798\" data-end=\"1847\">\n<p class=\"\" data-start=\"1800\" data-end=\"1847\">Adelante\/Atr\u00e1s: Conmutable (Adelante\/Atr\u00e1s)<\/p>\n<\/li>\n<\/ul>\n<p class=\"\" data-start=\"1849\" data-end=\"2174\"><strong data-start=\"1849\" data-end=\"1871\">\u00c1reas de uso<\/strong><br data-start=\"1871\" data-end=\"1874\" \/>Esta cerradura el\u00e9ctrica es excelente para usar en recintos, entradas, portones y otras puertas de alta frecuencia en edificios minoristas, de oficinas, industriales y multifamiliares.<\/p>\n<p class=\"\" data-start=\"1849\" data-end=\"2174\">Es especialmente \u00fatil en entornos donde se requiere flexibilidad y durabilidad, y donde es importante poder ajustar la funci\u00f3n en funci\u00f3n de las necesidades.<\/p>","protected":false},"excerpt":{"rendered":"<h5><a href=\"https:\/\/elslutblecksguiden.se\/\" target=\"_blank\" rel=\"noopener\">Gu\u00eda para cerraduras el\u00e9ctricas ASSA, cerraduras motorizadas, placas de cierre el\u00e9ctricas y gu\u00eda de reemplazo<\/a><\/h5>","protected":false},"featured_media":140071,"template":"","meta":{"_acf_changed":false},"product_brand":[],"product_cat":[3355],"product_tag":[4196,4202,2967],"class_list":{"0":"post-91540","1":"product","2":"type-product","3":"status-publish","4":"has-post-thumbnail","6":"product_cat-elslutbleck","7":"product_tag-12-24v","8":"product_tag-omstallbar-rattvand-omvand","9":"product_tag-rg-assa-abloy","10":"product_shipping_class-tunga-paket","11":"pa_brands-abloy","12":"tm-no-options","14":"first","15":"instock","16":"sale","17":"taxable","18":"shipping-taxable","19":"purchasable","20":"product-type-simple"},"acf":[],"_links":{"self":[{"href":"https:\/\/secureus.se\/es\/wp-json\/wp\/v2\/product\/91540","targetHints":{"allow":["GET"]}}],"collection":[{"href":"https:\/\/secureus.se\/es\/wp-json\/wp\/v2\/product"}],"about":[{"href":"https:\/\/secureus.se\/es\/wp-json\/wp\/v2\/types\/product"}],"wp:featuredmedia":[{"embeddable":true,"href":"https:\/\/secureus.se\/es\/wp-json\/wp\/v2\/media\/140071"}],"wp:attachment":[{"href":"https:\/\/secureus.se\/es\/wp-json\/wp\/v2\/media?parent=91540"}],"wp:term":[{"taxonomy":"product_brand","embeddable":true,"href":"https:\/\/secureus.se\/es\/wp-json\/wp\/v2\/product_brand?post=91540"},{"taxonomy":"product_cat","embeddable":true,"href":"https:\/\/secureus.se\/es\/wp-json\/wp\/v2\/product_cat?post=91540"},{"taxonomy":"product_tag","embeddable":true,"href":"https:\/\/secureus.se\/es\/wp-json\/wp\/v2\/product_tag?post=91540"}],"curies":[{"name":"wp","href":"https:\/\/api.w.org\/{rel}","templated":true}]}}