{"id":91541,"date":"2023-09-27T18:13:55","date_gmt":"2023-09-27T16:13:55","guid":{"rendered":"https:\/\/secureus.se\/elslutbleck-331-omvand-24v-kolvkontakt\/"},"modified":"2026-04-08T15:56:34","modified_gmt":"2026-04-08T13:56:34","slug":"elslutbleck-331-omvand-24v-kolvkontakt","status":"publish","type":"product","link":"https:\/\/secureus.se\/es\/elslutbleck-331-omvand-24v-kolvkontakt\/","title":{"rendered":"Cerradura el\u00e9ctrica 331 Contacto de pist\u00f3n inverso 24 V"},"content":{"rendered":"<h1>Cerradura el\u00e9ctrica 331 Contacto de pist\u00f3n inverso 24 V<\/h1>\n<p class=\"\" data-start=\"433\" data-end=\"796\">La cerradura el\u00e9ctrica extra fuerte ASSA ABLOY 331 Reverse 24V El contacto de pist\u00f3n est\u00e1 dise\u00f1ado para cumplir con los requisitos m\u00e1s estrictos de durabilidad y seguridad.<\/p>\n<p class=\"\" data-start=\"433\" data-end=\"796\">Con una resistencia a la rotura de 750 kg (7,5 kN) y la capacidad de soportar millones de ciclos de apertura, es ideal para puertas de alta frecuencia utilizadas en protecci\u00f3n de carcasas, entradas y otras aplicaciones de alta seguridad.<\/p>\n<p class=\"\" data-start=\"798\" data-end=\"1099\">La funci\u00f3n inversa garantiza que la cerradura el\u00e9ctrica se desbloquee en caso de un corte de energ\u00eda, lo que la hace especialmente adecuada para puertas de escape y esclusas de aire con diferencias de presi\u00f3n.<\/p>\n<p class=\"\" data-start=\"798\" data-end=\"1099\">La construcci\u00f3n de la cerradura es robusta y resistente al desgaste, con un cierre giratorio de acero y una carcasa de cerradura de aleaci\u00f3n de zinc para una m\u00e1xima durabilidad.<\/p>\n<p class=\"\" data-start=\"1101\" data-end=\"1345\">El cerradero el\u00e9ctrico garantiza la apertura a pesar de una presi\u00f3n de banda de hasta 500 kg, lo que lo convierte en una soluci\u00f3n segura para entornos exigentes.<\/p>\n<p class=\"\" data-start=\"1101\" data-end=\"1345\">La fuerza de retenci\u00f3n de la puerta en la posici\u00f3n desbloqueada es de 4 kg, lo que significa que la puerta permanece en la posici\u00f3n correcta durante el uso.<\/p>\n<p class=\"\" data-start=\"1347\" data-end=\"1369\"><strong data-start=\"1347\" data-end=\"1367\">Presupuesto:<\/strong><\/p>\n<ul data-start=\"1370\" data-end=\"1700\">\n<li class=\"\" data-start=\"1370\" data-end=\"1406\">\n<p class=\"\" data-start=\"1372\" data-end=\"1406\">Resistencia a la rotura: 750 kg (7,5 kN)<\/p>\n<\/li>\n<li class=\"\" data-start=\"1407\" data-end=\"1439\">\n<p class=\"\" data-start=\"1409\" data-end=\"1439\">Bisagra de la puerta: derecha, izquierda<\/p>\n<\/li>\n<li class=\"\" data-start=\"1440\" data-end=\"1461\">\n<p class=\"\" data-start=\"1442\" data-end=\"1461\">Presi\u00f3n de lista: 500 kg<\/p>\n<\/li>\n<li class=\"\" data-start=\"1462\" data-end=\"1499\">\n<p class=\"\" data-start=\"1464\" data-end=\"1499\">Tipo de cerradura: Cerradura de pestillo simple, Cerradura de pestillo doble<\/p>\n<\/li>\n<li class=\"\" data-start=\"1500\" data-end=\"1522\">\n<p class=\"\" data-start=\"1502\" data-end=\"1522\">Voltaje de funcionamiento: 24 V<\/p>\n<\/li>\n<li class=\"\" data-start=\"1523\" data-end=\"1553\">\n<p class=\"\" data-start=\"1525\" data-end=\"1553\">Color\/Acabado: Acero inoxidable<\/p>\n<\/li>\n<li class=\"\" data-start=\"1554\" data-end=\"1574\">\n<p class=\"\" data-start=\"1556\" data-end=\"1574\">Contacto del pist\u00f3n: No<\/p>\n<\/li>\n<li class=\"\" data-start=\"1575\" data-end=\"1597\">\n<p class=\"\" data-start=\"1577\" data-end=\"1597\">Voltaje CA\/CC: CC<\/p>\n<\/li>\n<li class=\"\" data-start=\"1598\" data-end=\"1622\">\n<p class=\"\" data-start=\"1600\" data-end=\"1622\">Voltaje m\u00e1ximo: 26,4 V<\/p>\n<\/li>\n<li class=\"\" data-start=\"1623\" data-end=\"1647\">\n<p class=\"\" data-start=\"1625\" data-end=\"1647\">Voltaje m\u00ednimo: 21,6 V<\/p>\n<\/li>\n<li class=\"\" data-start=\"1648\" data-end=\"1672\">\n<p class=\"\" data-start=\"1650\" data-end=\"1672\">Ca\u00edda de doble giro: No<\/p>\n<\/li>\n<li class=\"\" data-start=\"1673\" data-end=\"1700\">\n<p class=\"\" data-start=\"1675\" data-end=\"1700\">Derecha\/Reversa: Reversa<\/p>\n<\/li>\n<\/ul>\n<p class=\"\" data-start=\"1702\" data-end=\"1933\"><strong data-start=\"1702\" data-end=\"1724\">\u00c1reas de uso<\/strong><br data-start=\"1724\" data-end=\"1727\" \/>La placa de cierre el\u00e9ctrica 331 es perfecta para su uso en puertas de alta frecuencia en protecci\u00f3n de carcasas, entradas, portones, puertas de escape y otras \u00e1reas que requieren alta seguridad y durabilidad, por ejemplo en la industria y el comercio.<\/p>","protected":false},"excerpt":{"rendered":"<h5><a href=\"https:\/\/elslutblecksguiden.se\/\" target=\"_blank\" rel=\"noopener\">Gu\u00eda para cerraduras el\u00e9ctricas ASSA, cerraduras motorizadas, placas de cierre el\u00e9ctricas y gu\u00eda de reemplazo<\/a><\/h5>","protected":false},"featured_media":139395,"template":"","meta":{"_acf_changed":false},"product_brand":[],"product_cat":[3355],"product_tag":[4197,4201,2967],"class_list":{"0":"post-91541","1":"product","2":"type-product","3":"status-publish","4":"has-post-thumbnail","6":"product_cat-elslutbleck","7":"product_tag-24v","8":"product_tag-omvand","9":"product_tag-rg-assa-abloy","10":"product_shipping_class-tunga-paket","11":"pa_brands-abloy","12":"tm-no-options","14":"first","15":"onbackorder","16":"sale","17":"taxable","18":"shipping-taxable","19":"purchasable","20":"product-type-simple"},"acf":[],"_links":{"self":[{"href":"https:\/\/secureus.se\/es\/wp-json\/wp\/v2\/product\/91541","targetHints":{"allow":["GET"]}}],"collection":[{"href":"https:\/\/secureus.se\/es\/wp-json\/wp\/v2\/product"}],"about":[{"href":"https:\/\/secureus.se\/es\/wp-json\/wp\/v2\/types\/product"}],"wp:featuredmedia":[{"embeddable":true,"href":"https:\/\/secureus.se\/es\/wp-json\/wp\/v2\/media\/139395"}],"wp:attachment":[{"href":"https:\/\/secureus.se\/es\/wp-json\/wp\/v2\/media?parent=91541"}],"wp:term":[{"taxonomy":"product_brand","embeddable":true,"href":"https:\/\/secureus.se\/es\/wp-json\/wp\/v2\/product_brand?post=91541"},{"taxonomy":"product_cat","embeddable":true,"href":"https:\/\/secureus.se\/es\/wp-json\/wp\/v2\/product_cat?post=91541"},{"taxonomy":"product_tag","embeddable":true,"href":"https:\/\/secureus.se\/es\/wp-json\/wp\/v2\/product_tag?post=91541"}],"curies":[{"name":"wp","href":"https:\/\/api.w.org\/{rel}","templated":true}]}}