{"id":91543,"date":"2023-09-27T18:13:52","date_gmt":"2023-09-27T16:13:52","guid":{"rendered":"https:\/\/secureus.se\/elslutbleck-585-omstallbar-12-24v-hi-o-kolvkontakt\/"},"modified":"2026-04-23T12:21:56","modified_gmt":"2026-04-23T10:21:56","slug":"elslutbleck-585-omstallbar-12-24v-hi-o-kolvkontakt","status":"publish","type":"product","link":"https:\/\/secureus.se\/es\/elslutbleck-585-omstallbar-12-24v-hi-o-kolvkontakt\/","title":{"rendered":"Cerradura el\u00e9ctrica 585 con contacto de pist\u00f3n de alta potencia de 12-24 V ajustable"},"content":{"rendered":"<h1>Cerradura el\u00e9ctrica 585 con contacto de pist\u00f3n de alta potencia de 12-24 V ajustable<\/h1>\n<p class=\"\" data-start=\"481\" data-end=\"901\">La cerradura el\u00e9ctrica est\u00e1ndar ASSA ABLOY 585 con contacto de pist\u00f3n Hi-O ajustable de 12-24 V est\u00e1 dise\u00f1ada para usarse en puertas que tienen requisitos de seguridad normales.<\/p>\n<p class=\"\" data-start=\"481\" data-end=\"901\">Es f\u00e1cil cambiar entre la funci\u00f3n de avance y retroceso, lo que lo hace muy flexible para diferentes necesidades de instalaci\u00f3n.<\/p>\n<p class=\"\" data-start=\"481\" data-end=\"901\">La cerradura se desbloquea en caso de un corte de energ\u00eda cuando se utiliza en modo inverso, lo que la hace ideal para situaciones donde esto es necesario.<\/p>\n<p class=\"\" data-start=\"903\" data-end=\"1270\">La placa de cierre el\u00e9ctrica est\u00e1 dise\u00f1ada para usarse en puertas divisorias de compartimentos contra incendios en combinaci\u00f3n con una cerradura de doble pestillo y un poste designado.<\/p>\n<p class=\"\" data-start=\"903\" data-end=\"1270\">Con una resistencia a la rotura de 700 kg (7 kN), cerradura giratoria de bronce y carcasa de cerradura de aleaci\u00f3n de zinc, ofrece durabilidad y alta seguridad.<\/p>\n<p class=\"\" data-start=\"903\" data-end=\"1270\">Tambi\u00e9n est\u00e1 equipado con un pestillo de cierre y protecci\u00f3n transitoria incorporada para proteger contra interferencias el\u00e9ctricas.<\/p>\n<p class=\"\" data-start=\"1272\" data-end=\"1401\">La cerradura el\u00e9ctrica 585 tambi\u00e9n es compatible con la tecnolog\u00eda Can bus Hi-O, lo que la convierte en la opci\u00f3n perfecta para sistemas de seguridad integrados.<\/p>\n<p class=\"\" data-start=\"1403\" data-end=\"1425\"><strong data-start=\"1403\" data-end=\"1423\">Presupuesto:<\/strong><\/p>\n<ul data-start=\"1426\" data-end=\"1761\">\n<li class=\"\" data-start=\"1426\" data-end=\"1460\">\n<p class=\"\" data-start=\"1428\" data-end=\"1460\">Resistencia a la rotura: 700 kg (7 kN)<\/p>\n<\/li>\n<li class=\"\" data-start=\"1461\" data-end=\"1493\">\n<p class=\"\" data-start=\"1463\" data-end=\"1493\">Bisagra de la puerta: derecha, izquierda<\/p>\n<\/li>\n<li class=\"\" data-start=\"1494\" data-end=\"1531\">\n<p class=\"\" data-start=\"1496\" data-end=\"1531\">Tipo de cerradura: Cerradura de pestillo simple, Cerradura de pestillo doble<\/p>\n<\/li>\n<li class=\"\" data-start=\"1532\" data-end=\"1557\">\n<p class=\"\" data-start=\"1534\" data-end=\"1557\">Voltaje de funcionamiento: 12-24 V<\/p>\n<\/li>\n<li class=\"\" data-start=\"1558\" data-end=\"1590\">\n<p class=\"\" data-start=\"1560\" data-end=\"1590\">Color\/tratamiento de superficie: galvanizado<\/p>\n<\/li>\n<li class=\"\" data-start=\"1591\" data-end=\"1610\">\n<p class=\"\" data-start=\"1593\" data-end=\"1610\">Contacto del pist\u00f3n: S\u00ed<\/p>\n<\/li>\n<li class=\"\" data-start=\"1611\" data-end=\"1636\">\n<p class=\"\" data-start=\"1613\" data-end=\"1636\">Voltaje CA\/CC: CA\/CC<\/p>\n<\/li>\n<li class=\"\" data-start=\"1637\" data-end=\"1661\">\n<p class=\"\" data-start=\"1639\" data-end=\"1661\">Voltaje m\u00e1ximo: 26,4 V<\/p>\n<\/li>\n<li class=\"\" data-start=\"1662\" data-end=\"1686\">\n<p class=\"\" data-start=\"1664\" data-end=\"1686\">Voltaje m\u00ednimo: 10,8 V<\/p>\n<\/li>\n<li class=\"\" data-start=\"1687\" data-end=\"1711\">\n<p class=\"\" data-start=\"1689\" data-end=\"1711\">Ca\u00edda de doble giro: No<\/p>\n<\/li>\n<li class=\"\" data-start=\"1712\" data-end=\"1761\">\n<p class=\"\" data-start=\"1714\" data-end=\"1761\">Adelante\/Atr\u00e1s: Conmutable (Adelante\/Atr\u00e1s)<\/p>\n<\/li>\n<\/ul>\n<p class=\"\" data-start=\"1763\" data-end=\"2043\"><strong data-start=\"1763\" data-end=\"1785\">\u00c1reas de uso<\/strong><br data-start=\"1785\" data-end=\"1788\" \/>Esta cerradura el\u00e9ctrica es perfecta para usar en puertas para protecci\u00f3n de carcasa, cierre interior, entradas y zonas p\u00fablicas en edificios de viviendas, oficinas e industria.<\/p>\n<p class=\"\" data-start=\"1763\" data-end=\"2043\">Es particularmente \u00fatil en sistemas de seguridad integrados que requieren soporte para la tecnolog\u00eda Can bus Hi-O.<\/p>","protected":false},"excerpt":{"rendered":"<h5><a href=\"https:\/\/elslutblecksguiden.se\/\" target=\"_blank\" rel=\"noopener\">Gu\u00eda para cerraduras el\u00e9ctricas ASSA, cerraduras motorizadas, placas de cierre el\u00e9ctricas y gu\u00eda de reemplazo<\/a><\/h5>","protected":false},"featured_media":139430,"template":"","meta":{"_acf_changed":false},"product_brand":[],"product_cat":[3355],"product_tag":[4196,4202,2967],"class_list":{"0":"post-91543","1":"product","2":"type-product","3":"status-publish","4":"has-post-thumbnail","6":"product_cat-elslutbleck","7":"product_tag-12-24v","8":"product_tag-omstallbar-rattvand-omvand","9":"product_tag-rg-assa-abloy","10":"product_shipping_class-tunga-paket","11":"pa_brands-abloy","12":"tm-no-options","14":"first","15":"outofstock","16":"sale","17":"taxable","18":"shipping-taxable","19":"purchasable","20":"product-type-simple"},"acf":[],"_links":{"self":[{"href":"https:\/\/secureus.se\/es\/wp-json\/wp\/v2\/product\/91543","targetHints":{"allow":["GET"]}}],"collection":[{"href":"https:\/\/secureus.se\/es\/wp-json\/wp\/v2\/product"}],"about":[{"href":"https:\/\/secureus.se\/es\/wp-json\/wp\/v2\/types\/product"}],"wp:featuredmedia":[{"embeddable":true,"href":"https:\/\/secureus.se\/es\/wp-json\/wp\/v2\/media\/139430"}],"wp:attachment":[{"href":"https:\/\/secureus.se\/es\/wp-json\/wp\/v2\/media?parent=91543"}],"wp:term":[{"taxonomy":"product_brand","embeddable":true,"href":"https:\/\/secureus.se\/es\/wp-json\/wp\/v2\/product_brand?post=91543"},{"taxonomy":"product_cat","embeddable":true,"href":"https:\/\/secureus.se\/es\/wp-json\/wp\/v2\/product_cat?post=91543"},{"taxonomy":"product_tag","embeddable":true,"href":"https:\/\/secureus.se\/es\/wp-json\/wp\/v2\/product_tag?post=91543"}],"curies":[{"name":"wp","href":"https:\/\/api.w.org\/{rel}","templated":true}]}}