{"id":91545,"date":"2023-09-27T18:13:49","date_gmt":"2023-09-27T16:13:49","guid":{"rendered":"https:\/\/secureus.se\/elslutbleck-8331-omvand-24v-kolvkontakt\/"},"modified":"2026-04-23T12:22:15","modified_gmt":"2026-04-23T10:22:15","slug":"elslutbleck-8331-omvand-24v-kolvkontakt","status":"publish","type":"product","link":"https:\/\/secureus.se\/es\/elslutbleck-8331-omvand-24v-kolvkontakt\/","title":{"rendered":"Cerradura el\u00e9ctrica 8331 Contacto de pist\u00f3n inverso 24 V"},"content":{"rendered":"<h1>Cerradura el\u00e9ctrica 8331 Contacto de pist\u00f3n inverso 24 V<\/h1>\n<p class=\"\" data-start=\"449\" data-end=\"801\">El abrepuertas el\u00e9ctrico extrafuerte ASSA ABLOY 8331 Reverse 24V El contacto de pist\u00f3n est\u00e1 dise\u00f1ado para cumplir con los m\u00e1s altos requisitos de seguridad, especialmente en puertas con alta frecuencia de uso.<\/p>\n<p class=\"\" data-start=\"449\" data-end=\"801\">Es especialmente adecuado para su uso como cerradura de d\u00eda en recintos, entradas, portones y otras puertas expuestas a elevadas cargas en comercios, oficinas e industria.<\/p>\n<p class=\"\" data-start=\"803\" data-end=\"1152\">La cerradura el\u00e9ctrica tiene funci\u00f3n inversa, es decir, se desbloquea en caso de corte de corriente, lo que la hace \u00f3ptima para su uso en puertas de escape y esclusas de aire con diferencias de presi\u00f3n.<\/p>\n<p class=\"\" data-start=\"803\" data-end=\"1152\">Su resistencia a la rotura de 750 kg (7,5 kN) y su capacidad para soportar una presi\u00f3n de fleje de 500 kg lo convierten en una soluci\u00f3n segura y confiable incluso en condiciones dif\u00edciles.<\/p>\n<p class=\"\" data-start=\"1154\" data-end=\"1401\">Con una construcci\u00f3n duradera que puede soportar millones de ciclos de apertura y una carcasa de bloqueo y cerradura giratoria de acero, esta cerradura el\u00e9ctrica ofrece una larga durabilidad y un funcionamiento confiable.<\/p>\n<p class=\"\" data-start=\"1154\" data-end=\"1401\">Su conector de \u00e9mbolo de bloqueo y su conector de anclaje garantizan una instalaci\u00f3n f\u00e1cil y segura.<\/p>\n<p class=\"\" data-start=\"1403\" data-end=\"1425\"><strong data-start=\"1403\" data-end=\"1423\">Presupuesto:<\/strong><\/p>\n<ul data-start=\"1426\" data-end=\"1755\">\n<li class=\"\" data-start=\"1426\" data-end=\"1462\">\n<p class=\"\" data-start=\"1428\" data-end=\"1462\">Resistencia a la rotura: 750 kg (7,5 kN)<\/p>\n<\/li>\n<li class=\"\" data-start=\"1463\" data-end=\"1495\">\n<p class=\"\" data-start=\"1465\" data-end=\"1495\">Bisagra de la puerta: derecha, izquierda<\/p>\n<\/li>\n<li class=\"\" data-start=\"1496\" data-end=\"1517\">\n<p class=\"\" data-start=\"1498\" data-end=\"1517\">Presi\u00f3n de lista: 500 kg<\/p>\n<\/li>\n<li class=\"\" data-start=\"1518\" data-end=\"1555\">\n<p class=\"\" data-start=\"1520\" data-end=\"1555\">Tipo de cerradura: Cerradura de pestillo simple, Cerradura de pestillo doble<\/p>\n<\/li>\n<li class=\"\" data-start=\"1556\" data-end=\"1578\">\n<p class=\"\" data-start=\"1558\" data-end=\"1578\">Voltaje de funcionamiento: 24 V<\/p>\n<\/li>\n<li class=\"\" data-start=\"1579\" data-end=\"1609\">\n<p class=\"\" data-start=\"1581\" data-end=\"1609\">Color\/Acabado: Acero inoxidable<\/p>\n<\/li>\n<li class=\"\" data-start=\"1610\" data-end=\"1629\">\n<p class=\"\" data-start=\"1612\" data-end=\"1629\">Contacto del pist\u00f3n: S\u00ed<\/p>\n<\/li>\n<li class=\"\" data-start=\"1630\" data-end=\"1652\">\n<p class=\"\" data-start=\"1632\" data-end=\"1652\">Voltaje CA\/CC: CC<\/p>\n<\/li>\n<li class=\"\" data-start=\"1653\" data-end=\"1677\">\n<p class=\"\" data-start=\"1655\" data-end=\"1677\">Voltaje m\u00e1ximo: 26,4 V<\/p>\n<\/li>\n<li class=\"\" data-start=\"1678\" data-end=\"1702\">\n<p class=\"\" data-start=\"1680\" data-end=\"1702\">Voltaje m\u00ednimo: 21,6 V<\/p>\n<\/li>\n<li class=\"\" data-start=\"1703\" data-end=\"1727\">\n<p class=\"\" data-start=\"1705\" data-end=\"1727\">Ca\u00edda de doble giro: No<\/p>\n<\/li>\n<li class=\"\" data-start=\"1728\" data-end=\"1755\">\n<p class=\"\" data-start=\"1730\" data-end=\"1755\">Derecha\/Reversa: Reversa<\/p>\n<\/li>\n<\/ul>\n<p class=\"\" data-start=\"1757\" data-end=\"2047\"><strong data-start=\"1757\" data-end=\"1779\">\u00c1reas de uso<\/strong><br data-start=\"1779\" data-end=\"1782\" \/>La placa de cerradura el\u00e9ctrica 8331 es excelente para usar en puertas de escape, esclusas de aire y otras puertas de seguridad cr\u00edticas donde es importante que la cerradura se desbloquee en caso de un corte de energ\u00eda.<\/p>\n<p class=\"\" data-start=\"1757\" data-end=\"2047\">Perfecto para protecci\u00f3n y seguridad de carcasas dentro de puertas de alta frecuencia en entornos industriales, de oficina y comerciales.<\/p>","protected":false},"excerpt":{"rendered":"<h5><a href=\"https:\/\/elslutblecksguiden.se\/\" target=\"_blank\" rel=\"noopener\">Gu\u00eda para cerraduras el\u00e9ctricas ASSA, cerraduras motorizadas, placas de cierre el\u00e9ctricas y gu\u00eda de reemplazo<\/a><\/h5>","protected":false},"featured_media":139443,"template":"","meta":{"_acf_changed":false},"product_brand":[],"product_cat":[3355],"product_tag":[4197,4201,2967],"class_list":{"0":"post-91545","1":"product","2":"type-product","3":"status-publish","4":"has-post-thumbnail","6":"product_cat-elslutbleck","7":"product_tag-24v","8":"product_tag-omvand","9":"product_tag-rg-assa-abloy","10":"product_shipping_class-tunga-paket","11":"pa_brands-abloy","12":"tm-no-options","14":"first","15":"onbackorder","16":"sale","17":"taxable","18":"shipping-taxable","19":"purchasable","20":"product-type-simple"},"acf":[],"_links":{"self":[{"href":"https:\/\/secureus.se\/es\/wp-json\/wp\/v2\/product\/91545","targetHints":{"allow":["GET"]}}],"collection":[{"href":"https:\/\/secureus.se\/es\/wp-json\/wp\/v2\/product"}],"about":[{"href":"https:\/\/secureus.se\/es\/wp-json\/wp\/v2\/types\/product"}],"wp:featuredmedia":[{"embeddable":true,"href":"https:\/\/secureus.se\/es\/wp-json\/wp\/v2\/media\/139443"}],"wp:attachment":[{"href":"https:\/\/secureus.se\/es\/wp-json\/wp\/v2\/media?parent=91545"}],"wp:term":[{"taxonomy":"product_brand","embeddable":true,"href":"https:\/\/secureus.se\/es\/wp-json\/wp\/v2\/product_brand?post=91545"},{"taxonomy":"product_cat","embeddable":true,"href":"https:\/\/secureus.se\/es\/wp-json\/wp\/v2\/product_cat?post=91545"},{"taxonomy":"product_tag","embeddable":true,"href":"https:\/\/secureus.se\/es\/wp-json\/wp\/v2\/product_tag?post=91545"}],"curies":[{"name":"wp","href":"https:\/\/api.w.org\/{rel}","templated":true}]}}