{"id":91547,"date":"2023-09-27T18:13:46","date_gmt":"2023-09-27T16:13:46","guid":{"rendered":"https:\/\/secureus.se\/elslutbleck-905m-omstallbar-12-24v-kolvkontakt\/"},"modified":"2026-03-25T15:41:13","modified_gmt":"2026-03-25T14:41:13","slug":"elslutbleck-905m-omstallbar-12-24v-kolvkontakt","status":"publish","type":"product","link":"https:\/\/secureus.se\/es\/elslutbleck-905m-omstallbar-12-24v-kolvkontakt\/","title":{"rendered":"Cerradura el\u00e9ctrica 905M Contacto de pist\u00f3n ajustable 12-24V"},"content":{"rendered":"<h1>Cerradura el\u00e9ctrica 905M Contacto de pist\u00f3n ajustable 12-24V<\/h1>\n<p class=\"\" data-start=\"447\" data-end=\"796\">El contacto de pist\u00f3n conmutable de 12-24 V ASSA Electric Strike 905M es parte de la serie 900 y est\u00e1 dise\u00f1ado para cumplir con los requisitos de seguridad en puertas utilizadas en entornos comerciales e industriales.<\/p>\n<p class=\"\" data-start=\"447\" data-end=\"796\">Es f\u00e1cil cambiar entre la funci\u00f3n de avance y retroceso, lo que lo hace flexible y adaptable a diferentes necesidades de seguridad.<\/p>\n<p class=\"\" data-start=\"798\" data-end=\"1126\">Con una resistencia a la rotura de 650 kg (6,5 kN) y una alta resistencia a las vibraciones y al impacto, este cerradero el\u00e9ctrico es ideal para puertas de alta frecuencia expuestas a tensiones.<\/p>\n<p class=\"\" data-start=\"798\" data-end=\"1126\">La carcasa de la cerradura est\u00e1 hecha de aleaci\u00f3n de zinc y el cierre giratorio est\u00e1 hecho de bronce, lo que proporciona mayor durabilidad. Su funci\u00f3n de presi\u00f3n de tira mejorada le permite manejar la apertura bajo presi\u00f3n.<\/p>\n<p class=\"\" data-start=\"1128\" data-end=\"1391\">La cerradura el\u00e9ctrica est\u00e1 equipada con un contacto de pist\u00f3n y protecci\u00f3n transitoria incorporada para proteger contra interferencias el\u00e9ctricas.<\/p>\n<p class=\"\" data-start=\"1128\" data-end=\"1391\">Esto lo convierte en una opci\u00f3n muy confiable para puertas que requieren seguridad constante, como en barandillas, entradas y otros espacios p\u00fablicos.<\/p>\n<p class=\"\" data-start=\"1393\" data-end=\"1415\"><strong data-start=\"1393\" data-end=\"1413\">Presupuesto:<\/strong><\/p>\n<ul data-start=\"1416\" data-end=\"1827\">\n<li class=\"\" data-start=\"1416\" data-end=\"1452\">\n<p class=\"\" data-start=\"1418\" data-end=\"1452\">Resistencia a la rotura: 650 kg (6,5 kN)<\/p>\n<\/li>\n<li class=\"\" data-start=\"1453\" data-end=\"1485\">\n<p class=\"\" data-start=\"1455\" data-end=\"1485\">Bisagra de la puerta: derecha, izquierda<\/p>\n<\/li>\n<li class=\"\" data-start=\"1486\" data-end=\"1523\">\n<p class=\"\" data-start=\"1488\" data-end=\"1523\">Tipo de cerradura: Cerradura de pestillo simple, Cerradura de pestillo doble<\/p>\n<\/li>\n<li class=\"\" data-start=\"1524\" data-end=\"1549\">\n<p class=\"\" data-start=\"1526\" data-end=\"1549\">Voltaje de funcionamiento: 12-24 V<\/p>\n<\/li>\n<li class=\"\" data-start=\"1550\" data-end=\"1582\">\n<p class=\"\" data-start=\"1552\" data-end=\"1582\">Color\/tratamiento de superficie: galvanizado<\/p>\n<\/li>\n<li class=\"\" data-start=\"1583\" data-end=\"1602\">\n<p class=\"\" data-start=\"1585\" data-end=\"1602\">Contacto del pist\u00f3n: S\u00ed<\/p>\n<\/li>\n<li class=\"\" data-start=\"1603\" data-end=\"1628\">\n<p class=\"\" data-start=\"1605\" data-end=\"1628\">Voltaje CA\/CC: CA\/CC<\/p>\n<\/li>\n<li class=\"\" data-start=\"1629\" data-end=\"1653\">\n<p class=\"\" data-start=\"1631\" data-end=\"1653\">Voltaje m\u00e1ximo: 27,6 V<\/p>\n<\/li>\n<li class=\"\" data-start=\"1654\" data-end=\"1678\">\n<p class=\"\" data-start=\"1656\" data-end=\"1678\">Voltaje m\u00ednimo: 10,8 V<\/p>\n<\/li>\n<li class=\"\" data-start=\"1679\" data-end=\"1703\">\n<p class=\"\" data-start=\"1681\" data-end=\"1703\">Ca\u00edda de doble giro: No<\/p>\n<\/li>\n<li class=\"\" data-start=\"1704\" data-end=\"1753\">\n<p class=\"\" data-start=\"1706\" data-end=\"1753\">Adelante\/Atr\u00e1s: Conmutable (Adelante\/Atr\u00e1s)<\/p>\n<\/li>\n<li class=\"\" data-start=\"1754\" data-end=\"1778\">\n<p class=\"\" data-start=\"1756\" data-end=\"1778\">Ancho del producto: 27 mm<\/p>\n<\/li>\n<li class=\"\" data-start=\"1779\" data-end=\"1802\">\n<p class=\"\" data-start=\"1781\" data-end=\"1802\">Profundidad del producto: 40 mm<\/p>\n<\/li>\n<li class=\"\" data-start=\"1803\" data-end=\"1827\">\n<p class=\"\" data-start=\"1805\" data-end=\"1827\">Altura del producto: 140 mm<\/p>\n<\/li>\n<\/ul>\n<p class=\"\" data-start=\"1829\" data-end=\"2132\"><strong data-start=\"1829\" data-end=\"1851\">\u00c1reas de uso<\/strong><br data-start=\"1851\" data-end=\"1854\" \/>El cerradero el\u00e9ctrico 905M es perfecto para puertas en protecci\u00f3n de obra, cierre interior y soluciones de seguridad en edificios como oficinas, industria, comercio o edificios plurifamiliares.<\/p>\n<p class=\"\" data-start=\"1829\" data-end=\"2132\">Proporciona una soluci\u00f3n flexible y confiable donde tanto la funci\u00f3n de avance como la de retroceso son importantes seg\u00fan los requisitos de la instalaci\u00f3n.<\/p>","protected":false},"excerpt":{"rendered":"<h5><a href=\"https:\/\/elslutblecksguiden.se\/\" target=\"_blank\" rel=\"noopener\">Gu\u00eda para cerraduras el\u00e9ctricas ASSA, cerraduras motorizadas, placas de cierre el\u00e9ctricas y gu\u00eda de reemplazo<\/a><\/h5>","protected":false},"featured_media":138590,"template":"","meta":{"_acf_changed":false},"product_brand":[],"product_cat":[3355],"product_tag":[4196,4202,2967],"class_list":{"0":"post-91547","1":"product","2":"type-product","3":"status-publish","4":"has-post-thumbnail","6":"product_cat-elslutbleck","7":"product_tag-12-24v","8":"product_tag-omstallbar-rattvand-omvand","9":"product_tag-rg-assa-abloy","10":"product_shipping_class-tunga-paket","11":"pa_brands-abloy","12":"tm-no-options","14":"first","15":"outofstock","16":"sale","17":"taxable","18":"shipping-taxable","19":"purchasable","20":"product-type-simple"},"acf":[],"_links":{"self":[{"href":"https:\/\/secureus.se\/es\/wp-json\/wp\/v2\/product\/91547","targetHints":{"allow":["GET"]}}],"collection":[{"href":"https:\/\/secureus.se\/es\/wp-json\/wp\/v2\/product"}],"about":[{"href":"https:\/\/secureus.se\/es\/wp-json\/wp\/v2\/types\/product"}],"wp:featuredmedia":[{"embeddable":true,"href":"https:\/\/secureus.se\/es\/wp-json\/wp\/v2\/media\/138590"}],"wp:attachment":[{"href":"https:\/\/secureus.se\/es\/wp-json\/wp\/v2\/media?parent=91547"}],"wp:term":[{"taxonomy":"product_brand","embeddable":true,"href":"https:\/\/secureus.se\/es\/wp-json\/wp\/v2\/product_brand?post=91547"},{"taxonomy":"product_cat","embeddable":true,"href":"https:\/\/secureus.se\/es\/wp-json\/wp\/v2\/product_cat?post=91547"},{"taxonomy":"product_tag","embeddable":true,"href":"https:\/\/secureus.se\/es\/wp-json\/wp\/v2\/product_tag?post=91547"}],"curies":[{"name":"wp","href":"https:\/\/api.w.org\/{rel}","templated":true}]}}