{"id":91548,"date":"2023-09-27T18:13:44","date_gmt":"2023-09-27T16:13:44","guid":{"rendered":"https:\/\/secureus.se\/elslutbleck-910-rattvand-12-24v\/"},"modified":"2026-04-08T15:56:46","modified_gmt":"2026-04-08T13:56:46","slug":"elslutbleck-910-rattvand-12-24v","status":"publish","type":"product","link":"https:\/\/secureus.se\/es\/elslutbleck-910-rattvand-12-24v\/","title":{"rendered":"Cerradero el\u00e9ctrico 910 Derecha 12-24V"},"content":{"rendered":"<h1>Cerradero el\u00e9ctrico 910 Derecha 12-24V<\/h1>\n<p class=\"\" data-start=\"428\" data-end=\"779\">ASSA Electric Strike 910 Right-Hand 12-24V es parte de la serie 900 y est\u00e1 dise\u00f1ado para cumplir con los requisitos de seguridad en puertas utilizadas en entornos comerciales e industriales.<\/p>\n<p class=\"\" data-start=\"428\" data-end=\"779\">Con una resistencia a la rotura de 800 kg (8 kN) y una alta resistencia a golpes e impactos, este cerradero el\u00e9ctrico es perfecto para puertas con cargas elevadas y uso frecuente.<\/p>\n<p class=\"\" data-start=\"781\" data-end=\"1152\">La cerradura tiene una funci\u00f3n reversible, lo que significa que se bloquea incluso en caso de un corte de energ\u00eda, lo que la convierte en una soluci\u00f3n de seguridad confiable para diversas aplicaciones.<\/p>\n<p class=\"\" data-start=\"781\" data-end=\"1152\">La carcasa de la cerradura est\u00e1 hecha de aleaci\u00f3n de zinc y el cierre giratorio est\u00e1 hecho de bronce, lo que proporciona una mayor durabilidad y una larga vida \u00fatil.<\/p>\n<p class=\"\" data-start=\"781\" data-end=\"1152\">La funci\u00f3n de presi\u00f3n de tira mejorada permite abrir la puerta incluso con alta presi\u00f3n.<\/p>\n<p class=\"\" data-start=\"1154\" data-end=\"1336\">La cerradura el\u00e9ctrica tambi\u00e9n est\u00e1 equipada con un protector transitorio incorporado para protegerla contra interferencias el\u00e9ctricas, lo que la hace m\u00e1s confiable para instalaciones donde la estabilidad es crucial.<\/p>\n<p class=\"\" data-start=\"1338\" data-end=\"1360\"><strong data-start=\"1338\" data-end=\"1358\">Presupuesto:<\/strong><\/p>\n<ul data-start=\"1361\" data-end=\"1772\">\n<li class=\"\" data-start=\"1361\" data-end=\"1395\">\n<p class=\"\" data-start=\"1363\" data-end=\"1395\">Resistencia a la rotura: 800 kg (8 kN)<\/p>\n<\/li>\n<li class=\"\" data-start=\"1396\" data-end=\"1428\">\n<p class=\"\" data-start=\"1398\" data-end=\"1428\">Bisagra de la puerta: derecha, izquierda<\/p>\n<\/li>\n<li class=\"\" data-start=\"1429\" data-end=\"1449\">\n<p class=\"\" data-start=\"1431\" data-end=\"1449\">Presi\u00f3n de la tira: 12 kg<\/p>\n<\/li>\n<li class=\"\" data-start=\"1450\" data-end=\"1487\">\n<p class=\"\" data-start=\"1452\" data-end=\"1487\">Tipo de cerradura: Cerradura de pestillo simple, Cerradura de pestillo doble<\/p>\n<\/li>\n<li class=\"\" data-start=\"1488\" data-end=\"1513\">\n<p class=\"\" data-start=\"1490\" data-end=\"1513\">Voltaje de funcionamiento: 12-24 V<\/p>\n<\/li>\n<li class=\"\" data-start=\"1514\" data-end=\"1546\">\n<p class=\"\" data-start=\"1516\" data-end=\"1546\">Color\/tratamiento de superficie: galvanizado<\/p>\n<\/li>\n<li class=\"\" data-start=\"1547\" data-end=\"1567\">\n<p class=\"\" data-start=\"1549\" data-end=\"1567\">Contacto del pist\u00f3n: No<\/p>\n<\/li>\n<li class=\"\" data-start=\"1568\" data-end=\"1593\">\n<p class=\"\" data-start=\"1570\" data-end=\"1593\">Voltaje CA\/CC: CA\/CC<\/p>\n<\/li>\n<li class=\"\" data-start=\"1594\" data-end=\"1618\">\n<p class=\"\" data-start=\"1596\" data-end=\"1618\">Voltaje m\u00e1ximo: 27,6 V<\/p>\n<\/li>\n<li class=\"\" data-start=\"1619\" data-end=\"1643\">\n<p class=\"\" data-start=\"1621\" data-end=\"1643\">Voltaje m\u00ednimo: 10,8 V<\/p>\n<\/li>\n<li class=\"\" data-start=\"1644\" data-end=\"1668\">\n<p class=\"\" data-start=\"1646\" data-end=\"1668\">Ca\u00edda de doble giro: No<\/p>\n<\/li>\n<li class=\"\" data-start=\"1669\" data-end=\"1698\">\n<p class=\"\" data-start=\"1671\" data-end=\"1698\">Derecha\/Reversa: Derecha<\/p>\n<\/li>\n<li class=\"\" data-start=\"1699\" data-end=\"1723\">\n<p class=\"\" data-start=\"1701\" data-end=\"1723\">Ancho del producto: 27 mm<\/p>\n<\/li>\n<li class=\"\" data-start=\"1724\" data-end=\"1747\">\n<p class=\"\" data-start=\"1726\" data-end=\"1747\">Profundidad del producto: 40 mm<\/p>\n<\/li>\n<li class=\"\" data-start=\"1748\" data-end=\"1772\">\n<p class=\"\" data-start=\"1750\" data-end=\"1772\">Altura del producto: 140 mm<\/p>\n<\/li>\n<\/ul>\n<p class=\"\" data-start=\"1774\" data-end=\"1993\"><strong data-start=\"1774\" data-end=\"1796\">\u00c1reas de uso<\/strong><br data-start=\"1796\" data-end=\"1799\" \/>La cerradura el\u00e9ctrica 910 Derecha 12-24V es perfecta para puertas utilizadas en entornos de seguridad cr\u00edticos, como protecci\u00f3n de carcasas, cierres interiores, entradas y \u00e1reas p\u00fablicas en oficinas, comercio e industria.<\/p>","protected":false},"excerpt":{"rendered":"<h5><a href=\"https:\/\/elslutblecksguiden.se\/\" target=\"_blank\" rel=\"noopener\">Gu\u00eda para cerraduras el\u00e9ctricas ASSA, cerraduras motorizadas, placas de cierre el\u00e9ctricas y gu\u00eda de reemplazo<\/a><\/h5>","protected":false},"featured_media":139081,"template":"","meta":{"_acf_changed":false},"product_brand":[],"product_cat":[3355],"product_tag":[4196,4200,2967],"class_list":{"0":"post-91548","1":"product","2":"type-product","3":"status-publish","4":"has-post-thumbnail","6":"product_cat-elslutbleck","7":"product_tag-12-24v","8":"product_tag-rattvand","9":"product_tag-rg-assa-abloy","10":"product_shipping_class-tunga-paket","11":"pa_brands-abloy","12":"tm-no-options","14":"first","15":"outofstock","16":"sale","17":"taxable","18":"shipping-taxable","19":"purchasable","20":"product-type-simple"},"acf":[],"_links":{"self":[{"href":"https:\/\/secureus.se\/es\/wp-json\/wp\/v2\/product\/91548","targetHints":{"allow":["GET"]}}],"collection":[{"href":"https:\/\/secureus.se\/es\/wp-json\/wp\/v2\/product"}],"about":[{"href":"https:\/\/secureus.se\/es\/wp-json\/wp\/v2\/types\/product"}],"wp:featuredmedia":[{"embeddable":true,"href":"https:\/\/secureus.se\/es\/wp-json\/wp\/v2\/media\/139081"}],"wp:attachment":[{"href":"https:\/\/secureus.se\/es\/wp-json\/wp\/v2\/media?parent=91548"}],"wp:term":[{"taxonomy":"product_brand","embeddable":true,"href":"https:\/\/secureus.se\/es\/wp-json\/wp\/v2\/product_brand?post=91548"},{"taxonomy":"product_cat","embeddable":true,"href":"https:\/\/secureus.se\/es\/wp-json\/wp\/v2\/product_cat?post=91548"},{"taxonomy":"product_tag","embeddable":true,"href":"https:\/\/secureus.se\/es\/wp-json\/wp\/v2\/product_tag?post=91548"}],"curies":[{"name":"wp","href":"https:\/\/api.w.org\/{rel}","templated":true}]}}