{"id":91551,"date":"2023-09-27T18:13:40","date_gmt":"2023-09-27T16:13:40","guid":{"rendered":"https:\/\/secureus.se\/elslutbleck-920-brand-rattvand-12-24v\/"},"modified":"2026-04-23T12:22:12","modified_gmt":"2026-04-23T10:22:12","slug":"elslutbleck-920-brand-rattvand-12-24v","status":"publish","type":"product","link":"https:\/\/secureus.se\/es\/elslutbleck-920-brand-rattvand-12-24v\/","title":{"rendered":"Cerradero el\u00e9ctrico marca 920 para diestros 12-24V"},"content":{"rendered":"<h1>Cerradero el\u00e9ctrico marca 920 para diestros 12-24V<\/h1>\n<p class=\"\" data-start=\"419\" data-end=\"775\">ASSA Electric Strike 920 Fire Right-Hand 12-24V es parte de la serie 900 y est\u00e1 dise\u00f1ado para proporcionar alta seguridad y confiabilidad en puertas utilizadas en paredes divisorias de compartimentos contra incendios.<\/p>\n<p class=\"\" data-start=\"419\" data-end=\"775\">Con una clasificaci\u00f3n de resistencia al fuego de E\/EI60, est\u00e1 dise\u00f1ado para resistir el fuego hasta por 60 minutos, lo que lo convierte en una soluci\u00f3n segura para puertas de compartimentos cortafuegos.<\/p>\n<p class=\"\" data-start=\"777\" data-end=\"1089\">Con una resistencia a la rotura de 1000 kg (10 kN) y una alta resistencia a golpes e impactos, este cerradero el\u00e9ctrico es ideal para puertas de alta frecuencia en entornos expuestos.<\/p>\n<p class=\"\" data-start=\"777\" data-end=\"1089\">La carcasa de la cerradura est\u00e1 hecha de acero y el pestillo giratorio est\u00e1 hecho de acero, lo que proporciona una mayor durabilidad. La funci\u00f3n de presi\u00f3n de tira mejorada permite abrir la puerta incluso bajo presi\u00f3n.<\/p>\n<p class=\"\" data-start=\"1091\" data-end=\"1318\">La cerradura el\u00e9ctrica tambi\u00e9n est\u00e1 equipada con protecci\u00f3n transitoria incorporada, que protege contra interferencias el\u00e9ctricas. Su funci\u00f3n inversa garantiza que la puerta permanezca bloqueada en caso de corte de energ\u00eda, aumentando la seguridad en situaciones de emergencia.<\/p>\n<p class=\"\" data-start=\"1320\" data-end=\"1342\"><strong data-start=\"1320\" data-end=\"1340\">Presupuesto:<\/strong><\/p>\n<ul data-start=\"1343\" data-end=\"1780\">\n<li class=\"\" data-start=\"1343\" data-end=\"1379\">\n<p class=\"\" data-start=\"1345\" data-end=\"1379\">Resistencia a la rotura: 1000 kg (10 kN)<\/p>\n<\/li>\n<li class=\"\" data-start=\"1380\" data-end=\"1412\">\n<p class=\"\" data-start=\"1382\" data-end=\"1412\">Bisagra de la puerta: derecha, izquierda<\/p>\n<\/li>\n<li class=\"\" data-start=\"1413\" data-end=\"1433\">\n<p class=\"\" data-start=\"1415\" data-end=\"1433\">Presi\u00f3n de la tira: 12 kg<\/p>\n<\/li>\n<li class=\"\" data-start=\"1434\" data-end=\"1471\">\n<p class=\"\" data-start=\"1436\" data-end=\"1471\">Tipo de cerradura: Cerradura de pestillo simple, Cerradura de pestillo doble<\/p>\n<\/li>\n<li class=\"\" data-start=\"1472\" data-end=\"1497\">\n<p class=\"\" data-start=\"1474\" data-end=\"1497\">Voltaje de funcionamiento: 12-24 V<\/p>\n<\/li>\n<li class=\"\" data-start=\"1498\" data-end=\"1530\">\n<p class=\"\" data-start=\"1500\" data-end=\"1530\">Color\/tratamiento de superficie: galvanizado<\/p>\n<\/li>\n<li class=\"\" data-start=\"1531\" data-end=\"1551\">\n<p class=\"\" data-start=\"1533\" data-end=\"1551\">Contacto del pist\u00f3n: No<\/p>\n<\/li>\n<li class=\"\" data-start=\"1552\" data-end=\"1577\">\n<p class=\"\" data-start=\"1554\" data-end=\"1577\">Voltaje CA\/CC: CA\/CC<\/p>\n<\/li>\n<li class=\"\" data-start=\"1578\" data-end=\"1602\">\n<p class=\"\" data-start=\"1580\" data-end=\"1602\">Voltaje m\u00e1ximo: 27,6 V<\/p>\n<\/li>\n<li class=\"\" data-start=\"1603\" data-end=\"1627\">\n<p class=\"\" data-start=\"1605\" data-end=\"1627\">Voltaje m\u00ednimo: 10,8 V<\/p>\n<\/li>\n<li class=\"\" data-start=\"1628\" data-end=\"1652\">\n<p class=\"\" data-start=\"1630\" data-end=\"1652\">Ca\u00edda de doble giro: No<\/p>\n<\/li>\n<li class=\"\" data-start=\"1653\" data-end=\"1682\">\n<p class=\"\" data-start=\"1655\" data-end=\"1682\">Derecha\/Reversa: Derecha<\/p>\n<\/li>\n<li class=\"\" data-start=\"1683\" data-end=\"1706\">\n<p class=\"\" data-start=\"1685\" data-end=\"1706\">Prueba de fuego: 60 min<\/p>\n<\/li>\n<li class=\"\" data-start=\"1707\" data-end=\"1731\">\n<p class=\"\" data-start=\"1709\" data-end=\"1731\">Ancho del producto: 27 mm<\/p>\n<\/li>\n<li class=\"\" data-start=\"1732\" data-end=\"1755\">\n<p class=\"\" data-start=\"1734\" data-end=\"1755\">Profundidad del producto: 40 mm<\/p>\n<\/li>\n<li class=\"\" data-start=\"1756\" data-end=\"1780\">\n<p class=\"\" data-start=\"1758\" data-end=\"1780\">Altura del producto: 140 mm<\/p>\n<\/li>\n<\/ul>\n<p class=\"\" data-start=\"1782\" data-end=\"2085\"><strong data-start=\"1782\" data-end=\"1804\">\u00c1reas de uso<\/strong><br data-start=\"1804\" data-end=\"1807\" \/>La cerradura el\u00e9ctrica 920 Fire R\u00e4ttv\u00e4nd 12-24V es perfecta para su uso en puertas divisorias de compartimentos contra incendios y puertas que requieren una alta seguridad en caso de incendio.<\/p>\n<p class=\"\" data-start=\"1782\" data-end=\"2085\">Es adecuado para su instalaci\u00f3n en edificios como oficinas, industria, comercio y edificios plurifamiliares donde tanto la seguridad como la resistencia al fuego son cruciales.<\/p>","protected":false},"excerpt":{"rendered":"<h5><a href=\"https:\/\/elslutblecksguiden.se\/\" target=\"_blank\" rel=\"noopener\">Gu\u00eda para cerraduras el\u00e9ctricas ASSA, cerraduras motorizadas, placas de cierre el\u00e9ctricas y gu\u00eda de reemplazo<\/a><\/h5>","protected":false},"featured_media":139107,"template":"","meta":{"_acf_changed":false},"product_brand":[],"product_cat":[3355],"product_tag":[4196,4200,2967],"class_list":{"0":"post-91551","1":"product","2":"type-product","3":"status-publish","4":"has-post-thumbnail","6":"product_cat-elslutbleck","7":"product_tag-12-24v","8":"product_tag-rattvand","9":"product_tag-rg-assa-abloy","10":"product_shipping_class-tunga-paket","11":"pa_brands-abloy","12":"tm-no-options","14":"first","15":"onbackorder","16":"sale","17":"taxable","18":"shipping-taxable","19":"purchasable","20":"product-type-simple"},"acf":[],"_links":{"self":[{"href":"https:\/\/secureus.se\/es\/wp-json\/wp\/v2\/product\/91551","targetHints":{"allow":["GET"]}}],"collection":[{"href":"https:\/\/secureus.se\/es\/wp-json\/wp\/v2\/product"}],"about":[{"href":"https:\/\/secureus.se\/es\/wp-json\/wp\/v2\/types\/product"}],"wp:featuredmedia":[{"embeddable":true,"href":"https:\/\/secureus.se\/es\/wp-json\/wp\/v2\/media\/139107"}],"wp:attachment":[{"href":"https:\/\/secureus.se\/es\/wp-json\/wp\/v2\/media?parent=91551"}],"wp:term":[{"taxonomy":"product_brand","embeddable":true,"href":"https:\/\/secureus.se\/es\/wp-json\/wp\/v2\/product_brand?post=91551"},{"taxonomy":"product_cat","embeddable":true,"href":"https:\/\/secureus.se\/es\/wp-json\/wp\/v2\/product_cat?post=91551"},{"taxonomy":"product_tag","embeddable":true,"href":"https:\/\/secureus.se\/es\/wp-json\/wp\/v2\/product_tag?post=91551"}],"curies":[{"name":"wp","href":"https:\/\/api.w.org\/{rel}","templated":true}]}}