{"id":91552,"date":"2023-09-27T18:13:39","date_gmt":"2023-09-27T16:13:39","guid":{"rendered":"https:\/\/secureus.se\/elslutbleck-920m-brand-rattvand-12-24v-kolvkontakt\/"},"modified":"2026-04-23T12:22:11","modified_gmt":"2026-04-23T10:22:11","slug":"elslutbleck-920m-brand-rattvand-12-24v-kolvkontakt","status":"publish","type":"product","link":"https:\/\/secureus.se\/es\/elslutbleck-920m-brand-rattvand-12-24v-kolvkontakt\/","title":{"rendered":"Cerradura el\u00e9ctrica de contacto de pist\u00f3n de 12-24 V, marca 920M, para mano derecha"},"content":{"rendered":"<h1>Cerradura el\u00e9ctrica de contacto de pist\u00f3n de 12-24 V, marca 920M, para mano derecha<\/h1>\n<p class=\"\" data-start=\"440\" data-end=\"837\">ASSA Electric Strike 920M Fire Right-Hand 12-24V Piston Contact es parte de la serie 900 y est\u00e1 dise\u00f1ado para cumplir con requisitos de seguridad m\u00e1s elevados.<\/p>\n<p class=\"\" data-start=\"440\" data-end=\"837\">La cerradura est\u00e1 probada contra incendios con una clasificaci\u00f3n E\/EI60, lo que significa que es resistente al fuego hasta por 60 minutos.<\/p>\n<p class=\"\" data-start=\"440\" data-end=\"837\">Esto lo convierte en la opci\u00f3n ideal para su uso en puertas con compartimentos cortafuegos y otros sistemas de puertas de seguridad cr\u00edtica.<\/p>\n<p class=\"\" data-start=\"839\" data-end=\"1168\">Con una resistencia a la rotura de 1000 kg (10 kN) y una alta resistencia a la vibraci\u00f3n y al impacto, esta cerradura el\u00e9ctrica est\u00e1 dise\u00f1ada para soportar condiciones dif\u00edciles.<\/p>\n<p class=\"\" data-start=\"839\" data-end=\"1168\">La carcasa de la cerradura est\u00e1 hecha de acero y el pestillo giratorio est\u00e1 hecho de acero, lo que proporciona larga durabilidad y estabilidad. Su funci\u00f3n de presi\u00f3n de tira mejorada garantiza que la puerta se pueda abrir incluso con alta presi\u00f3n.<\/p>\n<p class=\"\" data-start=\"1170\" data-end=\"1385\">La cerradura el\u00e9ctrica est\u00e1 equipada con un contacto de \u00e9mbolo y tiene protecci\u00f3n transitoria incorporada para proteger contra interferencias el\u00e9ctricas, lo que la convierte en una opci\u00f3n confiable para instalaciones en entornos comerciales e industriales.<\/p>\n<p class=\"\" data-start=\"1387\" data-end=\"1409\"><strong data-start=\"1387\" data-end=\"1407\">Presupuesto:<\/strong><\/p>\n<ul data-start=\"1410\" data-end=\"1846\">\n<li class=\"\" data-start=\"1410\" data-end=\"1446\">\n<p class=\"\" data-start=\"1412\" data-end=\"1446\">Resistencia a la rotura: 1000 kg (10 kN)<\/p>\n<\/li>\n<li class=\"\" data-start=\"1447\" data-end=\"1479\">\n<p class=\"\" data-start=\"1449\" data-end=\"1479\">Bisagra de la puerta: derecha, izquierda<\/p>\n<\/li>\n<li class=\"\" data-start=\"1480\" data-end=\"1500\">\n<p class=\"\" data-start=\"1482\" data-end=\"1500\">Presi\u00f3n de la tira: 12 kg<\/p>\n<\/li>\n<li class=\"\" data-start=\"1501\" data-end=\"1538\">\n<p class=\"\" data-start=\"1503\" data-end=\"1538\">Tipo de cerradura: Cerradura de pestillo simple, Cerradura de pestillo doble<\/p>\n<\/li>\n<li class=\"\" data-start=\"1539\" data-end=\"1564\">\n<p class=\"\" data-start=\"1541\" data-end=\"1564\">Voltaje de funcionamiento: 12-24 V<\/p>\n<\/li>\n<li class=\"\" data-start=\"1565\" data-end=\"1597\">\n<p class=\"\" data-start=\"1567\" data-end=\"1597\">Color\/tratamiento de superficie: galvanizado<\/p>\n<\/li>\n<li class=\"\" data-start=\"1598\" data-end=\"1617\">\n<p class=\"\" data-start=\"1600\" data-end=\"1617\">Contacto del pist\u00f3n: S\u00ed<\/p>\n<\/li>\n<li class=\"\" data-start=\"1618\" data-end=\"1643\">\n<p class=\"\" data-start=\"1620\" data-end=\"1643\">Voltaje CA\/CC: CA\/CC<\/p>\n<\/li>\n<li class=\"\" data-start=\"1644\" data-end=\"1668\">\n<p class=\"\" data-start=\"1646\" data-end=\"1668\">Voltaje m\u00e1ximo: 27,6 V<\/p>\n<\/li>\n<li class=\"\" data-start=\"1669\" data-end=\"1693\">\n<p class=\"\" data-start=\"1671\" data-end=\"1693\">Voltaje m\u00ednimo: 10,8 V<\/p>\n<\/li>\n<li class=\"\" data-start=\"1694\" data-end=\"1718\">\n<p class=\"\" data-start=\"1696\" data-end=\"1718\">Ca\u00edda de doble giro: No<\/p>\n<\/li>\n<li class=\"\" data-start=\"1719\" data-end=\"1748\">\n<p class=\"\" data-start=\"1721\" data-end=\"1748\">Derecha\/Reversa: Derecha<\/p>\n<\/li>\n<li class=\"\" data-start=\"1749\" data-end=\"1772\">\n<p class=\"\" data-start=\"1751\" data-end=\"1772\">Prueba de fuego: 60 min<\/p>\n<\/li>\n<li class=\"\" data-start=\"1773\" data-end=\"1797\">\n<p class=\"\" data-start=\"1775\" data-end=\"1797\">Ancho del producto: 27 mm<\/p>\n<\/li>\n<li class=\"\" data-start=\"1798\" data-end=\"1821\">\n<p class=\"\" data-start=\"1800\" data-end=\"1821\">Profundidad del producto: 40 mm<\/p>\n<\/li>\n<li class=\"\" data-start=\"1822\" data-end=\"1846\">\n<p class=\"\" data-start=\"1824\" data-end=\"1846\">Altura del producto: 140 mm<\/p>\n<\/li>\n<\/ul>\n<p class=\"\" data-start=\"1848\" data-end=\"2075\"><strong data-start=\"1848\" data-end=\"1870\">\u00c1reas de uso<\/strong><br data-start=\"1870\" data-end=\"1873\" \/>La placa de cierre el\u00e9ctrica 920M es perfecta para puertas utilizadas en tabiques cortafuegos, soluciones de seguridad para protecci\u00f3n de carcasas y bloqueo interno en entornos de alta frecuencia como oficinas, comercios, industrias y edificios multifamiliares.<\/p>","protected":false},"excerpt":{"rendered":"<h5><a href=\"https:\/\/elslutblecksguiden.se\/\" target=\"_blank\" rel=\"noopener\">Gu\u00eda para cerraduras el\u00e9ctricas ASSA, cerraduras motorizadas, placas de cierre el\u00e9ctricas y gu\u00eda de reemplazo<\/a><\/h5>","protected":false},"featured_media":139119,"template":"","meta":{"_acf_changed":false},"product_brand":[],"product_cat":[3355],"product_tag":[4196,4200,2967],"class_list":{"0":"post-91552","1":"product","2":"type-product","3":"status-publish","4":"has-post-thumbnail","6":"product_cat-elslutbleck","7":"product_tag-12-24v","8":"product_tag-rattvand","9":"product_tag-rg-assa-abloy","10":"product_shipping_class-tunga-paket","11":"pa_brands-abloy","12":"tm-no-options","14":"first","15":"instock","16":"sale","17":"taxable","18":"shipping-taxable","19":"purchasable","20":"product-type-simple"},"acf":[],"_links":{"self":[{"href":"https:\/\/secureus.se\/es\/wp-json\/wp\/v2\/product\/91552","targetHints":{"allow":["GET"]}}],"collection":[{"href":"https:\/\/secureus.se\/es\/wp-json\/wp\/v2\/product"}],"about":[{"href":"https:\/\/secureus.se\/es\/wp-json\/wp\/v2\/types\/product"}],"wp:featuredmedia":[{"embeddable":true,"href":"https:\/\/secureus.se\/es\/wp-json\/wp\/v2\/media\/139119"}],"wp:attachment":[{"href":"https:\/\/secureus.se\/es\/wp-json\/wp\/v2\/media?parent=91552"}],"wp:term":[{"taxonomy":"product_brand","embeddable":true,"href":"https:\/\/secureus.se\/es\/wp-json\/wp\/v2\/product_brand?post=91552"},{"taxonomy":"product_cat","embeddable":true,"href":"https:\/\/secureus.se\/es\/wp-json\/wp\/v2\/product_cat?post=91552"},{"taxonomy":"product_tag","embeddable":true,"href":"https:\/\/secureus.se\/es\/wp-json\/wp\/v2\/product_tag?post=91552"}],"curies":[{"name":"wp","href":"https:\/\/api.w.org\/{rel}","templated":true}]}}