{"id":91555,"date":"2023-09-27T18:13:35","date_gmt":"2023-09-27T16:13:35","guid":{"rendered":"https:\/\/secureus.se\/elslutbleck-961c-omvand-12-24v-hi-okolvkontakt-5m-kabel\/"},"modified":"2026-03-25T15:43:26","modified_gmt":"2026-03-25T14:43:26","slug":"elslutbleck-961c-omvand-12-24v-hi-okolvkontakt-5m-kabel","status":"publish","type":"product","link":"https:\/\/secureus.se\/es\/elslutbleck-961c-omvand-12-24v-hi-okolvkontakt-5m-kabel\/","title":{"rendered":"Cerradura el\u00e9ctrica 961C inversa 12-24 V Hi-O Contacto de pist\u00f3n Cable de 5 m"},"content":{"rendered":"<h1>Cerradura el\u00e9ctrica 961C inversa 12-24 V Hi-O Contacto de pist\u00f3n Cable de 5 m<\/h1>\n<p>Cerradero el\u00e9ctrico 961C Reverse 12-24V Hi-O Contacto de pist\u00f3n Cable de 5m de ASSA ABLOY es un cerradero el\u00e9ctrico con una alta resistencia a la rotura de 1500 kg y funci\u00f3n inversa.<\/p>\n<p>Es compatible con la tecnolog\u00eda Can bus Hi-O y ofrece seguridad confiable para la protecci\u00f3n de la carcasa y el bloqueo interno en entornos minoristas, de oficina e industriales.<\/p>\n<p class=\"\" data-start=\"451\" data-end=\"819\">El contacto de pist\u00f3n ASSA ABLOY 961C Reverse 12-24V Hi-O es una cerradura el\u00e9ctrica de alta calidad dise\u00f1ada para puertas con altas exigencias tanto de presi\u00f3n de cierre como de seguridad.<\/p>\n<p class=\"\" data-start=\"451\" data-end=\"819\">Con una impresionante resistencia a la rotura de 1500 kg (15 kN) y una clasificaci\u00f3n de resistencia al fuego de hasta E\/EI 120, esta cerradura el\u00e9ctrica es una elecci\u00f3n perfecta para aplicaciones donde tanto la seguridad como la resistencia al fuego son fundamentales.<\/p>\n<p class=\"\" data-start=\"821\" data-end=\"1174\">La funci\u00f3n inversa significa que la puerta se bloquea en caso de un corte de energ\u00eda, lo que aumenta la seguridad en situaciones de emergencia.<\/p>\n<p class=\"\" data-start=\"821\" data-end=\"1174\">La cerradura es compatible con la tecnolog\u00eda Can bus Hi-O, lo que la convierte en una excelente opci\u00f3n para sistemas de seguridad integrados.<\/p>\n<p class=\"\" data-start=\"821\" data-end=\"1174\">Se puede utilizar en combinaci\u00f3n con cerraduras entrelazadas de pestillo simple o doble y se adapta a todos los postes de montaje de la serie 900.<\/p>\n<p class=\"\" data-start=\"1176\" data-end=\"1432\">La cerradura el\u00e9ctrica 961C tambi\u00e9n est\u00e1 equipada con un contacto de pestillo y un contacto de anclaje para una mayor funcionalidad.<\/p>\n<p class=\"\" data-start=\"1176\" data-end=\"1432\">Tiene un alto nivel de resistencia a golpes e impactos, lo que lo hace extremadamente duradero incluso bajo estr\u00e9s. Cable de conexi\u00f3n de 5 metros incluido para una f\u00e1cil instalaci\u00f3n.<\/p>\n<p class=\"\" data-start=\"1434\" data-end=\"1456\"><strong data-start=\"1434\" data-end=\"1454\">Presupuesto:<\/strong><\/p>\n<ul data-start=\"1457\" data-end=\"1868\">\n<li class=\"\" data-start=\"1457\" data-end=\"1493\">\n<p class=\"\" data-start=\"1459\" data-end=\"1493\">Resistencia a la rotura: 1500 kg (15 kN)<\/p>\n<\/li>\n<li class=\"\" data-start=\"1494\" data-end=\"1526\">\n<p class=\"\" data-start=\"1496\" data-end=\"1526\">Bisagra de la puerta: derecha, izquierda<\/p>\n<\/li>\n<li class=\"\" data-start=\"1527\" data-end=\"1548\">\n<p class=\"\" data-start=\"1529\" data-end=\"1548\">Presi\u00f3n de la tira: 300 kg<\/p>\n<\/li>\n<li class=\"\" data-start=\"1549\" data-end=\"1586\">\n<p class=\"\" data-start=\"1551\" data-end=\"1586\">Tipo de cerradura: Cerradura de pestillo simple, Cerradura de pestillo doble<\/p>\n<\/li>\n<li class=\"\" data-start=\"1587\" data-end=\"1612\">\n<p class=\"\" data-start=\"1589\" data-end=\"1612\">Voltaje de funcionamiento: 12-24 V<\/p>\n<\/li>\n<li class=\"\" data-start=\"1613\" data-end=\"1645\">\n<p class=\"\" data-start=\"1615\" data-end=\"1645\">Color\/tratamiento de superficie: galvanizado<\/p>\n<\/li>\n<li class=\"\" data-start=\"1646\" data-end=\"1665\">\n<p class=\"\" data-start=\"1648\" data-end=\"1665\">Contacto del pist\u00f3n: S\u00ed<\/p>\n<\/li>\n<li class=\"\" data-start=\"1666\" data-end=\"1691\">\n<p class=\"\" data-start=\"1668\" data-end=\"1691\">Voltaje CA\/CC: CA\/CC<\/p>\n<\/li>\n<li class=\"\" data-start=\"1692\" data-end=\"1716\">\n<p class=\"\" data-start=\"1694\" data-end=\"1716\">Voltaje m\u00e1ximo: 27,6 V<\/p>\n<\/li>\n<li class=\"\" data-start=\"1717\" data-end=\"1741\">\n<p class=\"\" data-start=\"1719\" data-end=\"1741\">Voltaje m\u00ednimo: 10,8 V<\/p>\n<\/li>\n<li class=\"\" data-start=\"1742\" data-end=\"1766\">\n<p class=\"\" data-start=\"1744\" data-end=\"1766\">Ca\u00edda de doble giro: No<\/p>\n<\/li>\n<li class=\"\" data-start=\"1767\" data-end=\"1794\">\n<p class=\"\" data-start=\"1769\" data-end=\"1794\">Derecha\/Reversa: Reversa<\/p>\n<\/li>\n<li class=\"\" data-start=\"1795\" data-end=\"1819\">\n<p class=\"\" data-start=\"1797\" data-end=\"1819\">Prueba de fuego: 120 min<\/p>\n<\/li>\n<li class=\"\" data-start=\"1820\" data-end=\"1843\">\n<p class=\"\" data-start=\"1822\" data-end=\"1843\">Longitud del cable: 5 metros<\/p>\n<\/li>\n<li class=\"\" data-start=\"1844\" data-end=\"1868\">\n<p class=\"\" data-start=\"1846\" data-end=\"1868\">Altura del producto: 140 mm<\/p>\n<\/li>\n<\/ul>\n<p class=\"\" data-start=\"1870\" data-end=\"2153\"><strong data-start=\"1870\" data-end=\"1892\">\u00c1reas de uso<\/strong><br data-start=\"1892\" data-end=\"1895\" \/>La placa de cierre el\u00e9ctrica 961C es ideal para usar en entornos donde la seguridad es cr\u00edtica, como protecci\u00f3n de carcasa, cierre interno y puertas divisorias de compartimentos contra incendios.<\/p>\n<p class=\"\" data-start=\"1870\" data-end=\"2153\">Perfecto para edificios comerciales, oficinas, industrias y edificios multifamiliares donde tanto la resistencia al fuego como la seguridad son cruciales.<\/p>","protected":false},"excerpt":{"rendered":"<h5><a href=\"https:\/\/elslutblecksguiden.se\/\" target=\"_blank\" rel=\"noopener\">Gu\u00eda para cerraduras el\u00e9ctricas ASSA, cerraduras motorizadas, placas de cierre el\u00e9ctricas y gu\u00eda de reemplazo<\/a><\/h5>","protected":false},"featured_media":138604,"template":"","meta":{"_acf_changed":false},"product_brand":[],"product_cat":[3355],"product_tag":[4196,4201,2967],"class_list":{"0":"post-91555","1":"product","2":"type-product","3":"status-publish","4":"has-post-thumbnail","6":"product_cat-elslutbleck","7":"product_tag-12-24v","8":"product_tag-omvand","9":"product_tag-rg-assa-abloy","10":"product_shipping_class-tunga-paket","11":"pa_brands-abloy","12":"tm-no-options","14":"first","15":"onbackorder","16":"sale","17":"taxable","18":"shipping-taxable","19":"purchasable","20":"product-type-simple"},"acf":[],"_links":{"self":[{"href":"https:\/\/secureus.se\/es\/wp-json\/wp\/v2\/product\/91555","targetHints":{"allow":["GET"]}}],"collection":[{"href":"https:\/\/secureus.se\/es\/wp-json\/wp\/v2\/product"}],"about":[{"href":"https:\/\/secureus.se\/es\/wp-json\/wp\/v2\/types\/product"}],"wp:featuredmedia":[{"embeddable":true,"href":"https:\/\/secureus.se\/es\/wp-json\/wp\/v2\/media\/138604"}],"wp:attachment":[{"href":"https:\/\/secureus.se\/es\/wp-json\/wp\/v2\/media?parent=91555"}],"wp:term":[{"taxonomy":"product_brand","embeddable":true,"href":"https:\/\/secureus.se\/es\/wp-json\/wp\/v2\/product_brand?post=91555"},{"taxonomy":"product_cat","embeddable":true,"href":"https:\/\/secureus.se\/es\/wp-json\/wp\/v2\/product_cat?post=91555"},{"taxonomy":"product_tag","embeddable":true,"href":"https:\/\/secureus.se\/es\/wp-json\/wp\/v2\/product_tag?post=91555"}],"curies":[{"name":"wp","href":"https:\/\/api.w.org\/{rel}","templated":true}]}}