{"id":91560,"date":"2023-09-27T18:13:27","date_gmt":"2023-09-27T16:13:27","guid":{"rendered":"https:\/\/secureus.se\/elslutbleck-992m-omstallbar-12-24v-kolvkontakt\/"},"modified":"2026-03-25T15:43:34","modified_gmt":"2026-03-25T14:43:34","slug":"elslutbleck-992m-omstallbar-12-24v-kolvkontakt","status":"publish","type":"product","link":"https:\/\/secureus.se\/es\/elslutbleck-992m-omstallbar-12-24v-kolvkontakt\/","title":{"rendered":"Cerradura el\u00e9ctrica 992M Contacto de pist\u00f3n ajustable 12-24V"},"content":{"rendered":"<h1>Cerradura el\u00e9ctrica 992M Contacto de pist\u00f3n ajustable 12-24V<\/h1>\n<p>Cerradura el\u00e9ctrica ASSA ABLOY 992M con doble pivote y contacto de pist\u00f3n para puertas con requerimientos de automatizaci\u00f3n de puertas, incendio, evacuaci\u00f3n y reingreso. Funci\u00f3n de avance\/retroceso conmutable. Clasificaci\u00f3n contra incendios hasta E\/EI 120.<\/p>\n<p>ASSA ABLOY 992M es una cerradura el\u00e9ctrica de alta calidad con doble pivote, perfecta para puertas que requieren automatizaci\u00f3n de puertas, clasificaci\u00f3n de fuego, evacuaci\u00f3n y reingreso.<\/p>\n<p>Esta cerradura el\u00e9ctrica tiene una funci\u00f3n reversible que puede utilizarse tanto hacia adelante como hacia atr\u00e1s, lo que proporciona flexibilidad en la instalaci\u00f3n.<\/p>\n<p>Con una resistencia a la rotura de 9 kN (aprox. 900 kg) y un alto nivel de seguridad contra golpes e impactos, es una opci\u00f3n robusta para soluciones de seguridad.<\/p>\n<p>La carcasa de la cerradura est\u00e1 hecha de acero y el pestillo giratorio tambi\u00e9n est\u00e1 hecho de acero, lo que proporciona una larga durabilidad y confiabilidad. La clasificaci\u00f3n de resistencia al fuego E\/EI 120 lo hace adecuado para entornos propensos a incendios.<\/p>\n<p class=\"\" data-start=\"1030\" data-end=\"1047\"><strong data-start=\"1030\" data-end=\"1044\">Caracter\u00edsticas<\/strong>:<\/p>\n<ul data-start=\"1048\" data-end=\"1271\">\n<li class=\"\" data-start=\"1048\" data-end=\"1083\">\n<p class=\"\" data-start=\"1050\" data-end=\"1083\">Doble giro, ca\u00edda y contacto del pist\u00f3n<\/p>\n<\/li>\n<li class=\"\" data-start=\"1084\" data-end=\"1129\">\n<p class=\"\" data-start=\"1086\" data-end=\"1129\">Funci\u00f3n de avance\/retroceso f\u00e1cilmente ajustable<\/p>\n<\/li>\n<li class=\"\" data-start=\"1130\" data-end=\"1167\">\n<p class=\"\" data-start=\"1132\" data-end=\"1167\">Resistencia a la rotura: 9 kN (aprox. 900 kg)<\/p>\n<\/li>\n<li class=\"\" data-start=\"1168\" data-end=\"1198\">\n<p class=\"\" data-start=\"1170\" data-end=\"1198\">Alta resistencia a golpes e impactos.<\/p>\n<\/li>\n<li class=\"\" data-start=\"1199\" data-end=\"1217\">\n<p class=\"\" data-start=\"1201\" data-end=\"1217\">Carcasa de cerradura de acero<\/p>\n<\/li>\n<li class=\"\" data-start=\"1218\" data-end=\"1238\">\n<p class=\"\" data-start=\"1220\" data-end=\"1238\">Caja de torsi\u00f3n de acero<\/p>\n<\/li>\n<li class=\"\" data-start=\"1239\" data-end=\"1271\">\n<p class=\"\" data-start=\"1241\" data-end=\"1271\">Resistente al fuego hasta E\/EI 120<\/p>\n<\/li>\n<\/ul>\n<p class=\"\" data-start=\"1273\" data-end=\"1301\"><strong data-start=\"1273\" data-end=\"1298\">Especificaci\u00f3n t\u00e9cnica<\/strong>:<\/p>\n<ul data-start=\"1302\" data-end=\"1793\">\n<li class=\"\" data-start=\"1302\" data-end=\"1343\">\n<p class=\"\" data-start=\"1304\" data-end=\"1343\">Multifunci\u00f3n: 12-24 VCC (-10% \/ +15%)<\/p>\n<\/li>\n<li class=\"\" data-start=\"1344\" data-end=\"1388\">\n<p class=\"\" data-start=\"1346\" data-end=\"1388\">Consumo m\u00e1ximo de energ\u00eda: ca\u00edda de 250 mA por vuelta<\/p>\n<\/li>\n<li class=\"\" data-start=\"1389\" data-end=\"1413\">\n<p class=\"\" data-start=\"1391\" data-end=\"1413\">Prueba de fuego: 120 min<\/p>\n<\/li>\n<li class=\"\" data-start=\"1414\" data-end=\"1445\">\n<p class=\"\" data-start=\"1416\" data-end=\"1445\">Resistencia a la rotura m\u00e1xima: 900 kg<\/p>\n<\/li>\n<li class=\"\" data-start=\"1446\" data-end=\"1478\">\n<p class=\"\" data-start=\"1448\" data-end=\"1478\">Bisagra de la puerta: derecha, izquierda<\/p>\n<\/li>\n<li class=\"\" data-start=\"1479\" data-end=\"1499\">\n<p class=\"\" data-start=\"1481\" data-end=\"1499\">Cable incluido: No<\/p>\n<\/li>\n<li class=\"\" data-start=\"1500\" data-end=\"1520\">\n<p class=\"\" data-start=\"1502\" data-end=\"1520\">Presi\u00f3n de la tira: 50 kg<\/p>\n<\/li>\n<li class=\"\" data-start=\"1521\" data-end=\"1545\">\n<p class=\"\" data-start=\"1523\" data-end=\"1545\">Tipo de cerradura: Cerradura de doble pestillo<\/p>\n<\/li>\n<li class=\"\" data-start=\"1546\" data-end=\"1569\">\n<p class=\"\" data-start=\"1548\" data-end=\"1569\">Producto de construcci\u00f3n clasificado: No<\/p>\n<\/li>\n<li class=\"\" data-start=\"1570\" data-end=\"1596\">\n<p class=\"\" data-start=\"1572\" data-end=\"1596\">Voltaje de funcionamiento: 12 V\/24 V<\/p>\n<\/li>\n<li class=\"\" data-start=\"1597\" data-end=\"1620\">\n<p class=\"\" data-start=\"1599\" data-end=\"1620\">Ca\u00edda de doble giro: S\u00ed<\/p>\n<\/li>\n<li class=\"\" data-start=\"1621\" data-end=\"1654\">\n<p class=\"\" data-start=\"1623\" data-end=\"1654\">Tratamiento de color\/superficie: Sin tratar<\/p>\n<\/li>\n<li class=\"\" data-start=\"1655\" data-end=\"1674\">\n<p class=\"\" data-start=\"1657\" data-end=\"1674\">Contacto del pist\u00f3n: S\u00ed<\/p>\n<\/li>\n<li class=\"\" data-start=\"1675\" data-end=\"1722\">\n<p class=\"\" data-start=\"1677\" data-end=\"1722\">Adelante\/Atr\u00e1s: conmutable adelante\/atr\u00e1s<\/p>\n<\/li>\n<li class=\"\" data-start=\"1723\" data-end=\"1745\">\n<p class=\"\" data-start=\"1725\" data-end=\"1745\">Voltaje CA\/CC: CC<\/p>\n<\/li>\n<li class=\"\" data-start=\"1746\" data-end=\"1770\">\n<p class=\"\" data-start=\"1748\" data-end=\"1770\">Voltaje m\u00e1ximo: 27,6 V<\/p>\n<\/li>\n<li class=\"\" data-start=\"1771\" data-end=\"1793\">\n<p class=\"\" data-start=\"1773\" data-end=\"1793\">Voltaje m\u00edn.: 10,8 V<\/p>\n<\/li>\n<\/ul>","protected":false},"excerpt":{"rendered":"<h5><a href=\"https:\/\/elslutblecksguiden.se\/\" target=\"_blank\" rel=\"noopener\">Gu\u00eda para cerraduras el\u00e9ctricas ASSA, cerraduras motorizadas, placas de cierre el\u00e9ctricas y gu\u00eda de reemplazo<\/a><\/h5>","protected":false},"featured_media":138625,"template":"","meta":{"_acf_changed":false},"product_brand":[],"product_cat":[3355],"product_tag":[4196,4202,2967],"class_list":{"0":"post-91560","1":"product","2":"type-product","3":"status-publish","4":"has-post-thumbnail","6":"product_cat-elslutbleck","7":"product_tag-12-24v","8":"product_tag-omstallbar-rattvand-omvand","9":"product_tag-rg-assa-abloy","10":"product_shipping_class-tunga-paket","11":"pa_brands-abloy","12":"tm-no-options","14":"first","15":"instock","16":"sale","17":"taxable","18":"shipping-taxable","19":"purchasable","20":"product-type-simple"},"acf":[],"_links":{"self":[{"href":"https:\/\/secureus.se\/es\/wp-json\/wp\/v2\/product\/91560","targetHints":{"allow":["GET"]}}],"collection":[{"href":"https:\/\/secureus.se\/es\/wp-json\/wp\/v2\/product"}],"about":[{"href":"https:\/\/secureus.se\/es\/wp-json\/wp\/v2\/types\/product"}],"wp:featuredmedia":[{"embeddable":true,"href":"https:\/\/secureus.se\/es\/wp-json\/wp\/v2\/media\/138625"}],"wp:attachment":[{"href":"https:\/\/secureus.se\/es\/wp-json\/wp\/v2\/media?parent=91560"}],"wp:term":[{"taxonomy":"product_brand","embeddable":true,"href":"https:\/\/secureus.se\/es\/wp-json\/wp\/v2\/product_brand?post=91560"},{"taxonomy":"product_cat","embeddable":true,"href":"https:\/\/secureus.se\/es\/wp-json\/wp\/v2\/product_cat?post=91560"},{"taxonomy":"product_tag","embeddable":true,"href":"https:\/\/secureus.se\/es\/wp-json\/wp\/v2\/product_tag?post=91560"}],"curies":[{"name":"wp","href":"https:\/\/api.w.org\/{rel}","templated":true}]}}