{"id":91562,"date":"2023-09-27T18:13:24","date_gmt":"2023-09-27T16:13:24","guid":{"rendered":"https:\/\/secureus.se\/elslutbleck-941m-omvand-12-24v-kolvkontakt\/"},"modified":"2026-04-08T15:57:17","modified_gmt":"2026-04-08T13:57:17","slug":"elslutbleck-941m-omvand-12-24v-kolvkontakt","status":"publish","type":"product","link":"https:\/\/secureus.se\/es\/elslutbleck-941m-omvand-12-24v-kolvkontakt\/","title":{"rendered":"Cerradura el\u00e9ctrica 941M Contacto de pist\u00f3n inverso 12-24V"},"content":{"rendered":"<div>\n<div>\n<h1>Cerradura el\u00e9ctrica 941M Contacto de pist\u00f3n inverso 12-24V<\/h1>\n<p>ASSA ABLOY 941M es una cerradura el\u00e9ctrica con funci\u00f3n inversa para puertas. Es perfecto para soluciones de seguridad en protecci\u00f3n de conchas, oficinas y ambientes industriales, con alta resistencia y dise\u00f1o sim\u00e9trico.<\/p>\n<p>La ASSA ABLOY 941M es una cerradura el\u00e9ctrica de alta calidad que ofrece una funci\u00f3n inversa, lo que significa que se desbloquea en la posici\u00f3n desenergizada.<\/p>\n<p>Esto lo hace especialmente \u00fatil en soluciones de seguridad para protecci\u00f3n de carcasas y cierres interiores en comercios, oficinas e industrias, as\u00ed como en edificios multifamiliares.<\/p>\n<p>La cerradura el\u00e9ctrica est\u00e1 dise\u00f1ada para usarse en puertas en combinaci\u00f3n con cerraduras de pestillo simple y doble entrelazado.<\/p>\n<p>El cerradero el\u00e9ctrico de dise\u00f1o sim\u00e9trico se puede utilizar tanto para puertas batientes hacia la derecha como hacia la izquierda y ofrece una soluci\u00f3n robusta con una resistencia a la rotura de 900 kg.<\/p>\n<p>Con tecnolog\u00eda multivoltaje (12-24 V CC) y una tecnolog\u00eda de presi\u00f3n de tira de 100 kg, se garantiza una larga durabilidad y un funcionamiento seguro en diferentes condiciones de funcionamiento.<\/p>\n<p>Tambi\u00e9n es a prueba de golpes y reversible para una f\u00e1cil instalaci\u00f3n.<\/p>\n<p class=\"\" data-start=\"1109\" data-end=\"1124\"><strong data-start=\"1109\" data-end=\"1124\">Caracter\u00edsticas:<\/strong><\/p>\n<ul data-start=\"1125\" data-end=\"1349\">\n<li class=\"\" data-start=\"1125\" data-end=\"1167\">\n<p class=\"\" data-start=\"1127\" data-end=\"1167\">Funci\u00f3n inversa (desbloqueada en posici\u00f3n desenergizada)<\/p>\n<\/li>\n<li class=\"\" data-start=\"1168\" data-end=\"1204\">\n<p class=\"\" data-start=\"1170\" data-end=\"1204\">Multivoltaje 12-24 V CC (-10\/+15%)<\/p>\n<\/li>\n<li class=\"\" data-start=\"1205\" data-end=\"1236\">\n<p class=\"\" data-start=\"1207\" data-end=\"1236\">Contacto de bloqueo del \u00e9mbolo (microinterruptor)<\/p>\n<\/li>\n<li class=\"\" data-start=\"1237\" data-end=\"1262\">\n<p class=\"\" data-start=\"1239\" data-end=\"1262\">Tecnolog\u00eda de presi\u00f3n de tira de 100 kg<\/p>\n<\/li>\n<li class=\"\" data-start=\"1263\" data-end=\"1287\">\n<p class=\"\" data-start=\"1265\" data-end=\"1287\">Resistencia a la rotura 900 kg<\/p>\n<\/li>\n<li class=\"\" data-start=\"1288\" data-end=\"1349\">\n<p class=\"\" data-start=\"1290\" data-end=\"1349\">A prueba de golpes y con dise\u00f1o sim\u00e9trico, reversible derecha\/izquierda.<\/p>\n<\/li>\n<\/ul>\n<p class=\"\" data-start=\"1351\" data-end=\"1380\"><strong data-start=\"1351\" data-end=\"1380\">Especificaciones t\u00e9cnicas:<\/strong><\/p>\n<ul data-start=\"1381\" data-end=\"1872\">\n<li class=\"\" data-start=\"1381\" data-end=\"1421\">\n<p class=\"\" data-start=\"1383\" data-end=\"1421\">Alimentaci\u00f3n: 12-24 V CC (-10\/+15%)<\/p>\n<\/li>\n<li class=\"\" data-start=\"1422\" data-end=\"1463\">\n<p class=\"\" data-start=\"1424\" data-end=\"1463\">Corriente de arranque a 24 V: XX mA, funcionamiento: XX mA<\/p>\n<\/li>\n<li class=\"\" data-start=\"1464\" data-end=\"1534\">\n<p class=\"\" data-start=\"1466\" data-end=\"1534\">Corriente de reposo a 24 V: 0 mA (funci\u00f3n directa), XX mA (funci\u00f3n inversa)<\/p>\n<\/li>\n<li class=\"\" data-start=\"1535\" data-end=\"1576\">\n<p class=\"\" data-start=\"1537\" data-end=\"1576\">Corriente de arranque a 12 V: XX mA, funcionamiento: XX mA<\/p>\n<\/li>\n<li class=\"\" data-start=\"1577\" data-end=\"1647\">\n<p class=\"\" data-start=\"1579\" data-end=\"1647\">Corriente de reposo a 12 V: 0 mA (funci\u00f3n directa), XX mA (funci\u00f3n inversa)<\/p>\n<\/li>\n<li class=\"\" data-start=\"1648\" data-end=\"1673\">\n<p class=\"\" data-start=\"1650\" data-end=\"1673\">Resistencia a la rotura: 900 kg<\/p>\n<\/li>\n<li class=\"\" data-start=\"1674\" data-end=\"1704\">\n<p class=\"\" data-start=\"1676\" data-end=\"1704\">Bisagra de la puerta: derecha, izquierda<\/p>\n<\/li>\n<li class=\"\" data-start=\"1705\" data-end=\"1723\">\n<p class=\"\" data-start=\"1707\" data-end=\"1723\">Cable incluido: No<\/p>\n<\/li>\n<li class=\"\" data-start=\"1724\" data-end=\"1743\">\n<p class=\"\" data-start=\"1726\" data-end=\"1743\">Presi\u00f3n de la tira: 100 kg<\/p>\n<\/li>\n<li class=\"\" data-start=\"1744\" data-end=\"1779\">\n<p class=\"\" data-start=\"1746\" data-end=\"1779\">Tipo de cerradura: Cerradura de pestillo simple, Cerradura de pestillo doble<\/p>\n<\/li>\n<li class=\"\" data-start=\"1780\" data-end=\"1833\">\n<p class=\"\" data-start=\"1782\" data-end=\"1833\">Dimensiones del producto: Ancho: 28 mm, Profundidad: 25 mm, Alto: 90 mm<\/p>\n<\/li>\n<li class=\"\" data-start=\"1834\" data-end=\"1851\">\n<p class=\"\" data-start=\"1836\" data-end=\"1851\">Contacto del pist\u00f3n: S\u00ed<\/p>\n<\/li>\n<li class=\"\" data-start=\"1852\" data-end=\"1872\">\n<p class=\"\" data-start=\"1854\" data-end=\"1872\">Voltaje CA\/CC: CC<\/p>\n<\/li>\n<\/ul>\n<\/div>\n<\/div>","protected":false},"excerpt":{"rendered":"<h5><a href=\"https:\/\/elslutblecksguiden.se\/\" target=\"_blank\" rel=\"noopener\">Gu\u00eda para cerraduras el\u00e9ctricas ASSA, cerraduras motorizadas, placas de cierre el\u00e9ctricas y gu\u00eda de reemplazo<\/a><\/h5>","protected":false},"featured_media":138631,"template":"","meta":{"_acf_changed":false},"product_brand":[],"product_cat":[3355],"product_tag":[4196,4201,2967],"class_list":{"0":"post-91562","1":"product","2":"type-product","3":"status-publish","4":"has-post-thumbnail","6":"product_cat-elslutbleck","7":"product_tag-12-24v","8":"product_tag-omvand","9":"product_tag-rg-assa-abloy","10":"product_shipping_class-tunga-paket","11":"pa_brands-abloy","12":"tm-no-options","14":"first","15":"instock","16":"sale","17":"taxable","18":"shipping-taxable","19":"purchasable","20":"product-type-simple"},"acf":[],"_links":{"self":[{"href":"https:\/\/secureus.se\/es\/wp-json\/wp\/v2\/product\/91562","targetHints":{"allow":["GET"]}}],"collection":[{"href":"https:\/\/secureus.se\/es\/wp-json\/wp\/v2\/product"}],"about":[{"href":"https:\/\/secureus.se\/es\/wp-json\/wp\/v2\/types\/product"}],"wp:featuredmedia":[{"embeddable":true,"href":"https:\/\/secureus.se\/es\/wp-json\/wp\/v2\/media\/138631"}],"wp:attachment":[{"href":"https:\/\/secureus.se\/es\/wp-json\/wp\/v2\/media?parent=91562"}],"wp:term":[{"taxonomy":"product_brand","embeddable":true,"href":"https:\/\/secureus.se\/es\/wp-json\/wp\/v2\/product_brand?post=91562"},{"taxonomy":"product_cat","embeddable":true,"href":"https:\/\/secureus.se\/es\/wp-json\/wp\/v2\/product_cat?post=91562"},{"taxonomy":"product_tag","embeddable":true,"href":"https:\/\/secureus.se\/es\/wp-json\/wp\/v2\/product_tag?post=91562"}],"curies":[{"name":"wp","href":"https:\/\/api.w.org\/{rel}","templated":true}]}}