{"id":91563,"date":"2023-09-27T18:13:23","date_gmt":"2023-09-27T16:13:23","guid":{"rendered":"https:\/\/secureus.se\/elslutbleck-991m-brand-omvand-12-24v-kolvkontakt\/"},"modified":"2026-04-23T12:22:45","modified_gmt":"2026-04-23T10:22:45","slug":"elslutbleck-991m-brand-omvand-12-24v-kolvkontakt","status":"publish","type":"product","link":"https:\/\/secureus.se\/es\/elslutbleck-991m-brand-omvand-12-24v-kolvkontakt\/","title":{"rendered":"Cerradura el\u00e9ctrica marca 991M, contacto de pist\u00f3n inverso de 12-24 V"},"content":{"rendered":"<div>\n<div>\n<h1>Cerradura el\u00e9ctrica marca 991M, contacto de pist\u00f3n inverso de 12-24 V<\/h1>\n<p>ASSA ABLOY 991M es una cerradura el\u00e9ctrica probada contra incendios con funci\u00f3n inversa, dise\u00f1ada para un bloqueo seguro en los l\u00edmites de celdas contra incendios y otros requisitos de seguridad. Perfecto para protecci\u00f3n de conchas, oficinas e industria.<\/p>\n<p class=\"\" data-start=\"325\" data-end=\"775\">ASSA ABLOY 991M es una cerradura el\u00e9ctrica de alto rendimiento probada contra incendios que cumple con los requisitos de instalaci\u00f3n en los l\u00edmites de los compartimentos contra incendios, lo que la convierte en una opci\u00f3n ideal para soluciones de seguridad en entornos inflamables y no inflamables.<\/p>\n<p class=\"\" data-start=\"325\" data-end=\"775\">Est\u00e1 dise\u00f1ado para puertas utilizadas con cerraduras de pestillo simple y doble entrelazadas y es ideal para protecci\u00f3n de carcasa, bloqueo interno y soluciones de seguridad en edificios minoristas, de oficinas, industriales y multifamiliares.<\/p>\n<p class=\"\" data-start=\"777\" data-end=\"1104\">Con funci\u00f3n inversa (desbloqueado en posici\u00f3n desenergizada), tecnolog\u00eda multivoltaje (12-24V DC) y una resistencia a la rotura de 900 kg, este cerradero el\u00e9ctrico ofrece seguridad y durabilidad duradera.<\/p>\n<p class=\"\" data-start=\"777\" data-end=\"1104\">Tambi\u00e9n es a prueba de golpes y reversible tanto para puertas de apertura derecha como izquierda, lo que facilita su instalaci\u00f3n en diferentes tipos de sistemas de puertas.<\/p>\n<p class=\"\" data-start=\"1106\" data-end=\"1121\"><strong data-start=\"1106\" data-end=\"1121\">Caracter\u00edsticas:<\/strong><\/p>\n<ul data-start=\"1122\" data-end=\"1456\">\n<li class=\"\" data-start=\"1122\" data-end=\"1164\">\n<p class=\"\" data-start=\"1124\" data-end=\"1164\">Funci\u00f3n inversa (desbloqueada en posici\u00f3n desenergizada)<\/p>\n<\/li>\n<li class=\"\" data-start=\"1165\" data-end=\"1201\">\n<p class=\"\" data-start=\"1167\" data-end=\"1201\">Multivoltaje 12-24 V CC (-10\/+15%)<\/p>\n<\/li>\n<li class=\"\" data-start=\"1202\" data-end=\"1233\">\n<p class=\"\" data-start=\"1204\" data-end=\"1233\">Contacto de bloqueo del \u00e9mbolo (microinterruptor)<\/p>\n<\/li>\n<li class=\"\" data-start=\"1234\" data-end=\"1260\">\n<p class=\"\" data-start=\"1236\" data-end=\"1260\">Tecnolog\u00eda de presi\u00f3n de tira: 100 kg<\/p>\n<\/li>\n<li class=\"\" data-start=\"1261\" data-end=\"1286\">\n<p class=\"\" data-start=\"1263\" data-end=\"1286\">Resistencia a la rotura: 900 kg<\/p>\n<\/li>\n<li class=\"\" data-start=\"1287\" data-end=\"1348\">\n<p class=\"\" data-start=\"1289\" data-end=\"1348\">A prueba de golpes y con dise\u00f1o sim\u00e9trico, reversible derecha\/izquierda.<\/p>\n<\/li>\n<li class=\"\" data-start=\"1349\" data-end=\"1404\">\n<p class=\"\" data-start=\"1351\" data-end=\"1404\">Clase de fuego E\/EI 120, marcado CE seg\u00fan SS-EN 14846:2008<\/p>\n<\/li>\n<li class=\"\" data-start=\"1405\" data-end=\"1456\">\n<p class=\"\" data-start=\"1407\" data-end=\"1456\">Cumple con los requisitos de instalaci\u00f3n en los l\u00edmites del compartimento contra incendios.<\/p>\n<\/li>\n<\/ul>\n<p class=\"\" data-start=\"1458\" data-end=\"1487\"><strong data-start=\"1458\" data-end=\"1487\">Especificaciones t\u00e9cnicas:<\/strong><\/p>\n<ul data-start=\"1488\" data-end=\"2002\">\n<li class=\"\" data-start=\"1488\" data-end=\"1528\">\n<p class=\"\" data-start=\"1490\" data-end=\"1528\">Alimentaci\u00f3n: 12-24 V CC (-10\/+15%)<\/p>\n<\/li>\n<li class=\"\" data-start=\"1529\" data-end=\"1570\">\n<p class=\"\" data-start=\"1531\" data-end=\"1570\">Corriente de arranque a 24 V: XX mA, funcionamiento: XX mA<\/p>\n<\/li>\n<li class=\"\" data-start=\"1571\" data-end=\"1641\">\n<p class=\"\" data-start=\"1573\" data-end=\"1641\">Corriente de reposo a 24 V: 0 mA (funci\u00f3n directa), XX mA (funci\u00f3n inversa)<\/p>\n<\/li>\n<li class=\"\" data-start=\"1642\" data-end=\"1683\">\n<p class=\"\" data-start=\"1644\" data-end=\"1683\">Corriente de arranque a 12 V: XX mA, funcionamiento: XX mA<\/p>\n<\/li>\n<li class=\"\" data-start=\"1684\" data-end=\"1754\">\n<p class=\"\" data-start=\"1686\" data-end=\"1754\">Corriente de reposo a 12 V: 0 mA (funci\u00f3n directa), XX mA (funci\u00f3n inversa)<\/p>\n<\/li>\n<li class=\"\" data-start=\"1755\" data-end=\"1777\">\n<p class=\"\" data-start=\"1757\" data-end=\"1777\">Prueba de fuego: 120 min<\/p>\n<\/li>\n<li class=\"\" data-start=\"1778\" data-end=\"1803\">\n<p class=\"\" data-start=\"1780\" data-end=\"1803\">Resistencia a la rotura: 900 kg<\/p>\n<\/li>\n<li class=\"\" data-start=\"1804\" data-end=\"1834\">\n<p class=\"\" data-start=\"1806\" data-end=\"1834\">Bisagra de la puerta: derecha, izquierda<\/p>\n<\/li>\n<li class=\"\" data-start=\"1835\" data-end=\"1853\">\n<p class=\"\" data-start=\"1837\" data-end=\"1853\">Cable incluido: No<\/p>\n<\/li>\n<li class=\"\" data-start=\"1854\" data-end=\"1873\">\n<p class=\"\" data-start=\"1856\" data-end=\"1873\">Presi\u00f3n de la tira: 100 kg<\/p>\n<\/li>\n<li class=\"\" data-start=\"1874\" data-end=\"1909\">\n<p class=\"\" data-start=\"1876\" data-end=\"1909\">Tipo de cerradura: Cerradura de pestillo simple, Cerradura de pestillo doble<\/p>\n<\/li>\n<li class=\"\" data-start=\"1910\" data-end=\"1963\">\n<p class=\"\" data-start=\"1912\" data-end=\"1963\">Dimensiones del producto: Ancho: 28 mm, Profundidad: 25 mm, Alto: 90 mm<\/p>\n<\/li>\n<li class=\"\" data-start=\"1964\" data-end=\"1981\">\n<p class=\"\" data-start=\"1966\" data-end=\"1981\">Contacto del pist\u00f3n: S\u00ed<\/p>\n<\/li>\n<li class=\"\" data-start=\"1982\" data-end=\"2002\">\n<p class=\"\" data-start=\"1984\" data-end=\"2002\">Voltaje CA\/CC: CC<\/p>\n<\/li>\n<\/ul>\n<\/div>\n<\/div>","protected":false},"excerpt":{"rendered":"<h5><a href=\"https:\/\/elslutblecksguiden.se\/\" target=\"_blank\" rel=\"noopener\">Gu\u00eda para cerraduras el\u00e9ctricas ASSA, cerraduras motorizadas, placas de cierre el\u00e9ctricas y gu\u00eda de reemplazo<\/a><\/h5>","protected":false},"featured_media":140096,"template":"","meta":{"_acf_changed":false},"product_brand":[],"product_cat":[3355],"product_tag":[4196,4201,2967],"class_list":{"0":"post-91563","1":"product","2":"type-product","3":"status-publish","4":"has-post-thumbnail","6":"product_cat-elslutbleck","7":"product_tag-12-24v","8":"product_tag-omvand","9":"product_tag-rg-assa-abloy","10":"product_shipping_class-tunga-paket","11":"pa_brands-abloy","12":"tm-no-options","14":"first","15":"instock","16":"sale","17":"taxable","18":"shipping-taxable","19":"purchasable","20":"product-type-simple"},"acf":[],"_links":{"self":[{"href":"https:\/\/secureus.se\/es\/wp-json\/wp\/v2\/product\/91563","targetHints":{"allow":["GET"]}}],"collection":[{"href":"https:\/\/secureus.se\/es\/wp-json\/wp\/v2\/product"}],"about":[{"href":"https:\/\/secureus.se\/es\/wp-json\/wp\/v2\/types\/product"}],"wp:featuredmedia":[{"embeddable":true,"href":"https:\/\/secureus.se\/es\/wp-json\/wp\/v2\/media\/140096"}],"wp:attachment":[{"href":"https:\/\/secureus.se\/es\/wp-json\/wp\/v2\/media?parent=91563"}],"wp:term":[{"taxonomy":"product_brand","embeddable":true,"href":"https:\/\/secureus.se\/es\/wp-json\/wp\/v2\/product_brand?post=91563"},{"taxonomy":"product_cat","embeddable":true,"href":"https:\/\/secureus.se\/es\/wp-json\/wp\/v2\/product_cat?post=91563"},{"taxonomy":"product_tag","embeddable":true,"href":"https:\/\/secureus.se\/es\/wp-json\/wp\/v2\/product_tag?post=91563"}],"curies":[{"name":"wp","href":"https:\/\/api.w.org\/{rel}","templated":true}]}}