{"id":91715,"date":"2024-02-21T12:30:40","date_gmt":"2024-02-21T11:30:40","guid":{"rendered":"https:\/\/secureus.se\/kamera-5mp-poe-bullet\/"},"modified":"2025-12-31T21:07:25","modified_gmt":"2025-12-31T20:07:25","slug":"kamera-5mp-poe-bullet","status":"publish","type":"product","link":"https:\/\/secureus.se\/es\/kamera-5mp-poe-bullet\/","title":{"rendered":"C\u00e1mara de vigilancia Bullet POE de 5MP con \u00e1reas de alarma virtuales"},"content":{"rendered":"<div class=\"react-scroll-to-bottom--css-mgvwc-1n7m0yu\">\n<div class=\"flex flex-col text-sm pb-9\">\n<div class=\"w-full text-token-text-primary sm:AIPRM__conversation__response\" data-testid=\"conversation-turn-9\">\n<div class=\"px-4 py-2 justify-center text-base md:gap-6 m-auto\">\n<div class=\"flex flex-1 text-base mx-auto gap-3 md:px-5 lg:px-1 xl:px-5 md:max-w-3xl lg:max-w-[40rem] xl:max-w-[48rem] group final-completion\">\n<div class=\"relative flex w-full flex-col agent-turn\">\n<div class=\"flex-col gap-1 md:gap-3\">\n<div class=\"flex flex-grow flex-col max-w-full\">\n<div class=\"min-h-[20px] text-message flex flex-col items-start gap-3 whitespace-pre-wrap break-words [.text-message+&amp;]:mt-5 overflow-x-auto\" data-message-author-role=\"assistant\" data-message-id=\"5c33fa87-5d0b-40a3-9326-3aa5630737c3\">\n<h1 class=\"markdown prose w-full break-words dark:prose-invert light AIPRM__conversation__response\">Kamera 5MP POE Bullet<\/h1>\n<\/div>\n<\/div>\n<\/div>\n<div class=\"absolute\">\n<div class=\"flex w-full gap-2 items-center justify-center\">Denna <span class=\"ui-provider a b c d e f g h i j k l m n o p q r s t u v w x y z ab ac ae af ag ah ai aj ak\" dir=\"ltr\">k<\/span>amera passar perfekt till v\u00e5r NVR WS-NVR808H1-P8 f\u00f6r upp till 8 kameror av valfri karakt\u00e4r.<\/div>\n<div><\/div>\n<div>Fungerar med allt som st\u00f6djer branschstandard <span class=\"ui-provider a b c d e f g h i j k l m n o p q r s t u v w x y z ab ac ae af ag ah ai aj ak\" dir=\"ltr\">Onvif<\/span><\/div>\n<div><\/div>\n<\/div>\n<\/div>\n<\/div>\n<\/div>\n<\/div>\n<\/div>\n<\/div>\n<p><span style=\"text-decoration: underline\"><strong>H\u00e4r \u00e4r en f\u00f6renklad sammanfattning av de nyckelfunktioner som ing\u00e5r:<\/strong><\/span><\/p>\n<ul>\n<li>Bildsensor: 1\/3\u201d progressiv scan CMOS<\/li>\n<li>Lins: Fast 4 mm lins<\/li>\n<li>Maximal uppl\u00f6sning: 5MP (2560\u00d71920) @20fps<\/li>\n<li><span class=\"ui-provider a b c d e f g h i j k l m n o p q r s t u v w x y z ab ac ae af ag ah ai aj ak\" dir=\"ltr\">Onvif<\/span><\/li>\n<li>St\u00f6d f\u00f6r intr\u00e5ng och linje\u00f6verg\u00e5ngsbaserad m\u00e4nsklig detektion<\/li>\n<li>Avancerade funktioner: DWDR, 3D DNR, HLC, BLC, Defog<\/li>\n<li>Inbyggd mikrofon och SD-kortplats f\u00f6r ljudinspelning och lagring av videor<\/li>\n<li>IR-avst\u00e5nd upp till 30 meter f\u00f6r nattsyn<\/li>\n<li>Str\u00f6mf\u00f6rs\u00f6rjning: 12V DC\/PoE<\/li>\n<li>V\u00e4derbest\u00e4ndighet: IP66 klassificering, l\u00e4mplig f\u00f6r b\u00e5de inomhus- och utomhusbruk<\/li>\n<\/ul>\n<p><img decoding=\"async\" class=\"alignnone size-full wp-image-123513333\" src=\"https:\/\/securityonline.se\/wp-content\/uploads\/2024\/03\/ai-kameraovervakning-baserad-detektion.png\" alt=\"\" width=\"800\" height=\"800\" \/><\/p>\n<h4>Varf\u00f6r en del f\u00f6redrar ena typen \u00f6ver den andra beror p\u00e5 deras specifika behov och preferenser:<\/h4>\n<p>Anv\u00e4ndningsomr\u00e5den &amp; skillnader mellan Dome och Bullet kameror<\/p>\n<ul>\n<li style=\"list-style-type: none\">\n<ul>\n<li>Dome: Idealisk f\u00f6r platser d\u00e4r man \u00f6nskar en diskret \u00f6vervakning, s\u00e5som butiker, kontor eller offentliga utrymmen. Den \u00e4r \u00e4ven mer skyddad mot v\u00e4der och manipulation tack vare sitt design.<\/li>\n<li>Bullet: Perfekt f\u00f6r omr\u00e5den d\u00e4r man vill ha en mer synlig n\u00e4rvaro av \u00f6vervakningskameror, s\u00e5som parkeringar, byggnader eller l\u00e4ngs med v\u00e4gar.<\/li>\n<li>Dome: Har en rund, ofta halvklotformad design som g\u00f6r den mer diskret och sv\u00e5rare att identifiera riktningen p\u00e5.<\/li>\n<li>Bullet: Har en cylindrisk form och \u00e4r vanligtvis l\u00e4ngre och mer uppenbar.<\/li>\n<\/ul>\n<\/li>\n<\/ul>\n<p><img decoding=\"async\" class=\"aligncenter wp-image-123513301 size-large\" src=\"https:\/\/securityonline.se\/wp-content\/uploads\/2024\/02\/kamera-installation-1024x420.png\" alt=\"\" width=\"1024\" height=\"420\" \/><\/p>\n","protected":false},"excerpt":{"rendered":"<p>C\u00e1mara IP inteligente Bullet POE de 5 MP con \u00e1reas de alarma virtuales y detecci\u00f3n humana por IA.<\/p>\n<p>Puede enmascarar y especificar digitalmente qu\u00e9 \u00e1reas deben generar alarmas y tambi\u00e9n crear l\u00edneas de alarma que se activen tanto desde una direcci\u00f3n de intrusi\u00f3n seleccionable como si el objeto pasa independientemente de la direcci\u00f3n.<\/p>","protected":false},"featured_media":136576,"template":"","meta":{"_acf_changed":false},"product_brand":[],"product_cat":[3359],"product_tag":[],"class_list":{"0":"post-91715","1":"product","2":"type-product","3":"status-publish","4":"has-post-thumbnail","6":"product_cat-tradbundna-overvakningskameror","7":"product_shipping_class-tunga-paket","8":"pa_brands-veezoom","9":"tm-no-options","11":"first","12":"instock","13":"sale","14":"taxable","15":"shipping-taxable","16":"purchasable","17":"product-type-simple"},"acf":[],"_links":{"self":[{"href":"https:\/\/secureus.se\/es\/wp-json\/wp\/v2\/product\/91715","targetHints":{"allow":["GET"]}}],"collection":[{"href":"https:\/\/secureus.se\/es\/wp-json\/wp\/v2\/product"}],"about":[{"href":"https:\/\/secureus.se\/es\/wp-json\/wp\/v2\/types\/product"}],"wp:featuredmedia":[{"embeddable":true,"href":"https:\/\/secureus.se\/es\/wp-json\/wp\/v2\/media\/136576"}],"wp:attachment":[{"href":"https:\/\/secureus.se\/es\/wp-json\/wp\/v2\/media?parent=91715"}],"wp:term":[{"taxonomy":"product_brand","embeddable":true,"href":"https:\/\/secureus.se\/es\/wp-json\/wp\/v2\/product_brand?post=91715"},{"taxonomy":"product_cat","embeddable":true,"href":"https:\/\/secureus.se\/es\/wp-json\/wp\/v2\/product_cat?post=91715"},{"taxonomy":"product_tag","embeddable":true,"href":"https:\/\/secureus.se\/es\/wp-json\/wp\/v2\/product_tag?post=91715"}],"curies":[{"name":"wp","href":"https:\/\/api.w.org\/{rel}","templated":true}]}}