{"id":91739,"date":"2024-05-16T11:14:35","date_gmt":"2024-05-16T09:14:35","guid":{"rendered":"https:\/\/secureus.se\/?post_type=product&#038;p=91739"},"modified":"2026-04-08T16:40:20","modified_gmt":"2026-04-08T14:40:20","slug":"vaktmastarnyckel-kopplingsskapsnyckel-knipex-twinkey","status":"publish","type":"product","link":"https:\/\/secureus.se\/es\/vaktmastarnyckel-kopplingsskapsnyckel-knipex-twinkey\/","title":{"rendered":"CAJA DE INTERRUPTORES DE LLAVE JANITY LLAVE KNIPEX TWINKEY"},"content":{"rendered":"<p>10 perfiles. 2 cruces. 1 llave. Todos los sistemas de bloqueo habituales. Llave multifunci\u00f3n para el manejo de sistemas de cierre en las \u00e1reas de tecnolog\u00eda de la construcci\u00f3n (fontaner\u00eda, tecnolog\u00eda de climatizaci\u00f3n y ventilaci\u00f3n, tecnolog\u00eda el\u00e9ctrica), suministro de gas y agua y sistemas de cierre. Versi\u00f3n de 8 brazos: 2 llaves en cruz, conectadas con imanes para ahorrar espacio. Punta reversible: ranura 1,0\u00d77 mm y PH2. Llave y broca reversible unidas mediante alambre de acero inoxidable estable. Recubrimiento de superficie de alta calidad. Construcci\u00f3n fundida a presi\u00f3n de zinc con peso optimizado.<\/p>\n<p><strong><a class=\"produkt-slide-bild produkt-bild-fil\" href=\"https:\/\/www.enummerbanken.se\/Pdf_Docs\/PROD_34769_1662389.pdf\" target=\"_blank\" rel=\"noopener\"><img decoding=\"async\" src=\"https:\/\/secureus.se\/wp-content\/uploads\/2023\/05\/pdf-icon.png\" alt=\"PDF\">Enlace \u2013 Ficha t\u00e9cnica del producto<\/a><\/strong><\/p>\n<p>\u25cf 10 perfiles. 2 cruces. 1 llave.<br \/>\n\u25cf Todos los sistemas de bloqueo habituales.<br \/>\n\u25cf Llave multifunci\u00f3n para operar el sistema de cierre dentro<br \/>\nlas \u00e1reas de tecnolog\u00eda de la construcci\u00f3n (fontaner\u00eda, tecnolog\u00eda de climatizaci\u00f3n y ventilaci\u00f3n,<br \/>\nIngenier\u00eda el\u00e9ctrica), sistemas de suministro y cierre de gas y agua<br \/>\n\u25cf Versi\u00f3n de 8 brazos: 2 llaves en cruz, conectadas mediante imanes para<br \/>\nahorro de espacio<br \/>\n\u25cf Punta reversible: ranura 1,0 x 7 mm y ranura en cruz PH2<br \/>\n\u25cf Llave y broca reversible conectadas con alambre de acero inoxidable resistente<br \/>\n\u25cf Recubrimiento de superficie de alta calidad<br \/>\n\u25cf Construcci\u00f3n de fundici\u00f3n a presi\u00f3n de zinc con peso optimizado<\/p>","protected":false},"excerpt":{"rendered":"<p>KNIPEX TwinKey para sistemas comunes de armarios y cerraduras<\/p>\n<p>Equipamiento bien pensado, construcci\u00f3n de alta calidad.<br \/>\nLa KNIPEX TwinKey\u00ae de ocho brazos consta de dos cruces unidas entre s\u00ed por un im\u00e1n.<\/p>","protected":false},"featured_media":137624,"template":"","meta":{"_acf_changed":false},"product_brand":[],"product_cat":[3251],"product_tag":[],"class_list":{"0":"post-91739","1":"product","2":"type-product","3":"status-publish","4":"has-post-thumbnail","6":"product_cat-dorrbehor","7":"product_shipping_class-postnord-varubrev","8":"pa_brands-knipex","9":"tm-no-options","11":"first","12":"instock","13":"sale","14":"taxable","15":"shipping-taxable","16":"purchasable","17":"product-type-simple"},"acf":[],"_links":{"self":[{"href":"https:\/\/secureus.se\/es\/wp-json\/wp\/v2\/product\/91739","targetHints":{"allow":["GET"]}}],"collection":[{"href":"https:\/\/secureus.se\/es\/wp-json\/wp\/v2\/product"}],"about":[{"href":"https:\/\/secureus.se\/es\/wp-json\/wp\/v2\/types\/product"}],"wp:featuredmedia":[{"embeddable":true,"href":"https:\/\/secureus.se\/es\/wp-json\/wp\/v2\/media\/137624"}],"wp:attachment":[{"href":"https:\/\/secureus.se\/es\/wp-json\/wp\/v2\/media?parent=91739"}],"wp:term":[{"taxonomy":"product_brand","embeddable":true,"href":"https:\/\/secureus.se\/es\/wp-json\/wp\/v2\/product_brand?post=91739"},{"taxonomy":"product_cat","embeddable":true,"href":"https:\/\/secureus.se\/es\/wp-json\/wp\/v2\/product_cat?post=91739"},{"taxonomy":"product_tag","embeddable":true,"href":"https:\/\/secureus.se\/es\/wp-json\/wp\/v2\/product_tag?post=91739"}],"curies":[{"name":"wp","href":"https:\/\/api.w.org\/{rel}","templated":true}]}}