{"id":91752,"date":"2024-05-17T14:55:58","date_gmt":"2024-05-17T12:55:58","guid":{"rendered":"https:\/\/secureus.se\/risco-10x-onvif-kamera-aktiverings-mjukvara-licens\/"},"modified":"2026-01-06T21:07:53","modified_gmt":"2026-01-06T20:07:53","slug":"risco-10x-onvif-kamera-aktiverings-mjukvara-licens","status":"publish","type":"product","link":"https:\/\/secureus.se\/es\/risco-10x-onvif-kamera-aktiverings-mjukvara-licens\/","title":{"rendered":"Licencia de software de activaci\u00f3n de c\u00e1mara ONVIF Risco 10x"},"content":{"rendered":"<h1>Licencia de software de activaci\u00f3n de c\u00e1mara ONVIF Risco 10x<\/h1>\n<p data-start=\"311\" data-end=\"691\">Este producto contiene licencias de activaci\u00f3n para 10 c\u00e1maras compatibles con ONVIF para un sistema RISCO.<\/p>\n<p data-start=\"311\" data-end=\"691\">Al realizar el pedido, necesitamos la direcci\u00f3n de correo electr\u00f3nico del administrador del instalador para poder emitir las licencias a trav\u00e9s de Risco Cloud a la cuenta espec\u00edfica.<\/p>\n<p data-start=\"311\" data-end=\"691\">Es importante que la direcci\u00f3n de correo electr\u00f3nico sea correcta, ya que las licencias no se pueden transferir a otra cuenta despu\u00e9s de su emisi\u00f3n.<\/p>\n<p data-start=\"693\" data-end=\"828\">Si es necesario, se pueden comprar licencias adicionales individualmente adem\u00e1s de este paquete de 10.<\/p>\n<p data-start=\"693\" data-end=\"828\">El precio de las licencias adicionales se calcula dividiendo el precio del paquete por 10.<\/p>\n<p data-start=\"830\" data-end=\"1021\">Estas licencias le permiten activar y conectar de manera eficiente m\u00faltiples c\u00e1maras a un sistema RISCO, lo que facilita la administraci\u00f3n y el monitoreo de la seguridad a trav\u00e9s de dispositivos compatibles con ONVIF.<\/p>\n<p data-start=\"1023\" data-end=\"1052\"><strong data-start=\"1023\" data-end=\"1052\">Especificaciones t\u00e9cnicas:<\/strong><\/p>\n<ul data-start=\"1053\" data-end=\"1281\">\n<li data-start=\"1053\" data-end=\"1075\">\n<p data-start=\"1055\" data-end=\"1075\">Modelo: RVLC1000000A<\/p>\n<\/li>\n<li data-start=\"1076\" data-end=\"1121\">\n<p data-start=\"1078\" data-end=\"1121\">Tipo: Licencia de activaci\u00f3n para 10 c\u00e1maras ONVIF<\/p>\n<\/li>\n<li data-start=\"1122\" data-end=\"1152\">\n<p data-start=\"1124\" data-end=\"1152\">Compatibilidad: sistemas RISCO<\/p>\n<\/li>\n<li data-start=\"1153\" data-end=\"1177\">\n<p data-start=\"1155\" data-end=\"1177\">Licencia a trav\u00e9s de Risco Cloud<\/p>\n<\/li>\n<li data-start=\"1178\" data-end=\"1213\">\n<p data-start=\"1180\" data-end=\"1213\">Se pueden comprar licencias adicionales individualmente<\/p>\n<\/li>\n<li data-start=\"1214\" data-end=\"1281\">\n<p data-start=\"1216\" data-end=\"1281\">Importante: Se requiere la direcci\u00f3n de correo electr\u00f3nico del administrador del instalador al realizar el pedido.<\/p>\n<\/li>\n<\/ul>","protected":false},"excerpt":{"rendered":"<p>Licencias de activaci\u00f3n de c\u00e1mara Risco 10x ONVIF para sistemas RISCO.<\/p>\n<p>Activa hasta 10 c\u00e1maras compatibles con ONVIF y las conecta al sistema a trav\u00e9s de Risco Cloud.<\/p>","protected":false},"featured_media":137614,"template":"","meta":{"_acf_changed":false},"product_brand":[],"product_cat":[3192,3250],"product_tag":[],"class_list":{"0":"post-91752","1":"product","2":"type-product","3":"status-publish","4":"has-post-thumbnail","6":"product_cat-risco-ip-kamera","7":"product_cat-risco-nvr","8":"product_shipping_class-tunga-paket","9":"pa_brands-4risco","10":"tm-no-options","12":"first","13":"onbackorder","14":"taxable","15":"shipping-taxable","16":"purchasable","17":"product-type-simple"},"acf":[],"_links":{"self":[{"href":"https:\/\/secureus.se\/es\/wp-json\/wp\/v2\/product\/91752","targetHints":{"allow":["GET"]}}],"collection":[{"href":"https:\/\/secureus.se\/es\/wp-json\/wp\/v2\/product"}],"about":[{"href":"https:\/\/secureus.se\/es\/wp-json\/wp\/v2\/types\/product"}],"wp:featuredmedia":[{"embeddable":true,"href":"https:\/\/secureus.se\/es\/wp-json\/wp\/v2\/media\/137614"}],"wp:attachment":[{"href":"https:\/\/secureus.se\/es\/wp-json\/wp\/v2\/media?parent=91752"}],"wp:term":[{"taxonomy":"product_brand","embeddable":true,"href":"https:\/\/secureus.se\/es\/wp-json\/wp\/v2\/product_brand?post=91752"},{"taxonomy":"product_cat","embeddable":true,"href":"https:\/\/secureus.se\/es\/wp-json\/wp\/v2\/product_cat?post=91752"},{"taxonomy":"product_tag","embeddable":true,"href":"https:\/\/secureus.se\/es\/wp-json\/wp\/v2\/product_tag?post=91752"}],"curies":[{"name":"wp","href":"https:\/\/api.w.org\/{rel}","templated":true}]}}